{"id":66673,"date":"2018-05-30T11:55:56","date_gmt":"2018-05-30T09:55:56","guid":{"rendered":"http:\/\/www.multigriffe.com\/privacy-policy\/"},"modified":"2018-05-30T11:55:56","modified_gmt":"2018-05-30T09:55:56","slug":"privacy-policy","status":"publish","type":"page","link":"https:\/\/www.multigriffe.com\/en\/privacy-policy\/","title":{"rendered":"Privacy Policy"},"content":{"rendered":"<div class=\"wpb-content-wrapper\"><p>[vc_row row_height_percent=&#8221;0&#8243; override_padding=&#8221;yes&#8221; h_padding=&#8221;2&#8243; top_padding=&#8221;4&#8243; bottom_padding=&#8221;3&#8243; overlay_alpha=&#8221;50&#8243; gutter_size=&#8221;3&#8243; column_width_percent=&#8221;100&#8243; shift_y=&#8221;0&#8243; z_index=&#8221;0&#8243;][vc_column column_width_percent=&#8221;100&#8243; overlay_alpha=&#8221;50&#8243; gutter_size=&#8221;3&#8243; medium_width=&#8221;0&#8243; mobile_width=&#8221;0&#8243; shift_x=&#8221;0&#8243; shift_y=&#8221;0&#8243; shift_y_down=&#8221;0&#8243; z_index=&#8221;0&#8243; width=&#8221;1\/1&#8243;][vc_row_inner row_inner_height_percent=&#8221;0&#8243; overlay_alpha=&#8221;50&#8243; gutter_size=&#8221;4&#8243; shift_y=&#8221;0&#8243;][vc_column_inner width=&#8221;1\/4&#8243;][\/vc_column_inner][vc_column_inner column_width_percent=&#8221;100&#8243; gutter_size=&#8221;3&#8243; overlay_alpha=&#8221;50&#8243; medium_width=&#8221;0&#8243; mobile_width=&#8221;0&#8243; shift_x=&#8221;0&#8243; shift_y=&#8221;0&#8243; shift_y_down=&#8221;0&#8243; z_index=&#8221;0&#8243; width=&#8221;3\/4&#8243;][vc_column_text text_lead=&#8221;yes&#8221;]<strong>Premessa<\/strong><\/p>\n<p>La presente informativa, resa ai sensi del D.Lgs. n. 196\/2003 e del Regolamento U.E. n. 2016\/679 riguarda il sito <a href=\"http:\/\/www.multigriffe.com\"><strong>www.multigriffe.com<\/strong><\/a> di\u00a0 <strong>MULTIGRIFFE S.R.L<\/strong>..<\/p>\n<p>Questo sito raccoglie alcuni dati personali delle persone fisiche identificate o identificabili che accedono al medesimo.<\/p>\n<p>La presente informativa \u00e8, quindi, destinata a tutti i soggetti che accedono al sito ed \u00e8 resa soltanto per i dati acquisiti a seguito di consultazione del sito.<\/p>\n<p>La presente informativa non si riferisce anche ad altri siti web eventualmente raggiungibili e consultabili dall&#8217;utente attraverso i collegamenti ipertestuali (link) eventualmente contenuti nel sito.<\/p>\n<p><strong>Titolare del trattamento dei dati<\/strong><\/p>\n<p>Il titolare del trattamento dei dati, relativi a persone identificate o identificabili che accedano a questo sito \u00e8 il <strong>STEFANO SCALDAFERRO<\/strong>, che pu\u00f2 essere contattato, anche per informazioni, all\u2019indirizzo <a href=\"mailto:info@multigriffe.com\">info@multigriffe.com<\/a><\/p>\n<p><strong>Responsabili del trattamento dei dati <\/strong><\/p>\n<p>\u00c8 designato responsabile interno del trattamento dei dati <strong>LUCIA DAL PONTE<\/strong><\/p>\n<p>L\u2019elenco aggiornato dei responsabili esterni del trattamento dei dati sotto indicati potr\u00e0 sempre essere richiesto al titolare.<\/p>\n<p><strong>Tipologie di dati raccolti<\/strong><\/p>\n<p><em><u>Dati di navigazione<\/u><\/em><\/p>\n<p>I sistemi informatici per il funzionamento del sito acquisiscono, in via automatica, alcuni dati che vengono implicitamente trasmessi nell&#8217;utilizzo dei protocolli di comunicazione di internet.<\/p>\n<p>I suddetti dati non sono raccolti per essere associati a utenti identificati.<\/p>\n<p>Essi, per\u00f2, considerata la loro natura, potrebbero, attraverso programmazioni con dati detenuti da terzi, permettere di identificare gli utenti del sito.<\/p>\n<p>In questa categoria di dati rientrano gli indirizzi o i nomi a dominio dei computer utilizzati dagli utenti che si connettono al sito ed altri parametri relativi al sistema operativo e all&#8217;ambiente informatico dell&#8217;utente.<\/p>\n<p>Questi dati vengono utilizzati al solo fine di ricavare informazioni statistiche anonime sull&#8217;uso del sito, per controllarne il corretto funzionamento o per accertare responsabilit\u00e0 per eventuali reati informatici.<\/p>\n<p><em><u>Dati volontariamente forniti dall\u2019utente<\/u><\/em><\/p>\n<p>Ulteriori dati personali possono essere liberamente forniti dall&#8217;utente.<\/p>\n<p>Se non diversamente specificato, i dati richiesti dal sito sono da fornirsi in via obbligatoria per usufruire dei servizi indicati.<\/p>\n<p>Nei casi in cui l\u2019applicazione indichi alcuni dati come facoltativi, gli utenti sono liberi di astenersi dal comunicare tali dati, senza che ci\u00f2 abbia alcuna conseguenza sulla dei servizi indicati.<\/p>\n<p>Specifiche informative di sintesi verranno progressivamente riportate o visualizzate nelle pagine del sito predisposte per particolari servizi a richiesta.<\/p>\n<p>Gli utenti che dovessero avere dubbi su quali dati siano obbligatori possono contattare il titolare.<\/p>\n<p><strong>Modalit\u00e0 di trattamento<\/strong><\/p>\n<p>I trattamenti connessi ai servizi di questo sito sono curati da personale tecnico incaricato del trattamento. Nessun dato derivante dai servizi viene comunicato o diffuso.<\/p>\n<p>Oltre al titolare, in alcuni casi, potrebbero avere accesso ai dati altri soggetti interni coinvolti nell\u2019organizzazione di questo sito (personale amministrativo, commerciale, legali, amministratori di sistema) ovvero soggetti esterni (come fornitori di servizi tecnici terzi, corrieri postali, hosting provider, societ\u00e0 informatiche, agenzie di comunicazione), nominati anche, se necessario, responsabili del trattamento da parte del titolare.<\/p>\n<p><strong>Base giuridica del trattamento<\/strong><\/p>\n<p>Il titolare tratta dati personali relativi all\u2019utente in caso sussista una delle seguenti condizioni:<\/p>\n<ul>\n<li>l\u2019utente ha prestato il consenso per una o pi\u00f9 finalit\u00e0 specifiche oppure un\u2019altra delle basi giuridiche specificate di seguito, salvo che il trattamento di dati personali sia specificamente regolato dalla legislazione europea in materia di protezione dei dati personali;<\/li>\n<li>il trattamento \u00e8 necessario all&#8217;esecuzione di un contratto con l\u2019utente e\/o all&#8217;esecuzione di misure precontrattuali;<\/li>\n<li>il trattamento \u00e8 necessario per adempiere un obbligo legale al quale \u00e8 soggetto il titolare;<\/li>\n<li>il trattamento \u00e8 necessario per l&#8217;esecuzione di un compito di interesse pubblico o per l&#8217;esercizio di pubblici poteri di cui \u00e8 investito il titolare;<\/li>\n<li>il trattamento \u00e8 necessario per il perseguimento del legittimo interesse del titolare o di terzi.<\/li>\n<\/ul>\n<p>\u00c8 comunque sempre possibile richiedere al titolare di chiarire la concreta base giuridica di ciascun trattamento ed in particolare di specificare se il trattamento sia basato sulla legge, previsto da un contratto o necessario per concludere un contratto.<\/p>\n<p><strong>Luogo del trattamento<\/strong><\/p>\n<p>I trattamenti connessi ai servizi di questo sito hanno luogo presso la predetta sede del titolare ed in ogni altro luogo in cui le parti coinvolte nel trattamento siano localizzate.<\/p>\n<p>I dati personali dell\u2019utente potrebbero essere trasferiti in un Paese diverso da quello in cui l\u2019utente si trova.<\/p>\n<p>In tal caso, l\u2019utente ha diritto a ottenere informazioni in merito alla base giuridica del trasferimento di dati al di fuori dell\u2019Unione Europea, nonch\u00e9 in merito alle misure di sicurezza adottate dal titolare per proteggere i dati, facendo riferimento alle rispettive sezioni di questo documento e chiedendo informazioni al titolare ai contatti riportati nella presente policy.<\/p>\n<p><strong>Finalit\u00e0 del trattamento <\/strong><\/p>\n<p>I dati dell\u2019utente sono trattati per consentire al titolare di fornire i propri servizi indicati nelle tipologie di dati trattati, cos\u00ec come possono essere trattati per le seguenti finalit\u00e0:<\/p>\n<ul>\n<li>informare sul tipo di prodotti forniti dal titolare;<\/li>\n<li>somministrare <a href=\"http:\/\/www.chimici.it\/cnc2014\/index.php?id=93\">notizie e avvisi<\/a> sui servizi forniti con il sito o sui detti prodotti;<\/li>\n<li>essere informati su tutto ci\u00f2 che riguarda i detti prodotti e servizi tramite newsletter, ma solo previo consenso esplicito, con la precisazione che l&#8217;invio facoltativo, esplicito e volontario di posta elettronica agli indirizzi indicati sul sito comporta la successiva acquisizione dell&#8217;indirizzo del mittente, necessario per rispondere alle richieste, nonch\u00e9 degli eventuali altri dati personali inseriti nella missiva;<\/li>\n<li>informare l\u2019utente sulla storia del titolare.<\/li>\n<\/ul>\n<p>Specifiche informative di sintesi verranno progressivamente riportate o visualizzate nelle pagine del sito predisposte per particolari servizi a richiesta.<\/p>\n<p><strong>Periodo di conservazione<\/strong><\/p>\n<p>I dati sono trattati e conservati per il tempo richiesto dalle finalit\u00e0 per le quali sono stati raccolti.<\/p>\n<p>Pertanto:<\/p>\n<ul>\n<li>i dati di navigazione sono conservati per il periodo strettamente indispensabile per l&#8217;elaborazione;<\/li>\n<li>i dati personali raccolti per scopi collegati all\u2019esecuzione di un contratto tra il titolare e l\u2019utente saranno trattenuti sino a quando sia completata l\u2019esecuzione di tale contratto;<\/li>\n<li>i dati personali raccolti per finalit\u00e0 riconducibili ad un diverso interesse legittimo del titolare saranno trattenuti sino al soddisfacimento di tale interesse.<\/li>\n<\/ul>\n<p>Quando il trattamento \u00e8 basato sullo specifico consenso dell\u2019utente, il titolare pu\u00f2 conservare i dati personali pi\u00f9 a lungo e sino a quando detto consenso non venga revocato.<\/p>\n<p>Si fa presente che il titolare potrebbe essere obbligato a conservare i dati personali per un periodo pi\u00f9 lungo in ottemperanza ad un obbligo di legge o per ordine di un\u2019autorit\u00e0 perseguito dal titolare.<\/p>\n<p>Al termine dei periodi di conservazione indicati, i dati personali saranno cancellati. Pertanto, allo spirare di tale termine il diritto di accesso, cancellazione, rettificazione ed il diritto alla portabilit\u00e0 dei dati non potranno pi\u00f9 essere esercitati.<\/p>\n<p><strong>Cookie<\/strong><\/p>\n<p>Vi sono cookie di sessione necessari per navigare sul sito e si cancellano automaticamente con la chiusura del browser.<\/p>\n<p>Vi sono, inoltre, cookie utilizzati per inviare annunci mirati all\u2019utente in base ai suoi interessi.<\/p>\n<p>I cookie memorizzano il sito web visitato dall\u2019utente e tale informazione viene condivisa con terze parti quali gli inserzionisti.<\/p>\n<p>Il sito utilizza cookie che non hanno la possibilit\u00e0 di far partire programmi sul computer dell\u2019utente o di caricare virus sullo stesso e che non permettono alcun tipo di controllo sul computer dell\u2019utente.<\/p>\n<p>Non si utilizzano cookies per accedere a informazioni presenti sul dispositivo, per memorizzare dati sullo stesso o per monitorarne le attivit\u00e0.<\/p>\n<p>Il browser consentono comunque la disabilitazione di cookie.<\/p>\n<p><strong>\u00a0<\/strong><\/p>\n<p><strong>Diritti dell\u2019Utente<\/strong><\/p>\n<p>Gli utenti possono esercitare i diritti di cui al D.Lgs. n. 196\/2003 ed al Regolamento U.E. n. 2016\/679 con riferimento ai dati trattati dal titolare.<\/p>\n<p>In particolare, l\u2019utente ha il diritto di:<\/p>\n<ul>\n<li><strong>revocare il consenso in ogni momento. <\/strong>L\u2019utente pu\u00f2 revocare il consenso al trattamento dei propri dati personali precedentemente espresso.<\/li>\n<li><strong>opporsi al trattamento.<\/strong> L\u2019utente pu\u00f2 opporsi al trattamento dei propri dati quando esso avviene su una base giuridica diversa dal consenso. Ulteriori dettagli sul diritto di opposizione sono indicati nella sezione sottostante.<\/li>\n<li><strong>accedere ai propri dati.<\/strong> L\u2019utente ha diritto ad ottenere informazioni sui dati trattati dal titolare, su determinati aspetti del trattamento ed a ricevere una copia dei dati trattati.<\/li>\n<li><strong>verificare e chiedere la rettificazione.<\/strong> L\u2019utente pu\u00f2 verificare la correttezza dei propri dati e richiederne l\u2019aggiornamento o la correzione.<\/li>\n<li><strong>ottenere la limitazione del trattamento.<\/strong> Quando ricorrono determinate condizioni, l\u2019utente pu\u00f2 richiedere la limitazione del trattamento dei propri dati. In tal caso il titolare non tratter\u00e0 i dati per alcun altro scopo se non la loro conservazione.<\/li>\n<li><strong>ottenere la cancellazione o rimozione dei propri dati.<\/strong> Quando ricorrono determinate condizioni, l\u2019utente pu\u00f2 richiedere la cancellazione dei propri dati da parte del titolare.<\/li>\n<li><strong>ricevere i propri dati o farli trasferire ad altro titolare.<\/strong> L\u2019utente ha diritto di ricevere i propri dati in formato strutturato, di uso comune e leggibile da dispositivo automatico e, ove tecnicamente fattibile, di ottenerne il trasferimento senza ostacoli ad un altro titolare. Questa disposizione \u00e8 applicabile quando i dati sono trattati con strumenti automatizzati ed il trattamento \u00e8 basato sul consenso dell\u2019utente, su un contratto di cui l\u2019utente \u00e8 parte o su misure contrattuali ad esso connesse.<\/li>\n<li><strong>proporre reclamo.<\/strong> L\u2019utente pu\u00f2 proporre un reclamo al Garante della protezione dei dati personali o agire in sede giudiziale.<\/li>\n<\/ul>\n<p><strong>Dettagli sul diritto di opposizione<\/strong><\/p>\n<p>Quando i dati personali sono trattati nell\u2019interesse pubblico, nell\u2019esercizio di pubblici poteri di cui \u00e8 investito il titolare oppure per perseguire un interesse legittimo del titolare, gli utenti hanno diritto ad opporsi al trattamento per motivi connessi alla loro situazione particolare.<\/p>\n<p>Si fa presente agli utenti che, ove i loro dati fossero trattati con finalit\u00e0 rientranti in quelle riportate nel presente documento e che possono ritenersi di marketing diretto, possono opporsi al trattamento senza fornire alcuna motivazione. Per scoprire se il titolare tratti dati con finalit\u00e0 di marketing diretto gli utenti possono fare riferimento alle rispettive sezioni di questo documento.<\/p>\n<p><strong>Come esercitare i diritti<\/strong><\/p>\n<p>Per esercitare i diritti, gli utenti possono indirizzare una richiesta agli estremi di contatto del titolare indicati in questo documento. Le richieste sono depositate a titolo gratuito e evase dal titolare nel pi\u00f9 breve tempo possibile ed, in ogni caso, entro un mese.<\/p>\n<p><strong>Ulteriori informazioni<\/strong><\/p>\n<p><em><u>Difesa in giudizio<\/u><\/em><\/p>\n<p>I dati personali dell\u2019utente possono essere utilizzati da parte del titolare in giudizio o nelle fasi preparatorie alla sua eventuale instaurazione per la difesa da abusi nell&#8217;utilizzo di questa applicazione o dei servizi connessi da parte dell\u2019utente. L\u2019utente dichiara di essere consapevole che il titolare potrebbe essere obbligato a rivelare i dati per ordine di Autorit\u00e0 pubbliche competenti per legge.<\/p>\n<p><em><u>Informative specifiche e non contenute in questa policy<\/u><\/em><\/p>\n<p>Come sopra indicato, su richiesta dell\u2019utente, senza particolari formalit\u00e0 e comunque senza spese, in aggiunta alle informazioni contenute in questa privacy policy, il titolare pu\u00f2 fornire all&#8217;utente informative aggiuntive e contestuali riguardanti servizi specifici, nonch\u00e9 particolari trattamenti di dati personali attraverso i seguenti recapiti:<\/p>\n<p>Email: <a href=\"mailto:info@multigriffe.com\">info@multigriffe.com<\/a><\/p>\n<p>Fax: 0444 416057<\/p>\n<p>Posta ordinaria: Via dell\u2019Industria 2\/4 \u2013 36047 \u2013 Montegalda (Vi)<\/p>\n<p><em><u>\u00a0<\/u><\/em><\/p>\n<p><em><u>Modifiche a questa privacy policy<\/u><\/em><\/p>\n<p>Il titolare si riserva il diritto di apportare aggiornamenti e\/o modifiche alla presente privacy policy in qualunque momento, dandone informazione agli utenti su questa pagina e, se possibile, su questa applicazione nonch\u00e9, qualora tecnicamente e legalmente fattibile, inviando una notifica agli utenti attraverso uno degli estremi di contatto di cui \u00e8 in possesso il titolare. Si prega dunque di consultare regolarmente questa pagina, facendo riferimento alla data di ultima modifica indicata in fondo.<\/p>\n<p>Qualora le modifiche interessino trattamenti la cui base giuridica \u00e8 il consenso, il titolare provveder\u00e0 a raccogliere nuovamente il consenso dell\u2019utente, se ancora necessario.[\/vc_column_text][\/vc_column_inner][\/vc_row_inner][\/vc_column][\/vc_row]<\/p>\n<\/div>","protected":false},"excerpt":{"rendered":"<p>[vc_row row_height_percent=&#8221;0&#8243; override_padding=&#8221;yes&#8221; h_padding=&#8221;2&#8243; top_padding=&#8221;4&#8243; bottom_padding=&#8221;3&#8243; overlay_alpha=&#8221;50&#8243; gutter_size=&#8221;3&#8243; column_width_percent=&#8221;100&#8243; shift_y=&#8221;0&#8243; z_index=&#8221;0&#8243;][vc_column column_width_percent=&#8221;100&#8243; overlay_alpha=&#8221;50&#8243; gutter_size=&#8221;3&#8243; medium_width=&#8221;0&#8243; mobile_width=&#8221;0&#8243; shift_x=&#8221;0&#8243; shift_y=&#8221;0&#8243; shift_y_down=&#8221;0&#8243; z_index=&#8221;0&#8243; [&hellip;]<\/p>\n","protected":false},"author":1,"featured_media":66599,"parent":0,"menu_order":1000,"comment_status":"closed","ping_status":"closed","template":"","meta":{"footnotes":""},"class_list":["post-66673","page","type-page","status-publish","has-post-thumbnail","hentry"],"yoast_head":"<!-- This site is optimized with the Yoast SEO plugin v27.0 - https:\/\/yoast.com\/product\/yoast-seo-wordpress\/ -->\n<title>Privacy Policy - MultiGriffe<\/title>\n<meta name=\"robots\" content=\"index, follow, max-snippet:-1, max-image-preview:large, max-video-preview:-1\" \/>\n<link rel=\"canonical\" href=\"https:\/\/www.multigriffe.com\/en\/privacy-policy\/\" \/>\n<meta property=\"og:locale\" content=\"en_US\" \/>\n<meta property=\"og:type\" content=\"article\" \/>\n<meta property=\"og:title\" content=\"Privacy Policy - MultiGriffe\" \/>\n<meta property=\"og:description\" content=\"[vc_row row_height_percent=&#8221;0&#8243; override_padding=&#8221;yes&#8221; h_padding=&#8221;2&#8243; top_padding=&#8221;4&#8243; bottom_padding=&#8221;3&#8243; overlay_alpha=&#8221;50&#8243; gutter_size=&#8221;3&#8243; column_width_percent=&#8221;100&#8243; shift_y=&#8221;0&#8243; z_index=&#8221;0&#8243;][vc_column column_width_percent=&#8221;100&#8243; overlay_alpha=&#8221;50&#8243; gutter_size=&#8221;3&#8243; medium_width=&#8221;0&#8243; mobile_width=&#8221;0&#8243; shift_x=&#8221;0&#8243; shift_y=&#8221;0&#8243; shift_y_down=&#8221;0&#8243; z_index=&#8221;0&#8243; [&hellip;]\" \/>\n<meta property=\"og:url\" content=\"https:\/\/www.multigriffe.com\/en\/privacy-policy\/\" \/>\n<meta property=\"og:site_name\" content=\"MultiGriffe\" \/>\n<meta property=\"og:image\" content=\"https:\/\/www.multigriffe.com\/wp-content\/uploads\/2018\/04\/NA_ANT_171103_115348.jpg\" \/>\n\t<meta property=\"og:image:width\" content=\"2560\" \/>\n\t<meta property=\"og:image:height\" content=\"430\" \/>\n\t<meta property=\"og:image:type\" content=\"image\/jpeg\" \/>\n<meta name=\"twitter:card\" content=\"summary_large_image\" \/>\n<meta name=\"twitter:label1\" content=\"Est. reading time\" \/>\n\t<meta name=\"twitter:data1\" content=\"10 minutes\" \/>\n<script type=\"application\/ld+json\" class=\"yoast-schema-graph\">{\"@context\":\"https:\/\/schema.org\",\"@graph\":[{\"@type\":\"WebPage\",\"@id\":\"https:\/\/www.multigriffe.com\/en\/privacy-policy\/\",\"url\":\"https:\/\/www.multigriffe.com\/en\/privacy-policy\/\",\"name\":\"Privacy Policy - MultiGriffe\",\"isPartOf\":{\"@id\":\"https:\/\/www.multigriffe.com\/#website\"},\"primaryImageOfPage\":{\"@id\":\"https:\/\/www.multigriffe.com\/en\/privacy-policy\/#primaryimage\"},\"image\":{\"@id\":\"https:\/\/www.multigriffe.com\/en\/privacy-policy\/#primaryimage\"},\"thumbnailUrl\":\"https:\/\/www.multigriffe.com\/wp-content\/uploads\/2018\/04\/NA_ANT_171103_115348.jpg\",\"datePublished\":\"2018-05-30T09:55:56+00:00\",\"breadcrumb\":{\"@id\":\"https:\/\/www.multigriffe.com\/en\/privacy-policy\/#breadcrumb\"},\"inLanguage\":\"en-US\",\"potentialAction\":[{\"@type\":\"ReadAction\",\"target\":[\"https:\/\/www.multigriffe.com\/en\/privacy-policy\/\"]}]},{\"@type\":\"ImageObject\",\"inLanguage\":\"en-US\",\"@id\":\"https:\/\/www.multigriffe.com\/en\/privacy-policy\/#primaryimage\",\"url\":\"https:\/\/www.multigriffe.com\/wp-content\/uploads\/2018\/04\/NA_ANT_171103_115348.jpg\",\"contentUrl\":\"https:\/\/www.multigriffe.com\/wp-content\/uploads\/2018\/04\/NA_ANT_171103_115348.jpg\",\"width\":2560,\"height\":430},{\"@type\":\"BreadcrumbList\",\"@id\":\"https:\/\/www.multigriffe.com\/en\/privacy-policy\/#breadcrumb\",\"itemListElement\":[{\"@type\":\"ListItem\",\"position\":1,\"name\":\"Home\",\"item\":\"https:\/\/www.multigriffe.com\/en\/\"},{\"@type\":\"ListItem\",\"position\":2,\"name\":\"Privacy Policy\"}]},{\"@type\":\"WebSite\",\"@id\":\"https:\/\/www.multigriffe.com\/#website\",\"url\":\"https:\/\/www.multigriffe.com\/\",\"name\":\"MultiGriffe\",\"description\":\"Etichette Transfer a Caldo per Abbigliamento Calzatura Sport Vicenza\",\"potentialAction\":[{\"@type\":\"SearchAction\",\"target\":{\"@type\":\"EntryPoint\",\"urlTemplate\":\"https:\/\/www.multigriffe.com\/?s={search_term_string}\"},\"query-input\":{\"@type\":\"PropertyValueSpecification\",\"valueRequired\":true,\"valueName\":\"search_term_string\"}}],\"inLanguage\":\"en-US\"}]}<\/script>\n<!-- \/ Yoast SEO plugin. -->","yoast_head_json":{"title":"Privacy Policy - MultiGriffe","robots":{"index":"index","follow":"follow","max-snippet":"max-snippet:-1","max-image-preview":"max-image-preview:large","max-video-preview":"max-video-preview:-1"},"canonical":"https:\/\/www.multigriffe.com\/en\/privacy-policy\/","og_locale":"en_US","og_type":"article","og_title":"Privacy Policy - MultiGriffe","og_description":"[vc_row row_height_percent=&#8221;0&#8243; override_padding=&#8221;yes&#8221; h_padding=&#8221;2&#8243; top_padding=&#8221;4&#8243; bottom_padding=&#8221;3&#8243; overlay_alpha=&#8221;50&#8243; gutter_size=&#8221;3&#8243; column_width_percent=&#8221;100&#8243; shift_y=&#8221;0&#8243; z_index=&#8221;0&#8243;][vc_column column_width_percent=&#8221;100&#8243; overlay_alpha=&#8221;50&#8243; gutter_size=&#8221;3&#8243; medium_width=&#8221;0&#8243; mobile_width=&#8221;0&#8243; shift_x=&#8221;0&#8243; shift_y=&#8221;0&#8243; shift_y_down=&#8221;0&#8243; z_index=&#8221;0&#8243; [&hellip;]","og_url":"https:\/\/www.multigriffe.com\/en\/privacy-policy\/","og_site_name":"MultiGriffe","og_image":[{"width":2560,"height":430,"url":"https:\/\/www.multigriffe.com\/wp-content\/uploads\/2018\/04\/NA_ANT_171103_115348.jpg","type":"image\/jpeg"}],"twitter_card":"summary_large_image","twitter_misc":{"Est. reading time":"10 minutes"},"schema":{"@context":"https:\/\/schema.org","@graph":[{"@type":"WebPage","@id":"https:\/\/www.multigriffe.com\/en\/privacy-policy\/","url":"https:\/\/www.multigriffe.com\/en\/privacy-policy\/","name":"Privacy Policy - MultiGriffe","isPartOf":{"@id":"https:\/\/www.multigriffe.com\/#website"},"primaryImageOfPage":{"@id":"https:\/\/www.multigriffe.com\/en\/privacy-policy\/#primaryimage"},"image":{"@id":"https:\/\/www.multigriffe.com\/en\/privacy-policy\/#primaryimage"},"thumbnailUrl":"https:\/\/www.multigriffe.com\/wp-content\/uploads\/2018\/04\/NA_ANT_171103_115348.jpg","datePublished":"2018-05-30T09:55:56+00:00","breadcrumb":{"@id":"https:\/\/www.multigriffe.com\/en\/privacy-policy\/#breadcrumb"},"inLanguage":"en-US","potentialAction":[{"@type":"ReadAction","target":["https:\/\/www.multigriffe.com\/en\/privacy-policy\/"]}]},{"@type":"ImageObject","inLanguage":"en-US","@id":"https:\/\/www.multigriffe.com\/en\/privacy-policy\/#primaryimage","url":"https:\/\/www.multigriffe.com\/wp-content\/uploads\/2018\/04\/NA_ANT_171103_115348.jpg","contentUrl":"https:\/\/www.multigriffe.com\/wp-content\/uploads\/2018\/04\/NA_ANT_171103_115348.jpg","width":2560,"height":430},{"@type":"BreadcrumbList","@id":"https:\/\/www.multigriffe.com\/en\/privacy-policy\/#breadcrumb","itemListElement":[{"@type":"ListItem","position":1,"name":"Home","item":"https:\/\/www.multigriffe.com\/en\/"},{"@type":"ListItem","position":2,"name":"Privacy Policy"}]},{"@type":"WebSite","@id":"https:\/\/www.multigriffe.com\/#website","url":"https:\/\/www.multigriffe.com\/","name":"MultiGriffe","description":"Etichette Transfer a Caldo per Abbigliamento Calzatura Sport Vicenza","potentialAction":[{"@type":"SearchAction","target":{"@type":"EntryPoint","urlTemplate":"https:\/\/www.multigriffe.com\/?s={search_term_string}"},"query-input":{"@type":"PropertyValueSpecification","valueRequired":true,"valueName":"search_term_string"}}],"inLanguage":"en-US"}]}},"_links":{"self":[{"href":"https:\/\/www.multigriffe.com\/en\/wp-json\/wp\/v2\/pages\/66673","targetHints":{"allow":["GET"]}}],"collection":[{"href":"https:\/\/www.multigriffe.com\/en\/wp-json\/wp\/v2\/pages"}],"about":[{"href":"https:\/\/www.multigriffe.com\/en\/wp-json\/wp\/v2\/types\/page"}],"author":[{"embeddable":true,"href":"https:\/\/www.multigriffe.com\/en\/wp-json\/wp\/v2\/users\/1"}],"replies":[{"embeddable":true,"href":"https:\/\/www.multigriffe.com\/en\/wp-json\/wp\/v2\/comments?post=66673"}],"version-history":[{"count":0,"href":"https:\/\/www.multigriffe.com\/en\/wp-json\/wp\/v2\/pages\/66673\/revisions"}],"wp:featuredmedia":[{"embeddable":true,"href":"https:\/\/www.multigriffe.com\/en\/wp-json\/wp\/v2\/media\/66599"}],"wp:attachment":[{"href":"https:\/\/www.multigriffe.com\/en\/wp-json\/wp\/v2\/media?parent=66673"}],"curies":[{"name":"wp","href":"https:\/\/api.w.org\/{rel}","templated":true}]}}