{"id":66544,"date":"2018-01-30T17:48:11","date_gmt":"2018-01-30T16:48:11","guid":{"rendered":"http:\/\/www.multigriffe.com\/transfer-per-plastica\/"},"modified":"2026-02-25T13:14:23","modified_gmt":"2026-02-25T12:14:23","slug":"transfer-for-plastics","status":"publish","type":"page","link":"https:\/\/www.multigriffe.com\/en\/transfer\/transfer-for-plastics\/","title":{"rendered":"Transfer for Plastics"},"content":{"rendered":"<div class=\"wpb-content-wrapper\"><p>[vc_row][vc_column width=&#8221;1\/1&#8243;][vc_row_inner row_inner_height_percent=&#8221;0&#8243; overlay_alpha=&#8221;50&#8243; gutter_size=&#8221;4&#8243; shift_y=&#8221;0&#8243;][vc_column_inner column_width_percent=&#8221;100&#8243; gutter_size=&#8221;4&#8243; overlay_alpha=&#8221;50&#8243; shift_x=&#8221;0&#8243; shift_y=&#8221;0&#8243; shift_y_down=&#8221;0&#8243; z_index=&#8221;0&#8243; medium_width=&#8221;0&#8243; mobile_width=&#8221;0&#8243; sticky=&#8221;yes&#8221; width=&#8221;3\/12&#8243;][\/vc_column_inner][vc_column_inner column_width_percent=&#8221;100&#8243; gutter_size=&#8221;3&#8243; overlay_alpha=&#8221;50&#8243; shift_x=&#8221;0&#8243; shift_y=&#8221;0&#8243; shift_y_down=&#8221;0&#8243; z_index=&#8221;0&#8243; medium_width=&#8221;0&#8243; mobile_width=&#8221;0&#8243; width=&#8221;9\/12&#8243;][vc_empty_space empty_h=&#8221;2&#8243; medium_visibility=&#8221;yes&#8221; mobile_visibility=&#8221;yes&#8221;][vc_column_text text_lead=&#8221;yes&#8221;]For the garment and other leather goods industries, MultiGriffe offers a flexible transfer capable of adapting its form to that of the substrate.<\/p>\n<p>Transfers for this material must be particularly resistant to abrasion, weather, contact with the body and perspiration. The most widespread applications are footwear insoles or uppers, rugby balls, boxing gloves, leather jackets and bicycle saddles. Transfers are highly suitable even for the oiliest leathers or those with special treatments.[\/vc_column_text][vc_gallery el_id=&#8221;gallery-373336&#8243; medias=&#8221;68959,68960,68961,68933,68934,68935&#8243; gutter_size=&#8221;3&#8243; screen_lg=&#8221;1000&#8243; screen_md=&#8221;600&#8243; screen_sm=&#8221;480&#8243; single_overlay_opacity=&#8221;50&#8243; single_padding=&#8221;2&#8243; uncode_shortcode_id=&#8221;356168&#8243;][vc_button button_color=&#8221;color-wayh&#8221; border_animation=&#8221;btn-ripple-out&#8221; hover_fx=&#8221;full-colored&#8221; border_width=&#8221;0&#8243; link=&#8221;url:http%3A%2F%2Fwww.multigriffe.com%2Fen%2Ftransfer%2F&#8221; icon=&#8221;fa fa-chevron-left&#8221; button_color_type=&#8221;uncode-palette&#8221; uncode_shortcode_id=&#8221;971577&#8243;]Back to Products[\/vc_button][vc_empty_space empty_h=&#8221;2&#8243; medium_visibility=&#8221;yes&#8221; mobile_visibility=&#8221;yes&#8221;][\/vc_column_inner][\/vc_row_inner][\/vc_column][\/vc_row]<\/p>\n<\/div>","protected":false},"excerpt":{"rendered":"<p>[vc_row][vc_column width=&#8221;1\/1&#8243;][vc_row_inner row_inner_height_percent=&#8221;0&#8243; overlay_alpha=&#8221;50&#8243; gutter_size=&#8221;4&#8243; shift_y=&#8221;0&#8243;][vc_column_inner column_width_percent=&#8221;100&#8243; gutter_size=&#8221;4&#8243; overlay_alpha=&#8221;50&#8243; shift_x=&#8221;0&#8243; shift_y=&#8221;0&#8243; shift_y_down=&#8221;0&#8243; z_index=&#8221;0&#8243; medium_width=&#8221;0&#8243; mobile_width=&#8221;0&#8243; sticky=&#8221;yes&#8221; width=&#8221;3\/12&#8243;][\/vc_column_inner][vc_column_inner column_width_percent=&#8221;100&#8243; gutter_size=&#8221;3&#8243; overlay_alpha=&#8221;50&#8243; [&hellip;]<\/p>\n","protected":false},"author":1,"featured_media":66553,"parent":66543,"menu_order":1,"comment_status":"closed","ping_status":"closed","template":"","meta":{"footnotes":""},"class_list":["post-66544","page","type-page","status-publish","has-post-thumbnail","hentry","page_category-transfer-en"],"yoast_head":"<!-- This site is optimized with the Yoast SEO plugin v27.0 - https:\/\/yoast.com\/product\/yoast-seo-wordpress\/ -->\n<title>Transfer for Plastics - Heat Transfer Label Made in Italy<\/title>\n<meta name=\"robots\" content=\"index, follow, max-snippet:-1, max-image-preview:large, max-video-preview:-1\" \/>\n<link rel=\"canonical\" href=\"https:\/\/www.multigriffe.com\/en\/transfer\/transfer-for-plastics\/\" \/>\n<meta property=\"og:locale\" content=\"en_US\" \/>\n<meta property=\"og:type\" content=\"article\" \/>\n<meta property=\"og:title\" content=\"Transfer for Plastics - Heat Transfer Label Made in Italy\" \/>\n<meta property=\"og:description\" content=\"[vc_row][vc_column width=&#8221;1\/1&#8243;][vc_row_inner row_inner_height_percent=&#8221;0&#8243; overlay_alpha=&#8221;50&#8243; gutter_size=&#8221;4&#8243; shift_y=&#8221;0&#8243;][vc_column_inner column_width_percent=&#8221;100&#8243; gutter_size=&#8221;4&#8243; overlay_alpha=&#8221;50&#8243; shift_x=&#8221;0&#8243; shift_y=&#8221;0&#8243; shift_y_down=&#8221;0&#8243; z_index=&#8221;0&#8243; medium_width=&#8221;0&#8243; mobile_width=&#8221;0&#8243; sticky=&#8221;yes&#8221; width=&#8221;3\/12&#8243;][\/vc_column_inner][vc_column_inner column_width_percent=&#8221;100&#8243; gutter_size=&#8221;3&#8243; overlay_alpha=&#8221;50&#8243; [&hellip;]\" \/>\n<meta property=\"og:url\" content=\"https:\/\/www.multigriffe.com\/en\/transfer\/transfer-for-plastics\/\" \/>\n<meta property=\"og:site_name\" content=\"MultiGriffe\" \/>\n<meta property=\"article:modified_time\" content=\"2026-02-25T12:14:23+00:00\" \/>\n<meta property=\"og:image\" content=\"https:\/\/www.multigriffe.com\/wp-content\/uploads\/2018\/01\/Tranfer-per-Plastica.jpg\" \/>\n\t<meta property=\"og:image:width\" content=\"1400\" \/>\n\t<meta property=\"og:image:height\" content=\"800\" \/>\n\t<meta property=\"og:image:type\" content=\"image\/jpeg\" \/>\n<meta name=\"twitter:card\" content=\"summary_large_image\" \/>\n<meta name=\"twitter:label1\" content=\"Est. reading time\" \/>\n\t<meta name=\"twitter:data1\" content=\"1 minute\" \/>\n<script type=\"application\/ld+json\" class=\"yoast-schema-graph\">{\"@context\":\"https:\/\/schema.org\",\"@graph\":[{\"@type\":\"WebPage\",\"@id\":\"https:\/\/www.multigriffe.com\/en\/transfer\/transfer-for-plastics\/\",\"url\":\"https:\/\/www.multigriffe.com\/en\/transfer\/transfer-for-plastics\/\",\"name\":\"Transfer for Plastics - Heat Transfer Label Made in Italy\",\"isPartOf\":{\"@id\":\"https:\/\/www.multigriffe.com\/#website\"},\"primaryImageOfPage\":{\"@id\":\"https:\/\/www.multigriffe.com\/en\/transfer\/transfer-for-plastics\/#primaryimage\"},\"image\":{\"@id\":\"https:\/\/www.multigriffe.com\/en\/transfer\/transfer-for-plastics\/#primaryimage\"},\"thumbnailUrl\":\"https:\/\/www.multigriffe.com\/wp-content\/uploads\/2018\/01\/Tranfer-per-Plastica.jpg\",\"datePublished\":\"2018-01-30T16:48:11+00:00\",\"dateModified\":\"2026-02-25T12:14:23+00:00\",\"breadcrumb\":{\"@id\":\"https:\/\/www.multigriffe.com\/en\/transfer\/transfer-for-plastics\/#breadcrumb\"},\"inLanguage\":\"en-US\",\"potentialAction\":[{\"@type\":\"ReadAction\",\"target\":[\"https:\/\/www.multigriffe.com\/en\/transfer\/transfer-for-plastics\/\"]}]},{\"@type\":\"ImageObject\",\"inLanguage\":\"en-US\",\"@id\":\"https:\/\/www.multigriffe.com\/en\/transfer\/transfer-for-plastics\/#primaryimage\",\"url\":\"https:\/\/www.multigriffe.com\/wp-content\/uploads\/2018\/01\/Tranfer-per-Plastica.jpg\",\"contentUrl\":\"https:\/\/www.multigriffe.com\/wp-content\/uploads\/2018\/01\/Tranfer-per-Plastica.jpg\",\"width\":1400,\"height\":800,\"caption\":\"Personalisierung von Rahmen und Komponenten f\u00fcr Fahrr\u00e4der, Drohnen, Sportger\u00e4ten, mechanischen und Automobilteilen, Geh\u00e4usen f\u00fcr Elektronik, leichter und verst\u00e4rkter Industrieausr\u00fcstung\"},{\"@type\":\"BreadcrumbList\",\"@id\":\"https:\/\/www.multigriffe.com\/en\/transfer\/transfer-for-plastics\/#breadcrumb\",\"itemListElement\":[{\"@type\":\"ListItem\",\"position\":1,\"name\":\"Home\",\"item\":\"https:\/\/www.multigriffe.com\/en\/\"},{\"@type\":\"ListItem\",\"position\":2,\"name\":\"Transfer\",\"item\":\"https:\/\/www.multigriffe.com\/en\/transfer\/\"},{\"@type\":\"ListItem\",\"position\":3,\"name\":\"Transfer for Plastics\"}]},{\"@type\":\"WebSite\",\"@id\":\"https:\/\/www.multigriffe.com\/#website\",\"url\":\"https:\/\/www.multigriffe.com\/\",\"name\":\"MultiGriffe\",\"description\":\"Etichette Transfer a Caldo per Abbigliamento Calzatura Sport Vicenza\",\"potentialAction\":[{\"@type\":\"SearchAction\",\"target\":{\"@type\":\"EntryPoint\",\"urlTemplate\":\"https:\/\/www.multigriffe.com\/?s={search_term_string}\"},\"query-input\":{\"@type\":\"PropertyValueSpecification\",\"valueRequired\":true,\"valueName\":\"search_term_string\"}}],\"inLanguage\":\"en-US\"}]}<\/script>\n<!-- \/ Yoast SEO plugin. -->","yoast_head_json":{"title":"Transfer for Plastics - Heat Transfer Label Made in Italy","robots":{"index":"index","follow":"follow","max-snippet":"max-snippet:-1","max-image-preview":"max-image-preview:large","max-video-preview":"max-video-preview:-1"},"canonical":"https:\/\/www.multigriffe.com\/en\/transfer\/transfer-for-plastics\/","og_locale":"en_US","og_type":"article","og_title":"Transfer for Plastics - Heat Transfer Label Made in Italy","og_description":"[vc_row][vc_column width=&#8221;1\/1&#8243;][vc_row_inner row_inner_height_percent=&#8221;0&#8243; overlay_alpha=&#8221;50&#8243; gutter_size=&#8221;4&#8243; shift_y=&#8221;0&#8243;][vc_column_inner column_width_percent=&#8221;100&#8243; gutter_size=&#8221;4&#8243; overlay_alpha=&#8221;50&#8243; shift_x=&#8221;0&#8243; shift_y=&#8221;0&#8243; shift_y_down=&#8221;0&#8243; z_index=&#8221;0&#8243; medium_width=&#8221;0&#8243; mobile_width=&#8221;0&#8243; sticky=&#8221;yes&#8221; width=&#8221;3\/12&#8243;][\/vc_column_inner][vc_column_inner column_width_percent=&#8221;100&#8243; gutter_size=&#8221;3&#8243; overlay_alpha=&#8221;50&#8243; [&hellip;]","og_url":"https:\/\/www.multigriffe.com\/en\/transfer\/transfer-for-plastics\/","og_site_name":"MultiGriffe","article_modified_time":"2026-02-25T12:14:23+00:00","og_image":[{"width":1400,"height":800,"url":"https:\/\/www.multigriffe.com\/wp-content\/uploads\/2018\/01\/Tranfer-per-Plastica.jpg","type":"image\/jpeg"}],"twitter_card":"summary_large_image","twitter_misc":{"Est. reading time":"1 minute"},"schema":{"@context":"https:\/\/schema.org","@graph":[{"@type":"WebPage","@id":"https:\/\/www.multigriffe.com\/en\/transfer\/transfer-for-plastics\/","url":"https:\/\/www.multigriffe.com\/en\/transfer\/transfer-for-plastics\/","name":"Transfer for Plastics - Heat Transfer Label Made in Italy","isPartOf":{"@id":"https:\/\/www.multigriffe.com\/#website"},"primaryImageOfPage":{"@id":"https:\/\/www.multigriffe.com\/en\/transfer\/transfer-for-plastics\/#primaryimage"},"image":{"@id":"https:\/\/www.multigriffe.com\/en\/transfer\/transfer-for-plastics\/#primaryimage"},"thumbnailUrl":"https:\/\/www.multigriffe.com\/wp-content\/uploads\/2018\/01\/Tranfer-per-Plastica.jpg","datePublished":"2018-01-30T16:48:11+00:00","dateModified":"2026-02-25T12:14:23+00:00","breadcrumb":{"@id":"https:\/\/www.multigriffe.com\/en\/transfer\/transfer-for-plastics\/#breadcrumb"},"inLanguage":"en-US","potentialAction":[{"@type":"ReadAction","target":["https:\/\/www.multigriffe.com\/en\/transfer\/transfer-for-plastics\/"]}]},{"@type":"ImageObject","inLanguage":"en-US","@id":"https:\/\/www.multigriffe.com\/en\/transfer\/transfer-for-plastics\/#primaryimage","url":"https:\/\/www.multigriffe.com\/wp-content\/uploads\/2018\/01\/Tranfer-per-Plastica.jpg","contentUrl":"https:\/\/www.multigriffe.com\/wp-content\/uploads\/2018\/01\/Tranfer-per-Plastica.jpg","width":1400,"height":800,"caption":"Personalisierung von Rahmen und Komponenten f\u00fcr Fahrr\u00e4der, Drohnen, Sportger\u00e4ten, mechanischen und Automobilteilen, Geh\u00e4usen f\u00fcr Elektronik, leichter und verst\u00e4rkter Industrieausr\u00fcstung"},{"@type":"BreadcrumbList","@id":"https:\/\/www.multigriffe.com\/en\/transfer\/transfer-for-plastics\/#breadcrumb","itemListElement":[{"@type":"ListItem","position":1,"name":"Home","item":"https:\/\/www.multigriffe.com\/en\/"},{"@type":"ListItem","position":2,"name":"Transfer","item":"https:\/\/www.multigriffe.com\/en\/transfer\/"},{"@type":"ListItem","position":3,"name":"Transfer for Plastics"}]},{"@type":"WebSite","@id":"https:\/\/www.multigriffe.com\/#website","url":"https:\/\/www.multigriffe.com\/","name":"MultiGriffe","description":"Etichette Transfer a Caldo per Abbigliamento Calzatura Sport Vicenza","potentialAction":[{"@type":"SearchAction","target":{"@type":"EntryPoint","urlTemplate":"https:\/\/www.multigriffe.com\/?s={search_term_string}"},"query-input":{"@type":"PropertyValueSpecification","valueRequired":true,"valueName":"search_term_string"}}],"inLanguage":"en-US"}]}},"_links":{"self":[{"href":"https:\/\/www.multigriffe.com\/en\/wp-json\/wp\/v2\/pages\/66544","targetHints":{"allow":["GET"]}}],"collection":[{"href":"https:\/\/www.multigriffe.com\/en\/wp-json\/wp\/v2\/pages"}],"about":[{"href":"https:\/\/www.multigriffe.com\/en\/wp-json\/wp\/v2\/types\/page"}],"author":[{"embeddable":true,"href":"https:\/\/www.multigriffe.com\/en\/wp-json\/wp\/v2\/users\/1"}],"replies":[{"embeddable":true,"href":"https:\/\/www.multigriffe.com\/en\/wp-json\/wp\/v2\/comments?post=66544"}],"version-history":[{"count":9,"href":"https:\/\/www.multigriffe.com\/en\/wp-json\/wp\/v2\/pages\/66544\/revisions"}],"predecessor-version":[{"id":68970,"href":"https:\/\/www.multigriffe.com\/en\/wp-json\/wp\/v2\/pages\/66544\/revisions\/68970"}],"up":[{"embeddable":true,"href":"https:\/\/www.multigriffe.com\/en\/wp-json\/wp\/v2\/pages\/66543"}],"wp:featuredmedia":[{"embeddable":true,"href":"https:\/\/www.multigriffe.com\/en\/wp-json\/wp\/v2\/media\/66553"}],"wp:attachment":[{"href":"https:\/\/www.multigriffe.com\/en\/wp-json\/wp\/v2\/media?parent=66544"}],"curies":[{"name":"wp","href":"https:\/\/api.w.org\/{rel}","templated":true}]}}