{"id":68322,"date":"2021-12-21T12:16:38","date_gmt":"2021-12-21T11:16:38","guid":{"rendered":"https:\/\/www.multigriffe.com\/politica-di-qualita\/"},"modified":"2026-02-24T15:09:52","modified_gmt":"2026-02-24T14:09:52","slug":"qualitaetspolitik","status":"publish","type":"page","link":"https:\/\/www.multigriffe.com\/de\/qualitaetspolitik\/","title":{"rendered":"Qualit\u00e4tspolitik"},"content":{"rendered":"<div class=\"wpb-content-wrapper\"><p>[vc_row row_height_percent=&#8220;0&#8243; override_padding=&#8220;yes&#8220; h_padding=&#8220;2&#8243; top_padding=&#8220;4&#8243; bottom_padding=&#8220;3&#8243; overlay_alpha=&#8220;50&#8243; gutter_size=&#8220;3&#8243; column_width_percent=&#8220;100&#8243; shift_y=&#8220;0&#8243; z_index=&#8220;0&#8243;][vc_column column_width_percent=&#8220;100&#8243; gutter_size=&#8220;3&#8243; overlay_alpha=&#8220;50&#8243; shift_x=&#8220;0&#8243; shift_y=&#8220;0&#8243; shift_y_down=&#8220;0&#8243; z_index=&#8220;0&#8243; medium_width=&#8220;0&#8243; mobile_width=&#8220;0&#8243; width=&#8220;1\/1&#8243;][vc_row_inner row_inner_height_percent=&#8220;0&#8243; overlay_alpha=&#8220;50&#8243; gutter_size=&#8220;4&#8243; shift_y=&#8220;0&#8243;][vc_column_inner width=&#8220;1\/2&#8243;][vc_custom_heading text_weight=&#8220;300&#8243; text_height=&#8220;fontheight-357766&#8243; text_space=&#8220;fontspace-781688&#8243; uncode_shortcode_id=&#8220;679108&#8243;]Hauptgesch\u00e4ftsfeld des Unternehmens.[\/vc_custom_heading][vc_separator sep_color=&#8220;color-uydo&#8220;][vc_column_text text_lead=&#8220;yes&#8220; uncode_shortcode_id=&#8220;961151&#8243;]Multi Griffe S.r.l. konzentriert sich im Rahmen seiner T\u00e4tigkeit in der Entwicklung und Herstellung von Transferetiketten zur Kennzeichnung und Dekoration von Kunststoff, Gummi, Textilien, Metallen und anderen Materialien auf die Erf\u00fcllung der (expliziten und impliziten) Anforderungen seiner Kunden und Interessengruppen.<br \/>\nDas Erreichen dieser Zufriedenheit ist daher der wichtigste Indikator unserer Qualit\u00e4tspolitik.[\/vc_column_text][vc_empty_space empty_h=&#8220;2&#8243; medium_visibility=&#8220;yes&#8220; mobile_visibility=&#8220;yes&#8220;][\/vc_column_inner][vc_column_inner column_width_percent=&#8220;100&#8243; gutter_size=&#8220;3&#8243; overlay_alpha=&#8220;50&#8243; shift_x=&#8220;0&#8243; shift_y=&#8220;0&#8243; shift_y_down=&#8220;0&#8243; z_index=&#8220;0&#8243; medium_width=&#8220;0&#8243; mobile_width=&#8220;0&#8243; width=&#8220;1\/2&#8243;][vc_custom_heading text_weight=&#8220;300&#8243; text_height=&#8220;fontheight-357766&#8243; text_space=&#8220;fontspace-781688&#8243; uncode_shortcode_id=&#8220;787607&#8243;]Art des Marktes.[\/vc_custom_heading][vc_separator sep_color=&#8220;color-uydo&#8220;][vc_column_text text_lead=&#8220;yes&#8220; uncode_shortcode_id=&#8220;130451&#8243;]Der Markt, auf dem wir t\u00e4tig sind, ist international. Dies gilt sowohl f\u00fcr den Vertrieb mit Kunden in Italien und im Ausland als auch f\u00fcr die Beschaffung mit kontinuierlichen Kooperationen mit multinationalen Unternehmen der Branche.[\/vc_column_text][vc_empty_space empty_h=&#8220;2&#8243; medium_visibility=&#8220;yes&#8220; mobile_visibility=&#8220;yes&#8220;][\/vc_column_inner][\/vc_row_inner][vc_row_inner row_inner_height_percent=&#8220;0&#8243; overlay_alpha=&#8220;50&#8243; gutter_size=&#8220;4&#8243; shift_y=&#8220;0&#8243;][vc_column_inner column_width_percent=&#8220;100&#8243; gutter_size=&#8220;3&#8243; overlay_alpha=&#8220;50&#8243; shift_x=&#8220;0&#8243; shift_y=&#8220;0&#8243; shift_y_down=&#8220;0&#8243; z_index=&#8220;0&#8243; medium_width=&#8220;0&#8243; mobile_width=&#8220;0&#8243; width=&#8220;1\/2&#8243;][vc_custom_heading text_weight=&#8220;300&#8243; text_height=&#8220;fontheight-357766&#8243; text_space=&#8220;fontspace-781688&#8243; uncode_shortcode_id=&#8220;172650&#8243;]Grundlegende Erfolgsfaktoren.[\/vc_custom_heading][vc_separator sep_color=&#8220;color-uydo&#8220;][vc_column_text text_lead=&#8220;yes&#8220; uncode_shortcode_id=&#8220;412216&#8243;]Multi Griffe S.r.l. ist der Ansicht, dass auf dem Referenzmarkt folgende Faktoren f\u00fcr den Erfolg entscheidend sind:<\/p>\n<ul>\n<li>die Qualit\u00e4t des Produkts, das den Anforderungen des Kunden entsprechen muss;<br \/>\nextreme Flexibilit\u00e4t, um die Anforderungen der Kunden in Bezug auf Lieferzeiten, Produktionskapazit\u00e4t und die F\u00e4higkeit zur Verwaltung personalisierter Produkte zu erf\u00fcllen;<\/li>\n<li>die F\u00e4higkeit, den Kunden wettbewerbsf\u00e4hige wirtschaftliche Bedingungen zu bieten;<\/li>\n<li>die Aufwertung und st\u00e4ndige Verbesserung des Wissensbestands der Organisation;<\/li>\n<li>das Verst\u00e4ndnis der Dynamik und Entwicklung des Marktes;<\/li>\n<li>die Schnelligkeit und Zuverl\u00e4ssigkeit der kommerziellen und technischen Antworten;<\/li>\n<li>die F\u00e4higkeit zur Integration mit IT-Planungs- und Managementsystemen;<\/li>\n<li>die Forschung und Entwicklung von Rohstoffen, um den neuen Anforderungen der Kunden bestm\u00f6glich gerecht zu werden.<\/li>\n<\/ul>\n<p>[\/vc_column_text][vc_empty_space empty_h=&#8220;2&#8243; medium_visibility=&#8220;yes&#8220; mobile_visibility=&#8220;yes&#8220;][\/vc_column_inner][vc_column_inner width=&#8220;1\/2&#8243;][vc_custom_heading text_weight=&#8220;300&#8243; text_height=&#8220;fontheight-357766&#8243; text_space=&#8220;fontspace-781688&#8243; uncode_shortcode_id=&#8220;774815&#8243;]Ziele des Engagements.[\/vc_custom_heading][vc_separator sep_color=&#8220;color-uydo&#8220;][vc_column_text text_lead=&#8220;yes&#8220; uncode_shortcode_id=&#8220;187750&#8243;]Um dies zu erreichen, verpflichtet sich das Unternehmen:<\/p>\n<ul>\n<li>strukturiert und systematisch zu arbeiten und ein Klima der Zusammenarbeit zwischen den Menschen zu schaffen;<\/li>\n<li>die Indikatoren zu \u00fcberwachen und klare Ziele festzulegen, die kontinuierlich an die strategischen Anforderungen des Unternehmens angepasst werden;<\/li>\n<li>ein Produkt herzustellen, das die Anforderungen des Kunden vollst\u00e4ndig erf\u00fcllt;<\/li>\n<li>die Verf\u00fcgbarkeit von Personal und Infrastruktur zu gew\u00e4hrleisten;<\/li>\n<li>die Produktivit\u00e4t der Prozesse mit immer fortschrittlicheren Instrumenten zu \u00fcberwachen, um sie kontinuierlich zu verbessern;<\/li>\n<li>die Mitarbeiter zu f\u00f6rdern und einzubeziehen, ihre Kompetenzen zu \u00fcberwachen und ihnen bewusst zu machen, wie wichtig die st\u00e4ndige Verbesserung und Erweiterung ihres Wissens ist;<\/li>\n<li>eine konkrete und dauerhafte Zusammenarbeit mit Kunden und Lieferanten aufzubauen, um das Schl\u00fcsselwissen \u00fcber den Referenzmarkt auszutauschen;<\/li>\n<li>kontinuierliche Verbesserung der eigenen Produkte auf der Grundlage objektiver und experimenteller Bewertungen;<\/li>\n<li>Einhaltung aller geltenden verbindlichen Anforderungen;<\/li>\n<li>Identifizierung aller interessierten Parteien, Verst\u00e4ndnis ihrer Anforderungen und Erf\u00fcllung dieser Anforderungen.<\/li>\n<\/ul>\n<p>Die Verbesserung der Gesundheits- und Sicherheitsbedingungen der Arbeitnehmer sowie der Respekt vor der Umwelt sind ebenfalls von vorrangiger Bedeutung. Diese Aspekte lassen sich durch die Einhaltung der Rechtsvorschriften und die kontinuierliche Verbesserung der Prozesse erreichen.[\/vc_column_text][\/vc_column_inner][\/vc_row_inner][vc_row_inner row_inner_height_percent=&#8220;0&#8243; overlay_alpha=&#8220;50&#8243; gutter_size=&#8220;4&#8243; shift_y=&#8220;0&#8243;][vc_column_inner column_width_percent=&#8220;100&#8243; gutter_size=&#8220;3&#8243; overlay_alpha=&#8220;50&#8243; shift_x=&#8220;0&#8243; shift_y=&#8220;0&#8243; shift_y_down=&#8220;0&#8243; z_index=&#8220;0&#8243; medium_width=&#8220;0&#8243; mobile_width=&#8220;0&#8243; width=&#8220;1\/2&#8243;][vc_custom_heading text_weight=&#8220;300&#8243; text_height=&#8220;fontheight-357766&#8243; text_space=&#8220;fontspace-781688&#8243; uncode_shortcode_id=&#8220;875641&#8243;]Operative Entscheidung.[\/vc_custom_heading][vc_separator sep_color=&#8220;color-uydo&#8220;][vc_column_text text_lead=&#8220;yes&#8220; uncode_shortcode_id=&#8220;527114&#8243;]Auf diese Weise entscheiden wir uns daf\u00fcr, ein Qualit\u00e4tssystem gem\u00e4\u00df unseren W\u00fcnschen und denen unserer Kunden einzurichten, aufrechtzuerhalten, zu dokumentieren und umzusetzen.<\/p>\n<p>Unsere Aufgabe ist es:<\/p>\n<ul>\n<li>die f\u00fcr die Qualit\u00e4t kritischen Prozesse und Bereiche zu identifizieren und zu untersuchen<\/li>\n<li>L\u00f6sungen f\u00fcr die festgestellten Probleme zu finden, zu empfehlen und vorzuschlagen<\/li>\n<li>die Umsetzung der L\u00f6sungen zu \u00fcberpr\u00fcfen<\/li>\n<li>zu kontrollieren, dass die f\u00fcr die Qualit\u00e4t unbefriedigenden Bedingungen korrigiert werden<\/li>\n<li>vorbeugende Ma\u00dfnahmen zur Bew\u00e4ltigung von Risiken und zur Nutzung von Chancen zu planen und umzusetzen<\/li>\n<li>Festlegung von Qualit\u00e4tsverbesserungszielen, in der Regel auf Jahresbasis, die mit der Qualit\u00e4tspolitik im Einklang stehen, von RQ anhand geeigneter Indikatoren messbar sind (deren Werte erfasst und im Bericht \u00fcber die Managementbewertung aufgef\u00fchrt werden) und angemessen geplant sind<\/li>\n<li>Bewertung des Grades der Zufriedenheit der Kunden und interessierten Parteien<\/li>\n<\/ul>\n<p>[\/vc_column_text][\/vc_column_inner][vc_column_inner width=&#8220;1\/2&#8243;][vc_custom_heading text_weight=&#8220;300&#8243; text_height=&#8220;fontheight-357766&#8243; text_space=&#8220;fontspace-781688&#8243; uncode_shortcode_id=&#8220;222189&#8243;]Betroffene Funktionen.[\/vc_custom_heading][vc_separator sep_color=&#8220;color-uydo&#8220;][vc_column_text text_lead=&#8220;yes&#8220; uncode_shortcode_id=&#8220;560918&#8243;]Es liegt in unserer Verantwortung, allen Mitarbeitern die praktischen und theoretischen Instrumente zur Verf\u00fcgung zu stellen, damit sie zur Erreichung der Unternehmensziele beitragen k\u00f6nnen.<\/p>\n<p>Die Funktion des Qualit\u00e4tsmanagementsystems ist daf\u00fcr verantwortlich, dass die Anforderungen aller geltenden Dokumente des Qualit\u00e4tssystems umgesetzt und aufrechterhalten werden.<\/p>\n<p>Die Generaldirektion leitet die Funktionen und Aktivit\u00e4ten in ihrem Zust\u00e4ndigkeitsbereich gem\u00e4\u00df den Vorgaben des Qualit\u00e4tsmanagementsystems. Die Generaldirektion \u00fcberpr\u00fcft das Qualit\u00e4tssystem regelm\u00e4\u00dfig, um dessen Angemessenheit und Wirksamkeit im Laufe der Zeit sicherzustellen, und f\u00fchrt \u00fcber diese \u00dcberpr\u00fcfungen angemessene Aufzeichnungen.[\/vc_column_text][\/vc_column_inner][\/vc_row_inner][vc_row_inner row_inner_height_percent=&#8220;0&#8243; overlay_alpha=&#8220;50&#8243; gutter_size=&#8220;4&#8243; shift_y=&#8220;0&#8243;][vc_column_inner column_width_percent=&#8220;100&#8243; gutter_size=&#8220;3&#8243; overlay_alpha=&#8220;50&#8243; shift_x=&#8220;0&#8243; shift_y=&#8220;0&#8243; shift_y_down=&#8220;0&#8243; z_index=&#8220;0&#8243; medium_width=&#8220;0&#8243; mobile_width=&#8220;0&#8243; width=&#8220;1\/2&#8243;][vc_custom_heading text_weight=&#8220;300&#8243; text_height=&#8220;fontheight-357766&#8243; text_space=&#8220;fontspace-781688&#8243; uncode_shortcode_id=&#8220;974398&#8243;]Fristen.[\/vc_custom_heading][vc_separator sep_color=&#8220;color-uydo&#8220;][vc_column_text text_lead=&#8220;yes&#8220; uncode_shortcode_id=&#8220;201364&#8243;]Diese Entscheidung ist nicht zeitlich begrenzt, sondern wird durch ein kontinuierliches Engagement getragen, in der Gewissheit, dass sowohl die angebotenen Produkte als auch die Dienstleistungen stets verbessert werden k\u00f6nnen.[\/vc_column_text][\/vc_column_inner][vc_column_inner width=&#8220;1\/2&#8243;][vc_custom_heading text_weight=&#8220;300&#8243; text_height=&#8220;fontheight-357766&#8243; text_space=&#8220;fontspace-781688&#8243; uncode_shortcode_id=&#8220;133171&#8243;]Zertifikate[\/vc_custom_heading][vc_separator sep_color=&#8220;color-uydo&#8220;][vc_gallery el_id=&#8220;gallery-149591&#8243; isotope_mode=&#8220;cellsByRow&#8220; medias=&#8220;68326,68824&#8243; gutter_size=&#8220;3&#8243; media_items=&#8220;media|lightbox|original,icon,title&#8220; screen_lg=&#8220;1000&#8243; screen_md=&#8220;600&#8243; screen_sm=&#8220;480&#8243; single_text=&#8220;under&#8220; images_size=&#8220;two-three&#8220; single_overlay_opacity=&#8220;50&#8243; single_padding=&#8220;2&#8243; single_title_semantic=&#8220;p&#8220; single_title_dimension=&#8220;fontsize-160000&#8243; uncode_shortcode_id=&#8220;193182&#8243;][\/vc_column_inner][\/vc_row_inner][\/vc_column][\/vc_row]<\/p>\n<\/div>","protected":false},"excerpt":{"rendered":"<p>[vc_row row_height_percent=&#8220;0&#8243; override_padding=&#8220;yes&#8220; h_padding=&#8220;2&#8243; top_padding=&#8220;4&#8243; bottom_padding=&#8220;3&#8243; overlay_alpha=&#8220;50&#8243; gutter_size=&#8220;3&#8243; column_width_percent=&#8220;100&#8243; shift_y=&#8220;0&#8243; z_index=&#8220;0&#8243;][vc_column column_width_percent=&#8220;100&#8243; gutter_size=&#8220;3&#8243; overlay_alpha=&#8220;50&#8243; shift_x=&#8220;0&#8243; shift_y=&#8220;0&#8243; shift_y_down=&#8220;0&#8243; z_index=&#8220;0&#8243; medium_width=&#8220;0&#8243; mobile_width=&#8220;0&#8243; [&hellip;]<\/p>\n","protected":false},"author":1,"featured_media":68324,"parent":0,"menu_order":0,"comment_status":"closed","ping_status":"closed","template":"","meta":{"footnotes":""},"class_list":["post-68322","page","type-page","status-publish","has-post-thumbnail","hentry"],"yoast_head":"<!-- This site is optimized with the Yoast SEO plugin v27.0 - https:\/\/yoast.com\/product\/yoast-seo-wordpress\/ -->\n<title>Qualit\u00e4tspolitik - MultiGriffe<\/title>\n<meta name=\"robots\" content=\"index, follow, max-snippet:-1, max-image-preview:large, max-video-preview:-1\" \/>\n<link rel=\"canonical\" href=\"https:\/\/www.multigriffe.com\/de\/qualitaetspolitik\/\" \/>\n<meta property=\"og:locale\" content=\"de_DE\" \/>\n<meta property=\"og:type\" content=\"article\" \/>\n<meta property=\"og:title\" content=\"Qualit\u00e4tspolitik - MultiGriffe\" \/>\n<meta property=\"og:description\" content=\"[vc_row row_height_percent=&#8220;0&#8243; override_padding=&#8220;yes&#8220; h_padding=&#8220;2&#8243; top_padding=&#8220;4&#8243; bottom_padding=&#8220;3&#8243; overlay_alpha=&#8220;50&#8243; gutter_size=&#8220;3&#8243; column_width_percent=&#8220;100&#8243; shift_y=&#8220;0&#8243; z_index=&#8220;0&#8243;][vc_column column_width_percent=&#8220;100&#8243; gutter_size=&#8220;3&#8243; overlay_alpha=&#8220;50&#8243; shift_x=&#8220;0&#8243; shift_y=&#8220;0&#8243; shift_y_down=&#8220;0&#8243; z_index=&#8220;0&#8243; medium_width=&#8220;0&#8243; mobile_width=&#8220;0&#8243; [&hellip;]\" \/>\n<meta property=\"og:url\" content=\"https:\/\/www.multigriffe.com\/de\/qualitaetspolitik\/\" \/>\n<meta property=\"og:site_name\" content=\"MultiGriffe\" \/>\n<meta property=\"article:modified_time\" content=\"2026-02-24T14:09:52+00:00\" \/>\n<meta property=\"og:image\" content=\"https:\/\/www.multigriffe.com\/wp-content\/uploads\/2018\/01\/Transfer-per-trekking-e-arrampicata-04.jpg\" \/>\n\t<meta property=\"og:image:width\" content=\"2000\" \/>\n\t<meta property=\"og:image:height\" content=\"1333\" \/>\n\t<meta property=\"og:image:type\" content=\"image\/jpeg\" \/>\n<meta name=\"twitter:card\" content=\"summary_large_image\" \/>\n<meta name=\"twitter:label1\" content=\"Gesch\u00e4tzte Lesezeit\" \/>\n\t<meta name=\"twitter:data1\" content=\"5\u00a0Minuten\" \/>\n<script type=\"application\/ld+json\" class=\"yoast-schema-graph\">{\"@context\":\"https:\/\/schema.org\",\"@graph\":[{\"@type\":\"WebPage\",\"@id\":\"https:\/\/www.multigriffe.com\/de\/qualitaetspolitik\/\",\"url\":\"https:\/\/www.multigriffe.com\/de\/qualitaetspolitik\/\",\"name\":\"Qualit\u00e4tspolitik - MultiGriffe\",\"isPartOf\":{\"@id\":\"https:\/\/www.multigriffe.com\/#website\"},\"primaryImageOfPage\":{\"@id\":\"https:\/\/www.multigriffe.com\/de\/qualitaetspolitik\/#primaryimage\"},\"image\":{\"@id\":\"https:\/\/www.multigriffe.com\/de\/qualitaetspolitik\/#primaryimage\"},\"thumbnailUrl\":\"https:\/\/www.multigriffe.com\/wp-content\/uploads\/2018\/01\/Transfer-per-trekking-e-arrampicata-04.jpg\",\"datePublished\":\"2021-12-21T11:16:38+00:00\",\"dateModified\":\"2026-02-24T14:09:52+00:00\",\"breadcrumb\":{\"@id\":\"https:\/\/www.multigriffe.com\/de\/qualitaetspolitik\/#breadcrumb\"},\"inLanguage\":\"de\",\"potentialAction\":[{\"@type\":\"ReadAction\",\"target\":[\"https:\/\/www.multigriffe.com\/de\/qualitaetspolitik\/\"]}]},{\"@type\":\"ImageObject\",\"inLanguage\":\"de\",\"@id\":\"https:\/\/www.multigriffe.com\/de\/qualitaetspolitik\/#primaryimage\",\"url\":\"https:\/\/www.multigriffe.com\/wp-content\/uploads\/2018\/01\/Transfer-per-trekking-e-arrampicata-04.jpg\",\"contentUrl\":\"https:\/\/www.multigriffe.com\/wp-content\/uploads\/2018\/01\/Transfer-per-trekking-e-arrampicata-04.jpg\",\"width\":2000,\"height\":1333},{\"@type\":\"BreadcrumbList\",\"@id\":\"https:\/\/www.multigriffe.com\/de\/qualitaetspolitik\/#breadcrumb\",\"itemListElement\":[{\"@type\":\"ListItem\",\"position\":1,\"name\":\"Home\",\"item\":\"https:\/\/www.multigriffe.com\/de\/\"},{\"@type\":\"ListItem\",\"position\":2,\"name\":\"Qualit\u00e4tspolitik\"}]},{\"@type\":\"WebSite\",\"@id\":\"https:\/\/www.multigriffe.com\/#website\",\"url\":\"https:\/\/www.multigriffe.com\/\",\"name\":\"MultiGriffe\",\"description\":\"Etichette Transfer a Caldo per Abbigliamento Calzatura Sport Vicenza\",\"potentialAction\":[{\"@type\":\"SearchAction\",\"target\":{\"@type\":\"EntryPoint\",\"urlTemplate\":\"https:\/\/www.multigriffe.com\/?s={search_term_string}\"},\"query-input\":{\"@type\":\"PropertyValueSpecification\",\"valueRequired\":true,\"valueName\":\"search_term_string\"}}],\"inLanguage\":\"de\"}]}<\/script>\n<!-- \/ Yoast SEO plugin. -->","yoast_head_json":{"title":"Qualit\u00e4tspolitik - MultiGriffe","robots":{"index":"index","follow":"follow","max-snippet":"max-snippet:-1","max-image-preview":"max-image-preview:large","max-video-preview":"max-video-preview:-1"},"canonical":"https:\/\/www.multigriffe.com\/de\/qualitaetspolitik\/","og_locale":"de_DE","og_type":"article","og_title":"Qualit\u00e4tspolitik - MultiGriffe","og_description":"[vc_row row_height_percent=&#8220;0&#8243; override_padding=&#8220;yes&#8220; h_padding=&#8220;2&#8243; top_padding=&#8220;4&#8243; bottom_padding=&#8220;3&#8243; overlay_alpha=&#8220;50&#8243; gutter_size=&#8220;3&#8243; column_width_percent=&#8220;100&#8243; shift_y=&#8220;0&#8243; z_index=&#8220;0&#8243;][vc_column column_width_percent=&#8220;100&#8243; gutter_size=&#8220;3&#8243; overlay_alpha=&#8220;50&#8243; shift_x=&#8220;0&#8243; shift_y=&#8220;0&#8243; shift_y_down=&#8220;0&#8243; z_index=&#8220;0&#8243; medium_width=&#8220;0&#8243; mobile_width=&#8220;0&#8243; [&hellip;]","og_url":"https:\/\/www.multigriffe.com\/de\/qualitaetspolitik\/","og_site_name":"MultiGriffe","article_modified_time":"2026-02-24T14:09:52+00:00","og_image":[{"width":2000,"height":1333,"url":"https:\/\/www.multigriffe.com\/wp-content\/uploads\/2018\/01\/Transfer-per-trekking-e-arrampicata-04.jpg","type":"image\/jpeg"}],"twitter_card":"summary_large_image","twitter_misc":{"Gesch\u00e4tzte Lesezeit":"5\u00a0Minuten"},"schema":{"@context":"https:\/\/schema.org","@graph":[{"@type":"WebPage","@id":"https:\/\/www.multigriffe.com\/de\/qualitaetspolitik\/","url":"https:\/\/www.multigriffe.com\/de\/qualitaetspolitik\/","name":"Qualit\u00e4tspolitik - MultiGriffe","isPartOf":{"@id":"https:\/\/www.multigriffe.com\/#website"},"primaryImageOfPage":{"@id":"https:\/\/www.multigriffe.com\/de\/qualitaetspolitik\/#primaryimage"},"image":{"@id":"https:\/\/www.multigriffe.com\/de\/qualitaetspolitik\/#primaryimage"},"thumbnailUrl":"https:\/\/www.multigriffe.com\/wp-content\/uploads\/2018\/01\/Transfer-per-trekking-e-arrampicata-04.jpg","datePublished":"2021-12-21T11:16:38+00:00","dateModified":"2026-02-24T14:09:52+00:00","breadcrumb":{"@id":"https:\/\/www.multigriffe.com\/de\/qualitaetspolitik\/#breadcrumb"},"inLanguage":"de","potentialAction":[{"@type":"ReadAction","target":["https:\/\/www.multigriffe.com\/de\/qualitaetspolitik\/"]}]},{"@type":"ImageObject","inLanguage":"de","@id":"https:\/\/www.multigriffe.com\/de\/qualitaetspolitik\/#primaryimage","url":"https:\/\/www.multigriffe.com\/wp-content\/uploads\/2018\/01\/Transfer-per-trekking-e-arrampicata-04.jpg","contentUrl":"https:\/\/www.multigriffe.com\/wp-content\/uploads\/2018\/01\/Transfer-per-trekking-e-arrampicata-04.jpg","width":2000,"height":1333},{"@type":"BreadcrumbList","@id":"https:\/\/www.multigriffe.com\/de\/qualitaetspolitik\/#breadcrumb","itemListElement":[{"@type":"ListItem","position":1,"name":"Home","item":"https:\/\/www.multigriffe.com\/de\/"},{"@type":"ListItem","position":2,"name":"Qualit\u00e4tspolitik"}]},{"@type":"WebSite","@id":"https:\/\/www.multigriffe.com\/#website","url":"https:\/\/www.multigriffe.com\/","name":"MultiGriffe","description":"Etichette Transfer a Caldo per Abbigliamento Calzatura Sport Vicenza","potentialAction":[{"@type":"SearchAction","target":{"@type":"EntryPoint","urlTemplate":"https:\/\/www.multigriffe.com\/?s={search_term_string}"},"query-input":{"@type":"PropertyValueSpecification","valueRequired":true,"valueName":"search_term_string"}}],"inLanguage":"de"}]}},"_links":{"self":[{"href":"https:\/\/www.multigriffe.com\/de\/wp-json\/wp\/v2\/pages\/68322","targetHints":{"allow":["GET"]}}],"collection":[{"href":"https:\/\/www.multigriffe.com\/de\/wp-json\/wp\/v2\/pages"}],"about":[{"href":"https:\/\/www.multigriffe.com\/de\/wp-json\/wp\/v2\/types\/page"}],"author":[{"embeddable":true,"href":"https:\/\/www.multigriffe.com\/de\/wp-json\/wp\/v2\/users\/1"}],"replies":[{"embeddable":true,"href":"https:\/\/www.multigriffe.com\/de\/wp-json\/wp\/v2\/comments?post=68322"}],"version-history":[{"count":4,"href":"https:\/\/www.multigriffe.com\/de\/wp-json\/wp\/v2\/pages\/68322\/revisions"}],"predecessor-version":[{"id":68516,"href":"https:\/\/www.multigriffe.com\/de\/wp-json\/wp\/v2\/pages\/68322\/revisions\/68516"}],"wp:featuredmedia":[{"embeddable":true,"href":"https:\/\/www.multigriffe.com\/de\/wp-json\/wp\/v2\/media\/68324"}],"wp:attachment":[{"href":"https:\/\/www.multigriffe.com\/de\/wp-json\/wp\/v2\/media?parent=68322"}],"curies":[{"name":"wp","href":"https:\/\/api.w.org\/{rel}","templated":true}]}}