{"id":68255,"date":"2018-04-18T15:32:49","date_gmt":"2018-04-18T13:32:49","guid":{"rendered":"https:\/\/www.multigriffe.com\/settori-di-applicazione\/"},"modified":"2026-02-24T15:05:04","modified_gmt":"2026-02-24T14:05:04","slug":"verarbeitungssektoren","status":"publish","type":"page","link":"https:\/\/www.multigriffe.com\/de\/verarbeitungssektoren\/","title":{"rendered":"Verarbeitungssektoren"},"content":{"rendered":"<div class=\"wpb-content-wrapper\"><p>[vc_row row_height_percent=&#8220;0&#8243; overlay_alpha=&#8220;50&#8243; gutter_size=&#8220;3&#8243; column_width_percent=&#8220;100&#8243; shift_y=&#8220;0&#8243; z_index=&#8220;0&#8243;][vc_column width=&#8220;1\/1&#8243;][vc_empty_space empty_h=&#8220;3&#8243;][\/vc_column][\/vc_row][vc_row row_height_percent=&#8220;0&#8243; overlay_alpha=&#8220;50&#8243; gutter_size=&#8220;3&#8243; column_width_percent=&#8220;100&#8243; shift_y=&#8220;0&#8243; z_index=&#8220;0&#8243;][vc_column width=&#8220;1\/3&#8243;][vc_single_image media=&#8220;68787&#8243; media_width_percent=&#8220;100&#8243; advanced=&#8220;yes&#8220; media_overlay_opacity=&#8220;95&#8243; media_overlay_anim=&#8220;no&#8220; media_padding=&#8220;2&#8243; uncode_shortcode_id=&#8220;234333&#8243; media_link=&#8220;url:https%3A%2F%2Fwww.multigriffe.com%2Fde%2Fflaschenetiketten%2F|title:Getr%C3%A4nk&#8220;][vc_custom_heading text_size=&#8220;h4&#8243; text_weight=&#8220;300&#8243; text_height=&#8220;fontheight-357766&#8243; text_space=&#8220;fontspace-781688&#8243; uncode_shortcode_id=&#8220;831440&#8243;]Getr\u00e4nkeindustrie[\/vc_custom_heading][vc_button border_width=&#8220;0&#8243; link=&#8220;url:https%3A%2F%2Fwww.multigriffe.com%2Fde%2Fflaschenetiketten%2F|title:Getr%C3%A4nk&#8220; uncode_shortcode_id=&#8220;103172&#8243;]Weiter[\/vc_button][\/vc_column][vc_column width=&#8220;1\/3&#8243;][vc_single_image media=&#8220;68178&#8243; media_width_percent=&#8220;100&#8243; advanced=&#8220;yes&#8220; media_overlay_opacity=&#8220;95&#8243; media_overlay_anim=&#8220;no&#8220; media_padding=&#8220;2&#8243; uncode_shortcode_id=&#8220;173115&#8243; media_link=&#8220;url:https%3A%2F%2Fwww.multigriffe.com%2Fde%2Fetiketten-fuer-kosmetika%2F|title:Sch%C3%B6nheit&#8220;][vc_custom_heading text_size=&#8220;h4&#8243; text_weight=&#8220;300&#8243; text_height=&#8220;fontheight-357766&#8243; text_space=&#8220;fontspace-781688&#8243; uncode_shortcode_id=&#8220;150264&#8243;]Sch\u00f6nheit[\/vc_custom_heading][vc_button border_width=&#8220;0&#8243; link=&#8220;url:https%3A%2F%2Fwww.multigriffe.com%2Fde%2Fetiketten-fuer-kosmetika%2F|title:Sch%C3%B6nheit&#8220; uncode_shortcode_id=&#8220;139844&#8243;]Weiter[\/vc_button][\/vc_column][vc_column width=&#8220;1\/3&#8243;][vc_single_image media=&#8220;68008&#8243; media_width_percent=&#8220;100&#8243; advanced=&#8220;yes&#8220; media_overlay_opacity=&#8220;95&#8243; media_overlay_anim=&#8220;no&#8220; media_padding=&#8220;2&#8243; uncode_shortcode_id=&#8220;150734&#8243; media_link=&#8220;url:https%3A%2F%2Fwww.multigriffe.com%2Fde%2Fparfum-etiketten%2F|title:Parf%C3%BCm&#8220;][vc_custom_heading text_size=&#8220;h4&#8243; text_weight=&#8220;300&#8243; text_height=&#8220;fontheight-357766&#8243; text_space=&#8220;fontspace-781688&#8243; uncode_shortcode_id=&#8220;138707&#8243;]Parfum-Sektor[\/vc_custom_heading][vc_button border_width=&#8220;0&#8243; link=&#8220;url:https%3A%2F%2Fwww.multigriffe.com%2Fde%2Fparfum-etiketten%2F|title:Perfume&#8220; uncode_shortcode_id=&#8220;514546&#8243;]Weiter[\/vc_button][\/vc_column][\/vc_row][vc_row row_height_percent=&#8220;0&#8243; overlay_alpha=&#8220;50&#8243; gutter_size=&#8220;3&#8243; column_width_percent=&#8220;100&#8243; shift_y=&#8220;0&#8243; z_index=&#8220;0&#8243;][vc_column width=&#8220;1\/3&#8243;][vc_single_image media=&#8220;68644&#8243; media_width_percent=&#8220;100&#8243; media_ratio=&#8220;three-two&#8220; media_link=&#8220;url:https%3A%2F%2Fwww.multigriffe.com%2Fde%2Fverarbeitungssektoren%2Ftransfers-fuer-arbeitskleidung%2F|title:Transfers%20f%C3%BCr%20Arbeitshandschuhe&#8220; uncode_shortcode_id=&#8220;140448&#8243;][vc_column_text uncode_shortcode_id=&#8220;948104&#8243;]<\/p>\n<h3 style=\"font-weight: 300;\"><a href=\"https:\/\/www.multigriffe.com\/de\/verarbeitungssektoren\/transfers-fuer-arbeitskleidung\/\">Transfers f\u00fcr Arbeitskleidung<\/a><\/h3>\n<p>Diese Art von Transfer betrifft die Personalisierung aller Produkte f\u00fcr Berufsbekleidung und allgemein f\u00fcr Arbeitskleidung und -zubeh\u00f6r[\/vc_column_text][vc_button border_width=&#8220;0&#8243; link=&#8220;url:https%3A%2F%2Fwww.multigriffe.com%2Fde%2Fverarbeitungssektoren%2Ftransfers-fuer-arbeitskleidung%2F|title:Transfers%20f%C3%BCr%20Arbeitskleidung&#8220; uncode_shortcode_id=&#8220;164004&#8243;]Weiter[\/vc_button][\/vc_column][vc_column width=&#8220;1\/3&#8243;][vc_single_image media=&#8220;68645&#8243; media_width_percent=&#8220;100&#8243; media_ratio=&#8220;three-two&#8220; media_link=&#8220;url:https%3A%2F%2Fwww.multigriffe.com%2Fde%2Fverarbeitungssektoren%2Ftransfers-fuer-modische-und-freizeitkleidung%2F|title:Transfers%20f%C3%BCr%20modische%20und%20Freizeitkleidung&#8220; uncode_shortcode_id=&#8220;910797&#8243;][vc_column_text uncode_shortcode_id=&#8220;179627&#8243;]<\/p>\n<h3 style=\"font-weight: 300;\"><a href=\"https:\/\/www.multigriffe.com\/de\/verarbeitungssektoren\/transfers-fuer-modische-und-freizeitkleidung\/\">Transfers f\u00fcr modische und Freizeitkleidung<\/a><\/h3>\n<p>Wir stellen verschiedene Arten von Transferetiketten f\u00fcr die Bekleidungsbranche her: Wir personalisieren die Innenseiten der Kleidungsst\u00fccke sowie die Au\u00dfenseiten[\/vc_column_text][vc_button border_width=&#8220;0&#8243; link=&#8220;url:https%3A%2F%2Fwww.multigriffe.com%2Fde%2Fverarbeitungssektoren%2Ftransfers-fuer-modische-und-freizeitkleidung%2F|title:Transfers%20f%C3%BCr%20modische%20und%20Freizeitkleidung&#8220; uncode_shortcode_id=&#8220;842627&#8243;]Weiter[\/vc_button][\/vc_column][vc_column width=&#8220;1\/3&#8243;][vc_single_image media=&#8220;68646&#8243; media_width_percent=&#8220;100&#8243; media_ratio=&#8220;three-two&#8220; media_link=&#8220;url:https%3A%2F%2Fwww.multigriffe.com%2Fde%2Fverarbeitungssektoren%2Ftransfers-fuer-lederkleidung%2F|title:Transfers%20f%C3%BCr%20Lederkleidung&#8220; uncode_shortcode_id=&#8220;900932&#8243;][vc_column_text uncode_shortcode_id=&#8220;611578&#8243;]<\/p>\n<h3 style=\"font-weight: 300;\"><a href=\"https:\/\/www.multigriffe.com\/de\/verarbeitungssektoren\/transfers-fuer-lederkleidung\/\">Transfers f\u00fcr Lederkleidung<\/a><\/h3>\n<p>Wir produzieren und bringen Transferetiketten auf allen Arten von Leder, Kunstleder und Wildleder an.[\/vc_column_text][vc_button border_width=&#8220;0&#8243; link=&#8220;url:https%3A%2F%2Fwww.multigriffe.com%2Fde%2Fverarbeitungssektoren%2Ftransfers-fuer-lederkleidung%2F|title:Transfers%20f%C3%BCr%20Lederkleidung&#8220; uncode_shortcode_id=&#8220;760410&#8243;]Weiter[\/vc_button][\/vc_column][\/vc_row][vc_row row_height_percent=&#8220;0&#8243; overlay_alpha=&#8220;50&#8243; gutter_size=&#8220;3&#8243; column_width_percent=&#8220;100&#8243; shift_y=&#8220;0&#8243; z_index=&#8220;0&#8243;][vc_column width=&#8220;1\/3&#8243;][vc_single_image media=&#8220;68647&#8243; media_width_percent=&#8220;100&#8243; media_ratio=&#8220;three-two&#8220; media_link=&#8220;url:https%3A%2F%2Fwww.multigriffe.com%2Fde%2Fverarbeitungssektoren%2Ftransfers-fuer-kleiderbuegel%2F|title:Transfers%20f%C3%BCr%20Kleiderb%C3%BCgel&#8220; uncode_shortcode_id=&#8220;206320&#8243;][vc_column_text uncode_shortcode_id=&#8220;805218&#8243;]<\/p>\n<h3 style=\"font-weight: 300;\"><a href=\"https:\/\/www.multigriffe.com\/de\/verarbeitungssektoren\/transfers-fuer-kleiderbuegel\/\">Transfers f\u00fcr Kleiderb\u00fcgel<\/a><\/h3>\n<p>Die Personalisierung von Kleiderb\u00fcgeln ist eine der traditionellsten Formen individueller Gestaltung, die dank der Transferdruck-Technik[\/vc_column_text][vc_button border_width=&#8220;0&#8243; link=&#8220;url:https%3A%2F%2Fwww.multigriffe.com%2Fde%2Fverarbeitungssektoren%2Ftransfers-fuer-kleiderbuegel%2F|title:Transfers%20f%C3%BCr%20Kleiderb%C3%BCgel&#8220; uncode_shortcode_id=&#8220;164665&#8243;]Weiter[\/vc_button][\/vc_column][vc_column width=&#8220;1\/3&#8243;][vc_single_image media=&#8220;68648&#8243; media_width_percent=&#8220;100&#8243; media_ratio=&#8220;three-two&#8220; media_link=&#8220;url:https%3A%2F%2Fwww.multigriffe.com%2Fde%2Fverarbeitungssektoren%2Ftransfers-fuer-einrichtungsgegenstaende%2F|title:Transfers%20f%C3%BCr%20Einrichtungsgegenst%C3%A4nde&#8220; uncode_shortcode_id=&#8220;637123&#8243;][vc_column_text uncode_shortcode_id=&#8220;133873&#8243;]<\/p>\n<h3 style=\"font-weight: 300;\"><a href=\"https:\/\/www.multigriffe.com\/de\/verarbeitungssektoren\/transfers-fuer-einrichtungsgegenstaende\/\">Transfers f\u00fcr Einrichtungsgegenst\u00e4nde<\/a><\/h3>\n<p>Der Transferdruck erm\u00f6glicht eine umfassende Personalisierung von gro\u00dfen und kleinen Fl\u00e4chen aus Stoff, Leder und anderen Materialien, die f\u00fcr die Einrichtung von Wohnr\u00e4umen oder das Branding von \u00f6ffentlichen R\u00e4umen bestimmt sind.[\/vc_column_text][vc_button border_width=&#8220;0&#8243; link=&#8220;url:https%3A%2F%2Fwww.multigriffe.com%2Fde%2Fverarbeitungssektoren%2Ftransfers-fuer-einrichtungsgegenstaende%2F|title:Transfers%20f%C3%BCr%20Einrichtungsgegenst%C3%A4nde&#8220; uncode_shortcode_id=&#8220;180698&#8243;]Weiter[\/vc_button][\/vc_column][vc_column width=&#8220;1\/3&#8243;][vc_single_image media=&#8220;68649&#8243; media_width_percent=&#8220;100&#8243; media_ratio=&#8220;three-two&#8220; media_link=&#8220;url:https%3A%2F%2Fwww.multigriffe.com%2Fde%2Fverarbeitungssektoren%2Ftransfers-fuer-die-automobilindustrie%2F|title:Transfers%20f%C3%BCr%20die%20Automobilindustrie&#8220; uncode_shortcode_id=&#8220;201368&#8243;][vc_column_text uncode_shortcode_id=&#8220;194946&#8243;]<\/p>\n<h3 style=\"font-weight: 300;\"><a href=\"https:\/\/www.multigriffe.com\/de\/verarbeitungssektoren\/transfers-fuer-die-automobilindustrie\/\">Transfers f\u00fcr die Automobilindustrie<\/a><\/h3>\n<p>Der Transfer f\u00fcr die Automobilbranche ist eine Feinarbeit, die sich in das zeitgem\u00e4\u00dfe und elegante Design des Fahrzeugs einf\u00fcgt, es vervollst\u00e4ndigt und definiert[\/vc_column_text][vc_button border_width=&#8220;0&#8243; link=&#8220;url:https%3A%2F%2Fwww.multigriffe.com%2Fde%2Fverarbeitungssektoren%2Ftransfers-fuer-die-automobilindustrie%2F|title:Transfers%20f%C3%BCr%20die%20Automobilindustrie&#8220; uncode_shortcode_id=&#8220;157181&#8243;]Weiter[\/vc_button][\/vc_column][\/vc_row][vc_row row_height_percent=&#8220;0&#8243; overlay_alpha=&#8220;50&#8243; gutter_size=&#8220;3&#8243; column_width_percent=&#8220;100&#8243; shift_y=&#8220;0&#8243; z_index=&#8220;0&#8243;][vc_column width=&#8220;1\/3&#8243;][vc_single_image media=&#8220;68650&#8243; media_width_percent=&#8220;100&#8243; media_ratio=&#8220;three-two&#8220; media_link=&#8220;url:https%3A%2F%2Fwww.multigriffe.com%2Fde%2Fverarbeitungssektoren%2Ftransfers-fuer-schuhe%2F|title:Transfers%20f%C3%BCr%20Schuhe&#8220; uncode_shortcode_id=&#8220;137244&#8243;][vc_column_text uncode_shortcode_id=&#8220;207134&#8243;]<\/p>\n<h3 style=\"font-weight: 300;\"><a href=\"https:\/\/www.multigriffe.com\/de\/verarbeitungssektoren\/transfers-fuer-schuhe\/\">Transfers f\u00fcr Schuhe<\/a><\/h3>\n<p>Hei\u00dftransfers f\u00fcr die Schuhindustrie erm\u00f6glichen eine umfassende Personalisierung der verschiedenen inneren sowie \u00e4u\u00dferen Schuhkomponenten[\/vc_column_text][vc_button border_width=&#8220;0&#8243; link=&#8220;url:https%3A%2F%2Fwww.multigriffe.com%2Fde%2Fverarbeitungssektoren%2Ftransfers-fuer-schuhe%2F|title:Transfers%20f%C3%BCr%20Schuhe&#8220; uncode_shortcode_id=&#8220;374703&#8243;]Weiter[\/vc_button][\/vc_column][vc_column width=&#8220;1\/3&#8243;][vc_single_image media=&#8220;68651&#8243; media_width_percent=&#8220;100&#8243; media_ratio=&#8220;three-two&#8220; media_link=&#8220;url:https%3A%2F%2Fwww.multigriffe.com%2Fde%2Fverarbeitungssektoren%2Ftransfers-fuer-lebensmittel-und-verpackungsbehaelter%2F|title:Transfers%20f%C3%BCr%20Lebensmittel-%20und%20Verpackungsbeh%C3%A4lter&#8220; uncode_shortcode_id=&#8220;181375&#8243;][vc_column_text uncode_shortcode_id=&#8220;667077&#8243;]<\/p>\n<h3 style=\"font-weight: 300;\"><a href=\"https:\/\/www.multigriffe.com\/de\/verarbeitungssektoren\/transfers-fuer-lebensmittel-und-verpackungsbehaelter\/\">Transfers f\u00fcr Lebensmittel- und Verpackungsbeh\u00e4lter <\/a><\/h3>\n<p>MultiGriffe-Transfers sind die ideale L\u00f6sung f\u00fcr die Personalisierung und Etikettierung von Beh\u00e4ltern f\u00fcr den Lebensmittelmarkt[\/vc_column_text][vc_button border_width=&#8220;0&#8243; link=&#8220;url:https%3A%2F%2Fwww.multigriffe.com%2Fde%2Fverarbeitungssektoren%2Ftransfers-fuer-lebensmittel-und-verpackungsbehaelter%2F|title:Transfers%20f%C3%BCr%20Lebensmittel-%20und%20Verpackungsbeh%C3%A4lter&#8220; uncode_shortcode_id=&#8220;105686&#8243;]Weiter[\/vc_button][\/vc_column][vc_column width=&#8220;1\/3&#8243;][vc_single_image media=&#8220;68652&#8243; media_width_percent=&#8220;100&#8243; media_ratio=&#8220;three-two&#8220; media_link=&#8220;url:https%3A%2F%2Fwww.multigriffe.com%2Fde%2Fverarbeitungssektoren%2Ftransfers-fuer-gadgets-und-werbeartikel%2F|title:Transfers%20f%C3%BCr%20Gadgets%20und%20Werbeartikel&#8220; uncode_shortcode_id=&#8220;144142&#8243;][vc_column_text uncode_shortcode_id=&#8220;694602&#8243;]<\/p>\n<h3 style=\"font-weight: 300;\"><a href=\"https:\/\/www.multigriffe.com\/de\/verarbeitungssektoren\/transfers-fuer-gadgets-und-werbeartikel\/\">Transfers f\u00fcr Gadgets und Werbeartikel<\/a><\/h3>\n<p>Der Sektor der Werbegadgets ist schlechthin der Bereich, in dem der Transferdruck seit jeher seine Vielseitigkeit und seine unendlichen Anwendungsm\u00f6glichkeiten am besten zum Ausdruck bringt, deren Grenzen in diesem Fall nur durch die Fantasie gesetzt sind[\/vc_column_text][vc_button border_width=&#8220;0&#8243; link=&#8220;url:https%3A%2F%2Fwww.multigriffe.com%2Fde%2Fverarbeitungssektoren%2Ftransfers-fuer-gadgets-und-werbeartikel%2F|title:Transfers%20f%C3%BCr%20Gadgets%20und%20Werbeartikel&#8220; uncode_shortcode_id=&#8220;130943&#8243;]Weiter[\/vc_button][\/vc_column][\/vc_row][vc_row row_height_percent=&#8220;0&#8243; overlay_alpha=&#8220;50&#8243; gutter_size=&#8220;3&#8243; column_width_percent=&#8220;100&#8243; shift_y=&#8220;0&#8243; z_index=&#8220;0&#8243;][vc_column width=&#8220;1\/3&#8243;][vc_single_image media=&#8220;68653&#8243; media_width_percent=&#8220;100&#8243; media_ratio=&#8220;three-two&#8220; media_link=&#8220;url:https%3A%2F%2Fwww.multigriffe.com%2Fde%2Fverarbeitungssektoren%2Ftransfers-fuer-koerperpflege-und-kosmetik%2F|title:Transfers%20f%C3%BCr%20K%C3%B6rperpflege%20und%20Kosmetik&#8220; uncode_shortcode_id=&#8220;126853&#8243;][vc_column_text uncode_shortcode_id=&#8220;138268&#8243;]<\/p>\n<h3 style=\"font-weight: 300;\"><a href=\"https:\/\/www.multigriffe.com\/de\/verarbeitungssektoren\/transfers-fuer-koerperpflege-und-kosmetik\/\">Transfers f\u00fcr K\u00f6rperpflege und Kosmetik<\/a><\/h3>\n<p>Die auf Kunststoff, Metall und Holz applizierbaren Transfers erm\u00f6glichen die maximale Personalisierung[\/vc_column_text][vc_button border_width=&#8220;0&#8243; link=&#8220;url:https%3A%2F%2Fwww.multigriffe.com%2Fde%2Fverarbeitungssektoren%2Ftransfers-fuer-koerperpflege-und-kosmetik%2F|title:Transfers%20f%C3%BCr%20K%C3%B6rperpflege%20und%20Kosmetik&#8220; uncode_shortcode_id=&#8220;330209&#8243;]Weiter[\/vc_button][\/vc_column][vc_column width=&#8220;1\/3&#8243;][vc_single_image media=&#8220;68654&#8243; media_width_percent=&#8220;100&#8243; media_ratio=&#8220;three-two&#8220; media_link=&#8220;url:https%3A%2F%2Fwww.multigriffe.com%2Fde%2Fverarbeitungssektoren%2Ftransfers-fuer-babys-und-kinder%2F|title:Transfers%20f%C3%BCr%20Babys%20und%20Kinder&#8220; uncode_shortcode_id=&#8220;202652&#8243;][vc_column_text uncode_shortcode_id=&#8220;203863&#8243;]<\/p>\n<h3 style=\"font-weight: 300;\"><a href=\"https:\/\/www.multigriffe.com\/de\/verarbeitungssektoren\/transfers-fuer-babys-und-kinder\/\">Transfers f\u00fcr Babys und Kinder<\/a><\/h3>\n<p>MultiGriffe legt besonderen Wert und Sorgfalt auf die Herstellung von Transfers f\u00fcr die Anwendung auf Produkten, die f\u00fcr Babys und Kinder bestimmt sind.[\/vc_column_text][vc_button border_width=&#8220;0&#8243; link=&#8220;url:https%3A%2F%2Fwww.multigriffe.com%2Fde%2Fverarbeitungssektoren%2Ftransfers-fuer-babys-und-kinder%2F|title:Transfers%20f%C3%BCr%20Babys%20und%20Kinder&#8220; uncode_shortcode_id=&#8220;157654&#8243;]Weiter[\/vc_button][\/vc_column][vc_column width=&#8220;1\/3&#8243;][vc_single_image media=&#8220;68655&#8243; media_width_percent=&#8220;100&#8243; media_ratio=&#8220;three-two&#8220; media_link=&#8220;url:https%3A%2F%2Fwww.multigriffe.com%2Fde%2Fverarbeitungssektoren%2Ftransfers-fuer-den-sport%2F|title:Transfers%20f%C3%BCr%20den%20Sport&#8220; uncode_shortcode_id=&#8220;129237&#8243;][vc_column_text uncode_shortcode_id=&#8220;209549&#8243;]<\/p>\n<h3 style=\"font-weight: 300;\"><a href=\"https:\/\/www.multigriffe.com\/de\/verarbeitungssektoren\/transfers-fuer-den-sport\/\">Transfers f\u00fcr den Sport<\/a><\/h3>\n<p>MultiGriffe-Transfers werden seit langem von vielen f\u00fchrenden Unternehmen im Sport- und Freizeitbereich zur Personalisierung von Bekleidung und Sportausr\u00fcstung[\/vc_column_text][vc_button border_width=&#8220;0&#8243; link=&#8220;url:https%3A%2F%2Fwww.multigriffe.com%2Fde%2Fverarbeitungssektoren%2Ftransfers-fuer-den-sport%2F|title:Transfers%20f%C3%BCr%20den%20Sport&#8220; uncode_shortcode_id=&#8220;274554&#8243;]Weiter[\/vc_button][\/vc_column][\/vc_row]<\/p>\n<\/div>","protected":false},"excerpt":{"rendered":"<p>[vc_row row_height_percent=&#8220;0&#8243; overlay_alpha=&#8220;50&#8243; gutter_size=&#8220;3&#8243; column_width_percent=&#8220;100&#8243; shift_y=&#8220;0&#8243; z_index=&#8220;0&#8243;][vc_column width=&#8220;1\/1&#8243;][vc_empty_space empty_h=&#8220;3&#8243;][\/vc_column][\/vc_row][vc_row row_height_percent=&#8220;0&#8243; overlay_alpha=&#8220;50&#8243; gutter_size=&#8220;3&#8243; column_width_percent=&#8220;100&#8243; shift_y=&#8220;0&#8243; z_index=&#8220;0&#8243;][vc_column width=&#8220;1\/3&#8243;][vc_single_image media=&#8220;68787&#8243; media_width_percent=&#8220;100&#8243; advanced=&#8220;yes&#8220; media_overlay_opacity=&#8220;95&#8243; [&hellip;]<\/p>\n","protected":false},"author":1,"featured_media":68257,"parent":0,"menu_order":6,"comment_status":"closed","ping_status":"closed","template":"","meta":{"footnotes":""},"class_list":["post-68255","page","type-page","status-publish","has-post-thumbnail","hentry"],"yoast_head":"<!-- This site is optimized with the Yoast SEO plugin v27.0 - https:\/\/yoast.com\/product\/yoast-seo-wordpress\/ -->\n<title>Verarbeitungssektoren - MultiGriffe<\/title>\n<meta name=\"robots\" content=\"index, follow, max-snippet:-1, max-image-preview:large, max-video-preview:-1\" \/>\n<link rel=\"canonical\" href=\"https:\/\/www.multigriffe.com\/de\/verarbeitungssektoren\/\" \/>\n<meta property=\"og:locale\" content=\"de_DE\" \/>\n<meta property=\"og:type\" content=\"article\" \/>\n<meta property=\"og:title\" content=\"Verarbeitungssektoren - MultiGriffe\" \/>\n<meta property=\"og:description\" content=\"[vc_row row_height_percent=&#8220;0&#8243; overlay_alpha=&#8220;50&#8243; gutter_size=&#8220;3&#8243; column_width_percent=&#8220;100&#8243; shift_y=&#8220;0&#8243; z_index=&#8220;0&#8243;][vc_column width=&#8220;1\/1&#8243;][vc_empty_space empty_h=&#8220;3&#8243;][\/vc_column][\/vc_row][vc_row row_height_percent=&#8220;0&#8243; overlay_alpha=&#8220;50&#8243; gutter_size=&#8220;3&#8243; column_width_percent=&#8220;100&#8243; shift_y=&#8220;0&#8243; z_index=&#8220;0&#8243;][vc_column width=&#8220;1\/3&#8243;][vc_single_image media=&#8220;68787&#8243; media_width_percent=&#8220;100&#8243; advanced=&#8220;yes&#8220; media_overlay_opacity=&#8220;95&#8243; [&hellip;]\" \/>\n<meta property=\"og:url\" content=\"https:\/\/www.multigriffe.com\/de\/verarbeitungssektoren\/\" \/>\n<meta property=\"og:site_name\" content=\"MultiGriffe\" \/>\n<meta property=\"article:modified_time\" content=\"2026-02-24T14:05:04+00:00\" \/>\n<meta property=\"og:image\" content=\"https:\/\/www.multigriffe.com\/wp-content\/uploads\/2019\/03\/Transfer-per-abbigliamento-in-pelle-03.jpg\" \/>\n\t<meta property=\"og:image:width\" content=\"3337\" \/>\n\t<meta property=\"og:image:height\" content=\"2185\" \/>\n\t<meta property=\"og:image:type\" content=\"image\/jpeg\" \/>\n<meta name=\"twitter:card\" content=\"summary_large_image\" \/>\n<meta name=\"twitter:label1\" content=\"Gesch\u00e4tzte Lesezeit\" \/>\n\t<meta name=\"twitter:data1\" content=\"3\u00a0Minuten\" \/>\n<script type=\"application\/ld+json\" class=\"yoast-schema-graph\">{\"@context\":\"https:\/\/schema.org\",\"@graph\":[{\"@type\":\"WebPage\",\"@id\":\"https:\/\/www.multigriffe.com\/de\/verarbeitungssektoren\/\",\"url\":\"https:\/\/www.multigriffe.com\/de\/verarbeitungssektoren\/\",\"name\":\"Verarbeitungssektoren - MultiGriffe\",\"isPartOf\":{\"@id\":\"https:\/\/www.multigriffe.com\/#website\"},\"primaryImageOfPage\":{\"@id\":\"https:\/\/www.multigriffe.com\/de\/verarbeitungssektoren\/#primaryimage\"},\"image\":{\"@id\":\"https:\/\/www.multigriffe.com\/de\/verarbeitungssektoren\/#primaryimage\"},\"thumbnailUrl\":\"https:\/\/www.multigriffe.com\/wp-content\/uploads\/2019\/03\/Transfer-per-abbigliamento-in-pelle-03.jpg\",\"datePublished\":\"2018-04-18T13:32:49+00:00\",\"dateModified\":\"2026-02-24T14:05:04+00:00\",\"breadcrumb\":{\"@id\":\"https:\/\/www.multigriffe.com\/de\/verarbeitungssektoren\/#breadcrumb\"},\"inLanguage\":\"de\",\"potentialAction\":[{\"@type\":\"ReadAction\",\"target\":[\"https:\/\/www.multigriffe.com\/de\/verarbeitungssektoren\/\"]}]},{\"@type\":\"ImageObject\",\"inLanguage\":\"de\",\"@id\":\"https:\/\/www.multigriffe.com\/de\/verarbeitungssektoren\/#primaryimage\",\"url\":\"https:\/\/www.multigriffe.com\/wp-content\/uploads\/2019\/03\/Transfer-per-abbigliamento-in-pelle-03.jpg\",\"contentUrl\":\"https:\/\/www.multigriffe.com\/wp-content\/uploads\/2019\/03\/Transfer-per-abbigliamento-in-pelle-03.jpg\",\"width\":3337,\"height\":2185},{\"@type\":\"BreadcrumbList\",\"@id\":\"https:\/\/www.multigriffe.com\/de\/verarbeitungssektoren\/#breadcrumb\",\"itemListElement\":[{\"@type\":\"ListItem\",\"position\":1,\"name\":\"Home\",\"item\":\"https:\/\/www.multigriffe.com\/de\/\"},{\"@type\":\"ListItem\",\"position\":2,\"name\":\"Verarbeitungssektoren\"}]},{\"@type\":\"WebSite\",\"@id\":\"https:\/\/www.multigriffe.com\/#website\",\"url\":\"https:\/\/www.multigriffe.com\/\",\"name\":\"MultiGriffe\",\"description\":\"Etichette Transfer a Caldo per Abbigliamento Calzatura Sport Vicenza\",\"potentialAction\":[{\"@type\":\"SearchAction\",\"target\":{\"@type\":\"EntryPoint\",\"urlTemplate\":\"https:\/\/www.multigriffe.com\/?s={search_term_string}\"},\"query-input\":{\"@type\":\"PropertyValueSpecification\",\"valueRequired\":true,\"valueName\":\"search_term_string\"}}],\"inLanguage\":\"de\"}]}<\/script>\n<!-- \/ Yoast SEO plugin. -->","yoast_head_json":{"title":"Verarbeitungssektoren - MultiGriffe","robots":{"index":"index","follow":"follow","max-snippet":"max-snippet:-1","max-image-preview":"max-image-preview:large","max-video-preview":"max-video-preview:-1"},"canonical":"https:\/\/www.multigriffe.com\/de\/verarbeitungssektoren\/","og_locale":"de_DE","og_type":"article","og_title":"Verarbeitungssektoren - MultiGriffe","og_description":"[vc_row row_height_percent=&#8220;0&#8243; overlay_alpha=&#8220;50&#8243; gutter_size=&#8220;3&#8243; column_width_percent=&#8220;100&#8243; shift_y=&#8220;0&#8243; z_index=&#8220;0&#8243;][vc_column width=&#8220;1\/1&#8243;][vc_empty_space empty_h=&#8220;3&#8243;][\/vc_column][\/vc_row][vc_row row_height_percent=&#8220;0&#8243; overlay_alpha=&#8220;50&#8243; gutter_size=&#8220;3&#8243; column_width_percent=&#8220;100&#8243; shift_y=&#8220;0&#8243; z_index=&#8220;0&#8243;][vc_column width=&#8220;1\/3&#8243;][vc_single_image media=&#8220;68787&#8243; media_width_percent=&#8220;100&#8243; advanced=&#8220;yes&#8220; media_overlay_opacity=&#8220;95&#8243; [&hellip;]","og_url":"https:\/\/www.multigriffe.com\/de\/verarbeitungssektoren\/","og_site_name":"MultiGriffe","article_modified_time":"2026-02-24T14:05:04+00:00","og_image":[{"width":3337,"height":2185,"url":"https:\/\/www.multigriffe.com\/wp-content\/uploads\/2019\/03\/Transfer-per-abbigliamento-in-pelle-03.jpg","type":"image\/jpeg"}],"twitter_card":"summary_large_image","twitter_misc":{"Gesch\u00e4tzte Lesezeit":"3\u00a0Minuten"},"schema":{"@context":"https:\/\/schema.org","@graph":[{"@type":"WebPage","@id":"https:\/\/www.multigriffe.com\/de\/verarbeitungssektoren\/","url":"https:\/\/www.multigriffe.com\/de\/verarbeitungssektoren\/","name":"Verarbeitungssektoren - MultiGriffe","isPartOf":{"@id":"https:\/\/www.multigriffe.com\/#website"},"primaryImageOfPage":{"@id":"https:\/\/www.multigriffe.com\/de\/verarbeitungssektoren\/#primaryimage"},"image":{"@id":"https:\/\/www.multigriffe.com\/de\/verarbeitungssektoren\/#primaryimage"},"thumbnailUrl":"https:\/\/www.multigriffe.com\/wp-content\/uploads\/2019\/03\/Transfer-per-abbigliamento-in-pelle-03.jpg","datePublished":"2018-04-18T13:32:49+00:00","dateModified":"2026-02-24T14:05:04+00:00","breadcrumb":{"@id":"https:\/\/www.multigriffe.com\/de\/verarbeitungssektoren\/#breadcrumb"},"inLanguage":"de","potentialAction":[{"@type":"ReadAction","target":["https:\/\/www.multigriffe.com\/de\/verarbeitungssektoren\/"]}]},{"@type":"ImageObject","inLanguage":"de","@id":"https:\/\/www.multigriffe.com\/de\/verarbeitungssektoren\/#primaryimage","url":"https:\/\/www.multigriffe.com\/wp-content\/uploads\/2019\/03\/Transfer-per-abbigliamento-in-pelle-03.jpg","contentUrl":"https:\/\/www.multigriffe.com\/wp-content\/uploads\/2019\/03\/Transfer-per-abbigliamento-in-pelle-03.jpg","width":3337,"height":2185},{"@type":"BreadcrumbList","@id":"https:\/\/www.multigriffe.com\/de\/verarbeitungssektoren\/#breadcrumb","itemListElement":[{"@type":"ListItem","position":1,"name":"Home","item":"https:\/\/www.multigriffe.com\/de\/"},{"@type":"ListItem","position":2,"name":"Verarbeitungssektoren"}]},{"@type":"WebSite","@id":"https:\/\/www.multigriffe.com\/#website","url":"https:\/\/www.multigriffe.com\/","name":"MultiGriffe","description":"Etichette Transfer a Caldo per Abbigliamento Calzatura Sport Vicenza","potentialAction":[{"@type":"SearchAction","target":{"@type":"EntryPoint","urlTemplate":"https:\/\/www.multigriffe.com\/?s={search_term_string}"},"query-input":{"@type":"PropertyValueSpecification","valueRequired":true,"valueName":"search_term_string"}}],"inLanguage":"de"}]}},"_links":{"self":[{"href":"https:\/\/www.multigriffe.com\/de\/wp-json\/wp\/v2\/pages\/68255","targetHints":{"allow":["GET"]}}],"collection":[{"href":"https:\/\/www.multigriffe.com\/de\/wp-json\/wp\/v2\/pages"}],"about":[{"href":"https:\/\/www.multigriffe.com\/de\/wp-json\/wp\/v2\/types\/page"}],"author":[{"embeddable":true,"href":"https:\/\/www.multigriffe.com\/de\/wp-json\/wp\/v2\/users\/1"}],"replies":[{"embeddable":true,"href":"https:\/\/www.multigriffe.com\/de\/wp-json\/wp\/v2\/comments?post=68255"}],"version-history":[{"count":17,"href":"https:\/\/www.multigriffe.com\/de\/wp-json\/wp\/v2\/pages\/68255\/revisions"}],"predecessor-version":[{"id":68262,"href":"https:\/\/www.multigriffe.com\/de\/wp-json\/wp\/v2\/pages\/68255\/revisions\/68262"}],"wp:featuredmedia":[{"embeddable":true,"href":"https:\/\/www.multigriffe.com\/de\/wp-json\/wp\/v2\/media\/68257"}],"wp:attachment":[{"href":"https:\/\/www.multigriffe.com\/de\/wp-json\/wp\/v2\/media?parent=68255"}],"curies":[{"name":"wp","href":"https:\/\/api.w.org\/{rel}","templated":true}]}}