{"id":68227,"date":"2018-04-18T17:15:50","date_gmt":"2018-04-18T15:15:50","guid":{"rendered":"https:\/\/www.multigriffe.com\/transfer-per-gadget-e-prodotti-promozionali\/"},"modified":"2025-10-23T17:39:10","modified_gmt":"2025-10-23T15:39:10","slug":"transfers-fuer-gadgets-und-werbeartikel","status":"publish","type":"page","link":"https:\/\/www.multigriffe.com\/de\/verarbeitungssektoren\/transfers-fuer-gadgets-und-werbeartikel\/","title":{"rendered":"Transfers f\u00fcr Gadgets und Werbeartikel"},"content":{"rendered":"<div class=\"wpb-content-wrapper\"><p>[vc_row][vc_column width=&#8220;1\/1&#8243;][vc_row_inner row_inner_height_percent=&#8220;0&#8243; overlay_alpha=&#8220;50&#8243; gutter_size=&#8220;4&#8243; shift_y=&#8220;0&#8243;][vc_column_inner column_width_percent=&#8220;100&#8243; gutter_size=&#8220;3&#8243; overlay_alpha=&#8220;50&#8243; shift_x=&#8220;0&#8243; shift_y=&#8220;0&#8243; shift_y_down=&#8220;0&#8243; z_index=&#8220;0&#8243; medium_width=&#8220;0&#8243; mobile_width=&#8220;0&#8243; width=&#8220;9\/12&#8243;][vc_empty_space empty_h=&#8220;2&#8243; medium_visibility=&#8220;yes&#8220; mobile_visibility=&#8220;yes&#8220;][vc_column_text uncode_shortcode_id=&#8220;149846&#8243;]Der Sektor der Werbegadgets ist schlechthin der Bereich, in dem der Transferdruck seit jeher seine Vielseitigkeit und seine unendlichen Anwendungsm\u00f6glichkeiten am besten zum Ausdruck bringt, deren Grenzen in diesem Fall nur durch die Fantasie gesetzt sind. Mit Multigriffe-Transfers wird jeder Gegenstand zu einem potenziellen Werbegadget, mit dem Sie Ihre Marke auf Messen und Werbeevents bekannt machen oder Ihren treuesten und verdienstvollsten Kunden ein sch\u00f6nes Andenken hinterlassen k\u00f6nnen. Die Wahl bestimmter Metallic-Effekte oder Relieftexturen sorgt zudem f\u00fcr einen zus\u00e4tzlichen Hauch von Exklusivit\u00e4t und Erlesenheit. Schluss mit banalen und \u00fcberholten Gadgets: Mit den MultiGriffe-Transfers kann sich Ihre Kreativit\u00e4t endlich frei entfalten.<\/p>\n<p>Die gefragtesten Produkte<\/p>\n<p>Einwegbecher<\/p>\n<p>Eisk\u00fcbel<\/p>\n<p>Stifte und Bleistifte<\/p>\n<p>Feuerzeuge, USB-Sticks, M\u00fctzen, Wasserflaschen, Computer- und Smartphone-H\u00fcllen<br \/>\n[\/vc_column_text][vc_gallery el_id=&#8220;gallery-373336&#8243; medias=&#8220;66404,66405,66406,66407&#8243; gutter_size=&#8220;3&#8243; screen_lg=&#8220;1000&#8243; screen_md=&#8220;600&#8243; screen_sm=&#8220;480&#8243; images_size=&#8220;three-two&#8220; single_overlay_opacity=&#8220;50&#8243; single_padding=&#8220;2&#8243;][vc_button button_color=&#8220;color-wayh&#8220; border_animation=&#8220;btn-ripple-out&#8220; hover_fx=&#8220;full-colored&#8220; border_width=&#8220;0&#8243; link=&#8220;url:https%3A%2F%2Fwww.multigriffe.com%2Fde%2Fverarbeitungssektoren%2F|title:Verarbeitungssektoren&#8220; icon=&#8220;fa fa-chevron-left&#8220; button_color_type=&#8220;uncode-palette&#8220; uncode_shortcode_id=&#8220;695814&#8243;]Zur\u00fcck zu den Anwendungsbereichen[\/vc_button][vc_empty_space empty_h=&#8220;2&#8243; medium_visibility=&#8220;yes&#8220; mobile_visibility=&#8220;yes&#8220;][\/vc_column_inner][vc_column_inner column_width_percent=&#8220;100&#8243; gutter_size=&#8220;4&#8243; overlay_alpha=&#8220;50&#8243; shift_x=&#8220;0&#8243; shift_y=&#8220;0&#8243; shift_y_down=&#8220;0&#8243; z_index=&#8220;0&#8243; medium_width=&#8220;0&#8243; mobile_width=&#8220;0&#8243; sticky=&#8220;yes&#8220; width=&#8220;3\/12&#8243;][\/vc_column_inner][\/vc_row_inner][\/vc_column][\/vc_row]<\/p>\n<\/div>","protected":false},"excerpt":{"rendered":"<p>[vc_row][vc_column width=&#8220;1\/1&#8243;][vc_row_inner row_inner_height_percent=&#8220;0&#8243; overlay_alpha=&#8220;50&#8243; gutter_size=&#8220;4&#8243; shift_y=&#8220;0&#8243;][vc_column_inner column_width_percent=&#8220;100&#8243; gutter_size=&#8220;3&#8243; overlay_alpha=&#8220;50&#8243; shift_x=&#8220;0&#8243; shift_y=&#8220;0&#8243; shift_y_down=&#8220;0&#8243; z_index=&#8220;0&#8243; medium_width=&#8220;0&#8243; mobile_width=&#8220;0&#8243; width=&#8220;9\/12&#8243;][vc_empty_space empty_h=&#8220;2&#8243; medium_visibility=&#8220;yes&#8220; mobile_visibility=&#8220;yes&#8220;][vc_column_text uncode_shortcode_id=&#8220;149846&#8243;]Der [&hellip;]<\/p>\n","protected":false},"author":2,"featured_media":68229,"parent":68255,"menu_order":9,"comment_status":"closed","ping_status":"closed","template":"","meta":{"footnotes":""},"class_list":["post-68227","page","type-page","status-publish","has-post-thumbnail","hentry","page_category-applicazione-de"],"yoast_head":"<!-- This site is optimized with the Yoast SEO plugin v27.0 - https:\/\/yoast.com\/product\/yoast-seo-wordpress\/ -->\n<title>Transfer f\u00fcr Gadgets und Werbeartikel Hei\u00dftransfer<\/title>\n<meta name=\"robots\" content=\"index, follow, max-snippet:-1, max-image-preview:large, max-video-preview:-1\" \/>\n<link rel=\"canonical\" href=\"https:\/\/www.multigriffe.com\/de\/verarbeitungssektoren\/transfers-fuer-gadgets-und-werbeartikel\/\" \/>\n<meta property=\"og:locale\" content=\"de_DE\" \/>\n<meta property=\"og:type\" content=\"article\" \/>\n<meta property=\"og:title\" content=\"Transfer f\u00fcr Gadgets und Werbeartikel Hei\u00dftransfer\" \/>\n<meta property=\"og:description\" content=\"[vc_row][vc_column width=&#8220;1\/1&#8243;][vc_row_inner row_inner_height_percent=&#8220;0&#8243; overlay_alpha=&#8220;50&#8243; gutter_size=&#8220;4&#8243; shift_y=&#8220;0&#8243;][vc_column_inner column_width_percent=&#8220;100&#8243; gutter_size=&#8220;3&#8243; overlay_alpha=&#8220;50&#8243; shift_x=&#8220;0&#8243; shift_y=&#8220;0&#8243; shift_y_down=&#8220;0&#8243; z_index=&#8220;0&#8243; medium_width=&#8220;0&#8243; mobile_width=&#8220;0&#8243; width=&#8220;9\/12&#8243;][vc_empty_space empty_h=&#8220;2&#8243; medium_visibility=&#8220;yes&#8220; mobile_visibility=&#8220;yes&#8220;][vc_column_text uncode_shortcode_id=&#8220;149846&#8243;]Der [&hellip;]\" \/>\n<meta property=\"og:url\" content=\"https:\/\/www.multigriffe.com\/de\/verarbeitungssektoren\/transfers-fuer-gadgets-und-werbeartikel\/\" \/>\n<meta property=\"og:site_name\" content=\"MultiGriffe\" \/>\n<meta property=\"article:modified_time\" content=\"2025-10-23T15:39:10+00:00\" \/>\n<meta property=\"og:image\" content=\"https:\/\/www.multigriffe.com\/wp-content\/uploads\/2019\/03\/Transfer-per-gadget-e-prodotti-promozionali-03-1.jpg\" \/>\n\t<meta property=\"og:image:width\" content=\"1035\" \/>\n\t<meta property=\"og:image:height\" content=\"819\" \/>\n\t<meta property=\"og:image:type\" content=\"image\/jpeg\" \/>\n<meta name=\"twitter:card\" content=\"summary_large_image\" \/>\n<meta name=\"twitter:label1\" content=\"Gesch\u00e4tzte Lesezeit\" \/>\n\t<meta name=\"twitter:data1\" content=\"2\u00a0Minuten\" \/>\n<script type=\"application\/ld+json\" class=\"yoast-schema-graph\">{\"@context\":\"https:\/\/schema.org\",\"@graph\":[{\"@type\":\"WebPage\",\"@id\":\"https:\/\/www.multigriffe.com\/de\/verarbeitungssektoren\/transfers-fuer-gadgets-und-werbeartikel\/\",\"url\":\"https:\/\/www.multigriffe.com\/de\/verarbeitungssektoren\/transfers-fuer-gadgets-und-werbeartikel\/\",\"name\":\"Transfer f\u00fcr Gadgets und Werbeartikel Hei\u00dftransfer\",\"isPartOf\":{\"@id\":\"https:\/\/www.multigriffe.com\/#website\"},\"primaryImageOfPage\":{\"@id\":\"https:\/\/www.multigriffe.com\/de\/verarbeitungssektoren\/transfers-fuer-gadgets-und-werbeartikel\/#primaryimage\"},\"image\":{\"@id\":\"https:\/\/www.multigriffe.com\/de\/verarbeitungssektoren\/transfers-fuer-gadgets-und-werbeartikel\/#primaryimage\"},\"thumbnailUrl\":\"https:\/\/www.multigriffe.com\/wp-content\/uploads\/2019\/03\/Transfer-per-gadget-e-prodotti-promozionali-03-1.jpg\",\"datePublished\":\"2018-04-18T15:15:50+00:00\",\"dateModified\":\"2025-10-23T15:39:10+00:00\",\"breadcrumb\":{\"@id\":\"https:\/\/www.multigriffe.com\/de\/verarbeitungssektoren\/transfers-fuer-gadgets-und-werbeartikel\/#breadcrumb\"},\"inLanguage\":\"de\",\"potentialAction\":[{\"@type\":\"ReadAction\",\"target\":[\"https:\/\/www.multigriffe.com\/de\/verarbeitungssektoren\/transfers-fuer-gadgets-und-werbeartikel\/\"]}]},{\"@type\":\"ImageObject\",\"inLanguage\":\"de\",\"@id\":\"https:\/\/www.multigriffe.com\/de\/verarbeitungssektoren\/transfers-fuer-gadgets-und-werbeartikel\/#primaryimage\",\"url\":\"https:\/\/www.multigriffe.com\/wp-content\/uploads\/2019\/03\/Transfer-per-gadget-e-prodotti-promozionali-03-1.jpg\",\"contentUrl\":\"https:\/\/www.multigriffe.com\/wp-content\/uploads\/2019\/03\/Transfer-per-gadget-e-prodotti-promozionali-03-1.jpg\",\"width\":1035,\"height\":819},{\"@type\":\"BreadcrumbList\",\"@id\":\"https:\/\/www.multigriffe.com\/de\/verarbeitungssektoren\/transfers-fuer-gadgets-und-werbeartikel\/#breadcrumb\",\"itemListElement\":[{\"@type\":\"ListItem\",\"position\":1,\"name\":\"Home\",\"item\":\"https:\/\/www.multigriffe.com\/de\/\"},{\"@type\":\"ListItem\",\"position\":2,\"name\":\"Verarbeitungssektoren\",\"item\":\"https:\/\/www.multigriffe.com\/de\/verarbeitungssektoren\/\"},{\"@type\":\"ListItem\",\"position\":3,\"name\":\"Transfers f\u00fcr Gadgets und Werbeartikel\"}]},{\"@type\":\"WebSite\",\"@id\":\"https:\/\/www.multigriffe.com\/#website\",\"url\":\"https:\/\/www.multigriffe.com\/\",\"name\":\"MultiGriffe\",\"description\":\"Etichette Transfer a Caldo per Abbigliamento Calzatura Sport Vicenza\",\"potentialAction\":[{\"@type\":\"SearchAction\",\"target\":{\"@type\":\"EntryPoint\",\"urlTemplate\":\"https:\/\/www.multigriffe.com\/?s={search_term_string}\"},\"query-input\":{\"@type\":\"PropertyValueSpecification\",\"valueRequired\":true,\"valueName\":\"search_term_string\"}}],\"inLanguage\":\"de\"}]}<\/script>\n<!-- \/ Yoast SEO plugin. -->","yoast_head_json":{"title":"Transfer f\u00fcr Gadgets und Werbeartikel Hei\u00dftransfer","robots":{"index":"index","follow":"follow","max-snippet":"max-snippet:-1","max-image-preview":"max-image-preview:large","max-video-preview":"max-video-preview:-1"},"canonical":"https:\/\/www.multigriffe.com\/de\/verarbeitungssektoren\/transfers-fuer-gadgets-und-werbeartikel\/","og_locale":"de_DE","og_type":"article","og_title":"Transfer f\u00fcr Gadgets und Werbeartikel Hei\u00dftransfer","og_description":"[vc_row][vc_column width=&#8220;1\/1&#8243;][vc_row_inner row_inner_height_percent=&#8220;0&#8243; overlay_alpha=&#8220;50&#8243; gutter_size=&#8220;4&#8243; shift_y=&#8220;0&#8243;][vc_column_inner column_width_percent=&#8220;100&#8243; gutter_size=&#8220;3&#8243; overlay_alpha=&#8220;50&#8243; shift_x=&#8220;0&#8243; shift_y=&#8220;0&#8243; shift_y_down=&#8220;0&#8243; z_index=&#8220;0&#8243; medium_width=&#8220;0&#8243; mobile_width=&#8220;0&#8243; width=&#8220;9\/12&#8243;][vc_empty_space empty_h=&#8220;2&#8243; medium_visibility=&#8220;yes&#8220; mobile_visibility=&#8220;yes&#8220;][vc_column_text uncode_shortcode_id=&#8220;149846&#8243;]Der [&hellip;]","og_url":"https:\/\/www.multigriffe.com\/de\/verarbeitungssektoren\/transfers-fuer-gadgets-und-werbeartikel\/","og_site_name":"MultiGriffe","article_modified_time":"2025-10-23T15:39:10+00:00","og_image":[{"width":1035,"height":819,"url":"https:\/\/www.multigriffe.com\/wp-content\/uploads\/2019\/03\/Transfer-per-gadget-e-prodotti-promozionali-03-1.jpg","type":"image\/jpeg"}],"twitter_card":"summary_large_image","twitter_misc":{"Gesch\u00e4tzte Lesezeit":"2\u00a0Minuten"},"schema":{"@context":"https:\/\/schema.org","@graph":[{"@type":"WebPage","@id":"https:\/\/www.multigriffe.com\/de\/verarbeitungssektoren\/transfers-fuer-gadgets-und-werbeartikel\/","url":"https:\/\/www.multigriffe.com\/de\/verarbeitungssektoren\/transfers-fuer-gadgets-und-werbeartikel\/","name":"Transfer f\u00fcr Gadgets und Werbeartikel Hei\u00dftransfer","isPartOf":{"@id":"https:\/\/www.multigriffe.com\/#website"},"primaryImageOfPage":{"@id":"https:\/\/www.multigriffe.com\/de\/verarbeitungssektoren\/transfers-fuer-gadgets-und-werbeartikel\/#primaryimage"},"image":{"@id":"https:\/\/www.multigriffe.com\/de\/verarbeitungssektoren\/transfers-fuer-gadgets-und-werbeartikel\/#primaryimage"},"thumbnailUrl":"https:\/\/www.multigriffe.com\/wp-content\/uploads\/2019\/03\/Transfer-per-gadget-e-prodotti-promozionali-03-1.jpg","datePublished":"2018-04-18T15:15:50+00:00","dateModified":"2025-10-23T15:39:10+00:00","breadcrumb":{"@id":"https:\/\/www.multigriffe.com\/de\/verarbeitungssektoren\/transfers-fuer-gadgets-und-werbeartikel\/#breadcrumb"},"inLanguage":"de","potentialAction":[{"@type":"ReadAction","target":["https:\/\/www.multigriffe.com\/de\/verarbeitungssektoren\/transfers-fuer-gadgets-und-werbeartikel\/"]}]},{"@type":"ImageObject","inLanguage":"de","@id":"https:\/\/www.multigriffe.com\/de\/verarbeitungssektoren\/transfers-fuer-gadgets-und-werbeartikel\/#primaryimage","url":"https:\/\/www.multigriffe.com\/wp-content\/uploads\/2019\/03\/Transfer-per-gadget-e-prodotti-promozionali-03-1.jpg","contentUrl":"https:\/\/www.multigriffe.com\/wp-content\/uploads\/2019\/03\/Transfer-per-gadget-e-prodotti-promozionali-03-1.jpg","width":1035,"height":819},{"@type":"BreadcrumbList","@id":"https:\/\/www.multigriffe.com\/de\/verarbeitungssektoren\/transfers-fuer-gadgets-und-werbeartikel\/#breadcrumb","itemListElement":[{"@type":"ListItem","position":1,"name":"Home","item":"https:\/\/www.multigriffe.com\/de\/"},{"@type":"ListItem","position":2,"name":"Verarbeitungssektoren","item":"https:\/\/www.multigriffe.com\/de\/verarbeitungssektoren\/"},{"@type":"ListItem","position":3,"name":"Transfers f\u00fcr Gadgets und Werbeartikel"}]},{"@type":"WebSite","@id":"https:\/\/www.multigriffe.com\/#website","url":"https:\/\/www.multigriffe.com\/","name":"MultiGriffe","description":"Etichette Transfer a Caldo per Abbigliamento Calzatura Sport Vicenza","potentialAction":[{"@type":"SearchAction","target":{"@type":"EntryPoint","urlTemplate":"https:\/\/www.multigriffe.com\/?s={search_term_string}"},"query-input":{"@type":"PropertyValueSpecification","valueRequired":true,"valueName":"search_term_string"}}],"inLanguage":"de"}]}},"_links":{"self":[{"href":"https:\/\/www.multigriffe.com\/de\/wp-json\/wp\/v2\/pages\/68227","targetHints":{"allow":["GET"]}}],"collection":[{"href":"https:\/\/www.multigriffe.com\/de\/wp-json\/wp\/v2\/pages"}],"about":[{"href":"https:\/\/www.multigriffe.com\/de\/wp-json\/wp\/v2\/types\/page"}],"author":[{"embeddable":true,"href":"https:\/\/www.multigriffe.com\/de\/wp-json\/wp\/v2\/users\/2"}],"replies":[{"embeddable":true,"href":"https:\/\/www.multigriffe.com\/de\/wp-json\/wp\/v2\/comments?post=68227"}],"version-history":[{"count":2,"href":"https:\/\/www.multigriffe.com\/de\/wp-json\/wp\/v2\/pages\/68227\/revisions"}],"predecessor-version":[{"id":68423,"href":"https:\/\/www.multigriffe.com\/de\/wp-json\/wp\/v2\/pages\/68227\/revisions\/68423"}],"up":[{"embeddable":true,"href":"https:\/\/www.multigriffe.com\/de\/wp-json\/wp\/v2\/pages\/68255"}],"wp:featuredmedia":[{"embeddable":true,"href":"https:\/\/www.multigriffe.com\/de\/wp-json\/wp\/v2\/media\/68229"}],"wp:attachment":[{"href":"https:\/\/www.multigriffe.com\/de\/wp-json\/wp\/v2\/media?parent=68227"}],"curies":[{"name":"wp","href":"https:\/\/api.w.org\/{rel}","templated":true}]}}