{"id":68220,"date":"2018-04-18T17:14:36","date_gmt":"2018-04-18T15:14:36","guid":{"rendered":"https:\/\/www.multigriffe.com\/transfer-per-contenitori-per-alimenti-e-packaging\/"},"modified":"2025-10-23T17:39:20","modified_gmt":"2025-10-23T15:39:20","slug":"transfers-fuer-lebensmittel-und-verpackungsbehaelter","status":"publish","type":"page","link":"https:\/\/www.multigriffe.com\/de\/verarbeitungssektoren\/transfers-fuer-lebensmittel-und-verpackungsbehaelter\/","title":{"rendered":"Transfers f\u00fcr Lebensmittel- und Verpackungsbeh\u00e4lter"},"content":{"rendered":"<div class=\"wpb-content-wrapper\"><p>[vc_row][vc_column width=&#8220;1\/1&#8243;][vc_row_inner row_inner_height_percent=&#8220;0&#8243; overlay_alpha=&#8220;50&#8243; gutter_size=&#8220;4&#8243; shift_y=&#8220;0&#8243;][vc_column_inner column_width_percent=&#8220;100&#8243; gutter_size=&#8220;3&#8243; overlay_alpha=&#8220;50&#8243; shift_x=&#8220;0&#8243; shift_y=&#8220;0&#8243; shift_y_down=&#8220;0&#8243; z_index=&#8220;0&#8243; medium_width=&#8220;0&#8243; mobile_width=&#8220;0&#8243; width=&#8220;9\/12&#8243;][vc_empty_space empty_h=&#8220;2&#8243; medium_visibility=&#8220;yes&#8220; mobile_visibility=&#8220;yes&#8220;][vc_column_text uncode_shortcode_id=&#8220;102785&#8243;]MultiGriffe-Transfers sind die ideale L\u00f6sung f\u00fcr die Personalisierung und Etikettierung von Beh\u00e4ltern f\u00fcr den Lebensmittelmarkt, f\u00fcr den Gro\u00df- und Einzelhandel und den HORECA-Sektor. Die fortlaufende Innovation, zu der sich MultiGriffe als Unternehmensentscheidung bekannt hat, hat k\u00fcrzlich die Einf\u00fchrung eines neuen Transfersystems mit Hologramm zur R\u00fcckverfolgbarkeit von Produkten mit variablen Daten erm\u00f6glicht. Dabei handelt es sich um einen speziellen Druck, mit dem eine gro\u00dfe Menge an Informationen \u00fcber das Produkt auf wenigen Zentimetern gespeichert werden kann, so dass der Verbraucher die gesamte Produktionskette des Erzeugnisses zur\u00fcckverfolgen kann. Dies garantiert eine gr\u00f6\u00dfere Sicherheit und sch\u00fctzt sein Recht auf eine bewusstere Kaufentscheidung.<\/p>\n<p>Vorteile<\/p>\n<p>&#8211; Zertifizierung von Pigmenten f\u00fcr den Kontakt mit Lebensmitteln<\/p>\n<p>&#8211; Best\u00e4ndigkeit gegen die Reinigung in Haushalts- und Industrie-Geschirrsp\u00fclmaschinen<\/p>\n<p>Die gefragtesten Produkte<\/p>\n<p>Einwegbecher und -geschirr aus Polypropylen<\/p>\n<p>Flaschenverschl\u00fcsse aus Plastik oder Metall<\/p>\n<p>Schraubverschl\u00fcsse f\u00fcr \u00d6l, Verschlusskapseln f\u00fcr Wein, Kronkorken f\u00fcr Flaschen.<\/p>\n<p>Transfers mit Hologramm f\u00fcr die R\u00fcckverfolgbarkeit von Produkten mit variablen Daten<\/p>\n<p>FLX-Transfers f\u00fcr die Personalisierung hochwertiger Flaschen<\/p>\n<p>Transferfertigung f\u00fcr die direkte Personalisierung auf Glas oder Etiketten<\/p>\n<p>Plastikdosen und Lebensmittelbeh\u00e4lter<\/p>\n<p>Personalisierung von Beh\u00e4ltern f\u00fcr den Lebensmittelgro\u00dfhandel.<\/p>\n<p>[\/vc_column_text][vc_gallery el_id=&#8220;gallery-373336&#8243; medias=&#8220;66399,66400,66401,66402&#8243; gutter_size=&#8220;3&#8243; screen_lg=&#8220;1000&#8243; screen_md=&#8220;600&#8243; screen_sm=&#8220;480&#8243; images_size=&#8220;three-two&#8220; single_overlay_opacity=&#8220;50&#8243; single_padding=&#8220;2&#8243;][vc_button button_color=&#8220;color-wayh&#8220; border_animation=&#8220;btn-ripple-out&#8220; hover_fx=&#8220;full-colored&#8220; border_width=&#8220;0&#8243; link=&#8220;url:https%3A%2F%2Fwww.multigriffe.com%2Fde%2Fverarbeitungssektoren%2F|title:Verarbeitungssektoren&#8220; icon=&#8220;fa fa-chevron-left&#8220; button_color_type=&#8220;uncode-palette&#8220; uncode_shortcode_id=&#8220;949439&#8243;]Zur\u00fcck zu den Anwendungsbereichen[\/vc_button][vc_empty_space empty_h=&#8220;2&#8243; medium_visibility=&#8220;yes&#8220; mobile_visibility=&#8220;yes&#8220;][\/vc_column_inner][vc_column_inner column_width_percent=&#8220;100&#8243; gutter_size=&#8220;4&#8243; overlay_alpha=&#8220;50&#8243; shift_x=&#8220;0&#8243; shift_y=&#8220;0&#8243; shift_y_down=&#8220;0&#8243; z_index=&#8220;0&#8243; medium_width=&#8220;0&#8243; mobile_width=&#8220;0&#8243; sticky=&#8220;yes&#8220; width=&#8220;3\/12&#8243;][\/vc_column_inner][\/vc_row_inner][\/vc_column][\/vc_row]<\/p>\n<\/div>","protected":false},"excerpt":{"rendered":"<p>[vc_row][vc_column width=&#8220;1\/1&#8243;][vc_row_inner row_inner_height_percent=&#8220;0&#8243; overlay_alpha=&#8220;50&#8243; gutter_size=&#8220;4&#8243; shift_y=&#8220;0&#8243;][vc_column_inner column_width_percent=&#8220;100&#8243; gutter_size=&#8220;3&#8243; overlay_alpha=&#8220;50&#8243; shift_x=&#8220;0&#8243; shift_y=&#8220;0&#8243; shift_y_down=&#8220;0&#8243; z_index=&#8220;0&#8243; medium_width=&#8220;0&#8243; mobile_width=&#8220;0&#8243; width=&#8220;9\/12&#8243;][vc_empty_space empty_h=&#8220;2&#8243; medium_visibility=&#8220;yes&#8220; mobile_visibility=&#8220;yes&#8220;][vc_column_text uncode_shortcode_id=&#8220;102785&#8243;]MultiGriffe-Transfers [&hellip;]<\/p>\n","protected":false},"author":2,"featured_media":68222,"parent":68255,"menu_order":8,"comment_status":"closed","ping_status":"closed","template":"","meta":{"footnotes":""},"class_list":["post-68220","page","type-page","status-publish","has-post-thumbnail","hentry","page_category-applicazione-de"],"yoast_head":"<!-- This site is optimized with the Yoast SEO plugin v27.0 - https:\/\/yoast.com\/product\/yoast-seo-wordpress\/ -->\n<title>Transferdruck f\u00fcr Lebensmittelbeh\u00e4lter und Verpackungen Hei\u00dftransferdruck<\/title>\n<meta name=\"robots\" content=\"index, follow, max-snippet:-1, max-image-preview:large, max-video-preview:-1\" \/>\n<link rel=\"canonical\" href=\"https:\/\/www.multigriffe.com\/de\/verarbeitungssektoren\/transfers-fuer-lebensmittel-und-verpackungsbehaelter\/\" \/>\n<meta property=\"og:locale\" content=\"de_DE\" \/>\n<meta property=\"og:type\" content=\"article\" \/>\n<meta property=\"og:title\" content=\"Transferdruck f\u00fcr Lebensmittelbeh\u00e4lter und Verpackungen Hei\u00dftransferdruck\" \/>\n<meta property=\"og:description\" content=\"[vc_row][vc_column width=&#8220;1\/1&#8243;][vc_row_inner row_inner_height_percent=&#8220;0&#8243; overlay_alpha=&#8220;50&#8243; gutter_size=&#8220;4&#8243; shift_y=&#8220;0&#8243;][vc_column_inner column_width_percent=&#8220;100&#8243; gutter_size=&#8220;3&#8243; overlay_alpha=&#8220;50&#8243; shift_x=&#8220;0&#8243; shift_y=&#8220;0&#8243; shift_y_down=&#8220;0&#8243; z_index=&#8220;0&#8243; medium_width=&#8220;0&#8243; mobile_width=&#8220;0&#8243; width=&#8220;9\/12&#8243;][vc_empty_space empty_h=&#8220;2&#8243; medium_visibility=&#8220;yes&#8220; mobile_visibility=&#8220;yes&#8220;][vc_column_text uncode_shortcode_id=&#8220;102785&#8243;]MultiGriffe-Transfers [&hellip;]\" \/>\n<meta property=\"og:url\" content=\"https:\/\/www.multigriffe.com\/de\/verarbeitungssektoren\/transfers-fuer-lebensmittel-und-verpackungsbehaelter\/\" \/>\n<meta property=\"og:site_name\" content=\"MultiGriffe\" \/>\n<meta property=\"article:modified_time\" content=\"2025-10-23T15:39:20+00:00\" \/>\n<meta property=\"og:image\" content=\"https:\/\/www.multigriffe.com\/wp-content\/uploads\/2019\/03\/Transfer-per-contenitori-alimenti-e-pack-02-1.jpg\" \/>\n\t<meta property=\"og:image:width\" content=\"2000\" \/>\n\t<meta property=\"og:image:height\" content=\"1333\" \/>\n\t<meta property=\"og:image:type\" content=\"image\/jpeg\" \/>\n<meta name=\"twitter:card\" content=\"summary_large_image\" \/>\n<meta name=\"twitter:label1\" content=\"Gesch\u00e4tzte Lesezeit\" \/>\n\t<meta name=\"twitter:data1\" content=\"2\u00a0Minuten\" \/>\n<script type=\"application\/ld+json\" class=\"yoast-schema-graph\">{\"@context\":\"https:\/\/schema.org\",\"@graph\":[{\"@type\":\"WebPage\",\"@id\":\"https:\/\/www.multigriffe.com\/de\/verarbeitungssektoren\/transfers-fuer-lebensmittel-und-verpackungsbehaelter\/\",\"url\":\"https:\/\/www.multigriffe.com\/de\/verarbeitungssektoren\/transfers-fuer-lebensmittel-und-verpackungsbehaelter\/\",\"name\":\"Transferdruck f\u00fcr Lebensmittelbeh\u00e4lter und Verpackungen Hei\u00dftransferdruck\",\"isPartOf\":{\"@id\":\"https:\/\/www.multigriffe.com\/#website\"},\"primaryImageOfPage\":{\"@id\":\"https:\/\/www.multigriffe.com\/de\/verarbeitungssektoren\/transfers-fuer-lebensmittel-und-verpackungsbehaelter\/#primaryimage\"},\"image\":{\"@id\":\"https:\/\/www.multigriffe.com\/de\/verarbeitungssektoren\/transfers-fuer-lebensmittel-und-verpackungsbehaelter\/#primaryimage\"},\"thumbnailUrl\":\"https:\/\/www.multigriffe.com\/wp-content\/uploads\/2019\/03\/Transfer-per-contenitori-alimenti-e-pack-02-1.jpg\",\"datePublished\":\"2018-04-18T15:14:36+00:00\",\"dateModified\":\"2025-10-23T15:39:20+00:00\",\"breadcrumb\":{\"@id\":\"https:\/\/www.multigriffe.com\/de\/verarbeitungssektoren\/transfers-fuer-lebensmittel-und-verpackungsbehaelter\/#breadcrumb\"},\"inLanguage\":\"de\",\"potentialAction\":[{\"@type\":\"ReadAction\",\"target\":[\"https:\/\/www.multigriffe.com\/de\/verarbeitungssektoren\/transfers-fuer-lebensmittel-und-verpackungsbehaelter\/\"]}]},{\"@type\":\"ImageObject\",\"inLanguage\":\"de\",\"@id\":\"https:\/\/www.multigriffe.com\/de\/verarbeitungssektoren\/transfers-fuer-lebensmittel-und-verpackungsbehaelter\/#primaryimage\",\"url\":\"https:\/\/www.multigriffe.com\/wp-content\/uploads\/2019\/03\/Transfer-per-contenitori-alimenti-e-pack-02-1.jpg\",\"contentUrl\":\"https:\/\/www.multigriffe.com\/wp-content\/uploads\/2019\/03\/Transfer-per-contenitori-alimenti-e-pack-02-1.jpg\",\"width\":2000,\"height\":1333},{\"@type\":\"BreadcrumbList\",\"@id\":\"https:\/\/www.multigriffe.com\/de\/verarbeitungssektoren\/transfers-fuer-lebensmittel-und-verpackungsbehaelter\/#breadcrumb\",\"itemListElement\":[{\"@type\":\"ListItem\",\"position\":1,\"name\":\"Home\",\"item\":\"https:\/\/www.multigriffe.com\/de\/\"},{\"@type\":\"ListItem\",\"position\":2,\"name\":\"Verarbeitungssektoren\",\"item\":\"https:\/\/www.multigriffe.com\/de\/verarbeitungssektoren\/\"},{\"@type\":\"ListItem\",\"position\":3,\"name\":\"Transfers f\u00fcr Lebensmittel- und Verpackungsbeh\u00e4lter\"}]},{\"@type\":\"WebSite\",\"@id\":\"https:\/\/www.multigriffe.com\/#website\",\"url\":\"https:\/\/www.multigriffe.com\/\",\"name\":\"MultiGriffe\",\"description\":\"Etichette Transfer a Caldo per Abbigliamento Calzatura Sport Vicenza\",\"potentialAction\":[{\"@type\":\"SearchAction\",\"target\":{\"@type\":\"EntryPoint\",\"urlTemplate\":\"https:\/\/www.multigriffe.com\/?s={search_term_string}\"},\"query-input\":{\"@type\":\"PropertyValueSpecification\",\"valueRequired\":true,\"valueName\":\"search_term_string\"}}],\"inLanguage\":\"de\"}]}<\/script>\n<!-- \/ Yoast SEO plugin. -->","yoast_head_json":{"title":"Transferdruck f\u00fcr Lebensmittelbeh\u00e4lter und Verpackungen Hei\u00dftransferdruck","robots":{"index":"index","follow":"follow","max-snippet":"max-snippet:-1","max-image-preview":"max-image-preview:large","max-video-preview":"max-video-preview:-1"},"canonical":"https:\/\/www.multigriffe.com\/de\/verarbeitungssektoren\/transfers-fuer-lebensmittel-und-verpackungsbehaelter\/","og_locale":"de_DE","og_type":"article","og_title":"Transferdruck f\u00fcr Lebensmittelbeh\u00e4lter und Verpackungen Hei\u00dftransferdruck","og_description":"[vc_row][vc_column width=&#8220;1\/1&#8243;][vc_row_inner row_inner_height_percent=&#8220;0&#8243; overlay_alpha=&#8220;50&#8243; gutter_size=&#8220;4&#8243; shift_y=&#8220;0&#8243;][vc_column_inner column_width_percent=&#8220;100&#8243; gutter_size=&#8220;3&#8243; overlay_alpha=&#8220;50&#8243; shift_x=&#8220;0&#8243; shift_y=&#8220;0&#8243; shift_y_down=&#8220;0&#8243; z_index=&#8220;0&#8243; medium_width=&#8220;0&#8243; mobile_width=&#8220;0&#8243; width=&#8220;9\/12&#8243;][vc_empty_space empty_h=&#8220;2&#8243; medium_visibility=&#8220;yes&#8220; mobile_visibility=&#8220;yes&#8220;][vc_column_text uncode_shortcode_id=&#8220;102785&#8243;]MultiGriffe-Transfers [&hellip;]","og_url":"https:\/\/www.multigriffe.com\/de\/verarbeitungssektoren\/transfers-fuer-lebensmittel-und-verpackungsbehaelter\/","og_site_name":"MultiGriffe","article_modified_time":"2025-10-23T15:39:20+00:00","og_image":[{"width":2000,"height":1333,"url":"https:\/\/www.multigriffe.com\/wp-content\/uploads\/2019\/03\/Transfer-per-contenitori-alimenti-e-pack-02-1.jpg","type":"image\/jpeg"}],"twitter_card":"summary_large_image","twitter_misc":{"Gesch\u00e4tzte Lesezeit":"2\u00a0Minuten"},"schema":{"@context":"https:\/\/schema.org","@graph":[{"@type":"WebPage","@id":"https:\/\/www.multigriffe.com\/de\/verarbeitungssektoren\/transfers-fuer-lebensmittel-und-verpackungsbehaelter\/","url":"https:\/\/www.multigriffe.com\/de\/verarbeitungssektoren\/transfers-fuer-lebensmittel-und-verpackungsbehaelter\/","name":"Transferdruck f\u00fcr Lebensmittelbeh\u00e4lter und Verpackungen Hei\u00dftransferdruck","isPartOf":{"@id":"https:\/\/www.multigriffe.com\/#website"},"primaryImageOfPage":{"@id":"https:\/\/www.multigriffe.com\/de\/verarbeitungssektoren\/transfers-fuer-lebensmittel-und-verpackungsbehaelter\/#primaryimage"},"image":{"@id":"https:\/\/www.multigriffe.com\/de\/verarbeitungssektoren\/transfers-fuer-lebensmittel-und-verpackungsbehaelter\/#primaryimage"},"thumbnailUrl":"https:\/\/www.multigriffe.com\/wp-content\/uploads\/2019\/03\/Transfer-per-contenitori-alimenti-e-pack-02-1.jpg","datePublished":"2018-04-18T15:14:36+00:00","dateModified":"2025-10-23T15:39:20+00:00","breadcrumb":{"@id":"https:\/\/www.multigriffe.com\/de\/verarbeitungssektoren\/transfers-fuer-lebensmittel-und-verpackungsbehaelter\/#breadcrumb"},"inLanguage":"de","potentialAction":[{"@type":"ReadAction","target":["https:\/\/www.multigriffe.com\/de\/verarbeitungssektoren\/transfers-fuer-lebensmittel-und-verpackungsbehaelter\/"]}]},{"@type":"ImageObject","inLanguage":"de","@id":"https:\/\/www.multigriffe.com\/de\/verarbeitungssektoren\/transfers-fuer-lebensmittel-und-verpackungsbehaelter\/#primaryimage","url":"https:\/\/www.multigriffe.com\/wp-content\/uploads\/2019\/03\/Transfer-per-contenitori-alimenti-e-pack-02-1.jpg","contentUrl":"https:\/\/www.multigriffe.com\/wp-content\/uploads\/2019\/03\/Transfer-per-contenitori-alimenti-e-pack-02-1.jpg","width":2000,"height":1333},{"@type":"BreadcrumbList","@id":"https:\/\/www.multigriffe.com\/de\/verarbeitungssektoren\/transfers-fuer-lebensmittel-und-verpackungsbehaelter\/#breadcrumb","itemListElement":[{"@type":"ListItem","position":1,"name":"Home","item":"https:\/\/www.multigriffe.com\/de\/"},{"@type":"ListItem","position":2,"name":"Verarbeitungssektoren","item":"https:\/\/www.multigriffe.com\/de\/verarbeitungssektoren\/"},{"@type":"ListItem","position":3,"name":"Transfers f\u00fcr Lebensmittel- und Verpackungsbeh\u00e4lter"}]},{"@type":"WebSite","@id":"https:\/\/www.multigriffe.com\/#website","url":"https:\/\/www.multigriffe.com\/","name":"MultiGriffe","description":"Etichette Transfer a Caldo per Abbigliamento Calzatura Sport Vicenza","potentialAction":[{"@type":"SearchAction","target":{"@type":"EntryPoint","urlTemplate":"https:\/\/www.multigriffe.com\/?s={search_term_string}"},"query-input":{"@type":"PropertyValueSpecification","valueRequired":true,"valueName":"search_term_string"}}],"inLanguage":"de"}]}},"_links":{"self":[{"href":"https:\/\/www.multigriffe.com\/de\/wp-json\/wp\/v2\/pages\/68220","targetHints":{"allow":["GET"]}}],"collection":[{"href":"https:\/\/www.multigriffe.com\/de\/wp-json\/wp\/v2\/pages"}],"about":[{"href":"https:\/\/www.multigriffe.com\/de\/wp-json\/wp\/v2\/types\/page"}],"author":[{"embeddable":true,"href":"https:\/\/www.multigriffe.com\/de\/wp-json\/wp\/v2\/users\/2"}],"replies":[{"embeddable":true,"href":"https:\/\/www.multigriffe.com\/de\/wp-json\/wp\/v2\/comments?post=68220"}],"version-history":[{"count":3,"href":"https:\/\/www.multigriffe.com\/de\/wp-json\/wp\/v2\/pages\/68220\/revisions"}],"predecessor-version":[{"id":68422,"href":"https:\/\/www.multigriffe.com\/de\/wp-json\/wp\/v2\/pages\/68220\/revisions\/68422"}],"up":[{"embeddable":true,"href":"https:\/\/www.multigriffe.com\/de\/wp-json\/wp\/v2\/pages\/68255"}],"wp:featuredmedia":[{"embeddable":true,"href":"https:\/\/www.multigriffe.com\/de\/wp-json\/wp\/v2\/media\/68222"}],"wp:attachment":[{"href":"https:\/\/www.multigriffe.com\/de\/wp-json\/wp\/v2\/media?parent=68220"}],"curies":[{"name":"wp","href":"https:\/\/api.w.org\/{rel}","templated":true}]}}