{"id":68217,"date":"2018-04-18T17:13:40","date_gmt":"2018-04-18T15:13:40","guid":{"rendered":"https:\/\/www.multigriffe.com\/transfer-per-calzature\/"},"modified":"2026-02-25T13:09:39","modified_gmt":"2026-02-25T12:09:39","slug":"transfers-fuer-schuhe","status":"publish","type":"page","link":"https:\/\/www.multigriffe.com\/de\/verarbeitungssektoren\/transfers-fuer-schuhe\/","title":{"rendered":"Transfers f\u00fcr Schuhe"},"content":{"rendered":"<div class=\"wpb-content-wrapper\"><p>[vc_row][vc_column width=&#8220;1\/1&#8243;][vc_row_inner row_inner_height_percent=&#8220;0&#8243; overlay_alpha=&#8220;50&#8243; gutter_size=&#8220;4&#8243; shift_y=&#8220;0&#8243;][vc_column_inner column_width_percent=&#8220;100&#8243; gutter_size=&#8220;3&#8243; overlay_alpha=&#8220;50&#8243; shift_x=&#8220;0&#8243; shift_y=&#8220;0&#8243; shift_y_down=&#8220;0&#8243; z_index=&#8220;0&#8243; medium_width=&#8220;0&#8243; mobile_width=&#8220;0&#8243; width=&#8220;9\/12&#8243;][vc_empty_space empty_h=&#8220;2&#8243; medium_visibility=&#8220;yes&#8220; mobile_visibility=&#8220;yes&#8220;][vc_column_text uncode_shortcode_id=&#8220;113713&#8243;]Hei\u00dftransfers f\u00fcr die Schuhindustrie erm\u00f6glichen eine umfassende Personalisierung der verschiedenen inneren sowie \u00e4u\u00dferen Schuhkomponenten, die mit der W\u00e4rme des Fu\u00dfes in Kontakt kommen oder h\u00e4ufig Witterungseinfl\u00fcssen ausgesetzt sind. Je nach Position des Drucks und dessen Zweck (informativ oder dekorativ) stehen Lacke mit verschiedenen Eigenschaften und unterschiedlichen \u00e4sthetischen Endeffekten zur Verf\u00fcgung.<\/p>\n<p>Die wichtigsten Anwendungen betreffen die Herstellung von:<\/p>\n<p>TRANSFERS AUF INNEREN SCHUHKOMPONENTEN<\/p>\n<p>&#8211; Transfers f\u00fcr die gesamte Einlegesohle oder einen Teil davon mit Markenlogo und Gr\u00f6\u00dfenangabe, Hinweis \u201eMade in &#8230;\u201c sowie Materialzusammensetzung<\/p>\n<p>&#8211; Transfers f\u00fcr Laschen und Etiketten (Gr\u00f6\u00dfe und Zusammensetzung)<\/p>\n<p>TRANSFERS AUF \u00c4USSEREN SCHUHKOMPONENTEN<\/p>\n<p>&#8211; Transfers f\u00fcr die Realisierung von Metallic-, gl\u00e4nzenden, matten, goldenen Effekten usw.<\/p>\n<p>&#8211; Transfers zur Personalisierung der Sohle, der Seitenteile oder der Zehenschutzkappen aus Gummi und Polyurethan<\/p>\n<p>&#8211; Transfers f\u00fcr den Druck auf Gummistiefel<\/p>\n<p>&#8211; Relief-Transfers variabler St\u00e4rke und dreidimensionale Transfers<\/p>\n<p>&#8211; Transfers mit Glitzer- und Transparenzeffekten oder auf Farbbasis, gl\u00e4nzend oder matt<\/p>\n<p>Vorteile<\/p>\n<p>&#8211; Anwendung auf einer Vielzahl von Materialien: Leder, Stoff, Gummi, Kunststoffe usw.<\/p>\n<p>&#8211; Besonders schnelle Anwendung durch den Transfer auf Rolle mit Lichtschrankenablesung<\/p>\n<p>&#8211; Hitze- und Abriebfestigkeit<\/p>\n<p>&#8211; Maximale Farbbest\u00e4ndigkeit und Brillanz<\/p>\n<p>Die gefragtesten Produkte<\/p>\n<p>Transfers f\u00fcr Trekking- und Kletterschuhe<\/p>\n<p>Umfangreiche Personalisierung f\u00fcr Stoff- und Gummiteile, Frontkappen und Sohlen, seitliche Gummiteile, mit Relief-, Glanz-, Matt- oder Glitzereffekten usw.<\/p>\n<p>Besonders widerstandsf\u00e4hig gegen Abrieb und Witterungseinfl\u00fcsse.<\/p>\n<p>Transfers auf Wanderschuhen<\/p>\n<p>Realisierung von besonderen Glitzer-, Relief-, Metallic- und Reflexeffekten, matt oder gl\u00e4nzend.<\/p>\n<p>Transfers auf hochwertigen Modeschuhen<\/p>\n<p>Realisierung von besonderen Glitzer-, Relief- und Metallic-Effekten, matt oder gl\u00e4nzend.<\/p>\n<p>Transfers auf Arbeitsschuhen<\/p>\n<p>Realisierung von besonderen Relief-, Metallic- und Reflexeffekten, matt oder gl\u00e4nzend.<\/p>\n<p>Transfers auf Regengummistiefeln<\/p>\n<p>Besondere Farbbest\u00e4ndigkeit gegen Abrieb und Witterungseinfl\u00fcsse<br \/>\n[\/vc_column_text][vc_gallery el_id=&#8220;gallery-373336&#8243; medias=&#8220;68218,68899,68219,68900,68902,68901&#8243; gutter_size=&#8220;3&#8243; screen_lg=&#8220;1000&#8243; screen_md=&#8220;600&#8243; screen_sm=&#8220;480&#8243; single_overlay_opacity=&#8220;50&#8243; single_padding=&#8220;2&#8243; uncode_shortcode_id=&#8220;172482&#8243;][vc_button button_color=&#8220;color-wayh&#8220; border_animation=&#8220;btn-ripple-out&#8220; hover_fx=&#8220;full-colored&#8220; border_width=&#8220;0&#8243; link=&#8220;url:https%3A%2F%2Fwww.multigriffe.com%2Fde%2Fverarbeitungssektoren%2F|title:Verarbeitungssektoren&#8220; icon=&#8220;fa fa-chevron-left&#8220; button_color_type=&#8220;uncode-palette&#8220; uncode_shortcode_id=&#8220;131599&#8243;]Zur\u00fcck zu den Anwendungsbereichen[\/vc_button][vc_empty_space empty_h=&#8220;2&#8243; medium_visibility=&#8220;yes&#8220; mobile_visibility=&#8220;yes&#8220;][\/vc_column_inner][vc_column_inner column_width_percent=&#8220;100&#8243; gutter_size=&#8220;4&#8243; overlay_alpha=&#8220;50&#8243; shift_x=&#8220;0&#8243; shift_y=&#8220;0&#8243; shift_y_down=&#8220;0&#8243; z_index=&#8220;0&#8243; medium_width=&#8220;0&#8243; mobile_width=&#8220;0&#8243; sticky=&#8220;yes&#8220; width=&#8220;3\/12&#8243;][\/vc_column_inner][\/vc_row_inner][\/vc_column][\/vc_row]<\/p>\n<\/div>","protected":false},"excerpt":{"rendered":"<p>[vc_row][vc_column width=&#8220;1\/1&#8243;][vc_row_inner row_inner_height_percent=&#8220;0&#8243; overlay_alpha=&#8220;50&#8243; gutter_size=&#8220;4&#8243; shift_y=&#8220;0&#8243;][vc_column_inner column_width_percent=&#8220;100&#8243; gutter_size=&#8220;3&#8243; overlay_alpha=&#8220;50&#8243; shift_x=&#8220;0&#8243; shift_y=&#8220;0&#8243; shift_y_down=&#8220;0&#8243; z_index=&#8220;0&#8243; medium_width=&#8220;0&#8243; mobile_width=&#8220;0&#8243; width=&#8220;9\/12&#8243;][vc_empty_space empty_h=&#8220;2&#8243; medium_visibility=&#8220;yes&#8220; mobile_visibility=&#8220;yes&#8220;][vc_column_text uncode_shortcode_id=&#8220;113713&#8243;]Hei\u00dftransfers [&hellip;]<\/p>\n","protected":false},"author":2,"featured_media":68219,"parent":68255,"menu_order":7,"comment_status":"closed","ping_status":"closed","template":"","meta":{"footnotes":""},"class_list":["post-68217","page","type-page","status-publish","has-post-thumbnail","hentry","page_category-applicazione-de"],"yoast_head":"<!-- This site is optimized with the Yoast SEO plugin v27.0 - https:\/\/yoast.com\/product\/yoast-seo-wordpress\/ -->\n<title>Transfers f\u00fcr Schuhe - Hei\u00dftransfer-Etiketten Made in Italy<\/title>\n<meta name=\"robots\" content=\"index, follow, max-snippet:-1, max-image-preview:large, max-video-preview:-1\" \/>\n<link rel=\"canonical\" href=\"https:\/\/www.multigriffe.com\/de\/verarbeitungssektoren\/transfers-fuer-schuhe\/\" \/>\n<meta property=\"og:locale\" content=\"de_DE\" \/>\n<meta property=\"og:type\" content=\"article\" \/>\n<meta property=\"og:title\" content=\"Transfers f\u00fcr Schuhe - Hei\u00dftransfer-Etiketten Made in Italy\" \/>\n<meta property=\"og:description\" content=\"[vc_row][vc_column width=&#8220;1\/1&#8243;][vc_row_inner row_inner_height_percent=&#8220;0&#8243; overlay_alpha=&#8220;50&#8243; gutter_size=&#8220;4&#8243; shift_y=&#8220;0&#8243;][vc_column_inner column_width_percent=&#8220;100&#8243; gutter_size=&#8220;3&#8243; overlay_alpha=&#8220;50&#8243; shift_x=&#8220;0&#8243; shift_y=&#8220;0&#8243; shift_y_down=&#8220;0&#8243; z_index=&#8220;0&#8243; medium_width=&#8220;0&#8243; mobile_width=&#8220;0&#8243; width=&#8220;9\/12&#8243;][vc_empty_space empty_h=&#8220;2&#8243; medium_visibility=&#8220;yes&#8220; mobile_visibility=&#8220;yes&#8220;][vc_column_text uncode_shortcode_id=&#8220;113713&#8243;]Hei\u00dftransfers [&hellip;]\" \/>\n<meta property=\"og:url\" content=\"https:\/\/www.multigriffe.com\/de\/verarbeitungssektoren\/transfers-fuer-schuhe\/\" \/>\n<meta property=\"og:site_name\" content=\"MultiGriffe\" \/>\n<meta property=\"article:modified_time\" content=\"2026-02-25T12:09:39+00:00\" \/>\n<meta property=\"og:image\" content=\"https:\/\/www.multigriffe.com\/wp-content\/uploads\/2019\/03\/Transfer-per-calzature-03-1.jpg\" \/>\n\t<meta property=\"og:image:width\" content=\"2008\" \/>\n\t<meta property=\"og:image:height\" content=\"1339\" \/>\n\t<meta property=\"og:image:type\" content=\"image\/jpeg\" \/>\n<meta name=\"twitter:card\" content=\"summary_large_image\" \/>\n<meta name=\"twitter:label1\" content=\"Gesch\u00e4tzte Lesezeit\" \/>\n\t<meta name=\"twitter:data1\" content=\"2\u00a0Minuten\" \/>\n<script type=\"application\/ld+json\" class=\"yoast-schema-graph\">{\"@context\":\"https:\/\/schema.org\",\"@graph\":[{\"@type\":\"WebPage\",\"@id\":\"https:\/\/www.multigriffe.com\/de\/verarbeitungssektoren\/transfers-fuer-schuhe\/\",\"url\":\"https:\/\/www.multigriffe.com\/de\/verarbeitungssektoren\/transfers-fuer-schuhe\/\",\"name\":\"Transfers f\u00fcr Schuhe - Hei\u00dftransfer-Etiketten Made in Italy\",\"isPartOf\":{\"@id\":\"https:\/\/www.multigriffe.com\/#website\"},\"primaryImageOfPage\":{\"@id\":\"https:\/\/www.multigriffe.com\/de\/verarbeitungssektoren\/transfers-fuer-schuhe\/#primaryimage\"},\"image\":{\"@id\":\"https:\/\/www.multigriffe.com\/de\/verarbeitungssektoren\/transfers-fuer-schuhe\/#primaryimage\"},\"thumbnailUrl\":\"https:\/\/www.multigriffe.com\/wp-content\/uploads\/2019\/03\/Transfer-per-calzature-03-1.jpg\",\"datePublished\":\"2018-04-18T15:13:40+00:00\",\"dateModified\":\"2026-02-25T12:09:39+00:00\",\"breadcrumb\":{\"@id\":\"https:\/\/www.multigriffe.com\/de\/verarbeitungssektoren\/transfers-fuer-schuhe\/#breadcrumb\"},\"inLanguage\":\"de\",\"potentialAction\":[{\"@type\":\"ReadAction\",\"target\":[\"https:\/\/www.multigriffe.com\/de\/verarbeitungssektoren\/transfers-fuer-schuhe\/\"]}]},{\"@type\":\"ImageObject\",\"inLanguage\":\"de\",\"@id\":\"https:\/\/www.multigriffe.com\/de\/verarbeitungssektoren\/transfers-fuer-schuhe\/#primaryimage\",\"url\":\"https:\/\/www.multigriffe.com\/wp-content\/uploads\/2019\/03\/Transfer-per-calzature-03-1.jpg\",\"contentUrl\":\"https:\/\/www.multigriffe.com\/wp-content\/uploads\/2019\/03\/Transfer-per-calzature-03-1.jpg\",\"width\":2008,\"height\":1339},{\"@type\":\"BreadcrumbList\",\"@id\":\"https:\/\/www.multigriffe.com\/de\/verarbeitungssektoren\/transfers-fuer-schuhe\/#breadcrumb\",\"itemListElement\":[{\"@type\":\"ListItem\",\"position\":1,\"name\":\"Home\",\"item\":\"https:\/\/www.multigriffe.com\/de\/\"},{\"@type\":\"ListItem\",\"position\":2,\"name\":\"Verarbeitungssektoren\",\"item\":\"https:\/\/www.multigriffe.com\/de\/verarbeitungssektoren\/\"},{\"@type\":\"ListItem\",\"position\":3,\"name\":\"Transfers f\u00fcr Schuhe\"}]},{\"@type\":\"WebSite\",\"@id\":\"https:\/\/www.multigriffe.com\/#website\",\"url\":\"https:\/\/www.multigriffe.com\/\",\"name\":\"MultiGriffe\",\"description\":\"Etichette Transfer a Caldo per Abbigliamento Calzatura Sport Vicenza\",\"potentialAction\":[{\"@type\":\"SearchAction\",\"target\":{\"@type\":\"EntryPoint\",\"urlTemplate\":\"https:\/\/www.multigriffe.com\/?s={search_term_string}\"},\"query-input\":{\"@type\":\"PropertyValueSpecification\",\"valueRequired\":true,\"valueName\":\"search_term_string\"}}],\"inLanguage\":\"de\"}]}<\/script>\n<!-- \/ Yoast SEO plugin. -->","yoast_head_json":{"title":"Transfers f\u00fcr Schuhe - Hei\u00dftransfer-Etiketten Made in Italy","robots":{"index":"index","follow":"follow","max-snippet":"max-snippet:-1","max-image-preview":"max-image-preview:large","max-video-preview":"max-video-preview:-1"},"canonical":"https:\/\/www.multigriffe.com\/de\/verarbeitungssektoren\/transfers-fuer-schuhe\/","og_locale":"de_DE","og_type":"article","og_title":"Transfers f\u00fcr Schuhe - Hei\u00dftransfer-Etiketten Made in Italy","og_description":"[vc_row][vc_column width=&#8220;1\/1&#8243;][vc_row_inner row_inner_height_percent=&#8220;0&#8243; overlay_alpha=&#8220;50&#8243; gutter_size=&#8220;4&#8243; shift_y=&#8220;0&#8243;][vc_column_inner column_width_percent=&#8220;100&#8243; gutter_size=&#8220;3&#8243; overlay_alpha=&#8220;50&#8243; shift_x=&#8220;0&#8243; shift_y=&#8220;0&#8243; shift_y_down=&#8220;0&#8243; z_index=&#8220;0&#8243; medium_width=&#8220;0&#8243; mobile_width=&#8220;0&#8243; width=&#8220;9\/12&#8243;][vc_empty_space empty_h=&#8220;2&#8243; medium_visibility=&#8220;yes&#8220; mobile_visibility=&#8220;yes&#8220;][vc_column_text uncode_shortcode_id=&#8220;113713&#8243;]Hei\u00dftransfers [&hellip;]","og_url":"https:\/\/www.multigriffe.com\/de\/verarbeitungssektoren\/transfers-fuer-schuhe\/","og_site_name":"MultiGriffe","article_modified_time":"2026-02-25T12:09:39+00:00","og_image":[{"width":2008,"height":1339,"url":"https:\/\/www.multigriffe.com\/wp-content\/uploads\/2019\/03\/Transfer-per-calzature-03-1.jpg","type":"image\/jpeg"}],"twitter_card":"summary_large_image","twitter_misc":{"Gesch\u00e4tzte Lesezeit":"2\u00a0Minuten"},"schema":{"@context":"https:\/\/schema.org","@graph":[{"@type":"WebPage","@id":"https:\/\/www.multigriffe.com\/de\/verarbeitungssektoren\/transfers-fuer-schuhe\/","url":"https:\/\/www.multigriffe.com\/de\/verarbeitungssektoren\/transfers-fuer-schuhe\/","name":"Transfers f\u00fcr Schuhe - Hei\u00dftransfer-Etiketten Made in Italy","isPartOf":{"@id":"https:\/\/www.multigriffe.com\/#website"},"primaryImageOfPage":{"@id":"https:\/\/www.multigriffe.com\/de\/verarbeitungssektoren\/transfers-fuer-schuhe\/#primaryimage"},"image":{"@id":"https:\/\/www.multigriffe.com\/de\/verarbeitungssektoren\/transfers-fuer-schuhe\/#primaryimage"},"thumbnailUrl":"https:\/\/www.multigriffe.com\/wp-content\/uploads\/2019\/03\/Transfer-per-calzature-03-1.jpg","datePublished":"2018-04-18T15:13:40+00:00","dateModified":"2026-02-25T12:09:39+00:00","breadcrumb":{"@id":"https:\/\/www.multigriffe.com\/de\/verarbeitungssektoren\/transfers-fuer-schuhe\/#breadcrumb"},"inLanguage":"de","potentialAction":[{"@type":"ReadAction","target":["https:\/\/www.multigriffe.com\/de\/verarbeitungssektoren\/transfers-fuer-schuhe\/"]}]},{"@type":"ImageObject","inLanguage":"de","@id":"https:\/\/www.multigriffe.com\/de\/verarbeitungssektoren\/transfers-fuer-schuhe\/#primaryimage","url":"https:\/\/www.multigriffe.com\/wp-content\/uploads\/2019\/03\/Transfer-per-calzature-03-1.jpg","contentUrl":"https:\/\/www.multigriffe.com\/wp-content\/uploads\/2019\/03\/Transfer-per-calzature-03-1.jpg","width":2008,"height":1339},{"@type":"BreadcrumbList","@id":"https:\/\/www.multigriffe.com\/de\/verarbeitungssektoren\/transfers-fuer-schuhe\/#breadcrumb","itemListElement":[{"@type":"ListItem","position":1,"name":"Home","item":"https:\/\/www.multigriffe.com\/de\/"},{"@type":"ListItem","position":2,"name":"Verarbeitungssektoren","item":"https:\/\/www.multigriffe.com\/de\/verarbeitungssektoren\/"},{"@type":"ListItem","position":3,"name":"Transfers f\u00fcr Schuhe"}]},{"@type":"WebSite","@id":"https:\/\/www.multigriffe.com\/#website","url":"https:\/\/www.multigriffe.com\/","name":"MultiGriffe","description":"Etichette Transfer a Caldo per Abbigliamento Calzatura Sport Vicenza","potentialAction":[{"@type":"SearchAction","target":{"@type":"EntryPoint","urlTemplate":"https:\/\/www.multigriffe.com\/?s={search_term_string}"},"query-input":{"@type":"PropertyValueSpecification","valueRequired":true,"valueName":"search_term_string"}}],"inLanguage":"de"}]}},"_links":{"self":[{"href":"https:\/\/www.multigriffe.com\/de\/wp-json\/wp\/v2\/pages\/68217","targetHints":{"allow":["GET"]}}],"collection":[{"href":"https:\/\/www.multigriffe.com\/de\/wp-json\/wp\/v2\/pages"}],"about":[{"href":"https:\/\/www.multigriffe.com\/de\/wp-json\/wp\/v2\/types\/page"}],"author":[{"embeddable":true,"href":"https:\/\/www.multigriffe.com\/de\/wp-json\/wp\/v2\/users\/2"}],"replies":[{"embeddable":true,"href":"https:\/\/www.multigriffe.com\/de\/wp-json\/wp\/v2\/comments?post=68217"}],"version-history":[{"count":5,"href":"https:\/\/www.multigriffe.com\/de\/wp-json\/wp\/v2\/pages\/68217\/revisions"}],"predecessor-version":[{"id":68911,"href":"https:\/\/www.multigriffe.com\/de\/wp-json\/wp\/v2\/pages\/68217\/revisions\/68911"}],"up":[{"embeddable":true,"href":"https:\/\/www.multigriffe.com\/de\/wp-json\/wp\/v2\/pages\/68255"}],"wp:featuredmedia":[{"embeddable":true,"href":"https:\/\/www.multigriffe.com\/de\/wp-json\/wp\/v2\/media\/68219"}],"wp:attachment":[{"href":"https:\/\/www.multigriffe.com\/de\/wp-json\/wp\/v2\/media?parent=68217"}],"curies":[{"name":"wp","href":"https:\/\/api.w.org\/{rel}","templated":true}]}}