{"id":68203,"date":"2018-04-18T17:11:24","date_gmt":"2018-04-18T15:11:24","guid":{"rendered":"https:\/\/www.multigriffe.com\/transfer-per-appendini-per-capi-abbigliamento\/"},"modified":"2025-10-23T17:39:55","modified_gmt":"2025-10-23T15:39:55","slug":"transfers-fuer-kleiderbuegel","status":"publish","type":"page","link":"https:\/\/www.multigriffe.com\/de\/verarbeitungssektoren\/transfers-fuer-kleiderbuegel\/","title":{"rendered":"Transfers f\u00fcr Kleiderb\u00fcgel"},"content":{"rendered":"<div class=\"wpb-content-wrapper\"><p>[vc_row][vc_column width=&#8220;1\/1&#8243;][vc_row_inner row_inner_height_percent=&#8220;0&#8243; overlay_alpha=&#8220;50&#8243; gutter_size=&#8220;4&#8243; shift_y=&#8220;0&#8243;][vc_column_inner column_width_percent=&#8220;100&#8243; gutter_size=&#8220;3&#8243; overlay_alpha=&#8220;50&#8243; shift_x=&#8220;0&#8243; shift_y=&#8220;0&#8243; shift_y_down=&#8220;0&#8243; z_index=&#8220;0&#8243; medium_width=&#8220;0&#8243; mobile_width=&#8220;0&#8243; width=&#8220;9\/12&#8243;][vc_empty_space empty_h=&#8220;2&#8243; medium_visibility=&#8220;yes&#8220; mobile_visibility=&#8220;yes&#8220;][vc_column_text uncode_shortcode_id=&#8220;274352&#8243;]Die Personalisierung von Kleiderb\u00fcgeln ist eine der traditionellsten Formen individueller Gestaltung, die dank der Transferdruck-Technik die Branche der Modekleiderb\u00fcgel und anderer Tr\u00e4ger f\u00fcr die Pr\u00e4sentation von Bekleidung und Accessoires revolutioniert hat. Es stehen verschiedene Kombinationen f\u00fcr eine maximale Personalisierung entsprechend Ihrem pers\u00f6nlichen Stil zur Verf\u00fcgung, darunter zahlreiche Texturen und Farben, mit der M\u00f6glichkeit, spezielle Veredelungen und nat\u00fcrlich Ihr Logo als Relief oder auf der Oberfl\u00e4che hinzuzuf\u00fcgen.<\/p>\n<p>Vorteile<\/p>\n<p>&#8211; Maximale Personalisierung bei der Auswahl der Farbe und der sogar lackierbaren Endeffekte<\/p>\n<p>&#8211; Best\u00e4ndigkeit gegen Abrieb und Witterungseinfl\u00fcsse<\/p>\n<p>&#8211; Hervorragende Ergebnisse und maximale Haftung auf allen Oberfl\u00e4chen, selbst auf Holz<\/p>\n<p>Die gefragtesten Produkte<\/p>\n<p>Rutschfeste Kleiderb\u00fcgel mit Softtouch-Beschichtung<\/p>\n<p>Kleiderb\u00fcgel aus beflocktem Samt<\/p>\n<p>Kunststoffkleiderb\u00fcgel<\/p>\n<p>Holzkleiderb\u00fcgel<\/p>\n<p>Lackierte Kleiderb\u00fcgel<\/p>\n<p>Lackierbare Kleiderb\u00fcgel<\/p>\n<p>[\/vc_column_text][vc_gallery el_id=&#8220;gallery-373336&#8243; medias=&#8220;66376,66377,66378,66379&#8243; gutter_size=&#8220;3&#8243; screen_lg=&#8220;1000&#8243; screen_md=&#8220;600&#8243; screen_sm=&#8220;480&#8243; images_size=&#8220;three-two&#8220; single_overlay_opacity=&#8220;50&#8243; single_padding=&#8220;2&#8243;][vc_button button_color=&#8220;color-wayh&#8220; border_animation=&#8220;btn-ripple-out&#8220; hover_fx=&#8220;full-colored&#8220; border_width=&#8220;0&#8243; link=&#8220;url:https%3A%2F%2Fwww.multigriffe.com%2Fde%2Fverarbeitungssektoren%2F|title:Verarbeitungssektoren&#8220; icon=&#8220;fa fa-chevron-left&#8220; button_color_type=&#8220;uncode-palette&#8220; uncode_shortcode_id=&#8220;323528&#8243;]Zur\u00fcck zu den Anwendungsbereichen[\/vc_button][vc_empty_space empty_h=&#8220;2&#8243; medium_visibility=&#8220;yes&#8220; mobile_visibility=&#8220;yes&#8220;][\/vc_column_inner][vc_column_inner column_width_percent=&#8220;100&#8243; gutter_size=&#8220;4&#8243; overlay_alpha=&#8220;50&#8243; shift_x=&#8220;0&#8243; shift_y=&#8220;0&#8243; shift_y_down=&#8220;0&#8243; z_index=&#8220;0&#8243; medium_width=&#8220;0&#8243; mobile_width=&#8220;0&#8243; sticky=&#8220;yes&#8220; width=&#8220;3\/12&#8243;][\/vc_column_inner][\/vc_row_inner][\/vc_column][\/vc_row]<\/p>\n<\/div>","protected":false},"excerpt":{"rendered":"<p>[vc_row][vc_column width=&#8220;1\/1&#8243;][vc_row_inner row_inner_height_percent=&#8220;0&#8243; overlay_alpha=&#8220;50&#8243; gutter_size=&#8220;4&#8243; shift_y=&#8220;0&#8243;][vc_column_inner column_width_percent=&#8220;100&#8243; gutter_size=&#8220;3&#8243; overlay_alpha=&#8220;50&#8243; shift_x=&#8220;0&#8243; shift_y=&#8220;0&#8243; shift_y_down=&#8220;0&#8243; z_index=&#8220;0&#8243; medium_width=&#8220;0&#8243; mobile_width=&#8220;0&#8243; width=&#8220;9\/12&#8243;][vc_empty_space empty_h=&#8220;2&#8243; medium_visibility=&#8220;yes&#8220; mobile_visibility=&#8220;yes&#8220;][vc_column_text uncode_shortcode_id=&#8220;274352&#8243;]Die [&hellip;]<\/p>\n","protected":false},"author":2,"featured_media":68205,"parent":68255,"menu_order":4,"comment_status":"closed","ping_status":"closed","template":"","meta":{"footnotes":""},"class_list":["post-68203","page","type-page","status-publish","has-post-thumbnail","hentry","page_category-applicazione-de"],"yoast_head":"<!-- This site is optimized with the Yoast SEO plugin v27.0 - https:\/\/yoast.com\/product\/yoast-seo-wordpress\/ -->\n<title>Transfers f\u00fcr Kleiderb\u00fcgel - Hei\u00dftransfer-Etiketten Made in Italy<\/title>\n<meta name=\"robots\" content=\"index, follow, max-snippet:-1, max-image-preview:large, max-video-preview:-1\" \/>\n<link rel=\"canonical\" href=\"https:\/\/www.multigriffe.com\/settori-di-applicazione\/transfer-per-appendini-per-capi-abbigliamento\/\" \/>\n<meta property=\"og:locale\" content=\"de_DE\" \/>\n<meta property=\"og:type\" content=\"article\" \/>\n<meta property=\"og:title\" content=\"Transfers f\u00fcr Kleiderb\u00fcgel - Hei\u00dftransfer-Etiketten Made in Italy\" \/>\n<meta property=\"og:description\" content=\"[vc_row][vc_column width=&#8220;1\/1&#8243;][vc_row_inner row_inner_height_percent=&#8220;0&#8243; overlay_alpha=&#8220;50&#8243; gutter_size=&#8220;4&#8243; shift_y=&#8220;0&#8243;][vc_column_inner column_width_percent=&#8220;100&#8243; gutter_size=&#8220;3&#8243; overlay_alpha=&#8220;50&#8243; shift_x=&#8220;0&#8243; shift_y=&#8220;0&#8243; shift_y_down=&#8220;0&#8243; z_index=&#8220;0&#8243; medium_width=&#8220;0&#8243; mobile_width=&#8220;0&#8243; width=&#8220;9\/12&#8243;][vc_empty_space empty_h=&#8220;2&#8243; medium_visibility=&#8220;yes&#8220; mobile_visibility=&#8220;yes&#8220;][vc_column_text uncode_shortcode_id=&#8220;274352&#8243;]Die [&hellip;]\" \/>\n<meta property=\"og:url\" content=\"https:\/\/www.multigriffe.com\/settori-di-applicazione\/transfer-per-appendini-per-capi-abbigliamento\/\" \/>\n<meta property=\"og:site_name\" content=\"MultiGriffe\" \/>\n<meta property=\"article:modified_time\" content=\"2025-10-23T15:39:55+00:00\" \/>\n<meta property=\"og:image\" content=\"https:\/\/www.multigriffe.com\/wp-content\/uploads\/2019\/03\/Transfer-per-capi-abbigliamento-03-1.jpg\" \/>\n\t<meta property=\"og:image:width\" content=\"2155\" \/>\n\t<meta property=\"og:image:height\" content=\"1437\" \/>\n\t<meta property=\"og:image:type\" content=\"image\/jpeg\" \/>\n<meta name=\"twitter:card\" content=\"summary_large_image\" \/>\n<meta name=\"twitter:label1\" content=\"Gesch\u00e4tzte Lesezeit\" \/>\n\t<meta name=\"twitter:data1\" content=\"2\u00a0Minuten\" \/>\n<script type=\"application\/ld+json\" class=\"yoast-schema-graph\">{\"@context\":\"https:\/\/schema.org\",\"@graph\":[{\"@type\":\"WebPage\",\"@id\":\"https:\/\/www.multigriffe.com\/settori-di-applicazione\/transfer-per-appendini-per-capi-abbigliamento\/\",\"url\":\"https:\/\/www.multigriffe.com\/settori-di-applicazione\/transfer-per-appendini-per-capi-abbigliamento\/\",\"name\":\"Transfers f\u00fcr Kleiderb\u00fcgel - Hei\u00dftransfer-Etiketten Made in Italy\",\"isPartOf\":{\"@id\":\"https:\/\/www.multigriffe.com\/#website\"},\"primaryImageOfPage\":{\"@id\":\"https:\/\/www.multigriffe.com\/settori-di-applicazione\/transfer-per-appendini-per-capi-abbigliamento\/#primaryimage\"},\"image\":{\"@id\":\"https:\/\/www.multigriffe.com\/settori-di-applicazione\/transfer-per-appendini-per-capi-abbigliamento\/#primaryimage\"},\"thumbnailUrl\":\"https:\/\/www.multigriffe.com\/wp-content\/uploads\/2019\/03\/Transfer-per-capi-abbigliamento-03-1.jpg\",\"datePublished\":\"2018-04-18T15:11:24+00:00\",\"dateModified\":\"2025-10-23T15:39:55+00:00\",\"breadcrumb\":{\"@id\":\"https:\/\/www.multigriffe.com\/settori-di-applicazione\/transfer-per-appendini-per-capi-abbigliamento\/#breadcrumb\"},\"inLanguage\":\"de\",\"potentialAction\":[{\"@type\":\"ReadAction\",\"target\":[\"https:\/\/www.multigriffe.com\/settori-di-applicazione\/transfer-per-appendini-per-capi-abbigliamento\/\"]}]},{\"@type\":\"ImageObject\",\"inLanguage\":\"de\",\"@id\":\"https:\/\/www.multigriffe.com\/settori-di-applicazione\/transfer-per-appendini-per-capi-abbigliamento\/#primaryimage\",\"url\":\"https:\/\/www.multigriffe.com\/wp-content\/uploads\/2019\/03\/Transfer-per-capi-abbigliamento-03-1.jpg\",\"contentUrl\":\"https:\/\/www.multigriffe.com\/wp-content\/uploads\/2019\/03\/Transfer-per-capi-abbigliamento-03-1.jpg\",\"width\":2155,\"height\":1437},{\"@type\":\"BreadcrumbList\",\"@id\":\"https:\/\/www.multigriffe.com\/settori-di-applicazione\/transfer-per-appendini-per-capi-abbigliamento\/#breadcrumb\",\"itemListElement\":[{\"@type\":\"ListItem\",\"position\":1,\"name\":\"Home\",\"item\":\"https:\/\/www.multigriffe.com\/de\/\"},{\"@type\":\"ListItem\",\"position\":2,\"name\":\"Verarbeitungssektoren\",\"item\":\"https:\/\/www.multigriffe.com\/de\/verarbeitungssektoren\/\"},{\"@type\":\"ListItem\",\"position\":3,\"name\":\"Transfers f\u00fcr Kleiderb\u00fcgel\"}]},{\"@type\":\"WebSite\",\"@id\":\"https:\/\/www.multigriffe.com\/#website\",\"url\":\"https:\/\/www.multigriffe.com\/\",\"name\":\"MultiGriffe\",\"description\":\"Etichette Transfer a Caldo per Abbigliamento Calzatura Sport Vicenza\",\"potentialAction\":[{\"@type\":\"SearchAction\",\"target\":{\"@type\":\"EntryPoint\",\"urlTemplate\":\"https:\/\/www.multigriffe.com\/?s={search_term_string}\"},\"query-input\":{\"@type\":\"PropertyValueSpecification\",\"valueRequired\":true,\"valueName\":\"search_term_string\"}}],\"inLanguage\":\"de\"}]}<\/script>\n<!-- \/ Yoast SEO plugin. -->","yoast_head_json":{"title":"Transfers f\u00fcr Kleiderb\u00fcgel - Hei\u00dftransfer-Etiketten Made in Italy","robots":{"index":"index","follow":"follow","max-snippet":"max-snippet:-1","max-image-preview":"max-image-preview:large","max-video-preview":"max-video-preview:-1"},"canonical":"https:\/\/www.multigriffe.com\/settori-di-applicazione\/transfer-per-appendini-per-capi-abbigliamento\/","og_locale":"de_DE","og_type":"article","og_title":"Transfers f\u00fcr Kleiderb\u00fcgel - Hei\u00dftransfer-Etiketten Made in Italy","og_description":"[vc_row][vc_column width=&#8220;1\/1&#8243;][vc_row_inner row_inner_height_percent=&#8220;0&#8243; overlay_alpha=&#8220;50&#8243; gutter_size=&#8220;4&#8243; shift_y=&#8220;0&#8243;][vc_column_inner column_width_percent=&#8220;100&#8243; gutter_size=&#8220;3&#8243; overlay_alpha=&#8220;50&#8243; shift_x=&#8220;0&#8243; shift_y=&#8220;0&#8243; shift_y_down=&#8220;0&#8243; z_index=&#8220;0&#8243; medium_width=&#8220;0&#8243; mobile_width=&#8220;0&#8243; width=&#8220;9\/12&#8243;][vc_empty_space empty_h=&#8220;2&#8243; medium_visibility=&#8220;yes&#8220; mobile_visibility=&#8220;yes&#8220;][vc_column_text uncode_shortcode_id=&#8220;274352&#8243;]Die [&hellip;]","og_url":"https:\/\/www.multigriffe.com\/settori-di-applicazione\/transfer-per-appendini-per-capi-abbigliamento\/","og_site_name":"MultiGriffe","article_modified_time":"2025-10-23T15:39:55+00:00","og_image":[{"width":2155,"height":1437,"url":"https:\/\/www.multigriffe.com\/wp-content\/uploads\/2019\/03\/Transfer-per-capi-abbigliamento-03-1.jpg","type":"image\/jpeg"}],"twitter_card":"summary_large_image","twitter_misc":{"Gesch\u00e4tzte Lesezeit":"2\u00a0Minuten"},"schema":{"@context":"https:\/\/schema.org","@graph":[{"@type":"WebPage","@id":"https:\/\/www.multigriffe.com\/settori-di-applicazione\/transfer-per-appendini-per-capi-abbigliamento\/","url":"https:\/\/www.multigriffe.com\/settori-di-applicazione\/transfer-per-appendini-per-capi-abbigliamento\/","name":"Transfers f\u00fcr Kleiderb\u00fcgel - Hei\u00dftransfer-Etiketten Made in Italy","isPartOf":{"@id":"https:\/\/www.multigriffe.com\/#website"},"primaryImageOfPage":{"@id":"https:\/\/www.multigriffe.com\/settori-di-applicazione\/transfer-per-appendini-per-capi-abbigliamento\/#primaryimage"},"image":{"@id":"https:\/\/www.multigriffe.com\/settori-di-applicazione\/transfer-per-appendini-per-capi-abbigliamento\/#primaryimage"},"thumbnailUrl":"https:\/\/www.multigriffe.com\/wp-content\/uploads\/2019\/03\/Transfer-per-capi-abbigliamento-03-1.jpg","datePublished":"2018-04-18T15:11:24+00:00","dateModified":"2025-10-23T15:39:55+00:00","breadcrumb":{"@id":"https:\/\/www.multigriffe.com\/settori-di-applicazione\/transfer-per-appendini-per-capi-abbigliamento\/#breadcrumb"},"inLanguage":"de","potentialAction":[{"@type":"ReadAction","target":["https:\/\/www.multigriffe.com\/settori-di-applicazione\/transfer-per-appendini-per-capi-abbigliamento\/"]}]},{"@type":"ImageObject","inLanguage":"de","@id":"https:\/\/www.multigriffe.com\/settori-di-applicazione\/transfer-per-appendini-per-capi-abbigliamento\/#primaryimage","url":"https:\/\/www.multigriffe.com\/wp-content\/uploads\/2019\/03\/Transfer-per-capi-abbigliamento-03-1.jpg","contentUrl":"https:\/\/www.multigriffe.com\/wp-content\/uploads\/2019\/03\/Transfer-per-capi-abbigliamento-03-1.jpg","width":2155,"height":1437},{"@type":"BreadcrumbList","@id":"https:\/\/www.multigriffe.com\/settori-di-applicazione\/transfer-per-appendini-per-capi-abbigliamento\/#breadcrumb","itemListElement":[{"@type":"ListItem","position":1,"name":"Home","item":"https:\/\/www.multigriffe.com\/de\/"},{"@type":"ListItem","position":2,"name":"Verarbeitungssektoren","item":"https:\/\/www.multigriffe.com\/de\/verarbeitungssektoren\/"},{"@type":"ListItem","position":3,"name":"Transfers f\u00fcr Kleiderb\u00fcgel"}]},{"@type":"WebSite","@id":"https:\/\/www.multigriffe.com\/#website","url":"https:\/\/www.multigriffe.com\/","name":"MultiGriffe","description":"Etichette Transfer a Caldo per Abbigliamento Calzatura Sport Vicenza","potentialAction":[{"@type":"SearchAction","target":{"@type":"EntryPoint","urlTemplate":"https:\/\/www.multigriffe.com\/?s={search_term_string}"},"query-input":{"@type":"PropertyValueSpecification","valueRequired":true,"valueName":"search_term_string"}}],"inLanguage":"de"}]}},"_links":{"self":[{"href":"https:\/\/www.multigriffe.com\/de\/wp-json\/wp\/v2\/pages\/68203","targetHints":{"allow":["GET"]}}],"collection":[{"href":"https:\/\/www.multigriffe.com\/de\/wp-json\/wp\/v2\/pages"}],"about":[{"href":"https:\/\/www.multigriffe.com\/de\/wp-json\/wp\/v2\/types\/page"}],"author":[{"embeddable":true,"href":"https:\/\/www.multigriffe.com\/de\/wp-json\/wp\/v2\/users\/2"}],"replies":[{"embeddable":true,"href":"https:\/\/www.multigriffe.com\/de\/wp-json\/wp\/v2\/comments?post=68203"}],"version-history":[{"count":3,"href":"https:\/\/www.multigriffe.com\/de\/wp-json\/wp\/v2\/pages\/68203\/revisions"}],"predecessor-version":[{"id":68415,"href":"https:\/\/www.multigriffe.com\/de\/wp-json\/wp\/v2\/pages\/68203\/revisions\/68415"}],"up":[{"embeddable":true,"href":"https:\/\/www.multigriffe.com\/de\/wp-json\/wp\/v2\/pages\/68255"}],"wp:featuredmedia":[{"embeddable":true,"href":"https:\/\/www.multigriffe.com\/de\/wp-json\/wp\/v2\/media\/68205"}],"wp:attachment":[{"href":"https:\/\/www.multigriffe.com\/de\/wp-json\/wp\/v2\/media?parent=68203"}],"curies":[{"name":"wp","href":"https:\/\/api.w.org\/{rel}","templated":true}]}}