{"id":68199,"date":"2018-04-18T17:10:32","date_gmt":"2018-04-18T15:10:32","guid":{"rendered":"https:\/\/www.multigriffe.com\/transfer-per-abbigliamento-in-pelle\/"},"modified":"2025-10-23T17:39:59","modified_gmt":"2025-10-23T15:39:59","slug":"transfers-fuer-lederkleidung","status":"publish","type":"page","link":"https:\/\/www.multigriffe.com\/de\/verarbeitungssektoren\/transfers-fuer-lederkleidung\/","title":{"rendered":"Transfers f\u00fcr Lederkleidung"},"content":{"rendered":"<div class=\"wpb-content-wrapper\"><p>[vc_row][vc_column width=&#8220;1\/1&#8243;][vc_row_inner row_inner_height_percent=&#8220;0&#8243; overlay_alpha=&#8220;50&#8243; gutter_size=&#8220;4&#8243; shift_y=&#8220;0&#8243;][vc_column_inner column_width_percent=&#8220;100&#8243; gutter_size=&#8220;3&#8243; overlay_alpha=&#8220;50&#8243; shift_x=&#8220;0&#8243; shift_y=&#8220;0&#8243; shift_y_down=&#8220;0&#8243; z_index=&#8220;0&#8243; medium_width=&#8220;0&#8243; mobile_width=&#8220;0&#8243; width=&#8220;9\/12&#8243;][vc_empty_space empty_h=&#8220;2&#8243; medium_visibility=&#8220;yes&#8220; mobile_visibility=&#8220;yes&#8220;][vc_column_text uncode_shortcode_id=&#8220;645025&#8243;]Wir produzieren und bringen Transferetiketten auf allen Arten von Leder, Kunstleder und Wildleder an. Die Drucke haften dank der besonderen Flexibilit\u00e4t und Anpassungsf\u00e4higkeit der Lacke und ihrer hohen Haftkraft perfekt auf den Oberfl\u00e4chen. Diese Art von Transfer betrifft vor allem die Personalisierung der Produkte zu \u00e4sthetischen Zwecken, dank der gro\u00dfen Auswahl an zahlreichen Modeeffekten: Metallic-Effekte, gl\u00e4nzende\/matte Effekte, Relieftexturen, Flock- und Glitzereffekte. Die gro\u00dfe personalisierbare Oberfl\u00e4che von Artikeln wie Taschen und Lederjacken gestattet zudem die Realisierung von eindrucksvollen Bildern und Fotodrucken mit leuchtenden und best\u00e4ndigen Farben.<\/p>\n<p>Vorteile<\/p>\n<p>&#8211; Besonders widerstandsf\u00e4hig gegen Abrieb und Witterungseinfl\u00fcsse, Schwei\u00df und Reibung.<\/p>\n<p>&#8211; Die Farben decken perfekt, auch auf dunklerem Leder.<\/p>\n<p>&#8211; Langanhaltende Farbbest\u00e4ndigkeit.<\/p>\n<p>&#8211; Haftet auch auf Kunstleder und Leder mittlerer und geringer Qualit\u00e4t und erh\u00f6ht deren Wert und Optik.<\/p>\n<p>&#8211; Vertr\u00e4glich mit besonders fettigem und behandeltem Leder<\/p>\n<p>Die gefragtesten Produkte<\/p>\n<p>Transfers f\u00fcr Leder- und Kunstlederjacken<\/p>\n<p>Transfers f\u00fcr Leder- und Kunstledertaschen<br \/>\n[\/vc_column_text][vc_gallery el_id=&#8220;gallery-373336&#8243; medias=&#8220;66371,66372,66373,66374&#8243; gutter_size=&#8220;3&#8243; screen_lg=&#8220;1000&#8243; screen_md=&#8220;600&#8243; screen_sm=&#8220;480&#8243; images_size=&#8220;three-two&#8220; single_overlay_opacity=&#8220;50&#8243; single_padding=&#8220;2&#8243;][vc_button button_color=&#8220;color-wayh&#8220; border_animation=&#8220;btn-ripple-out&#8220; hover_fx=&#8220;full-colored&#8220; border_width=&#8220;0&#8243; link=&#8220;url:https%3A%2F%2Fwww.multigriffe.com%2Fde%2Fverarbeitungssektoren%2F|title:Verarbeitungssektoren&#8220; icon=&#8220;fa fa-chevron-left&#8220; button_color_type=&#8220;uncode-palette&#8220; uncode_shortcode_id=&#8220;117291&#8243;]Zur\u00fcck zu den Anwendungsbereichen[\/vc_button][vc_empty_space empty_h=&#8220;2&#8243; medium_visibility=&#8220;yes&#8220; mobile_visibility=&#8220;yes&#8220;][\/vc_column_inner][vc_column_inner column_width_percent=&#8220;100&#8243; gutter_size=&#8220;4&#8243; overlay_alpha=&#8220;50&#8243; shift_x=&#8220;0&#8243; shift_y=&#8220;0&#8243; shift_y_down=&#8220;0&#8243; z_index=&#8220;0&#8243; medium_width=&#8220;0&#8243; mobile_width=&#8220;0&#8243; sticky=&#8220;yes&#8220; width=&#8220;3\/12&#8243;][\/vc_column_inner][\/vc_row_inner][\/vc_column][\/vc_row]<\/p>\n<\/div>","protected":false},"excerpt":{"rendered":"<p>[vc_row][vc_column width=&#8220;1\/1&#8243;][vc_row_inner row_inner_height_percent=&#8220;0&#8243; overlay_alpha=&#8220;50&#8243; gutter_size=&#8220;4&#8243; shift_y=&#8220;0&#8243;][vc_column_inner column_width_percent=&#8220;100&#8243; gutter_size=&#8220;3&#8243; overlay_alpha=&#8220;50&#8243; shift_x=&#8220;0&#8243; shift_y=&#8220;0&#8243; shift_y_down=&#8220;0&#8243; z_index=&#8220;0&#8243; medium_width=&#8220;0&#8243; mobile_width=&#8220;0&#8243; width=&#8220;9\/12&#8243;][vc_empty_space empty_h=&#8220;2&#8243; medium_visibility=&#8220;yes&#8220; mobile_visibility=&#8220;yes&#8220;][vc_column_text uncode_shortcode_id=&#8220;645025&#8243;]Wir [&hellip;]<\/p>\n","protected":false},"author":2,"featured_media":68201,"parent":68255,"menu_order":3,"comment_status":"closed","ping_status":"closed","template":"","meta":{"footnotes":""},"class_list":["post-68199","page","type-page","status-publish","has-post-thumbnail","hentry","page_category-applicazione-de"],"yoast_head":"<!-- This site is optimized with the Yoast SEO plugin v27.0 - https:\/\/yoast.com\/product\/yoast-seo-wordpress\/ -->\n<title>Transfers f\u00fcr Lederkleidung - Hei\u00dftransfer-Etiketten Made in Italy<\/title>\n<meta name=\"robots\" content=\"index, follow, max-snippet:-1, max-image-preview:large, max-video-preview:-1\" \/>\n<link rel=\"canonical\" href=\"https:\/\/www.multigriffe.com\/settori-di-applicazione\/transfer-per-abbigliamento-in-pelle\/\" \/>\n<meta property=\"og:locale\" content=\"de_DE\" \/>\n<meta property=\"og:type\" content=\"article\" \/>\n<meta property=\"og:title\" content=\"Transfers f\u00fcr Lederkleidung - Hei\u00dftransfer-Etiketten Made in Italy\" \/>\n<meta property=\"og:description\" content=\"[vc_row][vc_column width=&#8220;1\/1&#8243;][vc_row_inner row_inner_height_percent=&#8220;0&#8243; overlay_alpha=&#8220;50&#8243; gutter_size=&#8220;4&#8243; shift_y=&#8220;0&#8243;][vc_column_inner column_width_percent=&#8220;100&#8243; gutter_size=&#8220;3&#8243; overlay_alpha=&#8220;50&#8243; shift_x=&#8220;0&#8243; shift_y=&#8220;0&#8243; shift_y_down=&#8220;0&#8243; z_index=&#8220;0&#8243; medium_width=&#8220;0&#8243; mobile_width=&#8220;0&#8243; width=&#8220;9\/12&#8243;][vc_empty_space empty_h=&#8220;2&#8243; medium_visibility=&#8220;yes&#8220; mobile_visibility=&#8220;yes&#8220;][vc_column_text uncode_shortcode_id=&#8220;645025&#8243;]Wir [&hellip;]\" \/>\n<meta property=\"og:url\" content=\"https:\/\/www.multigriffe.com\/settori-di-applicazione\/transfer-per-abbigliamento-in-pelle\/\" \/>\n<meta property=\"og:site_name\" content=\"MultiGriffe\" \/>\n<meta property=\"article:modified_time\" content=\"2025-10-23T15:39:59+00:00\" \/>\n<meta property=\"og:image\" content=\"https:\/\/www.multigriffe.com\/wp-content\/uploads\/2019\/03\/Transfer-per-abbigliamento-in-pelle-04-1.jpg\" \/>\n\t<meta property=\"og:image:width\" content=\"1959\" \/>\n\t<meta property=\"og:image:height\" content=\"1306\" \/>\n\t<meta property=\"og:image:type\" content=\"image\/jpeg\" \/>\n<meta name=\"twitter:card\" content=\"summary_large_image\" \/>\n<meta name=\"twitter:label1\" content=\"Gesch\u00e4tzte Lesezeit\" \/>\n\t<meta name=\"twitter:data1\" content=\"2\u00a0Minuten\" \/>\n<script type=\"application\/ld+json\" class=\"yoast-schema-graph\">{\"@context\":\"https:\/\/schema.org\",\"@graph\":[{\"@type\":\"WebPage\",\"@id\":\"https:\/\/www.multigriffe.com\/settori-di-applicazione\/transfer-per-abbigliamento-in-pelle\/\",\"url\":\"https:\/\/www.multigriffe.com\/settori-di-applicazione\/transfer-per-abbigliamento-in-pelle\/\",\"name\":\"Transfers f\u00fcr Lederkleidung - Hei\u00dftransfer-Etiketten Made in Italy\",\"isPartOf\":{\"@id\":\"https:\/\/www.multigriffe.com\/#website\"},\"primaryImageOfPage\":{\"@id\":\"https:\/\/www.multigriffe.com\/settori-di-applicazione\/transfer-per-abbigliamento-in-pelle\/#primaryimage\"},\"image\":{\"@id\":\"https:\/\/www.multigriffe.com\/settori-di-applicazione\/transfer-per-abbigliamento-in-pelle\/#primaryimage\"},\"thumbnailUrl\":\"https:\/\/www.multigriffe.com\/wp-content\/uploads\/2019\/03\/Transfer-per-abbigliamento-in-pelle-04-1.jpg\",\"datePublished\":\"2018-04-18T15:10:32+00:00\",\"dateModified\":\"2025-10-23T15:39:59+00:00\",\"breadcrumb\":{\"@id\":\"https:\/\/www.multigriffe.com\/settori-di-applicazione\/transfer-per-abbigliamento-in-pelle\/#breadcrumb\"},\"inLanguage\":\"de\",\"potentialAction\":[{\"@type\":\"ReadAction\",\"target\":[\"https:\/\/www.multigriffe.com\/settori-di-applicazione\/transfer-per-abbigliamento-in-pelle\/\"]}]},{\"@type\":\"ImageObject\",\"inLanguage\":\"de\",\"@id\":\"https:\/\/www.multigriffe.com\/settori-di-applicazione\/transfer-per-abbigliamento-in-pelle\/#primaryimage\",\"url\":\"https:\/\/www.multigriffe.com\/wp-content\/uploads\/2019\/03\/Transfer-per-abbigliamento-in-pelle-04-1.jpg\",\"contentUrl\":\"https:\/\/www.multigriffe.com\/wp-content\/uploads\/2019\/03\/Transfer-per-abbigliamento-in-pelle-04-1.jpg\",\"width\":1959,\"height\":1306},{\"@type\":\"BreadcrumbList\",\"@id\":\"https:\/\/www.multigriffe.com\/settori-di-applicazione\/transfer-per-abbigliamento-in-pelle\/#breadcrumb\",\"itemListElement\":[{\"@type\":\"ListItem\",\"position\":1,\"name\":\"Home\",\"item\":\"https:\/\/www.multigriffe.com\/de\/\"},{\"@type\":\"ListItem\",\"position\":2,\"name\":\"Verarbeitungssektoren\",\"item\":\"https:\/\/www.multigriffe.com\/de\/verarbeitungssektoren\/\"},{\"@type\":\"ListItem\",\"position\":3,\"name\":\"Transfers f\u00fcr Lederkleidung\"}]},{\"@type\":\"WebSite\",\"@id\":\"https:\/\/www.multigriffe.com\/#website\",\"url\":\"https:\/\/www.multigriffe.com\/\",\"name\":\"MultiGriffe\",\"description\":\"Etichette Transfer a Caldo per Abbigliamento Calzatura Sport Vicenza\",\"potentialAction\":[{\"@type\":\"SearchAction\",\"target\":{\"@type\":\"EntryPoint\",\"urlTemplate\":\"https:\/\/www.multigriffe.com\/?s={search_term_string}\"},\"query-input\":{\"@type\":\"PropertyValueSpecification\",\"valueRequired\":true,\"valueName\":\"search_term_string\"}}],\"inLanguage\":\"de\"}]}<\/script>\n<!-- \/ Yoast SEO plugin. -->","yoast_head_json":{"title":"Transfers f\u00fcr Lederkleidung - Hei\u00dftransfer-Etiketten Made in Italy","robots":{"index":"index","follow":"follow","max-snippet":"max-snippet:-1","max-image-preview":"max-image-preview:large","max-video-preview":"max-video-preview:-1"},"canonical":"https:\/\/www.multigriffe.com\/settori-di-applicazione\/transfer-per-abbigliamento-in-pelle\/","og_locale":"de_DE","og_type":"article","og_title":"Transfers f\u00fcr Lederkleidung - Hei\u00dftransfer-Etiketten Made in Italy","og_description":"[vc_row][vc_column width=&#8220;1\/1&#8243;][vc_row_inner row_inner_height_percent=&#8220;0&#8243; overlay_alpha=&#8220;50&#8243; gutter_size=&#8220;4&#8243; shift_y=&#8220;0&#8243;][vc_column_inner column_width_percent=&#8220;100&#8243; gutter_size=&#8220;3&#8243; overlay_alpha=&#8220;50&#8243; shift_x=&#8220;0&#8243; shift_y=&#8220;0&#8243; shift_y_down=&#8220;0&#8243; z_index=&#8220;0&#8243; medium_width=&#8220;0&#8243; mobile_width=&#8220;0&#8243; width=&#8220;9\/12&#8243;][vc_empty_space empty_h=&#8220;2&#8243; medium_visibility=&#8220;yes&#8220; mobile_visibility=&#8220;yes&#8220;][vc_column_text uncode_shortcode_id=&#8220;645025&#8243;]Wir [&hellip;]","og_url":"https:\/\/www.multigriffe.com\/settori-di-applicazione\/transfer-per-abbigliamento-in-pelle\/","og_site_name":"MultiGriffe","article_modified_time":"2025-10-23T15:39:59+00:00","og_image":[{"width":1959,"height":1306,"url":"https:\/\/www.multigriffe.com\/wp-content\/uploads\/2019\/03\/Transfer-per-abbigliamento-in-pelle-04-1.jpg","type":"image\/jpeg"}],"twitter_card":"summary_large_image","twitter_misc":{"Gesch\u00e4tzte Lesezeit":"2\u00a0Minuten"},"schema":{"@context":"https:\/\/schema.org","@graph":[{"@type":"WebPage","@id":"https:\/\/www.multigriffe.com\/settori-di-applicazione\/transfer-per-abbigliamento-in-pelle\/","url":"https:\/\/www.multigriffe.com\/settori-di-applicazione\/transfer-per-abbigliamento-in-pelle\/","name":"Transfers f\u00fcr Lederkleidung - Hei\u00dftransfer-Etiketten Made in Italy","isPartOf":{"@id":"https:\/\/www.multigriffe.com\/#website"},"primaryImageOfPage":{"@id":"https:\/\/www.multigriffe.com\/settori-di-applicazione\/transfer-per-abbigliamento-in-pelle\/#primaryimage"},"image":{"@id":"https:\/\/www.multigriffe.com\/settori-di-applicazione\/transfer-per-abbigliamento-in-pelle\/#primaryimage"},"thumbnailUrl":"https:\/\/www.multigriffe.com\/wp-content\/uploads\/2019\/03\/Transfer-per-abbigliamento-in-pelle-04-1.jpg","datePublished":"2018-04-18T15:10:32+00:00","dateModified":"2025-10-23T15:39:59+00:00","breadcrumb":{"@id":"https:\/\/www.multigriffe.com\/settori-di-applicazione\/transfer-per-abbigliamento-in-pelle\/#breadcrumb"},"inLanguage":"de","potentialAction":[{"@type":"ReadAction","target":["https:\/\/www.multigriffe.com\/settori-di-applicazione\/transfer-per-abbigliamento-in-pelle\/"]}]},{"@type":"ImageObject","inLanguage":"de","@id":"https:\/\/www.multigriffe.com\/settori-di-applicazione\/transfer-per-abbigliamento-in-pelle\/#primaryimage","url":"https:\/\/www.multigriffe.com\/wp-content\/uploads\/2019\/03\/Transfer-per-abbigliamento-in-pelle-04-1.jpg","contentUrl":"https:\/\/www.multigriffe.com\/wp-content\/uploads\/2019\/03\/Transfer-per-abbigliamento-in-pelle-04-1.jpg","width":1959,"height":1306},{"@type":"BreadcrumbList","@id":"https:\/\/www.multigriffe.com\/settori-di-applicazione\/transfer-per-abbigliamento-in-pelle\/#breadcrumb","itemListElement":[{"@type":"ListItem","position":1,"name":"Home","item":"https:\/\/www.multigriffe.com\/de\/"},{"@type":"ListItem","position":2,"name":"Verarbeitungssektoren","item":"https:\/\/www.multigriffe.com\/de\/verarbeitungssektoren\/"},{"@type":"ListItem","position":3,"name":"Transfers f\u00fcr Lederkleidung"}]},{"@type":"WebSite","@id":"https:\/\/www.multigriffe.com\/#website","url":"https:\/\/www.multigriffe.com\/","name":"MultiGriffe","description":"Etichette Transfer a Caldo per Abbigliamento Calzatura Sport Vicenza","potentialAction":[{"@type":"SearchAction","target":{"@type":"EntryPoint","urlTemplate":"https:\/\/www.multigriffe.com\/?s={search_term_string}"},"query-input":{"@type":"PropertyValueSpecification","valueRequired":true,"valueName":"search_term_string"}}],"inLanguage":"de"}]}},"_links":{"self":[{"href":"https:\/\/www.multigriffe.com\/de\/wp-json\/wp\/v2\/pages\/68199","targetHints":{"allow":["GET"]}}],"collection":[{"href":"https:\/\/www.multigriffe.com\/de\/wp-json\/wp\/v2\/pages"}],"about":[{"href":"https:\/\/www.multigriffe.com\/de\/wp-json\/wp\/v2\/types\/page"}],"author":[{"embeddable":true,"href":"https:\/\/www.multigriffe.com\/de\/wp-json\/wp\/v2\/users\/2"}],"replies":[{"embeddable":true,"href":"https:\/\/www.multigriffe.com\/de\/wp-json\/wp\/v2\/comments?post=68199"}],"version-history":[{"count":2,"href":"https:\/\/www.multigriffe.com\/de\/wp-json\/wp\/v2\/pages\/68199\/revisions"}],"predecessor-version":[{"id":68413,"href":"https:\/\/www.multigriffe.com\/de\/wp-json\/wp\/v2\/pages\/68199\/revisions\/68413"}],"up":[{"embeddable":true,"href":"https:\/\/www.multigriffe.com\/de\/wp-json\/wp\/v2\/pages\/68255"}],"wp:featuredmedia":[{"embeddable":true,"href":"https:\/\/www.multigriffe.com\/de\/wp-json\/wp\/v2\/media\/68201"}],"wp:attachment":[{"href":"https:\/\/www.multigriffe.com\/de\/wp-json\/wp\/v2\/media?parent=68199"}],"curies":[{"name":"wp","href":"https:\/\/api.w.org\/{rel}","templated":true}]}}