{"id":68195,"date":"2018-04-18T17:09:10","date_gmt":"2018-04-18T15:09:10","guid":{"rendered":"https:\/\/www.multigriffe.com\/transfer-per-abbigliamento-fashion-e-tempo-libero\/"},"modified":"2025-10-23T17:40:05","modified_gmt":"2025-10-23T15:40:05","slug":"transfers-fuer-modische-und-freizeitkleidung","status":"publish","type":"page","link":"https:\/\/www.multigriffe.com\/de\/verarbeitungssektoren\/transfers-fuer-modische-und-freizeitkleidung\/","title":{"rendered":"Transfers f\u00fcr modische und Freizeitkleidung"},"content":{"rendered":"<div class=\"wpb-content-wrapper\"><p>[vc_row][vc_column width=&#8220;1\/1&#8243;][vc_row_inner row_inner_height_percent=&#8220;0&#8243; overlay_alpha=&#8220;50&#8243; gutter_size=&#8220;4&#8243; shift_y=&#8220;0&#8243;][vc_column_inner column_width_percent=&#8220;100&#8243; gutter_size=&#8220;3&#8243; overlay_alpha=&#8220;50&#8243; shift_x=&#8220;0&#8243; shift_y=&#8220;0&#8243; shift_y_down=&#8220;0&#8243; z_index=&#8220;0&#8243; medium_width=&#8220;0&#8243; mobile_width=&#8220;0&#8243; width=&#8220;9\/12&#8243;][vc_empty_space empty_h=&#8220;2&#8243; medium_visibility=&#8220;yes&#8220; mobile_visibility=&#8220;yes&#8220;][vc_column_text uncode_shortcode_id=&#8220;194145&#8243;]Wir stellen verschiedene Arten von Transferetiketten f\u00fcr die Bekleidungsbranche her: Wir personalisieren die Innenseiten der Kleidungsst\u00fccke (Logo, Zusammensetzung usw.) sowie die Au\u00dfenseiten, insbesondere durch Schaffung besonderer modischer Effekte auf kleinen oder gro\u00dfen Fl\u00e4chen (Taschen, \u00c4rmel, R\u00fccken). Eine unserer St\u00e4rken liegt sicherlich in der gro\u00dfen Auswahl an verf\u00fcgbaren Personalisierungen: Glanz-, Matt-, Metallic- und Gummieffekt, Reliefverzierungen, Flocktransfer, lackierbarer Transfer.<\/p>\n<p>Vorteile<\/p>\n<p>&#8211; Besonders widerstandsf\u00e4hig gegen Waschen und Behandlungen (z.B. Stonewash-Jeans)<\/p>\n<p>&#8211; Anwendung auch auf schwierigsten Stoffen, die keinen Siebdruck zulassen<\/p>\n<p>Die gefragtesten Produkte<\/p>\n<p>Transfers auf Jeansstoff<\/p>\n<p>Personalisierung der Innenseite der Jeans (G\u00fcrtelh\u00f6he), Verzierung der Ges\u00e4\u00dftaschen, L\u00e4ngen, R\u00fccken und \u00c4rmel von Jacken, \u00e4u\u00dfere Applikationen und Kreation verschiedener ma\u00dfgeschneiderter Modeeffekte.<\/p>\n<p>Transfers auf Nylon<\/p>\n<p>Herstellung von Transfers f\u00fcr Anoraks und Umh\u00e4nge, wasserdichte Jacken mit matter, gl\u00e4nzender oder reflektierender Optik.<\/p>\n<p>T-Shirt-Transfers<\/p>\n<p>Transfers zur Personalisierung von Bekleidung und anderen Textilien f\u00fcr Gadgets und Werbeartikel f\u00fcr Unternehmen und Marken (z.B. Themenparks, Freizeitbekleidung, Unternehmensbekleidung, Sponsoren usw.).<br \/>\n[\/vc_column_text][vc_gallery el_id=&#8220;gallery-373336&#8243; medias=&#8220;66366,66367,66368,66369&#8243; gutter_size=&#8220;3&#8243; screen_lg=&#8220;1000&#8243; screen_md=&#8220;600&#8243; screen_sm=&#8220;480&#8243; images_size=&#8220;three-two&#8220; single_overlay_opacity=&#8220;50&#8243; single_padding=&#8220;2&#8243;][vc_button button_color=&#8220;color-wayh&#8220; border_animation=&#8220;btn-ripple-out&#8220; hover_fx=&#8220;full-colored&#8220; border_width=&#8220;0&#8243; link=&#8220;url:https%3A%2F%2Fwww.multigriffe.com%2Fde%2Fverarbeitungssektoren%2F|title:Verarbeitungssektoren&#8220; icon=&#8220;fa fa-chevron-left&#8220; button_color_type=&#8220;uncode-palette&#8220; uncode_shortcode_id=&#8220;136501&#8243;]Zur\u00fcck zu den Anwendungsbereichen[\/vc_button][vc_empty_space empty_h=&#8220;2&#8243; medium_visibility=&#8220;yes&#8220; mobile_visibility=&#8220;yes&#8220;][\/vc_column_inner][vc_column_inner column_width_percent=&#8220;100&#8243; gutter_size=&#8220;4&#8243; overlay_alpha=&#8220;50&#8243; shift_x=&#8220;0&#8243; shift_y=&#8220;0&#8243; shift_y_down=&#8220;0&#8243; z_index=&#8220;0&#8243; medium_width=&#8220;0&#8243; mobile_width=&#8220;0&#8243; sticky=&#8220;yes&#8220; width=&#8220;3\/12&#8243;][\/vc_column_inner][\/vc_row_inner][\/vc_column][\/vc_row]<\/p>\n<\/div>","protected":false},"excerpt":{"rendered":"<p>[vc_row][vc_column width=&#8220;1\/1&#8243;][vc_row_inner row_inner_height_percent=&#8220;0&#8243; overlay_alpha=&#8220;50&#8243; gutter_size=&#8220;4&#8243; shift_y=&#8220;0&#8243;][vc_column_inner column_width_percent=&#8220;100&#8243; gutter_size=&#8220;3&#8243; overlay_alpha=&#8220;50&#8243; shift_x=&#8220;0&#8243; shift_y=&#8220;0&#8243; shift_y_down=&#8220;0&#8243; z_index=&#8220;0&#8243; medium_width=&#8220;0&#8243; mobile_width=&#8220;0&#8243; width=&#8220;9\/12&#8243;][vc_empty_space empty_h=&#8220;2&#8243; medium_visibility=&#8220;yes&#8220; mobile_visibility=&#8220;yes&#8220;][vc_column_text uncode_shortcode_id=&#8220;194145&#8243;]Wir [&hellip;]<\/p>\n","protected":false},"author":2,"featured_media":68196,"parent":68255,"menu_order":2,"comment_status":"closed","ping_status":"closed","template":"","meta":{"footnotes":""},"class_list":["post-68195","page","type-page","status-publish","has-post-thumbnail","hentry","page_category-applicazione-de"],"yoast_head":"<!-- This site is optimized with the Yoast SEO plugin v27.0 - https:\/\/yoast.com\/product\/yoast-seo-wordpress\/ -->\n<title>Transfers f\u00fcr modische und Freizeitkleidung - Hei\u00dftransfer-Etiketten Made in Italy<\/title>\n<meta name=\"robots\" content=\"index, follow, max-snippet:-1, max-image-preview:large, max-video-preview:-1\" \/>\n<link rel=\"canonical\" href=\"https:\/\/www.multigriffe.com\/settori-di-applicazione\/transfer-per-abbigliamento-fashion-e-tempo-libero\/\" \/>\n<meta property=\"og:locale\" content=\"de_DE\" \/>\n<meta property=\"og:type\" content=\"article\" \/>\n<meta property=\"og:title\" content=\"Transfers f\u00fcr modische und Freizeitkleidung - Hei\u00dftransfer-Etiketten Made in Italy\" \/>\n<meta property=\"og:description\" content=\"[vc_row][vc_column width=&#8220;1\/1&#8243;][vc_row_inner row_inner_height_percent=&#8220;0&#8243; overlay_alpha=&#8220;50&#8243; gutter_size=&#8220;4&#8243; shift_y=&#8220;0&#8243;][vc_column_inner column_width_percent=&#8220;100&#8243; gutter_size=&#8220;3&#8243; overlay_alpha=&#8220;50&#8243; shift_x=&#8220;0&#8243; shift_y=&#8220;0&#8243; shift_y_down=&#8220;0&#8243; z_index=&#8220;0&#8243; medium_width=&#8220;0&#8243; mobile_width=&#8220;0&#8243; width=&#8220;9\/12&#8243;][vc_empty_space empty_h=&#8220;2&#8243; medium_visibility=&#8220;yes&#8220; mobile_visibility=&#8220;yes&#8220;][vc_column_text uncode_shortcode_id=&#8220;194145&#8243;]Wir [&hellip;]\" \/>\n<meta property=\"og:url\" content=\"https:\/\/www.multigriffe.com\/settori-di-applicazione\/transfer-per-abbigliamento-fashion-e-tempo-libero\/\" \/>\n<meta property=\"og:site_name\" content=\"MultiGriffe\" \/>\n<meta property=\"article:modified_time\" content=\"2025-10-23T15:40:05+00:00\" \/>\n<meta property=\"og:image\" content=\"https:\/\/www.multigriffe.com\/wp-content\/uploads\/2019\/03\/Transfer-per-abbigliamento-tempo-libero-01-1.jpg\" \/>\n\t<meta property=\"og:image:width\" content=\"2000\" \/>\n\t<meta property=\"og:image:height\" content=\"1336\" \/>\n\t<meta property=\"og:image:type\" content=\"image\/jpeg\" \/>\n<meta name=\"twitter:card\" content=\"summary_large_image\" \/>\n<meta name=\"twitter:label1\" content=\"Gesch\u00e4tzte Lesezeit\" \/>\n\t<meta name=\"twitter:data1\" content=\"2\u00a0Minuten\" \/>\n<script type=\"application\/ld+json\" class=\"yoast-schema-graph\">{\"@context\":\"https:\/\/schema.org\",\"@graph\":[{\"@type\":\"WebPage\",\"@id\":\"https:\/\/www.multigriffe.com\/settori-di-applicazione\/transfer-per-abbigliamento-fashion-e-tempo-libero\/\",\"url\":\"https:\/\/www.multigriffe.com\/settori-di-applicazione\/transfer-per-abbigliamento-fashion-e-tempo-libero\/\",\"name\":\"Transfers f\u00fcr modische und Freizeitkleidung - Hei\u00dftransfer-Etiketten Made in Italy\",\"isPartOf\":{\"@id\":\"https:\/\/www.multigriffe.com\/#website\"},\"primaryImageOfPage\":{\"@id\":\"https:\/\/www.multigriffe.com\/settori-di-applicazione\/transfer-per-abbigliamento-fashion-e-tempo-libero\/#primaryimage\"},\"image\":{\"@id\":\"https:\/\/www.multigriffe.com\/settori-di-applicazione\/transfer-per-abbigliamento-fashion-e-tempo-libero\/#primaryimage\"},\"thumbnailUrl\":\"https:\/\/www.multigriffe.com\/wp-content\/uploads\/2019\/03\/Transfer-per-abbigliamento-tempo-libero-01-1.jpg\",\"datePublished\":\"2018-04-18T15:09:10+00:00\",\"dateModified\":\"2025-10-23T15:40:05+00:00\",\"breadcrumb\":{\"@id\":\"https:\/\/www.multigriffe.com\/settori-di-applicazione\/transfer-per-abbigliamento-fashion-e-tempo-libero\/#breadcrumb\"},\"inLanguage\":\"de\",\"potentialAction\":[{\"@type\":\"ReadAction\",\"target\":[\"https:\/\/www.multigriffe.com\/settori-di-applicazione\/transfer-per-abbigliamento-fashion-e-tempo-libero\/\"]}]},{\"@type\":\"ImageObject\",\"inLanguage\":\"de\",\"@id\":\"https:\/\/www.multigriffe.com\/settori-di-applicazione\/transfer-per-abbigliamento-fashion-e-tempo-libero\/#primaryimage\",\"url\":\"https:\/\/www.multigriffe.com\/wp-content\/uploads\/2019\/03\/Transfer-per-abbigliamento-tempo-libero-01-1.jpg\",\"contentUrl\":\"https:\/\/www.multigriffe.com\/wp-content\/uploads\/2019\/03\/Transfer-per-abbigliamento-tempo-libero-01-1.jpg\",\"width\":2000,\"height\":1336},{\"@type\":\"BreadcrumbList\",\"@id\":\"https:\/\/www.multigriffe.com\/settori-di-applicazione\/transfer-per-abbigliamento-fashion-e-tempo-libero\/#breadcrumb\",\"itemListElement\":[{\"@type\":\"ListItem\",\"position\":1,\"name\":\"Home\",\"item\":\"https:\/\/www.multigriffe.com\/de\/\"},{\"@type\":\"ListItem\",\"position\":2,\"name\":\"Verarbeitungssektoren\",\"item\":\"https:\/\/www.multigriffe.com\/de\/verarbeitungssektoren\/\"},{\"@type\":\"ListItem\",\"position\":3,\"name\":\"Transfers f\u00fcr modische und Freizeitkleidung\"}]},{\"@type\":\"WebSite\",\"@id\":\"https:\/\/www.multigriffe.com\/#website\",\"url\":\"https:\/\/www.multigriffe.com\/\",\"name\":\"MultiGriffe\",\"description\":\"Etichette Transfer a Caldo per Abbigliamento Calzatura Sport Vicenza\",\"potentialAction\":[{\"@type\":\"SearchAction\",\"target\":{\"@type\":\"EntryPoint\",\"urlTemplate\":\"https:\/\/www.multigriffe.com\/?s={search_term_string}\"},\"query-input\":{\"@type\":\"PropertyValueSpecification\",\"valueRequired\":true,\"valueName\":\"search_term_string\"}}],\"inLanguage\":\"de\"}]}<\/script>\n<!-- \/ Yoast SEO plugin. -->","yoast_head_json":{"title":"Transfers f\u00fcr modische und Freizeitkleidung - Hei\u00dftransfer-Etiketten Made in Italy","robots":{"index":"index","follow":"follow","max-snippet":"max-snippet:-1","max-image-preview":"max-image-preview:large","max-video-preview":"max-video-preview:-1"},"canonical":"https:\/\/www.multigriffe.com\/settori-di-applicazione\/transfer-per-abbigliamento-fashion-e-tempo-libero\/","og_locale":"de_DE","og_type":"article","og_title":"Transfers f\u00fcr modische und Freizeitkleidung - Hei\u00dftransfer-Etiketten Made in Italy","og_description":"[vc_row][vc_column width=&#8220;1\/1&#8243;][vc_row_inner row_inner_height_percent=&#8220;0&#8243; overlay_alpha=&#8220;50&#8243; gutter_size=&#8220;4&#8243; shift_y=&#8220;0&#8243;][vc_column_inner column_width_percent=&#8220;100&#8243; gutter_size=&#8220;3&#8243; overlay_alpha=&#8220;50&#8243; shift_x=&#8220;0&#8243; shift_y=&#8220;0&#8243; shift_y_down=&#8220;0&#8243; z_index=&#8220;0&#8243; medium_width=&#8220;0&#8243; mobile_width=&#8220;0&#8243; width=&#8220;9\/12&#8243;][vc_empty_space empty_h=&#8220;2&#8243; medium_visibility=&#8220;yes&#8220; mobile_visibility=&#8220;yes&#8220;][vc_column_text uncode_shortcode_id=&#8220;194145&#8243;]Wir [&hellip;]","og_url":"https:\/\/www.multigriffe.com\/settori-di-applicazione\/transfer-per-abbigliamento-fashion-e-tempo-libero\/","og_site_name":"MultiGriffe","article_modified_time":"2025-10-23T15:40:05+00:00","og_image":[{"width":2000,"height":1336,"url":"https:\/\/www.multigriffe.com\/wp-content\/uploads\/2019\/03\/Transfer-per-abbigliamento-tempo-libero-01-1.jpg","type":"image\/jpeg"}],"twitter_card":"summary_large_image","twitter_misc":{"Gesch\u00e4tzte Lesezeit":"2\u00a0Minuten"},"schema":{"@context":"https:\/\/schema.org","@graph":[{"@type":"WebPage","@id":"https:\/\/www.multigriffe.com\/settori-di-applicazione\/transfer-per-abbigliamento-fashion-e-tempo-libero\/","url":"https:\/\/www.multigriffe.com\/settori-di-applicazione\/transfer-per-abbigliamento-fashion-e-tempo-libero\/","name":"Transfers f\u00fcr modische und Freizeitkleidung - Hei\u00dftransfer-Etiketten Made in Italy","isPartOf":{"@id":"https:\/\/www.multigriffe.com\/#website"},"primaryImageOfPage":{"@id":"https:\/\/www.multigriffe.com\/settori-di-applicazione\/transfer-per-abbigliamento-fashion-e-tempo-libero\/#primaryimage"},"image":{"@id":"https:\/\/www.multigriffe.com\/settori-di-applicazione\/transfer-per-abbigliamento-fashion-e-tempo-libero\/#primaryimage"},"thumbnailUrl":"https:\/\/www.multigriffe.com\/wp-content\/uploads\/2019\/03\/Transfer-per-abbigliamento-tempo-libero-01-1.jpg","datePublished":"2018-04-18T15:09:10+00:00","dateModified":"2025-10-23T15:40:05+00:00","breadcrumb":{"@id":"https:\/\/www.multigriffe.com\/settori-di-applicazione\/transfer-per-abbigliamento-fashion-e-tempo-libero\/#breadcrumb"},"inLanguage":"de","potentialAction":[{"@type":"ReadAction","target":["https:\/\/www.multigriffe.com\/settori-di-applicazione\/transfer-per-abbigliamento-fashion-e-tempo-libero\/"]}]},{"@type":"ImageObject","inLanguage":"de","@id":"https:\/\/www.multigriffe.com\/settori-di-applicazione\/transfer-per-abbigliamento-fashion-e-tempo-libero\/#primaryimage","url":"https:\/\/www.multigriffe.com\/wp-content\/uploads\/2019\/03\/Transfer-per-abbigliamento-tempo-libero-01-1.jpg","contentUrl":"https:\/\/www.multigriffe.com\/wp-content\/uploads\/2019\/03\/Transfer-per-abbigliamento-tempo-libero-01-1.jpg","width":2000,"height":1336},{"@type":"BreadcrumbList","@id":"https:\/\/www.multigriffe.com\/settori-di-applicazione\/transfer-per-abbigliamento-fashion-e-tempo-libero\/#breadcrumb","itemListElement":[{"@type":"ListItem","position":1,"name":"Home","item":"https:\/\/www.multigriffe.com\/de\/"},{"@type":"ListItem","position":2,"name":"Verarbeitungssektoren","item":"https:\/\/www.multigriffe.com\/de\/verarbeitungssektoren\/"},{"@type":"ListItem","position":3,"name":"Transfers f\u00fcr modische und Freizeitkleidung"}]},{"@type":"WebSite","@id":"https:\/\/www.multigriffe.com\/#website","url":"https:\/\/www.multigriffe.com\/","name":"MultiGriffe","description":"Etichette Transfer a Caldo per Abbigliamento Calzatura Sport Vicenza","potentialAction":[{"@type":"SearchAction","target":{"@type":"EntryPoint","urlTemplate":"https:\/\/www.multigriffe.com\/?s={search_term_string}"},"query-input":{"@type":"PropertyValueSpecification","valueRequired":true,"valueName":"search_term_string"}}],"inLanguage":"de"}]}},"_links":{"self":[{"href":"https:\/\/www.multigriffe.com\/de\/wp-json\/wp\/v2\/pages\/68195","targetHints":{"allow":["GET"]}}],"collection":[{"href":"https:\/\/www.multigriffe.com\/de\/wp-json\/wp\/v2\/pages"}],"about":[{"href":"https:\/\/www.multigriffe.com\/de\/wp-json\/wp\/v2\/types\/page"}],"author":[{"embeddable":true,"href":"https:\/\/www.multigriffe.com\/de\/wp-json\/wp\/v2\/users\/2"}],"replies":[{"embeddable":true,"href":"https:\/\/www.multigriffe.com\/de\/wp-json\/wp\/v2\/comments?post=68195"}],"version-history":[{"count":3,"href":"https:\/\/www.multigriffe.com\/de\/wp-json\/wp\/v2\/pages\/68195\/revisions"}],"predecessor-version":[{"id":68411,"href":"https:\/\/www.multigriffe.com\/de\/wp-json\/wp\/v2\/pages\/68195\/revisions\/68411"}],"up":[{"embeddable":true,"href":"https:\/\/www.multigriffe.com\/de\/wp-json\/wp\/v2\/pages\/68255"}],"wp:featuredmedia":[{"embeddable":true,"href":"https:\/\/www.multigriffe.com\/de\/wp-json\/wp\/v2\/media\/68196"}],"wp:attachment":[{"href":"https:\/\/www.multigriffe.com\/de\/wp-json\/wp\/v2\/media?parent=68195"}],"curies":[{"name":"wp","href":"https:\/\/api.w.org\/{rel}","templated":true}]}}