{"id":68190,"date":"2018-04-18T15:37:49","date_gmt":"2018-04-18T13:37:49","guid":{"rendered":"https:\/\/www.multigriffe.com\/transfer-per-abbigliamento-da-lavoro\/"},"modified":"2026-02-25T13:12:47","modified_gmt":"2026-02-25T12:12:47","slug":"transfers-fuer-arbeitskleidung","status":"publish","type":"page","link":"https:\/\/www.multigriffe.com\/de\/verarbeitungssektoren\/transfers-fuer-arbeitskleidung\/","title":{"rendered":"Transfers f\u00fcr Arbeitskleidung"},"content":{"rendered":"<div class=\"wpb-content-wrapper\"><p>[vc_row][vc_column width=&#8220;9\/12&#8243;][vc_empty_space empty_h=&#8220;2&#8243; medium_visibility=&#8220;yes&#8220; mobile_visibility=&#8220;yes&#8220;][vc_column_text uncode_shortcode_id=&#8220;163151&#8243;]Diese Art von Transfer betrifft die Personalisierung aller Produkte f\u00fcr Berufsbekleidung und allgemein f\u00fcr Arbeitskleidung und -zubeh\u00f6r (Overalls, Sch\u00fcrzen, Handschuhe, Kopfbedeckungen, Hosen, Sweatshirts, Jacken, Schuhe). Die wichtigste Dienstleistung, die in diesem Bereich von uns verlangt wird, ist die Beratung bei der Wahl, Definition und Umsetzung von Transfers f\u00fcr Arbeitsuniformen f\u00fcr Unternehmen und gro\u00dfe Industriekonzerne. Das Stilzentrum von MultiGriffe unterst\u00fctzt Sie bei der Personalisierung Ihrer Arbeitsuniform und ber\u00e4t Sie fachkundig bei der Auswahl der Farben, der Gr\u00f6\u00dfe und der Platzierung des Logos und anderer Elemente, die gew\u00f6hnliche Arbeitskleidung zu einem einzigartigen und ganz pers\u00f6nlichen Kleidungsst\u00fcck machen.[\/vc_column_text][vc_row_inner][vc_column_inner width=&#8220;1\/2&#8243;][vc_column_text uncode_shortcode_id=&#8220;175843&#8243;]Vorteile<\/p>\n<p>&#8211; Besondere Best\u00e4ndigkeit gegen hohe Temperaturen und h\u00e4ufiges Waschen<\/p>\n<p>&#8211; Best\u00e4ndigkeit gegen Abrieb und Witterungseinfl\u00fcsse<\/p>\n<p>Die gefragtesten Produkte<\/p>\n<p>Blaumann<\/p>\n<p>Sch\u00fcrzen und Umh\u00e4nge<\/p>\n<p>Arbeitshandschuhe<br \/>\n[\/vc_column_text][\/vc_column_inner][vc_column_inner width=&#8220;1\/2&#8243;][vc_column_text uncode_shortcode_id=&#8220;136080&#8243;]Kopfbedeckungen und M\u00fctzen<\/p>\n<p>Kopf- oder Gliedma\u00dfen-Schutzausr\u00fcstung<\/p>\n<p>Sweatshirts<\/p>\n<p>Westen<\/p>\n<p>Arbeitsjacken<\/p>\n<p>Schuhe<\/p>\n<p>Stiefel<br \/>\n[\/vc_column_text][\/vc_column_inner][\/vc_row_inner][vc_gallery el_id=&#8220;gallery-373336&#8243; medias=&#8220;68192,68936,68937,68938,68939,68841,68941,68940,68942,68943,68945,68944&#8243; gutter_size=&#8220;3&#8243; screen_lg=&#8220;1000&#8243; screen_md=&#8220;600&#8243; screen_sm=&#8220;480&#8243; single_overlay_opacity=&#8220;50&#8243; single_padding=&#8220;2&#8243; uncode_shortcode_id=&#8220;148088&#8243;][vc_button button_color=&#8220;color-wayh&#8220; border_animation=&#8220;btn-ripple-out&#8220; hover_fx=&#8220;full-colored&#8220; border_width=&#8220;0&#8243; link=&#8220;url:https%3A%2F%2Fwww.multigriffe.com%2Fde%2Fverarbeitungssektoren%2F|title:Verarbeitungssektoren&#8220; icon=&#8220;fa fa-chevron-left&#8220; button_color_type=&#8220;uncode-palette&#8220; uncode_shortcode_id=&#8220;178952&#8243;]Zur\u00fcck zu den Anwendungsbereichen[\/vc_button][vc_empty_space empty_h=&#8220;2&#8243; medium_visibility=&#8220;yes&#8220; mobile_visibility=&#8220;yes&#8220;][\/vc_column][vc_column width=&#8220;3\/12&#8243;][\/vc_column][\/vc_row]<\/p>\n<\/div>","protected":false},"excerpt":{"rendered":"<p>[vc_row][vc_column width=&#8220;9\/12&#8243;][vc_empty_space empty_h=&#8220;2&#8243; medium_visibility=&#8220;yes&#8220; mobile_visibility=&#8220;yes&#8220;][vc_column_text uncode_shortcode_id=&#8220;163151&#8243;]Diese Art von Transfer betrifft die Personalisierung aller Produkte f\u00fcr Berufsbekleidung und allgemein f\u00fcr Arbeitskleidung [&hellip;]<\/p>\n","protected":false},"author":1,"featured_media":68192,"parent":68255,"menu_order":0,"comment_status":"closed","ping_status":"closed","template":"","meta":{"footnotes":""},"class_list":["post-68190","page","type-page","status-publish","has-post-thumbnail","hentry","page_category-applicazione-de"],"yoast_head":"<!-- This site is optimized with the Yoast SEO plugin v27.0 - https:\/\/yoast.com\/product\/yoast-seo-wordpress\/ -->\n<title>Transfers f\u00fcr Arbeitskleidung - Hei\u00dftransfer-Etiketten Made in Italy<\/title>\n<meta name=\"robots\" content=\"index, follow, max-snippet:-1, max-image-preview:large, max-video-preview:-1\" \/>\n<link rel=\"canonical\" href=\"https:\/\/www.multigriffe.com\/de\/verarbeitungssektoren\/transfers-fuer-arbeitskleidung\/\" \/>\n<meta property=\"og:locale\" content=\"de_DE\" \/>\n<meta property=\"og:type\" content=\"article\" \/>\n<meta property=\"og:title\" content=\"Transfers f\u00fcr Arbeitskleidung - Hei\u00dftransfer-Etiketten Made in Italy\" \/>\n<meta property=\"og:description\" content=\"[vc_row][vc_column width=&#8220;9\/12&#8243;][vc_empty_space empty_h=&#8220;2&#8243; medium_visibility=&#8220;yes&#8220; mobile_visibility=&#8220;yes&#8220;][vc_column_text uncode_shortcode_id=&#8220;163151&#8243;]Diese Art von Transfer betrifft die Personalisierung aller Produkte f\u00fcr Berufsbekleidung und allgemein f\u00fcr Arbeitskleidung [&hellip;]\" \/>\n<meta property=\"og:url\" content=\"https:\/\/www.multigriffe.com\/de\/verarbeitungssektoren\/transfers-fuer-arbeitskleidung\/\" \/>\n<meta property=\"og:site_name\" content=\"MultiGriffe\" \/>\n<meta property=\"article:modified_time\" content=\"2026-02-25T12:12:47+00:00\" \/>\n<meta property=\"og:image\" content=\"https:\/\/www.multigriffe.com\/wp-content\/uploads\/2019\/03\/Transfer-per-Abbigliamento-da-lavoro-01-1.jpg\" \/>\n\t<meta property=\"og:image:width\" content=\"2000\" \/>\n\t<meta property=\"og:image:height\" content=\"1443\" \/>\n\t<meta property=\"og:image:type\" content=\"image\/jpeg\" \/>\n<meta name=\"twitter:card\" content=\"summary_large_image\" \/>\n<meta name=\"twitter:label1\" content=\"Gesch\u00e4tzte Lesezeit\" \/>\n\t<meta name=\"twitter:data1\" content=\"2\u00a0Minuten\" \/>\n<script type=\"application\/ld+json\" class=\"yoast-schema-graph\">{\"@context\":\"https:\/\/schema.org\",\"@graph\":[{\"@type\":\"WebPage\",\"@id\":\"https:\/\/www.multigriffe.com\/de\/verarbeitungssektoren\/transfers-fuer-arbeitskleidung\/\",\"url\":\"https:\/\/www.multigriffe.com\/de\/verarbeitungssektoren\/transfers-fuer-arbeitskleidung\/\",\"name\":\"Transfers f\u00fcr Arbeitskleidung - Hei\u00dftransfer-Etiketten Made in Italy\",\"isPartOf\":{\"@id\":\"https:\/\/www.multigriffe.com\/#website\"},\"primaryImageOfPage\":{\"@id\":\"https:\/\/www.multigriffe.com\/de\/verarbeitungssektoren\/transfers-fuer-arbeitskleidung\/#primaryimage\"},\"image\":{\"@id\":\"https:\/\/www.multigriffe.com\/de\/verarbeitungssektoren\/transfers-fuer-arbeitskleidung\/#primaryimage\"},\"thumbnailUrl\":\"https:\/\/www.multigriffe.com\/wp-content\/uploads\/2019\/03\/Transfer-per-Abbigliamento-da-lavoro-01-1.jpg\",\"datePublished\":\"2018-04-18T13:37:49+00:00\",\"dateModified\":\"2026-02-25T12:12:47+00:00\",\"breadcrumb\":{\"@id\":\"https:\/\/www.multigriffe.com\/de\/verarbeitungssektoren\/transfers-fuer-arbeitskleidung\/#breadcrumb\"},\"inLanguage\":\"de\",\"potentialAction\":[{\"@type\":\"ReadAction\",\"target\":[\"https:\/\/www.multigriffe.com\/de\/verarbeitungssektoren\/transfers-fuer-arbeitskleidung\/\"]}]},{\"@type\":\"ImageObject\",\"inLanguage\":\"de\",\"@id\":\"https:\/\/www.multigriffe.com\/de\/verarbeitungssektoren\/transfers-fuer-arbeitskleidung\/#primaryimage\",\"url\":\"https:\/\/www.multigriffe.com\/wp-content\/uploads\/2019\/03\/Transfer-per-Abbigliamento-da-lavoro-01-1.jpg\",\"contentUrl\":\"https:\/\/www.multigriffe.com\/wp-content\/uploads\/2019\/03\/Transfer-per-Abbigliamento-da-lavoro-01-1.jpg\",\"width\":2000,\"height\":1443},{\"@type\":\"BreadcrumbList\",\"@id\":\"https:\/\/www.multigriffe.com\/de\/verarbeitungssektoren\/transfers-fuer-arbeitskleidung\/#breadcrumb\",\"itemListElement\":[{\"@type\":\"ListItem\",\"position\":1,\"name\":\"Home\",\"item\":\"https:\/\/www.multigriffe.com\/de\/\"},{\"@type\":\"ListItem\",\"position\":2,\"name\":\"Verarbeitungssektoren\",\"item\":\"https:\/\/www.multigriffe.com\/de\/verarbeitungssektoren\/\"},{\"@type\":\"ListItem\",\"position\":3,\"name\":\"Transfers f\u00fcr Arbeitskleidung\"}]},{\"@type\":\"WebSite\",\"@id\":\"https:\/\/www.multigriffe.com\/#website\",\"url\":\"https:\/\/www.multigriffe.com\/\",\"name\":\"MultiGriffe\",\"description\":\"Etichette Transfer a Caldo per Abbigliamento Calzatura Sport Vicenza\",\"potentialAction\":[{\"@type\":\"SearchAction\",\"target\":{\"@type\":\"EntryPoint\",\"urlTemplate\":\"https:\/\/www.multigriffe.com\/?s={search_term_string}\"},\"query-input\":{\"@type\":\"PropertyValueSpecification\",\"valueRequired\":true,\"valueName\":\"search_term_string\"}}],\"inLanguage\":\"de\"}]}<\/script>\n<!-- \/ Yoast SEO plugin. -->","yoast_head_json":{"title":"Transfers f\u00fcr Arbeitskleidung - Hei\u00dftransfer-Etiketten Made in Italy","robots":{"index":"index","follow":"follow","max-snippet":"max-snippet:-1","max-image-preview":"max-image-preview:large","max-video-preview":"max-video-preview:-1"},"canonical":"https:\/\/www.multigriffe.com\/de\/verarbeitungssektoren\/transfers-fuer-arbeitskleidung\/","og_locale":"de_DE","og_type":"article","og_title":"Transfers f\u00fcr Arbeitskleidung - Hei\u00dftransfer-Etiketten Made in Italy","og_description":"[vc_row][vc_column width=&#8220;9\/12&#8243;][vc_empty_space empty_h=&#8220;2&#8243; medium_visibility=&#8220;yes&#8220; mobile_visibility=&#8220;yes&#8220;][vc_column_text uncode_shortcode_id=&#8220;163151&#8243;]Diese Art von Transfer betrifft die Personalisierung aller Produkte f\u00fcr Berufsbekleidung und allgemein f\u00fcr Arbeitskleidung [&hellip;]","og_url":"https:\/\/www.multigriffe.com\/de\/verarbeitungssektoren\/transfers-fuer-arbeitskleidung\/","og_site_name":"MultiGriffe","article_modified_time":"2026-02-25T12:12:47+00:00","og_image":[{"width":2000,"height":1443,"url":"https:\/\/www.multigriffe.com\/wp-content\/uploads\/2019\/03\/Transfer-per-Abbigliamento-da-lavoro-01-1.jpg","type":"image\/jpeg"}],"twitter_card":"summary_large_image","twitter_misc":{"Gesch\u00e4tzte Lesezeit":"2\u00a0Minuten"},"schema":{"@context":"https:\/\/schema.org","@graph":[{"@type":"WebPage","@id":"https:\/\/www.multigriffe.com\/de\/verarbeitungssektoren\/transfers-fuer-arbeitskleidung\/","url":"https:\/\/www.multigriffe.com\/de\/verarbeitungssektoren\/transfers-fuer-arbeitskleidung\/","name":"Transfers f\u00fcr Arbeitskleidung - Hei\u00dftransfer-Etiketten Made in Italy","isPartOf":{"@id":"https:\/\/www.multigriffe.com\/#website"},"primaryImageOfPage":{"@id":"https:\/\/www.multigriffe.com\/de\/verarbeitungssektoren\/transfers-fuer-arbeitskleidung\/#primaryimage"},"image":{"@id":"https:\/\/www.multigriffe.com\/de\/verarbeitungssektoren\/transfers-fuer-arbeitskleidung\/#primaryimage"},"thumbnailUrl":"https:\/\/www.multigriffe.com\/wp-content\/uploads\/2019\/03\/Transfer-per-Abbigliamento-da-lavoro-01-1.jpg","datePublished":"2018-04-18T13:37:49+00:00","dateModified":"2026-02-25T12:12:47+00:00","breadcrumb":{"@id":"https:\/\/www.multigriffe.com\/de\/verarbeitungssektoren\/transfers-fuer-arbeitskleidung\/#breadcrumb"},"inLanguage":"de","potentialAction":[{"@type":"ReadAction","target":["https:\/\/www.multigriffe.com\/de\/verarbeitungssektoren\/transfers-fuer-arbeitskleidung\/"]}]},{"@type":"ImageObject","inLanguage":"de","@id":"https:\/\/www.multigriffe.com\/de\/verarbeitungssektoren\/transfers-fuer-arbeitskleidung\/#primaryimage","url":"https:\/\/www.multigriffe.com\/wp-content\/uploads\/2019\/03\/Transfer-per-Abbigliamento-da-lavoro-01-1.jpg","contentUrl":"https:\/\/www.multigriffe.com\/wp-content\/uploads\/2019\/03\/Transfer-per-Abbigliamento-da-lavoro-01-1.jpg","width":2000,"height":1443},{"@type":"BreadcrumbList","@id":"https:\/\/www.multigriffe.com\/de\/verarbeitungssektoren\/transfers-fuer-arbeitskleidung\/#breadcrumb","itemListElement":[{"@type":"ListItem","position":1,"name":"Home","item":"https:\/\/www.multigriffe.com\/de\/"},{"@type":"ListItem","position":2,"name":"Verarbeitungssektoren","item":"https:\/\/www.multigriffe.com\/de\/verarbeitungssektoren\/"},{"@type":"ListItem","position":3,"name":"Transfers f\u00fcr Arbeitskleidung"}]},{"@type":"WebSite","@id":"https:\/\/www.multigriffe.com\/#website","url":"https:\/\/www.multigriffe.com\/","name":"MultiGriffe","description":"Etichette Transfer a Caldo per Abbigliamento Calzatura Sport Vicenza","potentialAction":[{"@type":"SearchAction","target":{"@type":"EntryPoint","urlTemplate":"https:\/\/www.multigriffe.com\/?s={search_term_string}"},"query-input":{"@type":"PropertyValueSpecification","valueRequired":true,"valueName":"search_term_string"}}],"inLanguage":"de"}]}},"_links":{"self":[{"href":"https:\/\/www.multigriffe.com\/de\/wp-json\/wp\/v2\/pages\/68190","targetHints":{"allow":["GET"]}}],"collection":[{"href":"https:\/\/www.multigriffe.com\/de\/wp-json\/wp\/v2\/pages"}],"about":[{"href":"https:\/\/www.multigriffe.com\/de\/wp-json\/wp\/v2\/types\/page"}],"author":[{"embeddable":true,"href":"https:\/\/www.multigriffe.com\/de\/wp-json\/wp\/v2\/users\/1"}],"replies":[{"embeddable":true,"href":"https:\/\/www.multigriffe.com\/de\/wp-json\/wp\/v2\/comments?post=68190"}],"version-history":[{"count":5,"href":"https:\/\/www.multigriffe.com\/de\/wp-json\/wp\/v2\/pages\/68190\/revisions"}],"predecessor-version":[{"id":68193,"href":"https:\/\/www.multigriffe.com\/de\/wp-json\/wp\/v2\/pages\/68190\/revisions\/68193"}],"up":[{"embeddable":true,"href":"https:\/\/www.multigriffe.com\/de\/wp-json\/wp\/v2\/pages\/68255"}],"wp:featuredmedia":[{"embeddable":true,"href":"https:\/\/www.multigriffe.com\/de\/wp-json\/wp\/v2\/media\/68192"}],"wp:attachment":[{"href":"https:\/\/www.multigriffe.com\/de\/wp-json\/wp\/v2\/media?parent=68190"}],"curies":[{"name":"wp","href":"https:\/\/api.w.org\/{rel}","templated":true}]}}