{"id":68142,"date":"2018-04-18T16:57:08","date_gmt":"2018-04-18T14:57:08","guid":{"rendered":"https:\/\/www.multigriffe.com\/transfer-per-bicchieri-usa-e-getta\/"},"modified":"2025-10-23T17:36:02","modified_gmt":"2025-10-23T15:36:02","slug":"transfers-fuer-einwegbecher","status":"publish","type":"page","link":"https:\/\/www.multigriffe.com\/de\/personalisierte-transfers\/transfers-fuer-einwegbecher\/","title":{"rendered":"Transfers f\u00fcr Einwegbecher"},"content":{"rendered":"<div class=\"wpb-content-wrapper\"><p>[vc_row][vc_column width=&#8220;1\/1&#8243;][vc_row_inner row_inner_height_percent=&#8220;0&#8243; overlay_alpha=&#8220;50&#8243; gutter_size=&#8220;4&#8243; shift_y=&#8220;0&#8243;][vc_column_inner column_width_percent=&#8220;100&#8243; gutter_size=&#8220;3&#8243; overlay_alpha=&#8220;50&#8243; shift_x=&#8220;0&#8243; shift_y=&#8220;0&#8243; shift_y_down=&#8220;0&#8243; z_index=&#8220;0&#8243; medium_width=&#8220;0&#8243; mobile_width=&#8220;0&#8243; width=&#8220;9\/12&#8243;][vc_empty_space empty_h=&#8220;2&#8243; medium_visibility=&#8220;yes&#8220; mobile_visibility=&#8220;yes&#8220;][vc_column_text uncode_shortcode_id=&#8220;994097&#8243;]Die Personalisierung von Einwegbechern aus Polypropylen bietet eine schnelle und kosteng\u00fcnstige M\u00f6glichkeit, Veranstaltungen oder bestimmte Rahmenbedingungen (Partys, Marketinginitiativen, Franchise-Ketten, Lokale usw.) mit einem Markenzeichen zu versehen.<\/p>\n<p>Die speziellen Pigmente garantieren die Abwesenheit von giftigen und sch\u00e4dlichen Substanzen und erm\u00f6glichen den Einsatz der MultiGriffe-Etiketten sogar bei Produkten, die f\u00fcr den Lebensmittelmarkt bestimmt sind.<\/p>\n<p>Die Bedruckung erfolgt durch Herstellung und etwaige Anbringung von Transferetiketten in verschiedenen Gr\u00f6\u00dfen, in einer oder mehreren Farben und mit besonderen optischen sowie haptischen Effekten (Metallic-, Glitzer-, Relief-Effekte).<br \/>\n[\/vc_column_text][vc_gallery el_id=&#8220;gallery-373336&#8243; medias=&#8220;66328,66329,66256&#8243; gutter_size=&#8220;3&#8243; screen_lg=&#8220;1000&#8243; screen_md=&#8220;600&#8243; screen_sm=&#8220;480&#8243; images_size=&#8220;three-two&#8220; single_overlay_opacity=&#8220;50&#8243; single_padding=&#8220;2&#8243;][vc_button button_color=&#8220;color-wayh&#8220; border_animation=&#8220;btn-ripple-out&#8220; hover_fx=&#8220;full-colored&#8220; border_width=&#8220;0&#8243; link=&#8220;url:https%3A%2F%2Fwww.multigriffe.com%2Fde%2Fpersonalisierte-transfers%2F&#8220; icon=&#8220;fa fa-chevron-left&#8220; button_color_type=&#8220;uncode-palette&#8220; uncode_shortcode_id=&#8220;131202&#8243;]Zur\u00fcck zu den Anpassungen[\/vc_button][vc_empty_space empty_h=&#8220;2&#8243; medium_visibility=&#8220;yes&#8220; mobile_visibility=&#8220;yes&#8220;][\/vc_column_inner][vc_column_inner column_width_percent=&#8220;100&#8243; gutter_size=&#8220;4&#8243; overlay_alpha=&#8220;50&#8243; shift_x=&#8220;0&#8243; shift_y=&#8220;0&#8243; shift_y_down=&#8220;0&#8243; z_index=&#8220;0&#8243; medium_width=&#8220;0&#8243; mobile_width=&#8220;0&#8243; sticky=&#8220;yes&#8220; width=&#8220;3\/12&#8243;][\/vc_column_inner][\/vc_row_inner][\/vc_column][\/vc_row]<\/p>\n<\/div>","protected":false},"excerpt":{"rendered":"<p>[vc_row][vc_column width=&#8220;1\/1&#8243;][vc_row_inner row_inner_height_percent=&#8220;0&#8243; overlay_alpha=&#8220;50&#8243; gutter_size=&#8220;4&#8243; shift_y=&#8220;0&#8243;][vc_column_inner column_width_percent=&#8220;100&#8243; gutter_size=&#8220;3&#8243; overlay_alpha=&#8220;50&#8243; shift_x=&#8220;0&#8243; shift_y=&#8220;0&#8243; shift_y_down=&#8220;0&#8243; z_index=&#8220;0&#8243; medium_width=&#8220;0&#8243; mobile_width=&#8220;0&#8243; width=&#8220;9\/12&#8243;][vc_empty_space empty_h=&#8220;2&#8243; medium_visibility=&#8220;yes&#8220; mobile_visibility=&#8220;yes&#8220;][vc_column_text uncode_shortcode_id=&#8220;994097&#8243;]Die [&hellip;]<\/p>\n","protected":false},"author":2,"featured_media":68144,"parent":68258,"menu_order":3,"comment_status":"closed","ping_status":"closed","template":"","meta":{"footnotes":""},"class_list":["post-68142","page","type-page","status-publish","has-post-thumbnail","hentry","page_category-personalizzati-de"],"yoast_head":"<!-- This site is optimized with the Yoast SEO plugin v27.0 - https:\/\/yoast.com\/product\/yoast-seo-wordpress\/ -->\n<title>Transfers f\u00fcr Einwegbecher - MultiGriffe<\/title>\n<meta name=\"robots\" content=\"index, follow, max-snippet:-1, max-image-preview:large, max-video-preview:-1\" \/>\n<link rel=\"canonical\" href=\"https:\/\/www.multigriffe.com\/transfer-personalizzati\/transfer-per-bicchieri-usa-e-getta\/\" \/>\n<meta property=\"og:locale\" content=\"de_DE\" \/>\n<meta property=\"og:type\" content=\"article\" \/>\n<meta property=\"og:title\" content=\"Transfers f\u00fcr Einwegbecher - MultiGriffe\" \/>\n<meta property=\"og:description\" content=\"[vc_row][vc_column width=&#8220;1\/1&#8243;][vc_row_inner row_inner_height_percent=&#8220;0&#8243; overlay_alpha=&#8220;50&#8243; gutter_size=&#8220;4&#8243; shift_y=&#8220;0&#8243;][vc_column_inner column_width_percent=&#8220;100&#8243; gutter_size=&#8220;3&#8243; overlay_alpha=&#8220;50&#8243; shift_x=&#8220;0&#8243; shift_y=&#8220;0&#8243; shift_y_down=&#8220;0&#8243; z_index=&#8220;0&#8243; medium_width=&#8220;0&#8243; mobile_width=&#8220;0&#8243; width=&#8220;9\/12&#8243;][vc_empty_space empty_h=&#8220;2&#8243; medium_visibility=&#8220;yes&#8220; mobile_visibility=&#8220;yes&#8220;][vc_column_text uncode_shortcode_id=&#8220;994097&#8243;]Die [&hellip;]\" \/>\n<meta property=\"og:url\" content=\"https:\/\/www.multigriffe.com\/transfer-personalizzati\/transfer-per-bicchieri-usa-e-getta\/\" \/>\n<meta property=\"og:site_name\" content=\"MultiGriffe\" \/>\n<meta property=\"article:modified_time\" content=\"2025-10-23T15:36:02+00:00\" \/>\n<meta property=\"og:image\" content=\"https:\/\/www.multigriffe.com\/wp-content\/uploads\/2019\/03\/Transfer-per-bicchieri-usa-e-getta-02.jpg\" \/>\n\t<meta property=\"og:image:width\" content=\"3337\" \/>\n\t<meta property=\"og:image:height\" content=\"2225\" \/>\n\t<meta property=\"og:image:type\" content=\"image\/jpeg\" \/>\n<meta name=\"twitter:card\" content=\"summary_large_image\" \/>\n<meta name=\"twitter:label1\" content=\"Gesch\u00e4tzte Lesezeit\" \/>\n\t<meta name=\"twitter:data1\" content=\"1\u00a0Minute\" \/>\n<script type=\"application\/ld+json\" class=\"yoast-schema-graph\">{\"@context\":\"https:\/\/schema.org\",\"@graph\":[{\"@type\":\"WebPage\",\"@id\":\"https:\/\/www.multigriffe.com\/transfer-personalizzati\/transfer-per-bicchieri-usa-e-getta\/\",\"url\":\"https:\/\/www.multigriffe.com\/transfer-personalizzati\/transfer-per-bicchieri-usa-e-getta\/\",\"name\":\"Transfers f\u00fcr Einwegbecher - MultiGriffe\",\"isPartOf\":{\"@id\":\"https:\/\/www.multigriffe.com\/#website\"},\"primaryImageOfPage\":{\"@id\":\"https:\/\/www.multigriffe.com\/transfer-personalizzati\/transfer-per-bicchieri-usa-e-getta\/#primaryimage\"},\"image\":{\"@id\":\"https:\/\/www.multigriffe.com\/transfer-personalizzati\/transfer-per-bicchieri-usa-e-getta\/#primaryimage\"},\"thumbnailUrl\":\"https:\/\/www.multigriffe.com\/wp-content\/uploads\/2019\/03\/Transfer-per-bicchieri-usa-e-getta-02.jpg\",\"datePublished\":\"2018-04-18T14:57:08+00:00\",\"dateModified\":\"2025-10-23T15:36:02+00:00\",\"breadcrumb\":{\"@id\":\"https:\/\/www.multigriffe.com\/transfer-personalizzati\/transfer-per-bicchieri-usa-e-getta\/#breadcrumb\"},\"inLanguage\":\"de\",\"potentialAction\":[{\"@type\":\"ReadAction\",\"target\":[\"https:\/\/www.multigriffe.com\/transfer-personalizzati\/transfer-per-bicchieri-usa-e-getta\/\"]}]},{\"@type\":\"ImageObject\",\"inLanguage\":\"de\",\"@id\":\"https:\/\/www.multigriffe.com\/transfer-personalizzati\/transfer-per-bicchieri-usa-e-getta\/#primaryimage\",\"url\":\"https:\/\/www.multigriffe.com\/wp-content\/uploads\/2019\/03\/Transfer-per-bicchieri-usa-e-getta-02.jpg\",\"contentUrl\":\"https:\/\/www.multigriffe.com\/wp-content\/uploads\/2019\/03\/Transfer-per-bicchieri-usa-e-getta-02.jpg\",\"width\":3337,\"height\":2225,\"caption\":\"Polystyrol\/technisches Polystyrol. Personalisierung von Geh\u00e4usen f\u00fcr Haushaltsger\u00e4te, Kn\u00f6pfen, Schaltern, technischen Verpackungsboxen, Ausstellungsst\u00e4ndern, Blisterverpackungen, starren Einwegbechern, Einrichtungs- und Beleuchtungskomponenten. occhiali da sole\"},{\"@type\":\"BreadcrumbList\",\"@id\":\"https:\/\/www.multigriffe.com\/transfer-personalizzati\/transfer-per-bicchieri-usa-e-getta\/#breadcrumb\",\"itemListElement\":[{\"@type\":\"ListItem\",\"position\":1,\"name\":\"Home\",\"item\":\"https:\/\/www.multigriffe.com\/de\/\"},{\"@type\":\"ListItem\",\"position\":2,\"name\":\"Personalisierte Transfers\",\"item\":\"https:\/\/www.multigriffe.com\/de\/personalisierte-transfers\/\"},{\"@type\":\"ListItem\",\"position\":3,\"name\":\"Transfers f\u00fcr Einwegbecher\"}]},{\"@type\":\"WebSite\",\"@id\":\"https:\/\/www.multigriffe.com\/#website\",\"url\":\"https:\/\/www.multigriffe.com\/\",\"name\":\"MultiGriffe\",\"description\":\"Etichette Transfer a Caldo per Abbigliamento Calzatura Sport Vicenza\",\"potentialAction\":[{\"@type\":\"SearchAction\",\"target\":{\"@type\":\"EntryPoint\",\"urlTemplate\":\"https:\/\/www.multigriffe.com\/?s={search_term_string}\"},\"query-input\":{\"@type\":\"PropertyValueSpecification\",\"valueRequired\":true,\"valueName\":\"search_term_string\"}}],\"inLanguage\":\"de\"}]}<\/script>\n<!-- \/ Yoast SEO plugin. -->","yoast_head_json":{"title":"Transfers f\u00fcr Einwegbecher - MultiGriffe","robots":{"index":"index","follow":"follow","max-snippet":"max-snippet:-1","max-image-preview":"max-image-preview:large","max-video-preview":"max-video-preview:-1"},"canonical":"https:\/\/www.multigriffe.com\/transfer-personalizzati\/transfer-per-bicchieri-usa-e-getta\/","og_locale":"de_DE","og_type":"article","og_title":"Transfers f\u00fcr Einwegbecher - MultiGriffe","og_description":"[vc_row][vc_column width=&#8220;1\/1&#8243;][vc_row_inner row_inner_height_percent=&#8220;0&#8243; overlay_alpha=&#8220;50&#8243; gutter_size=&#8220;4&#8243; shift_y=&#8220;0&#8243;][vc_column_inner column_width_percent=&#8220;100&#8243; gutter_size=&#8220;3&#8243; overlay_alpha=&#8220;50&#8243; shift_x=&#8220;0&#8243; shift_y=&#8220;0&#8243; shift_y_down=&#8220;0&#8243; z_index=&#8220;0&#8243; medium_width=&#8220;0&#8243; mobile_width=&#8220;0&#8243; width=&#8220;9\/12&#8243;][vc_empty_space empty_h=&#8220;2&#8243; medium_visibility=&#8220;yes&#8220; mobile_visibility=&#8220;yes&#8220;][vc_column_text uncode_shortcode_id=&#8220;994097&#8243;]Die [&hellip;]","og_url":"https:\/\/www.multigriffe.com\/transfer-personalizzati\/transfer-per-bicchieri-usa-e-getta\/","og_site_name":"MultiGriffe","article_modified_time":"2025-10-23T15:36:02+00:00","og_image":[{"width":3337,"height":2225,"url":"https:\/\/www.multigriffe.com\/wp-content\/uploads\/2019\/03\/Transfer-per-bicchieri-usa-e-getta-02.jpg","type":"image\/jpeg"}],"twitter_card":"summary_large_image","twitter_misc":{"Gesch\u00e4tzte Lesezeit":"1\u00a0Minute"},"schema":{"@context":"https:\/\/schema.org","@graph":[{"@type":"WebPage","@id":"https:\/\/www.multigriffe.com\/transfer-personalizzati\/transfer-per-bicchieri-usa-e-getta\/","url":"https:\/\/www.multigriffe.com\/transfer-personalizzati\/transfer-per-bicchieri-usa-e-getta\/","name":"Transfers f\u00fcr Einwegbecher - MultiGriffe","isPartOf":{"@id":"https:\/\/www.multigriffe.com\/#website"},"primaryImageOfPage":{"@id":"https:\/\/www.multigriffe.com\/transfer-personalizzati\/transfer-per-bicchieri-usa-e-getta\/#primaryimage"},"image":{"@id":"https:\/\/www.multigriffe.com\/transfer-personalizzati\/transfer-per-bicchieri-usa-e-getta\/#primaryimage"},"thumbnailUrl":"https:\/\/www.multigriffe.com\/wp-content\/uploads\/2019\/03\/Transfer-per-bicchieri-usa-e-getta-02.jpg","datePublished":"2018-04-18T14:57:08+00:00","dateModified":"2025-10-23T15:36:02+00:00","breadcrumb":{"@id":"https:\/\/www.multigriffe.com\/transfer-personalizzati\/transfer-per-bicchieri-usa-e-getta\/#breadcrumb"},"inLanguage":"de","potentialAction":[{"@type":"ReadAction","target":["https:\/\/www.multigriffe.com\/transfer-personalizzati\/transfer-per-bicchieri-usa-e-getta\/"]}]},{"@type":"ImageObject","inLanguage":"de","@id":"https:\/\/www.multigriffe.com\/transfer-personalizzati\/transfer-per-bicchieri-usa-e-getta\/#primaryimage","url":"https:\/\/www.multigriffe.com\/wp-content\/uploads\/2019\/03\/Transfer-per-bicchieri-usa-e-getta-02.jpg","contentUrl":"https:\/\/www.multigriffe.com\/wp-content\/uploads\/2019\/03\/Transfer-per-bicchieri-usa-e-getta-02.jpg","width":3337,"height":2225,"caption":"Polystyrol\/technisches Polystyrol. Personalisierung von Geh\u00e4usen f\u00fcr Haushaltsger\u00e4te, Kn\u00f6pfen, Schaltern, technischen Verpackungsboxen, Ausstellungsst\u00e4ndern, Blisterverpackungen, starren Einwegbechern, Einrichtungs- und Beleuchtungskomponenten. occhiali da sole"},{"@type":"BreadcrumbList","@id":"https:\/\/www.multigriffe.com\/transfer-personalizzati\/transfer-per-bicchieri-usa-e-getta\/#breadcrumb","itemListElement":[{"@type":"ListItem","position":1,"name":"Home","item":"https:\/\/www.multigriffe.com\/de\/"},{"@type":"ListItem","position":2,"name":"Personalisierte Transfers","item":"https:\/\/www.multigriffe.com\/de\/personalisierte-transfers\/"},{"@type":"ListItem","position":3,"name":"Transfers f\u00fcr Einwegbecher"}]},{"@type":"WebSite","@id":"https:\/\/www.multigriffe.com\/#website","url":"https:\/\/www.multigriffe.com\/","name":"MultiGriffe","description":"Etichette Transfer a Caldo per Abbigliamento Calzatura Sport Vicenza","potentialAction":[{"@type":"SearchAction","target":{"@type":"EntryPoint","urlTemplate":"https:\/\/www.multigriffe.com\/?s={search_term_string}"},"query-input":{"@type":"PropertyValueSpecification","valueRequired":true,"valueName":"search_term_string"}}],"inLanguage":"de"}]}},"_links":{"self":[{"href":"https:\/\/www.multigriffe.com\/de\/wp-json\/wp\/v2\/pages\/68142","targetHints":{"allow":["GET"]}}],"collection":[{"href":"https:\/\/www.multigriffe.com\/de\/wp-json\/wp\/v2\/pages"}],"about":[{"href":"https:\/\/www.multigriffe.com\/de\/wp-json\/wp\/v2\/types\/page"}],"author":[{"embeddable":true,"href":"https:\/\/www.multigriffe.com\/de\/wp-json\/wp\/v2\/users\/2"}],"replies":[{"embeddable":true,"href":"https:\/\/www.multigriffe.com\/de\/wp-json\/wp\/v2\/comments?post=68142"}],"version-history":[{"count":4,"href":"https:\/\/www.multigriffe.com\/de\/wp-json\/wp\/v2\/pages\/68142\/revisions"}],"predecessor-version":[{"id":68399,"href":"https:\/\/www.multigriffe.com\/de\/wp-json\/wp\/v2\/pages\/68142\/revisions\/68399"}],"up":[{"embeddable":true,"href":"https:\/\/www.multigriffe.com\/de\/wp-json\/wp\/v2\/pages\/68258"}],"wp:featuredmedia":[{"embeddable":true,"href":"https:\/\/www.multigriffe.com\/de\/wp-json\/wp\/v2\/media\/68144"}],"wp:attachment":[{"href":"https:\/\/www.multigriffe.com\/de\/wp-json\/wp\/v2\/media?parent=68142"}],"curies":[{"name":"wp","href":"https:\/\/api.w.org\/{rel}","templated":true}]}}