{"id":68126,"date":"2018-04-18T17:08:11","date_gmt":"2018-04-18T15:08:11","guid":{"rendered":"https:\/\/www.multigriffe.com\/transfer-per-trekking-e-arrampicata\/"},"modified":"2025-10-23T17:40:19","modified_gmt":"2025-10-23T15:40:19","slug":"transfers-fuer-trekking-und-klettern","status":"publish","type":"page","link":"https:\/\/www.multigriffe.com\/de\/personalisierte-transfers\/transfers-fuer-trekking-und-klettern\/","title":{"rendered":"Transfers f\u00fcr Trekking und Klettern"},"content":{"rendered":"<div class=\"wpb-content-wrapper\"><p>[vc_row][vc_column width=&#8220;1\/1&#8243;][vc_row_inner row_inner_height_percent=&#8220;0&#8243; overlay_alpha=&#8220;50&#8243; gutter_size=&#8220;4&#8243; shift_y=&#8220;0&#8243;][vc_column_inner column_width_percent=&#8220;100&#8243; gutter_size=&#8220;3&#8243; overlay_alpha=&#8220;50&#8243; shift_x=&#8220;0&#8243; shift_y=&#8220;0&#8243; shift_y_down=&#8220;0&#8243; z_index=&#8220;0&#8243; medium_width=&#8220;0&#8243; mobile_width=&#8220;0&#8243; width=&#8220;9\/12&#8243;][vc_empty_space empty_h=&#8220;2&#8243; medium_visibility=&#8220;yes&#8220; mobile_visibility=&#8220;yes&#8220;][vc_column_text uncode_shortcode_id=&#8220;150840&#8243;]Wie bei anderen Schuhen auch, k\u00f6nnen Trekking- und Kletterschuhe durch Aufdrucken von Transferetiketten optimal personalisiert werden.<\/p>\n<p>Die Transfers betreffen sowohl die Innenseite des Schuhs (Logo, Gr\u00f6\u00dfe und Zusammensetzung) als auch die Au\u00dfenseite, mit einer gr\u00f6\u00dferen M\u00f6glichkeit der \u00e4sthetischen Personalisierung und einer breiten Palette an verf\u00fcgbaren Effekten und Texturen, wie im Fall der Sneakers (Link zur \u00dcbersicht Sneakers Einzelne Produkte): gl\u00e4nzende\/matte Effekte, Metallic-Effekte (silberfarben, goldfarben), Relief-Effekte mit besonderer Dicke und Textur, Glitzer- oder Flock-Effekte, Volltonfarben oder Vierfarbdruck mit Reproduktion fotografischer Effekte.<\/p>\n<p>Auch bei Trekking-Schuhen ist die Transfer-Anwendung sowohl auf Stoffoberfl\u00e4chen als auch auf Gummi- und Polyurethan-Teilen (Sohle, Zehenschutzkappe, Seiten) m\u00f6glich.<\/p>\n<p>Bei Trekking- und Kletterschuhen sorgen weitere Behandlungen f\u00fcr einen zus\u00e4tzlichen Schutz der Transferfarben, wodurch die Drucke besonders widerstandsf\u00e4hig gegen Abrieb und h\u00e4ufige Witterungseinfl\u00fcsse sind.<br \/>\n[\/vc_column_text][vc_gallery el_id=&#8220;gallery-373336&#8243; medias=&#8220;66901,66899,66897&#8243; gutter_size=&#8220;3&#8243; screen_lg=&#8220;1000&#8243; screen_md=&#8220;600&#8243; screen_sm=&#8220;480&#8243; images_size=&#8220;three-two&#8220; single_overlay_opacity=&#8220;50&#8243; single_padding=&#8220;2&#8243;][vc_button button_color=&#8220;color-wayh&#8220; border_animation=&#8220;btn-ripple-out&#8220; hover_fx=&#8220;full-colored&#8220; border_width=&#8220;0&#8243; link=&#8220;url:https%3A%2F%2Fwww.multigriffe.com%2Fde%2Fpersonalisierte-transfers%2F|title:Personalisierte%20Transfers&#8220; icon=&#8220;fa fa-chevron-left&#8220; button_color_type=&#8220;uncode-palette&#8220; uncode_shortcode_id=&#8220;546371&#8243;]Zur\u00fcck zu den Anpassungen[\/vc_button][vc_empty_space empty_h=&#8220;2&#8243; medium_visibility=&#8220;yes&#8220; mobile_visibility=&#8220;yes&#8220;][\/vc_column_inner][vc_column_inner column_width_percent=&#8220;100&#8243; gutter_size=&#8220;4&#8243; overlay_alpha=&#8220;50&#8243; shift_x=&#8220;0&#8243; shift_y=&#8220;0&#8243; shift_y_down=&#8220;0&#8243; z_index=&#8220;0&#8243; medium_width=&#8220;0&#8243; mobile_width=&#8220;0&#8243; sticky=&#8220;yes&#8220; width=&#8220;3\/12&#8243;][\/vc_column_inner][\/vc_row_inner][\/vc_column][\/vc_row]<\/p>\n<\/div>","protected":false},"excerpt":{"rendered":"<p>[vc_row][vc_column width=&#8220;1\/1&#8243;][vc_row_inner row_inner_height_percent=&#8220;0&#8243; overlay_alpha=&#8220;50&#8243; gutter_size=&#8220;4&#8243; shift_y=&#8220;0&#8243;][vc_column_inner column_width_percent=&#8220;100&#8243; gutter_size=&#8220;3&#8243; overlay_alpha=&#8220;50&#8243; shift_x=&#8220;0&#8243; shift_y=&#8220;0&#8243; shift_y_down=&#8220;0&#8243; z_index=&#8220;0&#8243; medium_width=&#8220;0&#8243; mobile_width=&#8220;0&#8243; width=&#8220;9\/12&#8243;][vc_empty_space empty_h=&#8220;2&#8243; medium_visibility=&#8220;yes&#8220; mobile_visibility=&#8220;yes&#8220;][vc_column_text uncode_shortcode_id=&#8220;150840&#8243;]Wie [&hellip;]<\/p>\n","protected":false},"author":2,"featured_media":68128,"parent":68258,"menu_order":16,"comment_status":"closed","ping_status":"closed","template":"","meta":{"footnotes":""},"class_list":["post-68126","page","type-page","status-publish","has-post-thumbnail","hentry","page_category-personalizzati-de"],"yoast_head":"<!-- This site is optimized with the Yoast SEO plugin v27.0 - https:\/\/yoast.com\/product\/yoast-seo-wordpress\/ -->\n<title>Transfers f\u00fcr Trekking und Klettern - Hei\u00dftransfer-Etiketten Made in Italy<\/title>\n<meta name=\"robots\" content=\"index, follow, max-snippet:-1, max-image-preview:large, max-video-preview:-1\" \/>\n<link rel=\"canonical\" href=\"https:\/\/www.multigriffe.com\/transfer-personalizzati\/transfer-per-trekking-e-arrampicata\/\" \/>\n<meta property=\"og:locale\" content=\"de_DE\" \/>\n<meta property=\"og:type\" content=\"article\" \/>\n<meta property=\"og:title\" content=\"Transfers f\u00fcr Trekking und Klettern - Hei\u00dftransfer-Etiketten Made in Italy\" \/>\n<meta property=\"og:description\" content=\"[vc_row][vc_column width=&#8220;1\/1&#8243;][vc_row_inner row_inner_height_percent=&#8220;0&#8243; overlay_alpha=&#8220;50&#8243; gutter_size=&#8220;4&#8243; shift_y=&#8220;0&#8243;][vc_column_inner column_width_percent=&#8220;100&#8243; gutter_size=&#8220;3&#8243; overlay_alpha=&#8220;50&#8243; shift_x=&#8220;0&#8243; shift_y=&#8220;0&#8243; shift_y_down=&#8220;0&#8243; z_index=&#8220;0&#8243; medium_width=&#8220;0&#8243; mobile_width=&#8220;0&#8243; width=&#8220;9\/12&#8243;][vc_empty_space empty_h=&#8220;2&#8243; medium_visibility=&#8220;yes&#8220; mobile_visibility=&#8220;yes&#8220;][vc_column_text uncode_shortcode_id=&#8220;150840&#8243;]Wie [&hellip;]\" \/>\n<meta property=\"og:url\" content=\"https:\/\/www.multigriffe.com\/transfer-personalizzati\/transfer-per-trekking-e-arrampicata\/\" \/>\n<meta property=\"og:site_name\" content=\"MultiGriffe\" \/>\n<meta property=\"article:modified_time\" content=\"2025-10-23T15:40:19+00:00\" \/>\n<meta property=\"og:image\" content=\"https:\/\/www.multigriffe.com\/wp-content\/uploads\/2018\/01\/Transfer-per-trekking-e-arrampicata-05.jpg\" \/>\n\t<meta property=\"og:image:width\" content=\"2000\" \/>\n\t<meta property=\"og:image:height\" content=\"1333\" \/>\n\t<meta property=\"og:image:type\" content=\"image\/jpeg\" \/>\n<meta name=\"twitter:card\" content=\"summary_large_image\" \/>\n<meta name=\"twitter:label1\" content=\"Gesch\u00e4tzte Lesezeit\" \/>\n\t<meta name=\"twitter:data1\" content=\"2\u00a0Minuten\" \/>\n<script type=\"application\/ld+json\" class=\"yoast-schema-graph\">{\"@context\":\"https:\/\/schema.org\",\"@graph\":[{\"@type\":\"WebPage\",\"@id\":\"https:\/\/www.multigriffe.com\/transfer-personalizzati\/transfer-per-trekking-e-arrampicata\/\",\"url\":\"https:\/\/www.multigriffe.com\/transfer-personalizzati\/transfer-per-trekking-e-arrampicata\/\",\"name\":\"Transfers f\u00fcr Trekking und Klettern - Hei\u00dftransfer-Etiketten Made in Italy\",\"isPartOf\":{\"@id\":\"https:\/\/www.multigriffe.com\/#website\"},\"primaryImageOfPage\":{\"@id\":\"https:\/\/www.multigriffe.com\/transfer-personalizzati\/transfer-per-trekking-e-arrampicata\/#primaryimage\"},\"image\":{\"@id\":\"https:\/\/www.multigriffe.com\/transfer-personalizzati\/transfer-per-trekking-e-arrampicata\/#primaryimage\"},\"thumbnailUrl\":\"https:\/\/www.multigriffe.com\/wp-content\/uploads\/2018\/01\/Transfer-per-trekking-e-arrampicata-05.jpg\",\"datePublished\":\"2018-04-18T15:08:11+00:00\",\"dateModified\":\"2025-10-23T15:40:19+00:00\",\"breadcrumb\":{\"@id\":\"https:\/\/www.multigriffe.com\/transfer-personalizzati\/transfer-per-trekking-e-arrampicata\/#breadcrumb\"},\"inLanguage\":\"de\",\"potentialAction\":[{\"@type\":\"ReadAction\",\"target\":[\"https:\/\/www.multigriffe.com\/transfer-personalizzati\/transfer-per-trekking-e-arrampicata\/\"]}]},{\"@type\":\"ImageObject\",\"inLanguage\":\"de\",\"@id\":\"https:\/\/www.multigriffe.com\/transfer-personalizzati\/transfer-per-trekking-e-arrampicata\/#primaryimage\",\"url\":\"https:\/\/www.multigriffe.com\/wp-content\/uploads\/2018\/01\/Transfer-per-trekking-e-arrampicata-05.jpg\",\"contentUrl\":\"https:\/\/www.multigriffe.com\/wp-content\/uploads\/2018\/01\/Transfer-per-trekking-e-arrampicata-05.jpg\",\"width\":2000,\"height\":1333},{\"@type\":\"BreadcrumbList\",\"@id\":\"https:\/\/www.multigriffe.com\/transfer-personalizzati\/transfer-per-trekking-e-arrampicata\/#breadcrumb\",\"itemListElement\":[{\"@type\":\"ListItem\",\"position\":1,\"name\":\"Home\",\"item\":\"https:\/\/www.multigriffe.com\/de\/\"},{\"@type\":\"ListItem\",\"position\":2,\"name\":\"Personalisierte Transfers\",\"item\":\"https:\/\/www.multigriffe.com\/de\/personalisierte-transfers\/\"},{\"@type\":\"ListItem\",\"position\":3,\"name\":\"Transfers f\u00fcr Trekking und Klettern\"}]},{\"@type\":\"WebSite\",\"@id\":\"https:\/\/www.multigriffe.com\/#website\",\"url\":\"https:\/\/www.multigriffe.com\/\",\"name\":\"MultiGriffe\",\"description\":\"Etichette Transfer a Caldo per Abbigliamento Calzatura Sport Vicenza\",\"potentialAction\":[{\"@type\":\"SearchAction\",\"target\":{\"@type\":\"EntryPoint\",\"urlTemplate\":\"https:\/\/www.multigriffe.com\/?s={search_term_string}\"},\"query-input\":{\"@type\":\"PropertyValueSpecification\",\"valueRequired\":true,\"valueName\":\"search_term_string\"}}],\"inLanguage\":\"de\"}]}<\/script>\n<!-- \/ Yoast SEO plugin. -->","yoast_head_json":{"title":"Transfers f\u00fcr Trekking und Klettern - Hei\u00dftransfer-Etiketten Made in Italy","robots":{"index":"index","follow":"follow","max-snippet":"max-snippet:-1","max-image-preview":"max-image-preview:large","max-video-preview":"max-video-preview:-1"},"canonical":"https:\/\/www.multigriffe.com\/transfer-personalizzati\/transfer-per-trekking-e-arrampicata\/","og_locale":"de_DE","og_type":"article","og_title":"Transfers f\u00fcr Trekking und Klettern - Hei\u00dftransfer-Etiketten Made in Italy","og_description":"[vc_row][vc_column width=&#8220;1\/1&#8243;][vc_row_inner row_inner_height_percent=&#8220;0&#8243; overlay_alpha=&#8220;50&#8243; gutter_size=&#8220;4&#8243; shift_y=&#8220;0&#8243;][vc_column_inner column_width_percent=&#8220;100&#8243; gutter_size=&#8220;3&#8243; overlay_alpha=&#8220;50&#8243; shift_x=&#8220;0&#8243; shift_y=&#8220;0&#8243; shift_y_down=&#8220;0&#8243; z_index=&#8220;0&#8243; medium_width=&#8220;0&#8243; mobile_width=&#8220;0&#8243; width=&#8220;9\/12&#8243;][vc_empty_space empty_h=&#8220;2&#8243; medium_visibility=&#8220;yes&#8220; mobile_visibility=&#8220;yes&#8220;][vc_column_text uncode_shortcode_id=&#8220;150840&#8243;]Wie [&hellip;]","og_url":"https:\/\/www.multigriffe.com\/transfer-personalizzati\/transfer-per-trekking-e-arrampicata\/","og_site_name":"MultiGriffe","article_modified_time":"2025-10-23T15:40:19+00:00","og_image":[{"width":2000,"height":1333,"url":"https:\/\/www.multigriffe.com\/wp-content\/uploads\/2018\/01\/Transfer-per-trekking-e-arrampicata-05.jpg","type":"image\/jpeg"}],"twitter_card":"summary_large_image","twitter_misc":{"Gesch\u00e4tzte Lesezeit":"2\u00a0Minuten"},"schema":{"@context":"https:\/\/schema.org","@graph":[{"@type":"WebPage","@id":"https:\/\/www.multigriffe.com\/transfer-personalizzati\/transfer-per-trekking-e-arrampicata\/","url":"https:\/\/www.multigriffe.com\/transfer-personalizzati\/transfer-per-trekking-e-arrampicata\/","name":"Transfers f\u00fcr Trekking und Klettern - Hei\u00dftransfer-Etiketten Made in Italy","isPartOf":{"@id":"https:\/\/www.multigriffe.com\/#website"},"primaryImageOfPage":{"@id":"https:\/\/www.multigriffe.com\/transfer-personalizzati\/transfer-per-trekking-e-arrampicata\/#primaryimage"},"image":{"@id":"https:\/\/www.multigriffe.com\/transfer-personalizzati\/transfer-per-trekking-e-arrampicata\/#primaryimage"},"thumbnailUrl":"https:\/\/www.multigriffe.com\/wp-content\/uploads\/2018\/01\/Transfer-per-trekking-e-arrampicata-05.jpg","datePublished":"2018-04-18T15:08:11+00:00","dateModified":"2025-10-23T15:40:19+00:00","breadcrumb":{"@id":"https:\/\/www.multigriffe.com\/transfer-personalizzati\/transfer-per-trekking-e-arrampicata\/#breadcrumb"},"inLanguage":"de","potentialAction":[{"@type":"ReadAction","target":["https:\/\/www.multigriffe.com\/transfer-personalizzati\/transfer-per-trekking-e-arrampicata\/"]}]},{"@type":"ImageObject","inLanguage":"de","@id":"https:\/\/www.multigriffe.com\/transfer-personalizzati\/transfer-per-trekking-e-arrampicata\/#primaryimage","url":"https:\/\/www.multigriffe.com\/wp-content\/uploads\/2018\/01\/Transfer-per-trekking-e-arrampicata-05.jpg","contentUrl":"https:\/\/www.multigriffe.com\/wp-content\/uploads\/2018\/01\/Transfer-per-trekking-e-arrampicata-05.jpg","width":2000,"height":1333},{"@type":"BreadcrumbList","@id":"https:\/\/www.multigriffe.com\/transfer-personalizzati\/transfer-per-trekking-e-arrampicata\/#breadcrumb","itemListElement":[{"@type":"ListItem","position":1,"name":"Home","item":"https:\/\/www.multigriffe.com\/de\/"},{"@type":"ListItem","position":2,"name":"Personalisierte Transfers","item":"https:\/\/www.multigriffe.com\/de\/personalisierte-transfers\/"},{"@type":"ListItem","position":3,"name":"Transfers f\u00fcr Trekking und Klettern"}]},{"@type":"WebSite","@id":"https:\/\/www.multigriffe.com\/#website","url":"https:\/\/www.multigriffe.com\/","name":"MultiGriffe","description":"Etichette Transfer a Caldo per Abbigliamento Calzatura Sport Vicenza","potentialAction":[{"@type":"SearchAction","target":{"@type":"EntryPoint","urlTemplate":"https:\/\/www.multigriffe.com\/?s={search_term_string}"},"query-input":{"@type":"PropertyValueSpecification","valueRequired":true,"valueName":"search_term_string"}}],"inLanguage":"de"}]}},"_links":{"self":[{"href":"https:\/\/www.multigriffe.com\/de\/wp-json\/wp\/v2\/pages\/68126","targetHints":{"allow":["GET"]}}],"collection":[{"href":"https:\/\/www.multigriffe.com\/de\/wp-json\/wp\/v2\/pages"}],"about":[{"href":"https:\/\/www.multigriffe.com\/de\/wp-json\/wp\/v2\/types\/page"}],"author":[{"embeddable":true,"href":"https:\/\/www.multigriffe.com\/de\/wp-json\/wp\/v2\/users\/2"}],"replies":[{"embeddable":true,"href":"https:\/\/www.multigriffe.com\/de\/wp-json\/wp\/v2\/comments?post=68126"}],"version-history":[{"count":3,"href":"https:\/\/www.multigriffe.com\/de\/wp-json\/wp\/v2\/pages\/68126\/revisions"}],"predecessor-version":[{"id":68394,"href":"https:\/\/www.multigriffe.com\/de\/wp-json\/wp\/v2\/pages\/68126\/revisions\/68394"}],"up":[{"embeddable":true,"href":"https:\/\/www.multigriffe.com\/de\/wp-json\/wp\/v2\/pages\/68258"}],"wp:featuredmedia":[{"embeddable":true,"href":"https:\/\/www.multigriffe.com\/de\/wp-json\/wp\/v2\/media\/68128"}],"wp:attachment":[{"href":"https:\/\/www.multigriffe.com\/de\/wp-json\/wp\/v2\/media?parent=68126"}],"curies":[{"name":"wp","href":"https:\/\/api.w.org\/{rel}","templated":true}]}}