{"id":68122,"date":"2018-04-18T17:06:00","date_gmt":"2018-04-18T15:06:00","guid":{"rendered":"https:\/\/www.multigriffe.com\/transfer-per-stivali-in-gomma\/"},"modified":"2026-02-25T13:05:15","modified_gmt":"2026-02-25T12:05:15","slug":"transfers-fuer-gummistiefel","status":"publish","type":"page","link":"https:\/\/www.multigriffe.com\/de\/personalisierte-transfers\/transfers-fuer-gummistiefel\/","title":{"rendered":"Transfers f\u00fcr Gummistiefel"},"content":{"rendered":"<div class=\"wpb-content-wrapper\"><p>[vc_row][vc_column width=&#8220;1\/1&#8243;][vc_row_inner row_inner_height_percent=&#8220;0&#8243; overlay_alpha=&#8220;50&#8243; gutter_size=&#8220;4&#8243; shift_y=&#8220;0&#8243;][vc_column_inner column_width_percent=&#8220;100&#8243; gutter_size=&#8220;3&#8243; overlay_alpha=&#8220;50&#8243; shift_x=&#8220;0&#8243; shift_y=&#8220;0&#8243; shift_y_down=&#8220;0&#8243; z_index=&#8220;0&#8243; medium_width=&#8220;0&#8243; mobile_width=&#8220;0&#8243; width=&#8220;9\/12&#8243;][vc_empty_space empty_h=&#8220;2&#8243; medium_visibility=&#8220;yes&#8220; mobile_visibility=&#8220;yes&#8220;][vc_column_text uncode_shortcode_id=&#8220;136693&#8243;]Die Personalisierung von Schuhwerk erh\u00e4lt eine weitere Dimension, wenn es um Regen- oder Arbeitsgummistiefel geht.<\/p>\n<p>Im Gegensatz zu Schuhen, deren Oberfl\u00e4che \u00fcberwiegend aus Leder, Kunstleder oder Stoff besteht, ist die Oberfl\u00e4che von Regenstiefeln vollst\u00e4ndig aus Gummi, um eine maximale Isolierung des Fu\u00dfes nach au\u00dfen zu gew\u00e4hrleisten und zu verhindern, dass Wasser eindringt.<\/p>\n<p>Der Druck von Bildern, Logos oder Texten hat daher durch die Herstellung und Anbringung von speziell f\u00fcr Gummi (oder Polyurethan) entwickelten Etiketten zu erfolgen.<\/p>\n<p>Keine Einschr\u00e4nkungen hinsichtlich Stil und Farbe: Auch f\u00fcr dieses Material sind dieselben Effekte und Texturen verf\u00fcgbar wie f\u00fcr andere Oberfl\u00e4chen, sprich f\u00fcr Leder und Stoffe: Glitzer, Relief, Metallic- und reflektierende Effekte, matt oder gl\u00e4nzend, Volltonfarben oder Vierfarbdruck.<\/p>\n<p>Die Transfers f\u00fcr Gummistiefel garantieren eine besondere Best\u00e4ndigkeit der Lacke gegen Abrieb, bestimmte L\u00f6sungsmittel, Chemikalien und Witterungseinfl\u00fcsse.<br \/>\n[\/vc_column_text][vc_gallery el_id=&#8220;gallery-373336&#8243; medias=&#8220;68123,68840,68124,68842,68841,68843,68844&#8243; gutter_size=&#8220;3&#8243; screen_lg=&#8220;1000&#8243; screen_md=&#8220;600&#8243; screen_sm=&#8220;480&#8243; single_overlay_opacity=&#8220;50&#8243; single_padding=&#8220;2&#8243; uncode_shortcode_id=&#8220;125864&#8243;][vc_button button_color=&#8220;color-wayh&#8220; border_animation=&#8220;btn-ripple-out&#8220; hover_fx=&#8220;full-colored&#8220; border_width=&#8220;0&#8243; link=&#8220;url:https%3A%2F%2Fwww.multigriffe.com%2Fde%2Fpersonalisierte-transfers%2F|title:Personalisierte%20Transfers&#8220; icon=&#8220;fa fa-chevron-left&#8220; button_color_type=&#8220;uncode-palette&#8220; uncode_shortcode_id=&#8220;376597&#8243;]Zur\u00fcck zu den Anpassungen[\/vc_button][vc_empty_space empty_h=&#8220;2&#8243; medium_visibility=&#8220;yes&#8220; mobile_visibility=&#8220;yes&#8220;][\/vc_column_inner][vc_column_inner column_width_percent=&#8220;100&#8243; gutter_size=&#8220;4&#8243; overlay_alpha=&#8220;50&#8243; shift_x=&#8220;0&#8243; shift_y=&#8220;0&#8243; shift_y_down=&#8220;0&#8243; z_index=&#8220;0&#8243; medium_width=&#8220;0&#8243; mobile_width=&#8220;0&#8243; sticky=&#8220;yes&#8220; width=&#8220;3\/12&#8243;][\/vc_column_inner][\/vc_row_inner][\/vc_column][\/vc_row]<\/p>\n<\/div>","protected":false},"excerpt":{"rendered":"<p>[vc_row][vc_column width=&#8220;1\/1&#8243;][vc_row_inner row_inner_height_percent=&#8220;0&#8243; overlay_alpha=&#8220;50&#8243; gutter_size=&#8220;4&#8243; shift_y=&#8220;0&#8243;][vc_column_inner column_width_percent=&#8220;100&#8243; gutter_size=&#8220;3&#8243; overlay_alpha=&#8220;50&#8243; shift_x=&#8220;0&#8243; shift_y=&#8220;0&#8243; shift_y_down=&#8220;0&#8243; z_index=&#8220;0&#8243; medium_width=&#8220;0&#8243; mobile_width=&#8220;0&#8243; width=&#8220;9\/12&#8243;][vc_empty_space empty_h=&#8220;2&#8243; medium_visibility=&#8220;yes&#8220; mobile_visibility=&#8220;yes&#8220;][vc_column_text uncode_shortcode_id=&#8220;136693&#8243;]Die [&hellip;]<\/p>\n","protected":false},"author":2,"featured_media":68124,"parent":68258,"menu_order":14,"comment_status":"closed","ping_status":"closed","template":"","meta":{"footnotes":""},"class_list":["post-68122","page","type-page","status-publish","has-post-thumbnail","hentry","page_category-personalizzati-de"],"yoast_head":"<!-- This site is optimized with the Yoast SEO plugin v27.0 - https:\/\/yoast.com\/product\/yoast-seo-wordpress\/ -->\n<title>Transfers f\u00fcr Gummistiefel - MultiGriffe<\/title>\n<meta name=\"robots\" content=\"index, follow, max-snippet:-1, max-image-preview:large, max-video-preview:-1\" \/>\n<link rel=\"canonical\" href=\"https:\/\/www.multigriffe.com\/de\/personalisierte-transfers\/transfers-fuer-gummistiefel\/\" \/>\n<meta property=\"og:locale\" content=\"de_DE\" \/>\n<meta property=\"og:type\" content=\"article\" \/>\n<meta property=\"og:title\" content=\"Transfers f\u00fcr Gummistiefel - MultiGriffe\" \/>\n<meta property=\"og:description\" content=\"[vc_row][vc_column width=&#8220;1\/1&#8243;][vc_row_inner row_inner_height_percent=&#8220;0&#8243; overlay_alpha=&#8220;50&#8243; gutter_size=&#8220;4&#8243; shift_y=&#8220;0&#8243;][vc_column_inner column_width_percent=&#8220;100&#8243; gutter_size=&#8220;3&#8243; overlay_alpha=&#8220;50&#8243; shift_x=&#8220;0&#8243; shift_y=&#8220;0&#8243; shift_y_down=&#8220;0&#8243; z_index=&#8220;0&#8243; medium_width=&#8220;0&#8243; mobile_width=&#8220;0&#8243; width=&#8220;9\/12&#8243;][vc_empty_space empty_h=&#8220;2&#8243; medium_visibility=&#8220;yes&#8220; mobile_visibility=&#8220;yes&#8220;][vc_column_text uncode_shortcode_id=&#8220;136693&#8243;]Die [&hellip;]\" \/>\n<meta property=\"og:url\" content=\"https:\/\/www.multigriffe.com\/de\/personalisierte-transfers\/transfers-fuer-gummistiefel\/\" \/>\n<meta property=\"og:site_name\" content=\"MultiGriffe\" \/>\n<meta property=\"article:modified_time\" content=\"2026-02-25T12:05:15+00:00\" \/>\n<meta property=\"og:image\" content=\"https:\/\/www.multigriffe.com\/wp-content\/uploads\/2019\/03\/Transfer-per-stivali-in-gomma-03-1.jpg\" \/>\n\t<meta property=\"og:image:width\" content=\"1745\" \/>\n\t<meta property=\"og:image:height\" content=\"1244\" \/>\n\t<meta property=\"og:image:type\" content=\"image\/jpeg\" \/>\n<meta name=\"twitter:card\" content=\"summary_large_image\" \/>\n<meta name=\"twitter:label1\" content=\"Gesch\u00e4tzte Lesezeit\" \/>\n\t<meta name=\"twitter:data1\" content=\"2\u00a0Minuten\" \/>\n<script type=\"application\/ld+json\" class=\"yoast-schema-graph\">{\"@context\":\"https:\/\/schema.org\",\"@graph\":[{\"@type\":\"WebPage\",\"@id\":\"https:\/\/www.multigriffe.com\/de\/personalisierte-transfers\/transfers-fuer-gummistiefel\/\",\"url\":\"https:\/\/www.multigriffe.com\/de\/personalisierte-transfers\/transfers-fuer-gummistiefel\/\",\"name\":\"Transfers f\u00fcr Gummistiefel - MultiGriffe\",\"isPartOf\":{\"@id\":\"https:\/\/www.multigriffe.com\/#website\"},\"primaryImageOfPage\":{\"@id\":\"https:\/\/www.multigriffe.com\/de\/personalisierte-transfers\/transfers-fuer-gummistiefel\/#primaryimage\"},\"image\":{\"@id\":\"https:\/\/www.multigriffe.com\/de\/personalisierte-transfers\/transfers-fuer-gummistiefel\/#primaryimage\"},\"thumbnailUrl\":\"https:\/\/www.multigriffe.com\/wp-content\/uploads\/2019\/03\/Transfer-per-stivali-in-gomma-03-1.jpg\",\"datePublished\":\"2018-04-18T15:06:00+00:00\",\"dateModified\":\"2026-02-25T12:05:15+00:00\",\"breadcrumb\":{\"@id\":\"https:\/\/www.multigriffe.com\/de\/personalisierte-transfers\/transfers-fuer-gummistiefel\/#breadcrumb\"},\"inLanguage\":\"de\",\"potentialAction\":[{\"@type\":\"ReadAction\",\"target\":[\"https:\/\/www.multigriffe.com\/de\/personalisierte-transfers\/transfers-fuer-gummistiefel\/\"]}]},{\"@type\":\"ImageObject\",\"inLanguage\":\"de\",\"@id\":\"https:\/\/www.multigriffe.com\/de\/personalisierte-transfers\/transfers-fuer-gummistiefel\/#primaryimage\",\"url\":\"https:\/\/www.multigriffe.com\/wp-content\/uploads\/2019\/03\/Transfer-per-stivali-in-gomma-03-1.jpg\",\"contentUrl\":\"https:\/\/www.multigriffe.com\/wp-content\/uploads\/2019\/03\/Transfer-per-stivali-in-gomma-03-1.jpg\",\"width\":1745,\"height\":1244},{\"@type\":\"BreadcrumbList\",\"@id\":\"https:\/\/www.multigriffe.com\/de\/personalisierte-transfers\/transfers-fuer-gummistiefel\/#breadcrumb\",\"itemListElement\":[{\"@type\":\"ListItem\",\"position\":1,\"name\":\"Home\",\"item\":\"https:\/\/www.multigriffe.com\/de\/\"},{\"@type\":\"ListItem\",\"position\":2,\"name\":\"Personalisierte Transfers\",\"item\":\"https:\/\/www.multigriffe.com\/de\/personalisierte-transfers\/\"},{\"@type\":\"ListItem\",\"position\":3,\"name\":\"Transfers f\u00fcr Gummistiefel\"}]},{\"@type\":\"WebSite\",\"@id\":\"https:\/\/www.multigriffe.com\/#website\",\"url\":\"https:\/\/www.multigriffe.com\/\",\"name\":\"MultiGriffe\",\"description\":\"Etichette Transfer a Caldo per Abbigliamento Calzatura Sport Vicenza\",\"potentialAction\":[{\"@type\":\"SearchAction\",\"target\":{\"@type\":\"EntryPoint\",\"urlTemplate\":\"https:\/\/www.multigriffe.com\/?s={search_term_string}\"},\"query-input\":{\"@type\":\"PropertyValueSpecification\",\"valueRequired\":true,\"valueName\":\"search_term_string\"}}],\"inLanguage\":\"de\"}]}<\/script>\n<!-- \/ Yoast SEO plugin. -->","yoast_head_json":{"title":"Transfers f\u00fcr Gummistiefel - MultiGriffe","robots":{"index":"index","follow":"follow","max-snippet":"max-snippet:-1","max-image-preview":"max-image-preview:large","max-video-preview":"max-video-preview:-1"},"canonical":"https:\/\/www.multigriffe.com\/de\/personalisierte-transfers\/transfers-fuer-gummistiefel\/","og_locale":"de_DE","og_type":"article","og_title":"Transfers f\u00fcr Gummistiefel - MultiGriffe","og_description":"[vc_row][vc_column width=&#8220;1\/1&#8243;][vc_row_inner row_inner_height_percent=&#8220;0&#8243; overlay_alpha=&#8220;50&#8243; gutter_size=&#8220;4&#8243; shift_y=&#8220;0&#8243;][vc_column_inner column_width_percent=&#8220;100&#8243; gutter_size=&#8220;3&#8243; overlay_alpha=&#8220;50&#8243; shift_x=&#8220;0&#8243; shift_y=&#8220;0&#8243; shift_y_down=&#8220;0&#8243; z_index=&#8220;0&#8243; medium_width=&#8220;0&#8243; mobile_width=&#8220;0&#8243; width=&#8220;9\/12&#8243;][vc_empty_space empty_h=&#8220;2&#8243; medium_visibility=&#8220;yes&#8220; mobile_visibility=&#8220;yes&#8220;][vc_column_text uncode_shortcode_id=&#8220;136693&#8243;]Die [&hellip;]","og_url":"https:\/\/www.multigriffe.com\/de\/personalisierte-transfers\/transfers-fuer-gummistiefel\/","og_site_name":"MultiGriffe","article_modified_time":"2026-02-25T12:05:15+00:00","og_image":[{"width":1745,"height":1244,"url":"https:\/\/www.multigriffe.com\/wp-content\/uploads\/2019\/03\/Transfer-per-stivali-in-gomma-03-1.jpg","type":"image\/jpeg"}],"twitter_card":"summary_large_image","twitter_misc":{"Gesch\u00e4tzte Lesezeit":"2\u00a0Minuten"},"schema":{"@context":"https:\/\/schema.org","@graph":[{"@type":"WebPage","@id":"https:\/\/www.multigriffe.com\/de\/personalisierte-transfers\/transfers-fuer-gummistiefel\/","url":"https:\/\/www.multigriffe.com\/de\/personalisierte-transfers\/transfers-fuer-gummistiefel\/","name":"Transfers f\u00fcr Gummistiefel - MultiGriffe","isPartOf":{"@id":"https:\/\/www.multigriffe.com\/#website"},"primaryImageOfPage":{"@id":"https:\/\/www.multigriffe.com\/de\/personalisierte-transfers\/transfers-fuer-gummistiefel\/#primaryimage"},"image":{"@id":"https:\/\/www.multigriffe.com\/de\/personalisierte-transfers\/transfers-fuer-gummistiefel\/#primaryimage"},"thumbnailUrl":"https:\/\/www.multigriffe.com\/wp-content\/uploads\/2019\/03\/Transfer-per-stivali-in-gomma-03-1.jpg","datePublished":"2018-04-18T15:06:00+00:00","dateModified":"2026-02-25T12:05:15+00:00","breadcrumb":{"@id":"https:\/\/www.multigriffe.com\/de\/personalisierte-transfers\/transfers-fuer-gummistiefel\/#breadcrumb"},"inLanguage":"de","potentialAction":[{"@type":"ReadAction","target":["https:\/\/www.multigriffe.com\/de\/personalisierte-transfers\/transfers-fuer-gummistiefel\/"]}]},{"@type":"ImageObject","inLanguage":"de","@id":"https:\/\/www.multigriffe.com\/de\/personalisierte-transfers\/transfers-fuer-gummistiefel\/#primaryimage","url":"https:\/\/www.multigriffe.com\/wp-content\/uploads\/2019\/03\/Transfer-per-stivali-in-gomma-03-1.jpg","contentUrl":"https:\/\/www.multigriffe.com\/wp-content\/uploads\/2019\/03\/Transfer-per-stivali-in-gomma-03-1.jpg","width":1745,"height":1244},{"@type":"BreadcrumbList","@id":"https:\/\/www.multigriffe.com\/de\/personalisierte-transfers\/transfers-fuer-gummistiefel\/#breadcrumb","itemListElement":[{"@type":"ListItem","position":1,"name":"Home","item":"https:\/\/www.multigriffe.com\/de\/"},{"@type":"ListItem","position":2,"name":"Personalisierte Transfers","item":"https:\/\/www.multigriffe.com\/de\/personalisierte-transfers\/"},{"@type":"ListItem","position":3,"name":"Transfers f\u00fcr Gummistiefel"}]},{"@type":"WebSite","@id":"https:\/\/www.multigriffe.com\/#website","url":"https:\/\/www.multigriffe.com\/","name":"MultiGriffe","description":"Etichette Transfer a Caldo per Abbigliamento Calzatura Sport Vicenza","potentialAction":[{"@type":"SearchAction","target":{"@type":"EntryPoint","urlTemplate":"https:\/\/www.multigriffe.com\/?s={search_term_string}"},"query-input":{"@type":"PropertyValueSpecification","valueRequired":true,"valueName":"search_term_string"}}],"inLanguage":"de"}]}},"_links":{"self":[{"href":"https:\/\/www.multigriffe.com\/de\/wp-json\/wp\/v2\/pages\/68122","targetHints":{"allow":["GET"]}}],"collection":[{"href":"https:\/\/www.multigriffe.com\/de\/wp-json\/wp\/v2\/pages"}],"about":[{"href":"https:\/\/www.multigriffe.com\/de\/wp-json\/wp\/v2\/types\/page"}],"author":[{"embeddable":true,"href":"https:\/\/www.multigriffe.com\/de\/wp-json\/wp\/v2\/users\/2"}],"replies":[{"embeddable":true,"href":"https:\/\/www.multigriffe.com\/de\/wp-json\/wp\/v2\/comments?post=68122"}],"version-history":[{"count":7,"href":"https:\/\/www.multigriffe.com\/de\/wp-json\/wp\/v2\/pages\/68122\/revisions"}],"predecessor-version":[{"id":68857,"href":"https:\/\/www.multigriffe.com\/de\/wp-json\/wp\/v2\/pages\/68122\/revisions\/68857"}],"up":[{"embeddable":true,"href":"https:\/\/www.multigriffe.com\/de\/wp-json\/wp\/v2\/pages\/68258"}],"wp:featuredmedia":[{"embeddable":true,"href":"https:\/\/www.multigriffe.com\/de\/wp-json\/wp\/v2\/media\/68124"}],"wp:attachment":[{"href":"https:\/\/www.multigriffe.com\/de\/wp-json\/wp\/v2\/media?parent=68122"}],"curies":[{"name":"wp","href":"https:\/\/api.w.org\/{rel}","templated":true}]}}