{"id":68077,"date":"2018-01-31T10:13:12","date_gmt":"2018-01-31T09:13:12","guid":{"rendered":"https:\/\/www.multigriffe.com\/transfer\/transfer-ad-alta-risoluzione-a-caldo-e-a-freddo\/"},"modified":"2025-10-23T17:34:55","modified_gmt":"2025-10-23T15:34:55","slug":"hochaufloesende-heiss-und-kalttransfers","status":"publish","type":"page","link":"https:\/\/www.multigriffe.com\/de\/transfer\/hochaufloesende-heiss-und-kalttransfers\/","title":{"rendered":"Hochaufl\u00f6sende Hei\u00df- und Kalttransfers"},"content":{"rendered":"<div class=\"wpb-content-wrapper\"><p>[vc_row][vc_column width=&#8220;1\/1&#8243;][vc_row_inner row_inner_height_percent=&#8220;0&#8243; overlay_alpha=&#8220;50&#8243; gutter_size=&#8220;4&#8243; shift_y=&#8220;0&#8243;][vc_column_inner column_width_percent=&#8220;100&#8243; gutter_size=&#8220;3&#8243; overlay_alpha=&#8220;50&#8243; shift_x=&#8220;0&#8243; shift_y=&#8220;0&#8243; shift_y_down=&#8220;0&#8243; z_index=&#8220;0&#8243; medium_width=&#8220;0&#8243; mobile_width=&#8220;0&#8243; width=&#8220;9\/12&#8243;][vc_empty_space empty_h=&#8220;2&#8243; medium_visibility=&#8220;yes&#8220; mobile_visibility=&#8220;yes&#8220;][vc_column_text text_lead=&#8220;yes&#8220; uncode_shortcode_id=&#8220;119421&#8243;]Der hochaufl\u00f6sende Transfer erm\u00f6glicht das Drucken von Bildern mit bis zu 1200 dpi und ist besonders f\u00fcr detailreiche Bilder geeignet. Transfers k\u00f6nnen mit der klassischen Hei\u00dftechnik hergestellt werden, die auf allen Arten von Oberfl\u00e4chen haftet, auch auf halbtransparenten mit Tattoo-Effekt. Es ist auch m\u00f6glich, die speziell entwickelte Kalttechnik f\u00fcr tempor\u00e4re und \u00fcbertragbare Personalisierungen zu verwenden, die einfach per Fingerdruck aufgebracht werden k\u00f6nnen. Letztere Technik l\u00e4sst sich zur Personalisierung von Tageb\u00fcchern oder Schulmaterialien verwenden.[\/vc_column_text][vc_gallery el_id=&#8220;gallery-373336&#8243; medias=&#8220;65584,65585,65586,65587&#8243; gutter_size=&#8220;3&#8243; screen_lg=&#8220;1000&#8243; screen_md=&#8220;600&#8243; screen_sm=&#8220;480&#8243; single_overlay_opacity=&#8220;50&#8243; single_padding=&#8220;2&#8243;][vc_button button_color=&#8220;color-wayh&#8220; border_animation=&#8220;btn-ripple-out&#8220; hover_fx=&#8220;full-colored&#8220; border_width=&#8220;0&#8243; link=&#8220;url:https%3A%2F%2Fwww.multigriffe.com%2Fde%2Ftransfer%2F|title:Transfers&#8220; icon=&#8220;fa fa-chevron-left&#8220; button_color_type=&#8220;uncode-palette&#8220; uncode_shortcode_id=&#8220;184426&#8243;]Zur\u00fcck zu den Produkten[\/vc_button][vc_empty_space empty_h=&#8220;2&#8243; medium_visibility=&#8220;yes&#8220; mobile_visibility=&#8220;yes&#8220;][\/vc_column_inner][vc_column_inner column_width_percent=&#8220;100&#8243; gutter_size=&#8220;4&#8243; overlay_alpha=&#8220;50&#8243; shift_x=&#8220;0&#8243; shift_y=&#8220;0&#8243; shift_y_down=&#8220;0&#8243; z_index=&#8220;0&#8243; medium_width=&#8220;0&#8243; mobile_width=&#8220;0&#8243; sticky=&#8220;yes&#8220; width=&#8220;3\/12&#8243;][\/vc_column_inner][\/vc_row_inner][\/vc_column][\/vc_row]<\/p>\n<\/div>","protected":false},"excerpt":{"rendered":"<p>[vc_row][vc_column width=&#8220;1\/1&#8243;][vc_row_inner row_inner_height_percent=&#8220;0&#8243; overlay_alpha=&#8220;50&#8243; gutter_size=&#8220;4&#8243; shift_y=&#8220;0&#8243;][vc_column_inner column_width_percent=&#8220;100&#8243; gutter_size=&#8220;3&#8243; overlay_alpha=&#8220;50&#8243; shift_x=&#8220;0&#8243; shift_y=&#8220;0&#8243; shift_y_down=&#8220;0&#8243; z_index=&#8220;0&#8243; medium_width=&#8220;0&#8243; mobile_width=&#8220;0&#8243; width=&#8220;9\/12&#8243;][vc_empty_space empty_h=&#8220;2&#8243; medium_visibility=&#8220;yes&#8220; mobile_visibility=&#8220;yes&#8220;][vc_column_text text_lead=&#8220;yes&#8220; [&hellip;]<\/p>\n","protected":false},"author":2,"featured_media":68078,"parent":68032,"menu_order":12,"comment_status":"closed","ping_status":"closed","template":"","meta":{"footnotes":""},"class_list":["post-68077","page","type-page","status-publish","has-post-thumbnail","hentry","page_category-transfer-de"],"yoast_head":"<!-- This site is optimized with the Yoast SEO plugin v27.0 - https:\/\/yoast.com\/product\/yoast-seo-wordpress\/ -->\n<title>Hochaufl\u00f6sende Hei\u00df- und Kalttransfers - Hei\u00dftransfer-Etiketten Made in Italy<\/title>\n<meta name=\"robots\" content=\"index, follow, max-snippet:-1, max-image-preview:large, max-video-preview:-1\" \/>\n<link rel=\"canonical\" href=\"https:\/\/www.multigriffe.com\/transfer\/transfer-ad-alta-risoluzione-a-caldo-e-a-freddo\/\" \/>\n<meta property=\"og:locale\" content=\"de_DE\" \/>\n<meta property=\"og:type\" content=\"article\" \/>\n<meta property=\"og:title\" content=\"Hochaufl\u00f6sende Hei\u00df- und Kalttransfers - Hei\u00dftransfer-Etiketten Made in Italy\" \/>\n<meta property=\"og:description\" content=\"[vc_row][vc_column width=&#8220;1\/1&#8243;][vc_row_inner row_inner_height_percent=&#8220;0&#8243; overlay_alpha=&#8220;50&#8243; gutter_size=&#8220;4&#8243; shift_y=&#8220;0&#8243;][vc_column_inner column_width_percent=&#8220;100&#8243; gutter_size=&#8220;3&#8243; overlay_alpha=&#8220;50&#8243; shift_x=&#8220;0&#8243; shift_y=&#8220;0&#8243; shift_y_down=&#8220;0&#8243; z_index=&#8220;0&#8243; medium_width=&#8220;0&#8243; mobile_width=&#8220;0&#8243; width=&#8220;9\/12&#8243;][vc_empty_space empty_h=&#8220;2&#8243; medium_visibility=&#8220;yes&#8220; mobile_visibility=&#8220;yes&#8220;][vc_column_text text_lead=&#8220;yes&#8220; [&hellip;]\" \/>\n<meta property=\"og:url\" content=\"https:\/\/www.multigriffe.com\/transfer\/transfer-ad-alta-risoluzione-a-caldo-e-a-freddo\/\" \/>\n<meta property=\"og:site_name\" content=\"MultiGriffe\" \/>\n<meta property=\"article:modified_time\" content=\"2025-10-23T15:34:55+00:00\" \/>\n<meta property=\"og:image\" content=\"https:\/\/www.multigriffe.com\/wp-content\/uploads\/2018\/01\/tranfer-ad-alta-risoluzione-a-caldo-e-a-freddo_01.jpg\" \/>\n\t<meta property=\"og:image:width\" content=\"1400\" \/>\n\t<meta property=\"og:image:height\" content=\"800\" \/>\n\t<meta property=\"og:image:type\" content=\"image\/jpeg\" \/>\n<meta name=\"twitter:card\" content=\"summary_large_image\" \/>\n<meta name=\"twitter:label1\" content=\"Gesch\u00e4tzte Lesezeit\" \/>\n\t<meta name=\"twitter:data1\" content=\"1\u00a0Minute\" \/>\n<script type=\"application\/ld+json\" class=\"yoast-schema-graph\">{\"@context\":\"https:\/\/schema.org\",\"@graph\":[{\"@type\":\"WebPage\",\"@id\":\"https:\/\/www.multigriffe.com\/transfer\/transfer-ad-alta-risoluzione-a-caldo-e-a-freddo\/\",\"url\":\"https:\/\/www.multigriffe.com\/transfer\/transfer-ad-alta-risoluzione-a-caldo-e-a-freddo\/\",\"name\":\"Hochaufl\u00f6sende Hei\u00df- und Kalttransfers - Hei\u00dftransfer-Etiketten Made in Italy\",\"isPartOf\":{\"@id\":\"https:\/\/www.multigriffe.com\/#website\"},\"primaryImageOfPage\":{\"@id\":\"https:\/\/www.multigriffe.com\/transfer\/transfer-ad-alta-risoluzione-a-caldo-e-a-freddo\/#primaryimage\"},\"image\":{\"@id\":\"https:\/\/www.multigriffe.com\/transfer\/transfer-ad-alta-risoluzione-a-caldo-e-a-freddo\/#primaryimage\"},\"thumbnailUrl\":\"https:\/\/www.multigriffe.com\/wp-content\/uploads\/2018\/01\/tranfer-ad-alta-risoluzione-a-caldo-e-a-freddo_01.jpg\",\"datePublished\":\"2018-01-31T09:13:12+00:00\",\"dateModified\":\"2025-10-23T15:34:55+00:00\",\"breadcrumb\":{\"@id\":\"https:\/\/www.multigriffe.com\/transfer\/transfer-ad-alta-risoluzione-a-caldo-e-a-freddo\/#breadcrumb\"},\"inLanguage\":\"de\",\"potentialAction\":[{\"@type\":\"ReadAction\",\"target\":[\"https:\/\/www.multigriffe.com\/transfer\/transfer-ad-alta-risoluzione-a-caldo-e-a-freddo\/\"]}]},{\"@type\":\"ImageObject\",\"inLanguage\":\"de\",\"@id\":\"https:\/\/www.multigriffe.com\/transfer\/transfer-ad-alta-risoluzione-a-caldo-e-a-freddo\/#primaryimage\",\"url\":\"https:\/\/www.multigriffe.com\/wp-content\/uploads\/2018\/01\/tranfer-ad-alta-risoluzione-a-caldo-e-a-freddo_01.jpg\",\"contentUrl\":\"https:\/\/www.multigriffe.com\/wp-content\/uploads\/2018\/01\/tranfer-ad-alta-risoluzione-a-caldo-e-a-freddo_01.jpg\",\"width\":1400,\"height\":800},{\"@type\":\"BreadcrumbList\",\"@id\":\"https:\/\/www.multigriffe.com\/transfer\/transfer-ad-alta-risoluzione-a-caldo-e-a-freddo\/#breadcrumb\",\"itemListElement\":[{\"@type\":\"ListItem\",\"position\":1,\"name\":\"Home\",\"item\":\"https:\/\/www.multigriffe.com\/de\/\"},{\"@type\":\"ListItem\",\"position\":2,\"name\":\"Transfers\",\"item\":\"https:\/\/www.multigriffe.com\/de\/transfer\/\"},{\"@type\":\"ListItem\",\"position\":3,\"name\":\"Hochaufl\u00f6sende Hei\u00df- und Kalttransfers\"}]},{\"@type\":\"WebSite\",\"@id\":\"https:\/\/www.multigriffe.com\/#website\",\"url\":\"https:\/\/www.multigriffe.com\/\",\"name\":\"MultiGriffe\",\"description\":\"Etichette Transfer a Caldo per Abbigliamento Calzatura Sport Vicenza\",\"potentialAction\":[{\"@type\":\"SearchAction\",\"target\":{\"@type\":\"EntryPoint\",\"urlTemplate\":\"https:\/\/www.multigriffe.com\/?s={search_term_string}\"},\"query-input\":{\"@type\":\"PropertyValueSpecification\",\"valueRequired\":true,\"valueName\":\"search_term_string\"}}],\"inLanguage\":\"de\"}]}<\/script>\n<!-- \/ Yoast SEO plugin. -->","yoast_head_json":{"title":"Hochaufl\u00f6sende Hei\u00df- und Kalttransfers - Hei\u00dftransfer-Etiketten Made in Italy","robots":{"index":"index","follow":"follow","max-snippet":"max-snippet:-1","max-image-preview":"max-image-preview:large","max-video-preview":"max-video-preview:-1"},"canonical":"https:\/\/www.multigriffe.com\/transfer\/transfer-ad-alta-risoluzione-a-caldo-e-a-freddo\/","og_locale":"de_DE","og_type":"article","og_title":"Hochaufl\u00f6sende Hei\u00df- und Kalttransfers - Hei\u00dftransfer-Etiketten Made in Italy","og_description":"[vc_row][vc_column width=&#8220;1\/1&#8243;][vc_row_inner row_inner_height_percent=&#8220;0&#8243; overlay_alpha=&#8220;50&#8243; gutter_size=&#8220;4&#8243; shift_y=&#8220;0&#8243;][vc_column_inner column_width_percent=&#8220;100&#8243; gutter_size=&#8220;3&#8243; overlay_alpha=&#8220;50&#8243; shift_x=&#8220;0&#8243; shift_y=&#8220;0&#8243; shift_y_down=&#8220;0&#8243; z_index=&#8220;0&#8243; medium_width=&#8220;0&#8243; mobile_width=&#8220;0&#8243; width=&#8220;9\/12&#8243;][vc_empty_space empty_h=&#8220;2&#8243; medium_visibility=&#8220;yes&#8220; mobile_visibility=&#8220;yes&#8220;][vc_column_text text_lead=&#8220;yes&#8220; [&hellip;]","og_url":"https:\/\/www.multigriffe.com\/transfer\/transfer-ad-alta-risoluzione-a-caldo-e-a-freddo\/","og_site_name":"MultiGriffe","article_modified_time":"2025-10-23T15:34:55+00:00","og_image":[{"width":1400,"height":800,"url":"https:\/\/www.multigriffe.com\/wp-content\/uploads\/2018\/01\/tranfer-ad-alta-risoluzione-a-caldo-e-a-freddo_01.jpg","type":"image\/jpeg"}],"twitter_card":"summary_large_image","twitter_misc":{"Gesch\u00e4tzte Lesezeit":"1\u00a0Minute"},"schema":{"@context":"https:\/\/schema.org","@graph":[{"@type":"WebPage","@id":"https:\/\/www.multigriffe.com\/transfer\/transfer-ad-alta-risoluzione-a-caldo-e-a-freddo\/","url":"https:\/\/www.multigriffe.com\/transfer\/transfer-ad-alta-risoluzione-a-caldo-e-a-freddo\/","name":"Hochaufl\u00f6sende Hei\u00df- und Kalttransfers - Hei\u00dftransfer-Etiketten Made in Italy","isPartOf":{"@id":"https:\/\/www.multigriffe.com\/#website"},"primaryImageOfPage":{"@id":"https:\/\/www.multigriffe.com\/transfer\/transfer-ad-alta-risoluzione-a-caldo-e-a-freddo\/#primaryimage"},"image":{"@id":"https:\/\/www.multigriffe.com\/transfer\/transfer-ad-alta-risoluzione-a-caldo-e-a-freddo\/#primaryimage"},"thumbnailUrl":"https:\/\/www.multigriffe.com\/wp-content\/uploads\/2018\/01\/tranfer-ad-alta-risoluzione-a-caldo-e-a-freddo_01.jpg","datePublished":"2018-01-31T09:13:12+00:00","dateModified":"2025-10-23T15:34:55+00:00","breadcrumb":{"@id":"https:\/\/www.multigriffe.com\/transfer\/transfer-ad-alta-risoluzione-a-caldo-e-a-freddo\/#breadcrumb"},"inLanguage":"de","potentialAction":[{"@type":"ReadAction","target":["https:\/\/www.multigriffe.com\/transfer\/transfer-ad-alta-risoluzione-a-caldo-e-a-freddo\/"]}]},{"@type":"ImageObject","inLanguage":"de","@id":"https:\/\/www.multigriffe.com\/transfer\/transfer-ad-alta-risoluzione-a-caldo-e-a-freddo\/#primaryimage","url":"https:\/\/www.multigriffe.com\/wp-content\/uploads\/2018\/01\/tranfer-ad-alta-risoluzione-a-caldo-e-a-freddo_01.jpg","contentUrl":"https:\/\/www.multigriffe.com\/wp-content\/uploads\/2018\/01\/tranfer-ad-alta-risoluzione-a-caldo-e-a-freddo_01.jpg","width":1400,"height":800},{"@type":"BreadcrumbList","@id":"https:\/\/www.multigriffe.com\/transfer\/transfer-ad-alta-risoluzione-a-caldo-e-a-freddo\/#breadcrumb","itemListElement":[{"@type":"ListItem","position":1,"name":"Home","item":"https:\/\/www.multigriffe.com\/de\/"},{"@type":"ListItem","position":2,"name":"Transfers","item":"https:\/\/www.multigriffe.com\/de\/transfer\/"},{"@type":"ListItem","position":3,"name":"Hochaufl\u00f6sende Hei\u00df- und Kalttransfers"}]},{"@type":"WebSite","@id":"https:\/\/www.multigriffe.com\/#website","url":"https:\/\/www.multigriffe.com\/","name":"MultiGriffe","description":"Etichette Transfer a Caldo per Abbigliamento Calzatura Sport Vicenza","potentialAction":[{"@type":"SearchAction","target":{"@type":"EntryPoint","urlTemplate":"https:\/\/www.multigriffe.com\/?s={search_term_string}"},"query-input":{"@type":"PropertyValueSpecification","valueRequired":true,"valueName":"search_term_string"}}],"inLanguage":"de"}]}},"_links":{"self":[{"href":"https:\/\/www.multigriffe.com\/de\/wp-json\/wp\/v2\/pages\/68077","targetHints":{"allow":["GET"]}}],"collection":[{"href":"https:\/\/www.multigriffe.com\/de\/wp-json\/wp\/v2\/pages"}],"about":[{"href":"https:\/\/www.multigriffe.com\/de\/wp-json\/wp\/v2\/types\/page"}],"author":[{"embeddable":true,"href":"https:\/\/www.multigriffe.com\/de\/wp-json\/wp\/v2\/users\/2"}],"replies":[{"embeddable":true,"href":"https:\/\/www.multigriffe.com\/de\/wp-json\/wp\/v2\/comments?post=68077"}],"version-history":[{"count":2,"href":"https:\/\/www.multigriffe.com\/de\/wp-json\/wp\/v2\/pages\/68077\/revisions"}],"predecessor-version":[{"id":68338,"href":"https:\/\/www.multigriffe.com\/de\/wp-json\/wp\/v2\/pages\/68077\/revisions\/68338"}],"up":[{"embeddable":true,"href":"https:\/\/www.multigriffe.com\/de\/wp-json\/wp\/v2\/pages\/68032"}],"wp:featuredmedia":[{"embeddable":true,"href":"https:\/\/www.multigriffe.com\/de\/wp-json\/wp\/v2\/media\/68078"}],"wp:attachment":[{"href":"https:\/\/www.multigriffe.com\/de\/wp-json\/wp\/v2\/media?parent=68077"}],"curies":[{"name":"wp","href":"https:\/\/api.w.org\/{rel}","templated":true}]}}