{"id":68036,"date":"2018-01-30T17:48:11","date_gmt":"2018-01-30T16:48:11","guid":{"rendered":"https:\/\/www.multigriffe.com\/transfer\/transfer-per-plastica\/"},"modified":"2026-02-25T13:14:54","modified_gmt":"2026-02-25T12:14:54","slug":"transfers-fuer-kunststoff","status":"publish","type":"page","link":"https:\/\/www.multigriffe.com\/de\/transfer\/transfers-fuer-kunststoff\/","title":{"rendered":"Transfers f\u00fcr Kunststoff"},"content":{"rendered":"<div class=\"wpb-content-wrapper\"><p>[vc_row][vc_column width=&#8220;1\/1&#8243;][vc_row_inner row_inner_height_percent=&#8220;0&#8243; overlay_alpha=&#8220;50&#8243; gutter_size=&#8220;4&#8243; shift_y=&#8220;0&#8243;][vc_column_inner column_width_percent=&#8220;100&#8243; gutter_size=&#8220;4&#8243; overlay_alpha=&#8220;50&#8243; shift_x=&#8220;0&#8243; shift_y=&#8220;0&#8243; shift_y_down=&#8220;0&#8243; z_index=&#8220;0&#8243; medium_width=&#8220;0&#8243; mobile_width=&#8220;0&#8243; sticky=&#8220;yes&#8220; width=&#8220;3\/12&#8243;][\/vc_column_inner][vc_column_inner column_width_percent=&#8220;100&#8243; gutter_size=&#8220;3&#8243; overlay_alpha=&#8220;50&#8243; shift_x=&#8220;0&#8243; shift_y=&#8220;0&#8243; shift_y_down=&#8220;0&#8243; z_index=&#8220;0&#8243; medium_width=&#8220;0&#8243; mobile_width=&#8220;0&#8243; width=&#8220;9\/12&#8243;][vc_empty_space empty_h=&#8220;2&#8243; medium_visibility=&#8220;yes&#8220; mobile_visibility=&#8220;yes&#8220;][vc_column_text text_lead=&#8220;yes&#8220; uncode_shortcode_id=&#8220;573743&#8243;]Die Branchen, die Verpackungen und Formen aus Kunststoff herstellen und verwenden, k\u00f6nnen ihre Produkte durch geeignete Transfers personalisieren. MultiGriffe stellt Transfers f\u00fcr Polypropylen, ABS, Polystyrol und Verbundstoffe her, die gegen Kratzer und Abnutzung, hohe oder niedrige Temperaturen sowie Lichteinwirkung best\u00e4ndig sind. Auf Kundenwunsch k\u00f6nnen Schutzbehandlungen mit speziellen Eigenschaften angewendet werden. Beispiele hierf\u00fcr sind die Best\u00e4ndigkeit gegen\u00fcber Alkohol und L\u00f6sungsmitteln, Schnee und besonderen Witterungseinfl\u00fcssen. Zu den Branchen geh\u00f6ren die Kosmetikindustrie, die Sportszene, die Sicherheitskleidung und die Herstellung von Beh\u00e4ltern f\u00fcr Farben und Lacke.<\/p>\n<p>Eine neue Art von Anwendung erm\u00f6glicht es uns, formbare Transferetiketten f\u00fcr Einweg- oder Werbeartikel herzustellen, die in Haushalts- und Industriegeschirrsp\u00fclern gewaschen werden k\u00f6nnen.<br \/>\n[\/vc_column_text][vc_gallery el_id=&#8220;gallery-373336&#8243; medias=&#8220;68962,68963,68964,68943,68944,68945&#8243; gutter_size=&#8220;3&#8243; screen_lg=&#8220;1000&#8243; screen_md=&#8220;600&#8243; screen_sm=&#8220;480&#8243; single_overlay_opacity=&#8220;50&#8243; single_padding=&#8220;2&#8243; uncode_shortcode_id=&#8220;124986&#8243;][vc_button button_color=&#8220;color-wayh&#8220; border_animation=&#8220;btn-ripple-out&#8220; hover_fx=&#8220;full-colored&#8220; border_width=&#8220;0&#8243; link=&#8220;url:https%3A%2F%2Fwww.multigriffe.com%2Fde%2Ftransfer%2F|title:Transfers&#8220; icon=&#8220;fa fa-chevron-left&#8220; button_color_type=&#8220;uncode-palette&#8220; uncode_shortcode_id=&#8220;628490&#8243;]Zur\u00fcck zu den Produkten[\/vc_button][vc_empty_space empty_h=&#8220;2&#8243; medium_visibility=&#8220;yes&#8220; mobile_visibility=&#8220;yes&#8220;][\/vc_column_inner][\/vc_row_inner][\/vc_column][\/vc_row]<\/p>\n<\/div>","protected":false},"excerpt":{"rendered":"<p>[vc_row][vc_column width=&#8220;1\/1&#8243;][vc_row_inner row_inner_height_percent=&#8220;0&#8243; overlay_alpha=&#8220;50&#8243; gutter_size=&#8220;4&#8243; shift_y=&#8220;0&#8243;][vc_column_inner column_width_percent=&#8220;100&#8243; gutter_size=&#8220;4&#8243; overlay_alpha=&#8220;50&#8243; shift_x=&#8220;0&#8243; shift_y=&#8220;0&#8243; shift_y_down=&#8220;0&#8243; z_index=&#8220;0&#8243; medium_width=&#8220;0&#8243; mobile_width=&#8220;0&#8243; sticky=&#8220;yes&#8220; width=&#8220;3\/12&#8243;][\/vc_column_inner][vc_column_inner column_width_percent=&#8220;100&#8243; gutter_size=&#8220;3&#8243; overlay_alpha=&#8220;50&#8243; [&hellip;]<\/p>\n","protected":false},"author":1,"featured_media":68037,"parent":68032,"menu_order":1,"comment_status":"closed","ping_status":"closed","template":"","meta":{"footnotes":""},"class_list":["post-68036","page","type-page","status-publish","has-post-thumbnail","hentry","page_category-transfer-de"],"yoast_head":"<!-- This site is optimized with the Yoast SEO plugin v27.0 - https:\/\/yoast.com\/product\/yoast-seo-wordpress\/ -->\n<title>Transfers f\u00fcr Kunststoff - Hei\u00dftransfer-Etiketten Made in Italy<\/title>\n<meta name=\"robots\" content=\"index, follow, max-snippet:-1, max-image-preview:large, max-video-preview:-1\" \/>\n<link rel=\"canonical\" href=\"https:\/\/www.multigriffe.com\/de\/transfer\/transfers-fuer-kunststoff\/\" \/>\n<meta property=\"og:locale\" content=\"de_DE\" \/>\n<meta property=\"og:type\" content=\"article\" \/>\n<meta property=\"og:title\" content=\"Transfers f\u00fcr Kunststoff - Hei\u00dftransfer-Etiketten Made in Italy\" \/>\n<meta property=\"og:description\" content=\"[vc_row][vc_column width=&#8220;1\/1&#8243;][vc_row_inner row_inner_height_percent=&#8220;0&#8243; overlay_alpha=&#8220;50&#8243; gutter_size=&#8220;4&#8243; shift_y=&#8220;0&#8243;][vc_column_inner column_width_percent=&#8220;100&#8243; gutter_size=&#8220;4&#8243; overlay_alpha=&#8220;50&#8243; shift_x=&#8220;0&#8243; shift_y=&#8220;0&#8243; shift_y_down=&#8220;0&#8243; z_index=&#8220;0&#8243; medium_width=&#8220;0&#8243; mobile_width=&#8220;0&#8243; sticky=&#8220;yes&#8220; width=&#8220;3\/12&#8243;][\/vc_column_inner][vc_column_inner column_width_percent=&#8220;100&#8243; gutter_size=&#8220;3&#8243; overlay_alpha=&#8220;50&#8243; [&hellip;]\" \/>\n<meta property=\"og:url\" content=\"https:\/\/www.multigriffe.com\/de\/transfer\/transfers-fuer-kunststoff\/\" \/>\n<meta property=\"og:site_name\" content=\"MultiGriffe\" \/>\n<meta property=\"article:modified_time\" content=\"2026-02-25T12:14:54+00:00\" \/>\n<meta property=\"og:image\" content=\"https:\/\/www.multigriffe.com\/wp-content\/uploads\/2018\/01\/Tranfer-per-Plastica.jpg\" \/>\n\t<meta property=\"og:image:width\" content=\"1400\" \/>\n\t<meta property=\"og:image:height\" content=\"800\" \/>\n\t<meta property=\"og:image:type\" content=\"image\/jpeg\" \/>\n<meta name=\"twitter:card\" content=\"summary_large_image\" \/>\n<meta name=\"twitter:label1\" content=\"Gesch\u00e4tzte Lesezeit\" \/>\n\t<meta name=\"twitter:data1\" content=\"2\u00a0Minuten\" \/>\n<script type=\"application\/ld+json\" class=\"yoast-schema-graph\">{\"@context\":\"https:\/\/schema.org\",\"@graph\":[{\"@type\":\"WebPage\",\"@id\":\"https:\/\/www.multigriffe.com\/de\/transfer\/transfers-fuer-kunststoff\/\",\"url\":\"https:\/\/www.multigriffe.com\/de\/transfer\/transfers-fuer-kunststoff\/\",\"name\":\"Transfers f\u00fcr Kunststoff - Hei\u00dftransfer-Etiketten Made in Italy\",\"isPartOf\":{\"@id\":\"https:\/\/www.multigriffe.com\/#website\"},\"primaryImageOfPage\":{\"@id\":\"https:\/\/www.multigriffe.com\/de\/transfer\/transfers-fuer-kunststoff\/#primaryimage\"},\"image\":{\"@id\":\"https:\/\/www.multigriffe.com\/de\/transfer\/transfers-fuer-kunststoff\/#primaryimage\"},\"thumbnailUrl\":\"https:\/\/www.multigriffe.com\/wp-content\/uploads\/2018\/01\/Tranfer-per-Plastica.jpg\",\"datePublished\":\"2018-01-30T16:48:11+00:00\",\"dateModified\":\"2026-02-25T12:14:54+00:00\",\"breadcrumb\":{\"@id\":\"https:\/\/www.multigriffe.com\/de\/transfer\/transfers-fuer-kunststoff\/#breadcrumb\"},\"inLanguage\":\"de\",\"potentialAction\":[{\"@type\":\"ReadAction\",\"target\":[\"https:\/\/www.multigriffe.com\/de\/transfer\/transfers-fuer-kunststoff\/\"]}]},{\"@type\":\"ImageObject\",\"inLanguage\":\"de\",\"@id\":\"https:\/\/www.multigriffe.com\/de\/transfer\/transfers-fuer-kunststoff\/#primaryimage\",\"url\":\"https:\/\/www.multigriffe.com\/wp-content\/uploads\/2018\/01\/Tranfer-per-Plastica.jpg\",\"contentUrl\":\"https:\/\/www.multigriffe.com\/wp-content\/uploads\/2018\/01\/Tranfer-per-Plastica.jpg\",\"width\":1400,\"height\":800,\"caption\":\"Personalisierung von Rahmen und Komponenten f\u00fcr Fahrr\u00e4der, Drohnen, Sportger\u00e4ten, mechanischen und Automobilteilen, Geh\u00e4usen f\u00fcr Elektronik, leichter und verst\u00e4rkter Industrieausr\u00fcstung\"},{\"@type\":\"BreadcrumbList\",\"@id\":\"https:\/\/www.multigriffe.com\/de\/transfer\/transfers-fuer-kunststoff\/#breadcrumb\",\"itemListElement\":[{\"@type\":\"ListItem\",\"position\":1,\"name\":\"Home\",\"item\":\"https:\/\/www.multigriffe.com\/de\/\"},{\"@type\":\"ListItem\",\"position\":2,\"name\":\"Transfers\",\"item\":\"https:\/\/www.multigriffe.com\/de\/transfer\/\"},{\"@type\":\"ListItem\",\"position\":3,\"name\":\"Transfers f\u00fcr Kunststoff\"}]},{\"@type\":\"WebSite\",\"@id\":\"https:\/\/www.multigriffe.com\/#website\",\"url\":\"https:\/\/www.multigriffe.com\/\",\"name\":\"MultiGriffe\",\"description\":\"Etichette Transfer a Caldo per Abbigliamento Calzatura Sport Vicenza\",\"potentialAction\":[{\"@type\":\"SearchAction\",\"target\":{\"@type\":\"EntryPoint\",\"urlTemplate\":\"https:\/\/www.multigriffe.com\/?s={search_term_string}\"},\"query-input\":{\"@type\":\"PropertyValueSpecification\",\"valueRequired\":true,\"valueName\":\"search_term_string\"}}],\"inLanguage\":\"de\"}]}<\/script>\n<!-- \/ Yoast SEO plugin. -->","yoast_head_json":{"title":"Transfers f\u00fcr Kunststoff - Hei\u00dftransfer-Etiketten Made in Italy","robots":{"index":"index","follow":"follow","max-snippet":"max-snippet:-1","max-image-preview":"max-image-preview:large","max-video-preview":"max-video-preview:-1"},"canonical":"https:\/\/www.multigriffe.com\/de\/transfer\/transfers-fuer-kunststoff\/","og_locale":"de_DE","og_type":"article","og_title":"Transfers f\u00fcr Kunststoff - Hei\u00dftransfer-Etiketten Made in Italy","og_description":"[vc_row][vc_column width=&#8220;1\/1&#8243;][vc_row_inner row_inner_height_percent=&#8220;0&#8243; overlay_alpha=&#8220;50&#8243; gutter_size=&#8220;4&#8243; shift_y=&#8220;0&#8243;][vc_column_inner column_width_percent=&#8220;100&#8243; gutter_size=&#8220;4&#8243; overlay_alpha=&#8220;50&#8243; shift_x=&#8220;0&#8243; shift_y=&#8220;0&#8243; shift_y_down=&#8220;0&#8243; z_index=&#8220;0&#8243; medium_width=&#8220;0&#8243; mobile_width=&#8220;0&#8243; sticky=&#8220;yes&#8220; width=&#8220;3\/12&#8243;][\/vc_column_inner][vc_column_inner column_width_percent=&#8220;100&#8243; gutter_size=&#8220;3&#8243; overlay_alpha=&#8220;50&#8243; [&hellip;]","og_url":"https:\/\/www.multigriffe.com\/de\/transfer\/transfers-fuer-kunststoff\/","og_site_name":"MultiGriffe","article_modified_time":"2026-02-25T12:14:54+00:00","og_image":[{"width":1400,"height":800,"url":"https:\/\/www.multigriffe.com\/wp-content\/uploads\/2018\/01\/Tranfer-per-Plastica.jpg","type":"image\/jpeg"}],"twitter_card":"summary_large_image","twitter_misc":{"Gesch\u00e4tzte Lesezeit":"2\u00a0Minuten"},"schema":{"@context":"https:\/\/schema.org","@graph":[{"@type":"WebPage","@id":"https:\/\/www.multigriffe.com\/de\/transfer\/transfers-fuer-kunststoff\/","url":"https:\/\/www.multigriffe.com\/de\/transfer\/transfers-fuer-kunststoff\/","name":"Transfers f\u00fcr Kunststoff - Hei\u00dftransfer-Etiketten Made in Italy","isPartOf":{"@id":"https:\/\/www.multigriffe.com\/#website"},"primaryImageOfPage":{"@id":"https:\/\/www.multigriffe.com\/de\/transfer\/transfers-fuer-kunststoff\/#primaryimage"},"image":{"@id":"https:\/\/www.multigriffe.com\/de\/transfer\/transfers-fuer-kunststoff\/#primaryimage"},"thumbnailUrl":"https:\/\/www.multigriffe.com\/wp-content\/uploads\/2018\/01\/Tranfer-per-Plastica.jpg","datePublished":"2018-01-30T16:48:11+00:00","dateModified":"2026-02-25T12:14:54+00:00","breadcrumb":{"@id":"https:\/\/www.multigriffe.com\/de\/transfer\/transfers-fuer-kunststoff\/#breadcrumb"},"inLanguage":"de","potentialAction":[{"@type":"ReadAction","target":["https:\/\/www.multigriffe.com\/de\/transfer\/transfers-fuer-kunststoff\/"]}]},{"@type":"ImageObject","inLanguage":"de","@id":"https:\/\/www.multigriffe.com\/de\/transfer\/transfers-fuer-kunststoff\/#primaryimage","url":"https:\/\/www.multigriffe.com\/wp-content\/uploads\/2018\/01\/Tranfer-per-Plastica.jpg","contentUrl":"https:\/\/www.multigriffe.com\/wp-content\/uploads\/2018\/01\/Tranfer-per-Plastica.jpg","width":1400,"height":800,"caption":"Personalisierung von Rahmen und Komponenten f\u00fcr Fahrr\u00e4der, Drohnen, Sportger\u00e4ten, mechanischen und Automobilteilen, Geh\u00e4usen f\u00fcr Elektronik, leichter und verst\u00e4rkter Industrieausr\u00fcstung"},{"@type":"BreadcrumbList","@id":"https:\/\/www.multigriffe.com\/de\/transfer\/transfers-fuer-kunststoff\/#breadcrumb","itemListElement":[{"@type":"ListItem","position":1,"name":"Home","item":"https:\/\/www.multigriffe.com\/de\/"},{"@type":"ListItem","position":2,"name":"Transfers","item":"https:\/\/www.multigriffe.com\/de\/transfer\/"},{"@type":"ListItem","position":3,"name":"Transfers f\u00fcr Kunststoff"}]},{"@type":"WebSite","@id":"https:\/\/www.multigriffe.com\/#website","url":"https:\/\/www.multigriffe.com\/","name":"MultiGriffe","description":"Etichette Transfer a Caldo per Abbigliamento Calzatura Sport Vicenza","potentialAction":[{"@type":"SearchAction","target":{"@type":"EntryPoint","urlTemplate":"https:\/\/www.multigriffe.com\/?s={search_term_string}"},"query-input":{"@type":"PropertyValueSpecification","valueRequired":true,"valueName":"search_term_string"}}],"inLanguage":"de"}]}},"_links":{"self":[{"href":"https:\/\/www.multigriffe.com\/de\/wp-json\/wp\/v2\/pages\/68036","targetHints":{"allow":["GET"]}}],"collection":[{"href":"https:\/\/www.multigriffe.com\/de\/wp-json\/wp\/v2\/pages"}],"about":[{"href":"https:\/\/www.multigriffe.com\/de\/wp-json\/wp\/v2\/types\/page"}],"author":[{"embeddable":true,"href":"https:\/\/www.multigriffe.com\/de\/wp-json\/wp\/v2\/users\/1"}],"replies":[{"embeddable":true,"href":"https:\/\/www.multigriffe.com\/de\/wp-json\/wp\/v2\/comments?post=68036"}],"version-history":[{"count":5,"href":"https:\/\/www.multigriffe.com\/de\/wp-json\/wp\/v2\/pages\/68036\/revisions"}],"predecessor-version":[{"id":68976,"href":"https:\/\/www.multigriffe.com\/de\/wp-json\/wp\/v2\/pages\/68036\/revisions\/68976"}],"up":[{"embeddable":true,"href":"https:\/\/www.multigriffe.com\/de\/wp-json\/wp\/v2\/pages\/68032"}],"wp:featuredmedia":[{"embeddable":true,"href":"https:\/\/www.multigriffe.com\/de\/wp-json\/wp\/v2\/media\/68037"}],"wp:attachment":[{"href":"https:\/\/www.multigriffe.com\/de\/wp-json\/wp\/v2\/media?parent=68036"}],"curies":[{"name":"wp","href":"https:\/\/api.w.org\/{rel}","templated":true}]}}