{"id":68026,"date":"2018-01-29T15:09:49","date_gmt":"2018-01-29T14:09:49","guid":{"rendered":"https:\/\/www.multigriffe.com\/mission\/"},"modified":"2026-02-24T14:54:49","modified_gmt":"2026-02-24T13:54:49","slug":"mission","status":"publish","type":"page","link":"https:\/\/www.multigriffe.com\/de\/mission\/","title":{"rendered":"Mission"},"content":{"rendered":"<div class=\"wpb-content-wrapper\"><p>[vc_row row_height_percent=&#8220;0&#8243; override_padding=&#8220;yes&#8220; h_padding=&#8220;2&#8243; top_padding=&#8220;4&#8243; bottom_padding=&#8220;3&#8243; overlay_alpha=&#8220;50&#8243; gutter_size=&#8220;3&#8243; column_width_percent=&#8220;100&#8243; shift_y=&#8220;0&#8243; z_index=&#8220;0&#8243;][vc_column column_width_percent=&#8220;100&#8243; gutter_size=&#8220;3&#8243; overlay_alpha=&#8220;50&#8243; shift_x=&#8220;0&#8243; shift_y=&#8220;0&#8243; shift_y_down=&#8220;0&#8243; z_index=&#8220;0&#8243; medium_width=&#8220;0&#8243; mobile_width=&#8220;0&#8243; width=&#8220;1\/1&#8243;][vc_row_inner row_inner_height_percent=&#8220;0&#8243; overlay_alpha=&#8220;50&#8243; gutter_size=&#8220;4&#8243; shift_y=&#8220;0&#8243;][vc_column_inner width=&#8220;1\/4&#8243;][\/vc_column_inner][vc_column_inner column_width_percent=&#8220;100&#8243; gutter_size=&#8220;3&#8243; overlay_alpha=&#8220;50&#8243; shift_x=&#8220;0&#8243; shift_y=&#8220;0&#8243; shift_y_down=&#8220;0&#8243; z_index=&#8220;0&#8243; medium_width=&#8220;0&#8243; mobile_width=&#8220;0&#8243; width=&#8220;3\/4&#8243;][vc_custom_heading text_weight=&#8220;300&#8243; text_height=&#8220;fontheight-357766&#8243; text_space=&#8220;fontspace-781688&#8243; uncode_shortcode_id=&#8220;172690&#8243;]Erfolg leicht gemacht.[\/vc_custom_heading][vc_separator sep_color=&#8220;color-uydo&#8220;][vc_column_text text_lead=&#8220;yes&#8220; uncode_shortcode_id=&#8220;807863&#8243;]Zuweilen findet man, ohne lange suchen zu m\u00fcssen, etwas, das mit wenig Aufwand viel bringt \u2013 ein Wortspiel, das beschreibt, wie Sie mit MultiGriffe einen Partner in Ihrer N\u00e4he finden k\u00f6nnen. Die Transfers von MultiGriffe k\u00f6nnen in nur wenigen Sekunden ein \u00fcberzeugendes Image von Ihnen abgeben: wenig Zeit, wenig Druck, wenig Temperatur, und schon sind die Produkte wirklich Ihre Produkte. Maximale Haftung auf jeder Oberfl\u00e4che, maximale Farbwiedergabe und Aufl\u00f6sung, sogar fotografisch, mit 1200\u00d71200 dpi.[\/vc_column_text][\/vc_column_inner][\/vc_row_inner][vc_row_inner row_inner_height_percent=&#8220;0&#8243; overlay_alpha=&#8220;50&#8243; gutter_size=&#8220;4&#8243; shift_y=&#8220;0&#8243;][vc_column_inner width=&#8220;1\/4&#8243;][\/vc_column_inner][vc_column_inner column_width_percent=&#8220;100&#8243; gutter_size=&#8220;3&#8243; overlay_alpha=&#8220;50&#8243; shift_x=&#8220;0&#8243; shift_y=&#8220;0&#8243; shift_y_down=&#8220;0&#8243; z_index=&#8220;0&#8243; medium_width=&#8220;0&#8243; mobile_width=&#8220;0&#8243; width=&#8220;3\/4&#8243;][vc_empty_space empty_h=&#8220;2&#8243; medium_visibility=&#8220;yes&#8220; mobile_visibility=&#8220;yes&#8220;][vc_custom_heading text_weight=&#8220;300&#8243; text_height=&#8220;fontheight-357766&#8243; text_space=&#8220;fontspace-781688&#8243; uncode_shortcode_id=&#8220;179350&#8243;]Vorsicht vor F\u00e4lschungen.[\/vc_custom_heading][vc_separator sep_color=&#8220;color-uydo&#8220;][vc_column_text text_lead=&#8220;yes&#8220; uncode_shortcode_id=&#8220;136703&#8243;]Nicht alle Transfers sind gleich, genauso wenig wie Ihre Produkte. Das T\u00e4tigen einer bedeutenden Investition zur Entwicklung eines Produkts geht mit dem Bed\u00fcrfnis einher, diesem eine Identit\u00e4t am Markt zu verleihen. MultiGriffe-Transfers unterscheiden sich von vielen anderen durch die kurze Einwirkzeit bei der Anwendung, was eine hohe Produktivit\u00e4t beg\u00fcnstigt. Dar\u00fcber hinaus ist die Haftfestigkeit der Farben dank der hochwertigen Spezialharze, die f\u00fcr die Herstellung der Transfers verwendet werden, sehr hoch. Ein Produkt mit dem MultiGriffe-Transfer ist als Garantie seiner Identit\u00e4t sofort erkennbar.[\/vc_column_text][vc_gallery el_id=&#8220;gallery-103525&#8243; type=&#8220;carousel&#8220; medias=&#8220;68772,68773&#8243; carousel_lg=&#8220;2&#8243; carousel_md=&#8220;2&#8243; carousel_sm=&#8220;1&#8243; gutter_size=&#8220;3&#8243; carousel_interval=&#8220;3000&#8243; carousel_navspeed=&#8220;400&#8243; stage_padding=&#8220;0&#8243; single_overlay_opacity=&#8220;50&#8243; single_padding=&#8220;2&#8243; uncode_shortcode_id=&#8220;670445&#8243;][\/vc_column_inner][\/vc_row_inner][vc_row_inner row_inner_height_percent=&#8220;0&#8243; overlay_alpha=&#8220;50&#8243; gutter_size=&#8220;4&#8243; shift_y=&#8220;0&#8243;][vc_column_inner width=&#8220;1\/4&#8243;][\/vc_column_inner][vc_column_inner column_width_percent=&#8220;100&#8243; gutter_size=&#8220;3&#8243; overlay_alpha=&#8220;50&#8243; shift_x=&#8220;0&#8243; shift_y=&#8220;0&#8243; shift_y_down=&#8220;0&#8243; z_index=&#8220;0&#8243; medium_width=&#8220;0&#8243; mobile_width=&#8220;0&#8243; width=&#8220;3\/4&#8243;][vc_empty_space empty_h=&#8220;2&#8243; medium_visibility=&#8220;yes&#8220; mobile_visibility=&#8220;yes&#8220;][vc_custom_heading text_weight=&#8220;300&#8243; text_height=&#8220;fontheight-357766&#8243; text_space=&#8220;fontspace-781688&#8243; uncode_shortcode_id=&#8220;101078&#8243;]Nah an der L\u00f6sung.[\/vc_custom_heading][vc_separator sep_color=&#8220;color-uydo&#8220;][vc_column_text text_lead=&#8220;yes&#8220; uncode_shortcode_id=&#8220;120495&#8243;]Ein Transfer ist der beste Weg, um Produkte mit Marken, Logos oder Grafiken zu personalisieren. In vielen Situationen ist es die einzige L\u00f6sung, um unterschiedliche, schwierige oder unebene Oberfl\u00e4chen veredeln zu k\u00f6nnen. MultiGriffe-Transfers sind so ausgelegt, dass sie perfekt auf verschiedenen Materialien wie Kunststoffen, Textilien, Leder und Holz haften. Es ist das beste System f\u00fcr Werbeartikel, Bekleidung, Schuhe und Accessoires und eignet sich ideal zum Bedrucken und Dekorieren Ihrer Produkte. Sie brauchen nicht lange zu suchen, um das beste Ergebnis zu finden, denn MultiGriffe hat genau die richtige L\u00f6sung f\u00fcr Sie.[\/vc_column_text][\/vc_column_inner][\/vc_row_inner][vc_row_inner row_inner_height_percent=&#8220;0&#8243; overlay_alpha=&#8220;50&#8243; gutter_size=&#8220;4&#8243; shift_y=&#8220;0&#8243;][vc_column_inner width=&#8220;1\/4&#8243;][\/vc_column_inner][vc_column_inner column_width_percent=&#8220;100&#8243; gutter_size=&#8220;3&#8243; overlay_alpha=&#8220;50&#8243; shift_x=&#8220;0&#8243; shift_y=&#8220;0&#8243; shift_y_down=&#8220;0&#8243; z_index=&#8220;0&#8243; medium_width=&#8220;0&#8243; mobile_width=&#8220;0&#8243; width=&#8220;3\/4&#8243;][vc_empty_space empty_h=&#8220;2&#8243; medium_visibility=&#8220;yes&#8220; mobile_visibility=&#8220;yes&#8220;][vc_custom_heading text_weight=&#8220;300&#8243; text_height=&#8220;fontheight-357766&#8243; text_space=&#8220;fontspace-781688&#8243; uncode_shortcode_id=&#8220;159793&#8243;]Farbe als Kommunikationsmittel.[\/vc_custom_heading][vc_separator sep_color=&#8220;color-uydo&#8220;][vc_column_text text_lead=&#8220;yes&#8220; uncode_shortcode_id=&#8220;163479&#8243;]Wer sich der Bedeutung der Grafik f\u00fcr die Kommunikation bewusst ist und wei\u00df, dass diese weit \u00fcber die Pr\u00e4sentation des Logos und der Marke hinausgeht, aber regelm\u00e4\u00dfig mit modischen oder Erneuerungsanspr\u00fcchen hinsichtlich der Veredelung seiner Produkte konfrontiert ist, fragt sich, welche der zahlreichen L\u00f6sungen, die der Druck bieten kann, die beste Wahl ist.<br \/>\nNicht immer ist es der Transferdruck. Es sei denn, es handelt sich um MultiGriffe, das dank kontinuierlicher Forschung und technischer Anpassungen, die es zu einem langj\u00e4hrigen Partner amerikanischer Unternehmen machen, sowie dank der in diesen Jahren gesammelten Erfahrung beste Ergebnisse ohne Einschr\u00e4nkungen hinsichtlich Farbe und Definition garantiert, auch mit Spezialpigmenten wie beispielsweise Glitzer-, Aufblas-, reflektierenden, elektrolumineszierenden Pigmenten usw.<br \/>\n[\/vc_column_text][vc_gallery el_id=&#8220;gallery-161065&#8243; type=&#8220;carousel&#8220; medias=&#8220;68774,68775,68776&#8243; carousel_lg=&#8220;3&#8243; carousel_md=&#8220;3&#8243; carousel_sm=&#8220;1&#8243; gutter_size=&#8220;3&#8243; carousel_interval=&#8220;3000&#8243; carousel_navspeed=&#8220;400&#8243; stage_padding=&#8220;0&#8243; single_overlay_opacity=&#8220;50&#8243; single_padding=&#8220;2&#8243;][\/vc_column_inner][\/vc_row_inner][vc_row_inner row_inner_height_percent=&#8220;0&#8243; overlay_alpha=&#8220;50&#8243; gutter_size=&#8220;4&#8243; shift_y=&#8220;0&#8243;][vc_column_inner width=&#8220;1\/4&#8243;][\/vc_column_inner][vc_column_inner column_width_percent=&#8220;100&#8243; gutter_size=&#8220;3&#8243; overlay_alpha=&#8220;50&#8243; shift_x=&#8220;0&#8243; shift_y=&#8220;0&#8243; shift_y_down=&#8220;0&#8243; z_index=&#8220;0&#8243; medium_width=&#8220;0&#8243; mobile_width=&#8220;0&#8243; width=&#8220;3\/4&#8243;][vc_empty_space empty_h=&#8220;2&#8243; medium_visibility=&#8220;yes&#8220; mobile_visibility=&#8220;yes&#8220;][vc_custom_heading text_weight=&#8220;300&#8243; text_height=&#8220;fontheight-357766&#8243; text_space=&#8220;fontspace-781688&#8243; uncode_shortcode_id=&#8220;116126&#8243;]Der Vorzug von Bogen und Rolle.[\/vc_custom_heading][vc_separator sep_color=&#8220;color-uydo&#8220;][vc_column_text text_lead=&#8220;yes&#8220; uncode_shortcode_id=&#8220;182290&#8243;]Rolle oder Bogen. Die Auswahl des Tr\u00e4gerstoffs entsprechend den Kundenanforderungen erm\u00f6glicht es uns, unsere Transfers in Bezug auf Kosten, Herstellungs- und Applikationszeiten auf dem Endprodukt wettbewerbsf\u00e4hig zu gestalten.<br \/>\nAuch die Wahl des Tr\u00e4gers, auf den Pigmente und Harze eingebracht werden, \u00fcberlassen wir nicht dem Zufall. Wir haben ihn mit gr\u00f6\u00dfter Sorgfalt f\u00fcr Sie oder Ihre Kinder ausgew\u00e4hlt und verwenden dabei ungiftige Materialien, die der CE-Zertifizierung entsprechen.<br \/>\nSo k\u00f6nnen wir all unsere Dienstleistungen garantieren.<br \/>\n[\/vc_column_text][\/vc_column_inner][\/vc_row_inner][\/vc_column][\/vc_row]<\/p>\n<\/div>","protected":false},"excerpt":{"rendered":"<p>[vc_row row_height_percent=&#8220;0&#8243; override_padding=&#8220;yes&#8220; h_padding=&#8220;2&#8243; top_padding=&#8220;4&#8243; bottom_padding=&#8220;3&#8243; overlay_alpha=&#8220;50&#8243; gutter_size=&#8220;3&#8243; column_width_percent=&#8220;100&#8243; shift_y=&#8220;0&#8243; z_index=&#8220;0&#8243;][vc_column column_width_percent=&#8220;100&#8243; gutter_size=&#8220;3&#8243; overlay_alpha=&#8220;50&#8243; shift_x=&#8220;0&#8243; shift_y=&#8220;0&#8243; shift_y_down=&#8220;0&#8243; z_index=&#8220;0&#8243; medium_width=&#8220;0&#8243; mobile_width=&#8220;0&#8243; [&hellip;]<\/p>\n","protected":false},"author":1,"featured_media":68028,"parent":0,"menu_order":3,"comment_status":"closed","ping_status":"closed","template":"","meta":{"footnotes":""},"class_list":["post-68026","page","type-page","status-publish","has-post-thumbnail","hentry"],"yoast_head":"<!-- This site is optimized with the Yoast SEO plugin v27.0 - https:\/\/yoast.com\/product\/yoast-seo-wordpress\/ -->\n<title>Herstellung von Hei\u00dftransfer-Etiketten Vicenza<\/title>\n<meta name=\"robots\" content=\"index, follow, max-snippet:-1, max-image-preview:large, max-video-preview:-1\" \/>\n<link rel=\"canonical\" href=\"https:\/\/www.multigriffe.com\/de\/mission\/\" \/>\n<meta property=\"og:locale\" content=\"de_DE\" \/>\n<meta property=\"og:type\" content=\"article\" \/>\n<meta property=\"og:title\" content=\"Herstellung von Hei\u00dftransfer-Etiketten Vicenza\" \/>\n<meta property=\"og:description\" content=\"[vc_row row_height_percent=&#8220;0&#8243; override_padding=&#8220;yes&#8220; h_padding=&#8220;2&#8243; top_padding=&#8220;4&#8243; bottom_padding=&#8220;3&#8243; overlay_alpha=&#8220;50&#8243; gutter_size=&#8220;3&#8243; column_width_percent=&#8220;100&#8243; shift_y=&#8220;0&#8243; z_index=&#8220;0&#8243;][vc_column column_width_percent=&#8220;100&#8243; gutter_size=&#8220;3&#8243; overlay_alpha=&#8220;50&#8243; shift_x=&#8220;0&#8243; shift_y=&#8220;0&#8243; shift_y_down=&#8220;0&#8243; z_index=&#8220;0&#8243; medium_width=&#8220;0&#8243; mobile_width=&#8220;0&#8243; [&hellip;]\" \/>\n<meta property=\"og:url\" content=\"https:\/\/www.multigriffe.com\/de\/mission\/\" \/>\n<meta property=\"og:site_name\" content=\"MultiGriffe\" \/>\n<meta property=\"article:modified_time\" content=\"2026-02-24T13:54:49+00:00\" \/>\n<meta property=\"og:image\" content=\"https:\/\/www.multigriffe.com\/wp-content\/uploads\/2018\/04\/mission.jpg\" \/>\n\t<meta property=\"og:image:width\" content=\"2560\" \/>\n\t<meta property=\"og:image:height\" content=\"430\" \/>\n\t<meta property=\"og:image:type\" content=\"image\/jpeg\" \/>\n<meta name=\"twitter:card\" content=\"summary_large_image\" \/>\n<meta name=\"twitter:label1\" content=\"Gesch\u00e4tzte Lesezeit\" \/>\n\t<meta name=\"twitter:data1\" content=\"4\u00a0Minuten\" \/>\n<script type=\"application\/ld+json\" class=\"yoast-schema-graph\">{\"@context\":\"https:\/\/schema.org\",\"@graph\":[{\"@type\":\"WebPage\",\"@id\":\"https:\/\/www.multigriffe.com\/de\/mission\/\",\"url\":\"https:\/\/www.multigriffe.com\/de\/mission\/\",\"name\":\"Herstellung von Hei\u00dftransfer-Etiketten Vicenza\",\"isPartOf\":{\"@id\":\"https:\/\/www.multigriffe.com\/#website\"},\"primaryImageOfPage\":{\"@id\":\"https:\/\/www.multigriffe.com\/de\/mission\/#primaryimage\"},\"image\":{\"@id\":\"https:\/\/www.multigriffe.com\/de\/mission\/#primaryimage\"},\"thumbnailUrl\":\"https:\/\/www.multigriffe.com\/wp-content\/uploads\/2018\/04\/mission.jpg\",\"datePublished\":\"2018-01-29T14:09:49+00:00\",\"dateModified\":\"2026-02-24T13:54:49+00:00\",\"breadcrumb\":{\"@id\":\"https:\/\/www.multigriffe.com\/de\/mission\/#breadcrumb\"},\"inLanguage\":\"de\",\"potentialAction\":[{\"@type\":\"ReadAction\",\"target\":[\"https:\/\/www.multigriffe.com\/de\/mission\/\"]}]},{\"@type\":\"ImageObject\",\"inLanguage\":\"de\",\"@id\":\"https:\/\/www.multigriffe.com\/de\/mission\/#primaryimage\",\"url\":\"https:\/\/www.multigriffe.com\/wp-content\/uploads\/2018\/04\/mission.jpg\",\"contentUrl\":\"https:\/\/www.multigriffe.com\/wp-content\/uploads\/2018\/04\/mission.jpg\",\"width\":2560,\"height\":430},{\"@type\":\"BreadcrumbList\",\"@id\":\"https:\/\/www.multigriffe.com\/de\/mission\/#breadcrumb\",\"itemListElement\":[{\"@type\":\"ListItem\",\"position\":1,\"name\":\"Home\",\"item\":\"https:\/\/www.multigriffe.com\/de\/\"},{\"@type\":\"ListItem\",\"position\":2,\"name\":\"Mission\"}]},{\"@type\":\"WebSite\",\"@id\":\"https:\/\/www.multigriffe.com\/#website\",\"url\":\"https:\/\/www.multigriffe.com\/\",\"name\":\"MultiGriffe\",\"description\":\"Etichette Transfer a Caldo per Abbigliamento Calzatura Sport Vicenza\",\"potentialAction\":[{\"@type\":\"SearchAction\",\"target\":{\"@type\":\"EntryPoint\",\"urlTemplate\":\"https:\/\/www.multigriffe.com\/?s={search_term_string}\"},\"query-input\":{\"@type\":\"PropertyValueSpecification\",\"valueRequired\":true,\"valueName\":\"search_term_string\"}}],\"inLanguage\":\"de\"}]}<\/script>\n<!-- \/ Yoast SEO plugin. -->","yoast_head_json":{"title":"Herstellung von Hei\u00dftransfer-Etiketten Vicenza","robots":{"index":"index","follow":"follow","max-snippet":"max-snippet:-1","max-image-preview":"max-image-preview:large","max-video-preview":"max-video-preview:-1"},"canonical":"https:\/\/www.multigriffe.com\/de\/mission\/","og_locale":"de_DE","og_type":"article","og_title":"Herstellung von Hei\u00dftransfer-Etiketten Vicenza","og_description":"[vc_row row_height_percent=&#8220;0&#8243; override_padding=&#8220;yes&#8220; h_padding=&#8220;2&#8243; top_padding=&#8220;4&#8243; bottom_padding=&#8220;3&#8243; overlay_alpha=&#8220;50&#8243; gutter_size=&#8220;3&#8243; column_width_percent=&#8220;100&#8243; shift_y=&#8220;0&#8243; z_index=&#8220;0&#8243;][vc_column column_width_percent=&#8220;100&#8243; gutter_size=&#8220;3&#8243; overlay_alpha=&#8220;50&#8243; shift_x=&#8220;0&#8243; shift_y=&#8220;0&#8243; shift_y_down=&#8220;0&#8243; z_index=&#8220;0&#8243; medium_width=&#8220;0&#8243; mobile_width=&#8220;0&#8243; [&hellip;]","og_url":"https:\/\/www.multigriffe.com\/de\/mission\/","og_site_name":"MultiGriffe","article_modified_time":"2026-02-24T13:54:49+00:00","og_image":[{"width":2560,"height":430,"url":"https:\/\/www.multigriffe.com\/wp-content\/uploads\/2018\/04\/mission.jpg","type":"image\/jpeg"}],"twitter_card":"summary_large_image","twitter_misc":{"Gesch\u00e4tzte Lesezeit":"4\u00a0Minuten"},"schema":{"@context":"https:\/\/schema.org","@graph":[{"@type":"WebPage","@id":"https:\/\/www.multigriffe.com\/de\/mission\/","url":"https:\/\/www.multigriffe.com\/de\/mission\/","name":"Herstellung von Hei\u00dftransfer-Etiketten Vicenza","isPartOf":{"@id":"https:\/\/www.multigriffe.com\/#website"},"primaryImageOfPage":{"@id":"https:\/\/www.multigriffe.com\/de\/mission\/#primaryimage"},"image":{"@id":"https:\/\/www.multigriffe.com\/de\/mission\/#primaryimage"},"thumbnailUrl":"https:\/\/www.multigriffe.com\/wp-content\/uploads\/2018\/04\/mission.jpg","datePublished":"2018-01-29T14:09:49+00:00","dateModified":"2026-02-24T13:54:49+00:00","breadcrumb":{"@id":"https:\/\/www.multigriffe.com\/de\/mission\/#breadcrumb"},"inLanguage":"de","potentialAction":[{"@type":"ReadAction","target":["https:\/\/www.multigriffe.com\/de\/mission\/"]}]},{"@type":"ImageObject","inLanguage":"de","@id":"https:\/\/www.multigriffe.com\/de\/mission\/#primaryimage","url":"https:\/\/www.multigriffe.com\/wp-content\/uploads\/2018\/04\/mission.jpg","contentUrl":"https:\/\/www.multigriffe.com\/wp-content\/uploads\/2018\/04\/mission.jpg","width":2560,"height":430},{"@type":"BreadcrumbList","@id":"https:\/\/www.multigriffe.com\/de\/mission\/#breadcrumb","itemListElement":[{"@type":"ListItem","position":1,"name":"Home","item":"https:\/\/www.multigriffe.com\/de\/"},{"@type":"ListItem","position":2,"name":"Mission"}]},{"@type":"WebSite","@id":"https:\/\/www.multigriffe.com\/#website","url":"https:\/\/www.multigriffe.com\/","name":"MultiGriffe","description":"Etichette Transfer a Caldo per Abbigliamento Calzatura Sport Vicenza","potentialAction":[{"@type":"SearchAction","target":{"@type":"EntryPoint","urlTemplate":"https:\/\/www.multigriffe.com\/?s={search_term_string}"},"query-input":{"@type":"PropertyValueSpecification","valueRequired":true,"valueName":"search_term_string"}}],"inLanguage":"de"}]}},"_links":{"self":[{"href":"https:\/\/www.multigriffe.com\/de\/wp-json\/wp\/v2\/pages\/68026","targetHints":{"allow":["GET"]}}],"collection":[{"href":"https:\/\/www.multigriffe.com\/de\/wp-json\/wp\/v2\/pages"}],"about":[{"href":"https:\/\/www.multigriffe.com\/de\/wp-json\/wp\/v2\/types\/page"}],"author":[{"embeddable":true,"href":"https:\/\/www.multigriffe.com\/de\/wp-json\/wp\/v2\/users\/1"}],"replies":[{"embeddable":true,"href":"https:\/\/www.multigriffe.com\/de\/wp-json\/wp\/v2\/comments?post=68026"}],"version-history":[{"count":3,"href":"https:\/\/www.multigriffe.com\/de\/wp-json\/wp\/v2\/pages\/68026\/revisions"}],"predecessor-version":[{"id":68781,"href":"https:\/\/www.multigriffe.com\/de\/wp-json\/wp\/v2\/pages\/68026\/revisions\/68781"}],"wp:featuredmedia":[{"embeddable":true,"href":"https:\/\/www.multigriffe.com\/de\/wp-json\/wp\/v2\/media\/68028"}],"wp:attachment":[{"href":"https:\/\/www.multigriffe.com\/de\/wp-json\/wp\/v2\/media?parent=68026"}],"curies":[{"name":"wp","href":"https:\/\/api.w.org\/{rel}","templated":true}]}}