{"id":68017,"date":"2018-01-29T15:09:47","date_gmt":"2018-01-29T14:09:47","guid":{"rendered":"https:\/\/www.multigriffe.com\/azienda\/"},"modified":"2025-10-23T17:29:42","modified_gmt":"2025-10-23T15:29:42","slug":"unternehmen","status":"publish","type":"page","link":"https:\/\/www.multigriffe.com\/de\/unternehmen\/","title":{"rendered":"Unternehmen"},"content":{"rendered":"<div class=\"wpb-content-wrapper\"><p>[vc_row row_height_percent=&#8220;0&#8243; override_padding=&#8220;yes&#8220; h_padding=&#8220;2&#8243; top_padding=&#8220;4&#8243; bottom_padding=&#8220;3&#8243; overlay_alpha=&#8220;50&#8243; gutter_size=&#8220;3&#8243; column_width_percent=&#8220;100&#8243; shift_y=&#8220;0&#8243; z_index=&#8220;0&#8243;][vc_column column_width_percent=&#8220;100&#8243; gutter_size=&#8220;3&#8243; overlay_alpha=&#8220;50&#8243; shift_x=&#8220;0&#8243; shift_y=&#8220;0&#8243; shift_y_down=&#8220;0&#8243; z_index=&#8220;0&#8243; medium_width=&#8220;0&#8243; mobile_width=&#8220;0&#8243; width=&#8220;1\/1&#8243;][vc_row_inner row_inner_height_percent=&#8220;0&#8243; overlay_alpha=&#8220;50&#8243; gutter_size=&#8220;4&#8243; shift_y=&#8220;0&#8243;][vc_column_inner width=&#8220;1\/4&#8243;][\/vc_column_inner][vc_column_inner column_width_percent=&#8220;100&#8243; gutter_size=&#8220;3&#8243; overlay_alpha=&#8220;50&#8243; shift_x=&#8220;0&#8243; shift_y=&#8220;0&#8243; shift_y_down=&#8220;0&#8243; z_index=&#8220;0&#8243; medium_width=&#8220;0&#8243; mobile_width=&#8220;0&#8243; width=&#8220;3\/4&#8243;][vc_custom_heading text_weight=&#8220;300&#8243; text_height=&#8220;fontheight-357766&#8243; text_space=&#8220;fontspace-781688&#8243; uncode_shortcode_id=&#8220;108178&#8243;]DIE MADE IN ITALY-IDENTIT\u00c4T[\/vc_custom_heading][vc_separator sep_color=&#8220;color-uydo&#8220;][vc_empty_space empty_h=&#8220;2&#8243; medium_visibility=&#8220;yes&#8220; mobile_visibility=&#8220;yes&#8220;][vc_custom_heading text_color=&#8220;color-wvjs&#8220; heading_semantic=&#8220;p&#8220; text_weight=&#8220;300&#8243; text_height=&#8220;fontheight-357766&#8243; text_space=&#8220;fontspace-781688&#8243; uncode_shortcode_id=&#8220;155169&#8243; text_color_type=&#8220;uncode-palette&#8220;]MultiGriffe ist das Ergebnis der harten Arbeit und Leidenschaft der Familie Scaldaferro, die in echter italienischer Tradition stets danach bestrebt war, nur das Beste zu produzieren und jede Herausforderung des sich st\u00e4ndig wandelnden Markts direkt anzunehmen.[\/vc_custom_heading][vc_column_text text_lead=&#8220;yes&#8220; uncode_shortcode_id=&#8220;159286&#8243;]Durch unternehmerisches Geschick und den Willen, immer zu den Ersten zu z\u00e4hlen, hat sich das Unternehmen zum Marktf\u00fchrer in Italien, Europa und Amerika etabliert, ohne dabei seine Made in Italy-Identit\u00e4t zu verlieren. Das Unternehmen MultiGriffe ist die Familie Scaldaferro. Kommen Sie nicht klar? Sie brauchen nur etwas Hilfe.<\/p>\n<p>Selbst wenn die Anforderungen an die Kennzeichnung Ihres Produkts minimal sind, ist es durchaus berechtigt, das Maximum zu verlangen, insbesondere wenn es genauso viel kostet wie andere Produkte. Das Schwierige hierbei besteht darin, jemanden zu finden, der diese Anforderungen erf\u00fcllen kann. Es ist nicht einfach, sich im Dschungel der Druck- und Personalisierungsm\u00f6glichkeiten zurechtzufinden, aber wenn es um Transfers geht, ist der einfachste Tipp, MultiGriffe zu besuchen oder unsere Website aufzurufen.<\/p>\n<p>Sie werden feststellen, dass es der Partner ist, den Sie gesucht haben, und alles wird klappen.<br \/>\n[\/vc_column_text][vc_empty_space empty_h=&#8220;0&#8243;][vc_button border_width=&#8220;0&#8243; link=&#8220;url:https%3A%2F%2Fwww.multigriffe.com%2Fde%2Fqualitaetspolitik%2F|title:Politica%20di%20qualit%C3%A0&#8243; uncode_shortcode_id=&#8220;502240&#8243;]Qualit\u00e4tspolitik[\/vc_button][\/vc_column_inner][\/vc_row_inner][\/vc_column][\/vc_row][vc_row row_height_percent=&#8220;64&#8243; override_padding=&#8220;yes&#8220; h_padding=&#8220;2&#8243; top_padding=&#8220;4&#8243; bottom_padding=&#8220;4&#8243; back_color=&#8220;color-wayh&#8220; back_image=&#8220;67986&#8243; parallax=&#8220;yes&#8220; overlay_color=&#8220;color-wayh&#8220; overlay_alpha=&#8220;40&#8243; gutter_size=&#8220;3&#8243; column_width_percent=&#8220;100&#8243; shift_y=&#8220;0&#8243; z_index=&#8220;0&#8243; content_parallax=&#8220;0&#8243; uncode_shortcode_id=&#8220;678884&#8243; back_color_type=&#8220;uncode-palette&#8220; overlay_color_type=&#8220;uncode-palette&#8220;][vc_column column_width_percent=&#8220;100&#8243; position_horizontal=&#8220;left&#8220; position_vertical=&#8220;bottom&#8220; gutter_size=&#8220;3&#8243; style=&#8220;dark&#8220; overlay_alpha=&#8220;50&#8243; shift_x=&#8220;0&#8243; shift_y=&#8220;0&#8243; shift_y_down=&#8220;0&#8243; z_index=&#8220;0&#8243; medium_width=&#8220;0&#8243; mobile_width=&#8220;0&#8243; css_animation=&#8220;right-t-left&#8220; animation_delay=&#8220;400&#8243; width=&#8220;9\/12&#8243;][vc_empty_space empty_h=&#8220;4&#8243; desktop_visibility=&#8220;yes&#8220;][\/vc_column][vc_column column_width_percent=&#8220;100&#8243; gutter_size=&#8220;3&#8243; overlay_alpha=&#8220;50&#8243; shift_x=&#8220;0&#8243; shift_y=&#8220;0&#8243; shift_y_down=&#8220;0&#8243; z_index=&#8220;0&#8243; medium_visibility=&#8220;yes&#8220; medium_width=&#8220;0&#8243; mobile_visibility=&#8220;yes&#8220; mobile_width=&#8220;0&#8243; width=&#8220;3\/12&#8243;][\/vc_column][\/vc_row][vc_row][vc_column width=&#8220;1\/1&#8243;][vc_row_inner row_inner_height_percent=&#8220;0&#8243; overlay_alpha=&#8220;50&#8243; gutter_size=&#8220;4&#8243; shift_y=&#8220;0&#8243;][vc_column_inner width=&#8220;1\/4&#8243;][\/vc_column_inner][vc_column_inner column_width_percent=&#8220;100&#8243; gutter_size=&#8220;3&#8243; overlay_alpha=&#8220;50&#8243; shift_x=&#8220;0&#8243; shift_y=&#8220;0&#8243; shift_y_down=&#8220;0&#8243; z_index=&#8220;0&#8243; medium_width=&#8220;0&#8243; mobile_width=&#8220;0&#8243; width=&#8220;3\/4&#8243;][vc_empty_space][vc_custom_heading text_weight=&#8220;300&#8243; text_height=&#8220;fontheight-357766&#8243; text_space=&#8220;fontspace-781688&#8243; uncode_shortcode_id=&#8220;207032&#8243;]DAS TECHNISCHE KNOW-HOW IST DIE ENTWICKLUNG DES STILS.[\/vc_custom_heading][vc_separator sep_color=&#8220;color-uydo&#8220;][vc_empty_space empty_h=&#8220;2&#8243; medium_visibility=&#8220;yes&#8220; mobile_visibility=&#8220;yes&#8220;][vc_column_text text_lead=&#8220;yes&#8220; uncode_shortcode_id=&#8220;163900&#8243;]Das hohe technische Fachwissen der MultiGriffe-Mitarbeiter\/innen erm\u00f6glicht es ihnen, auch die schwierigsten Herausforderungen zu meistern und f\u00fcr jede Situation die richtige L\u00f6sung zu finden, mit Labortests und Probenahmen sowie prompt und schnell. Das Vertriebsnetz, das die wichtigsten M\u00e4rkte weltweit, in Europa und Amerika abdeckt, ist ebenfalls bestens ausgebaut und deckt das italienische Staatsgebiet noch fl\u00e4chendeckender ab.<\/p>\n<p>MultiGriffe bietet effizienten Produktionsservice und p\u00fcnktliche Lieferzeiten.<br \/>\n[\/vc_column_text][\/vc_column_inner][\/vc_row_inner][\/vc_column][\/vc_row][vc_row][vc_column width=&#8220;1\/1&#8243;][vc_row_inner row_inner_height_percent=&#8220;0&#8243; overlay_alpha=&#8220;50&#8243; gutter_size=&#8220;4&#8243; shift_y=&#8220;0&#8243;][vc_column_inner width=&#8220;1\/4&#8243;][\/vc_column_inner][vc_column_inner column_width_percent=&#8220;100&#8243; gutter_size=&#8220;3&#8243; overlay_alpha=&#8220;50&#8243; shift_x=&#8220;0&#8243; shift_y=&#8220;0&#8243; shift_y_down=&#8220;0&#8243; z_index=&#8220;0&#8243; medium_width=&#8220;0&#8243; mobile_width=&#8220;0&#8243; width=&#8220;3\/4&#8243;][vc_custom_heading text_weight=&#8220;300&#8243; text_height=&#8220;fontheight-357766&#8243; text_space=&#8220;fontspace-781688&#8243; uncode_shortcode_id=&#8220;151066&#8243;]TECHNOLOGISCHE INNOVATION[\/vc_custom_heading][vc_separator sep_color=&#8220;color-uydo&#8220;][vc_empty_space empty_h=&#8220;2&#8243; medium_visibility=&#8220;yes&#8220; mobile_visibility=&#8220;yes&#8220;][vc_custom_heading text_color=&#8220;color-wvjs&#8220; heading_semantic=&#8220;p&#8220; text_weight=&#8220;300&#8243; text_height=&#8220;fontheight-357766&#8243; text_space=&#8220;fontspace-781688&#8243; uncode_shortcode_id=&#8220;462559&#8243; text_color_type=&#8220;uncode-palette&#8220;]Um unsere Leistungen fortw\u00e4hrend zu verbessern, stellen wir jedes Jahr Mittel f\u00fcr die Forschung und technologische Entwicklung des Unternehmens bereit, damit wir unseren Kunden stets neue L\u00f6sungen mit modernsten Maschinen und Technologien anbieten k\u00f6nnen.[\/vc_custom_heading][vc_column_text text_lead=&#8220;yes&#8220; uncode_shortcode_id=&#8220;390490&#8243;]In diesem Zusammenhang wird in K\u00fcrze unser neues Qualit\u00e4tssicherungssystem mit der Produktr\u00fcckverfolgungsfunktion einsatzbereit sein. Mit diesem Verfahren k\u00f6nnen wir die Produktionscharge jeder einzelnen Musterprobe und den entsprechenden Rohstoff zur\u00fcckverfolgen. Dar\u00fcber hinaus bieten wir unseren Kunden die M\u00f6glichkeit, mit unserem internen Stilzentrum zusammenzuarbeiten, um die m\u00f6glichen \u00e4sthetischen L\u00f6sungen und die f\u00fcr ihre Bed\u00fcrfnisse am besten geeigneten Veredelungen bestimmen zu k\u00f6nnen.<\/p>\n<p>All diese Dienstleistungen sind Teil eines Unternehmenskonzepts, mit dem wir bestrebt sind, unsere Abl\u00e4ufe immer effizienter und schneller zu gestalten, ohne dabei Abstriche bei Qualit\u00e4t und wettbewerbsf\u00e4higen Preisen zu machen. Die von uns entwickelte Technologie erm\u00f6glicht es uns, Auftr\u00e4ge von 20 St\u00fcck bis hin zu einer unbegrenzten Produktionsmenge zu bearbeiten. Dank unserer langj\u00e4hrigen Erfahrung produzieren wir j\u00e4hrlich 50 Millionen Transferetiketten und sind in Europa immer st\u00e4rker vertreten.<br \/>\n[\/vc_column_text][vc_empty_space empty_h=&#8220;0&#8243;][\/vc_column_inner][\/vc_row_inner][\/vc_column][\/vc_row][vc_row][vc_column width=&#8220;1\/4&#8243;][\/vc_column][vc_column width=&#8220;3\/4&#8243;][vc_single_image media=&#8220;67990&#8243; media_width_percent=&#8220;100&#8243; uncode_shortcode_id=&#8220;123445&#8243;][\/vc_column][\/vc_row]<\/p>\n<\/div>","protected":false},"excerpt":{"rendered":"<p>[vc_row row_height_percent=&#8220;0&#8243; override_padding=&#8220;yes&#8220; h_padding=&#8220;2&#8243; top_padding=&#8220;4&#8243; bottom_padding=&#8220;3&#8243; overlay_alpha=&#8220;50&#8243; gutter_size=&#8220;3&#8243; column_width_percent=&#8220;100&#8243; shift_y=&#8220;0&#8243; z_index=&#8220;0&#8243;][vc_column column_width_percent=&#8220;100&#8243; gutter_size=&#8220;3&#8243; overlay_alpha=&#8220;50&#8243; shift_x=&#8220;0&#8243; shift_y=&#8220;0&#8243; shift_y_down=&#8220;0&#8243; z_index=&#8220;0&#8243; medium_width=&#8220;0&#8243; mobile_width=&#8220;0&#8243; [&hellip;]<\/p>\n","protected":false},"author":1,"featured_media":68019,"parent":0,"menu_order":2,"comment_status":"closed","ping_status":"closed","template":"","meta":{"footnotes":""},"class_list":["post-68017","page","type-page","status-publish","has-post-thumbnail","hentry"],"yoast_head":"<!-- This site is optimized with the Yoast SEO plugin v27.0 - https:\/\/yoast.com\/product\/yoast-seo-wordpress\/ -->\n<title>Herstellung von Hei\u00dftransfer-Etiketten Made in Italy Vicenza<\/title>\n<meta name=\"robots\" content=\"index, follow, max-snippet:-1, max-image-preview:large, max-video-preview:-1\" \/>\n<link rel=\"canonical\" href=\"https:\/\/www.multigriffe.com\/azienda\/\" \/>\n<meta property=\"og:locale\" content=\"de_DE\" \/>\n<meta property=\"og:type\" content=\"article\" \/>\n<meta property=\"og:title\" content=\"Herstellung von Hei\u00dftransfer-Etiketten Made in Italy Vicenza\" \/>\n<meta property=\"og:description\" content=\"[vc_row row_height_percent=&#8220;0&#8243; override_padding=&#8220;yes&#8220; h_padding=&#8220;2&#8243; top_padding=&#8220;4&#8243; bottom_padding=&#8220;3&#8243; overlay_alpha=&#8220;50&#8243; gutter_size=&#8220;3&#8243; column_width_percent=&#8220;100&#8243; shift_y=&#8220;0&#8243; z_index=&#8220;0&#8243;][vc_column column_width_percent=&#8220;100&#8243; gutter_size=&#8220;3&#8243; overlay_alpha=&#8220;50&#8243; shift_x=&#8220;0&#8243; shift_y=&#8220;0&#8243; shift_y_down=&#8220;0&#8243; z_index=&#8220;0&#8243; medium_width=&#8220;0&#8243; mobile_width=&#8220;0&#8243; [&hellip;]\" \/>\n<meta property=\"og:url\" content=\"https:\/\/www.multigriffe.com\/azienda\/\" \/>\n<meta property=\"og:site_name\" content=\"MultiGriffe\" \/>\n<meta property=\"article:modified_time\" content=\"2025-10-23T15:29:42+00:00\" \/>\n<meta property=\"og:image\" content=\"https:\/\/www.multigriffe.com\/wp-content\/uploads\/2018\/04\/azienda.jpg\" \/>\n\t<meta property=\"og:image:width\" content=\"2560\" \/>\n\t<meta property=\"og:image:height\" content=\"430\" \/>\n\t<meta property=\"og:image:type\" content=\"image\/jpeg\" \/>\n<meta name=\"twitter:card\" content=\"summary_large_image\" \/>\n<meta name=\"twitter:label1\" content=\"Gesch\u00e4tzte Lesezeit\" \/>\n\t<meta name=\"twitter:data1\" content=\"4\u00a0Minuten\" \/>\n<script type=\"application\/ld+json\" class=\"yoast-schema-graph\">{\"@context\":\"https:\/\/schema.org\",\"@graph\":[{\"@type\":\"WebPage\",\"@id\":\"https:\/\/www.multigriffe.com\/azienda\/\",\"url\":\"https:\/\/www.multigriffe.com\/azienda\/\",\"name\":\"Herstellung von Hei\u00dftransfer-Etiketten Made in Italy Vicenza\",\"isPartOf\":{\"@id\":\"https:\/\/www.multigriffe.com\/#website\"},\"primaryImageOfPage\":{\"@id\":\"https:\/\/www.multigriffe.com\/azienda\/#primaryimage\"},\"image\":{\"@id\":\"https:\/\/www.multigriffe.com\/azienda\/#primaryimage\"},\"thumbnailUrl\":\"https:\/\/www.multigriffe.com\/wp-content\/uploads\/2018\/04\/azienda.jpg\",\"datePublished\":\"2018-01-29T14:09:47+00:00\",\"dateModified\":\"2025-10-23T15:29:42+00:00\",\"breadcrumb\":{\"@id\":\"https:\/\/www.multigriffe.com\/azienda\/#breadcrumb\"},\"inLanguage\":\"de\",\"potentialAction\":[{\"@type\":\"ReadAction\",\"target\":[\"https:\/\/www.multigriffe.com\/azienda\/\"]}]},{\"@type\":\"ImageObject\",\"inLanguage\":\"de\",\"@id\":\"https:\/\/www.multigriffe.com\/azienda\/#primaryimage\",\"url\":\"https:\/\/www.multigriffe.com\/wp-content\/uploads\/2018\/04\/azienda.jpg\",\"contentUrl\":\"https:\/\/www.multigriffe.com\/wp-content\/uploads\/2018\/04\/azienda.jpg\",\"width\":2560,\"height\":430},{\"@type\":\"BreadcrumbList\",\"@id\":\"https:\/\/www.multigriffe.com\/azienda\/#breadcrumb\",\"itemListElement\":[{\"@type\":\"ListItem\",\"position\":1,\"name\":\"Home\",\"item\":\"https:\/\/www.multigriffe.com\/de\/\"},{\"@type\":\"ListItem\",\"position\":2,\"name\":\"Unternehmen\"}]},{\"@type\":\"WebSite\",\"@id\":\"https:\/\/www.multigriffe.com\/#website\",\"url\":\"https:\/\/www.multigriffe.com\/\",\"name\":\"MultiGriffe\",\"description\":\"Etichette Transfer a Caldo per Abbigliamento Calzatura Sport Vicenza\",\"potentialAction\":[{\"@type\":\"SearchAction\",\"target\":{\"@type\":\"EntryPoint\",\"urlTemplate\":\"https:\/\/www.multigriffe.com\/?s={search_term_string}\"},\"query-input\":{\"@type\":\"PropertyValueSpecification\",\"valueRequired\":true,\"valueName\":\"search_term_string\"}}],\"inLanguage\":\"de\"}]}<\/script>\n<!-- \/ Yoast SEO plugin. -->","yoast_head_json":{"title":"Herstellung von Hei\u00dftransfer-Etiketten Made in Italy Vicenza","robots":{"index":"index","follow":"follow","max-snippet":"max-snippet:-1","max-image-preview":"max-image-preview:large","max-video-preview":"max-video-preview:-1"},"canonical":"https:\/\/www.multigriffe.com\/azienda\/","og_locale":"de_DE","og_type":"article","og_title":"Herstellung von Hei\u00dftransfer-Etiketten Made in Italy Vicenza","og_description":"[vc_row row_height_percent=&#8220;0&#8243; override_padding=&#8220;yes&#8220; h_padding=&#8220;2&#8243; top_padding=&#8220;4&#8243; bottom_padding=&#8220;3&#8243; overlay_alpha=&#8220;50&#8243; gutter_size=&#8220;3&#8243; column_width_percent=&#8220;100&#8243; shift_y=&#8220;0&#8243; z_index=&#8220;0&#8243;][vc_column column_width_percent=&#8220;100&#8243; gutter_size=&#8220;3&#8243; overlay_alpha=&#8220;50&#8243; shift_x=&#8220;0&#8243; shift_y=&#8220;0&#8243; shift_y_down=&#8220;0&#8243; z_index=&#8220;0&#8243; medium_width=&#8220;0&#8243; mobile_width=&#8220;0&#8243; [&hellip;]","og_url":"https:\/\/www.multigriffe.com\/azienda\/","og_site_name":"MultiGriffe","article_modified_time":"2025-10-23T15:29:42+00:00","og_image":[{"width":2560,"height":430,"url":"https:\/\/www.multigriffe.com\/wp-content\/uploads\/2018\/04\/azienda.jpg","type":"image\/jpeg"}],"twitter_card":"summary_large_image","twitter_misc":{"Gesch\u00e4tzte Lesezeit":"4\u00a0Minuten"},"schema":{"@context":"https:\/\/schema.org","@graph":[{"@type":"WebPage","@id":"https:\/\/www.multigriffe.com\/azienda\/","url":"https:\/\/www.multigriffe.com\/azienda\/","name":"Herstellung von Hei\u00dftransfer-Etiketten Made in Italy Vicenza","isPartOf":{"@id":"https:\/\/www.multigriffe.com\/#website"},"primaryImageOfPage":{"@id":"https:\/\/www.multigriffe.com\/azienda\/#primaryimage"},"image":{"@id":"https:\/\/www.multigriffe.com\/azienda\/#primaryimage"},"thumbnailUrl":"https:\/\/www.multigriffe.com\/wp-content\/uploads\/2018\/04\/azienda.jpg","datePublished":"2018-01-29T14:09:47+00:00","dateModified":"2025-10-23T15:29:42+00:00","breadcrumb":{"@id":"https:\/\/www.multigriffe.com\/azienda\/#breadcrumb"},"inLanguage":"de","potentialAction":[{"@type":"ReadAction","target":["https:\/\/www.multigriffe.com\/azienda\/"]}]},{"@type":"ImageObject","inLanguage":"de","@id":"https:\/\/www.multigriffe.com\/azienda\/#primaryimage","url":"https:\/\/www.multigriffe.com\/wp-content\/uploads\/2018\/04\/azienda.jpg","contentUrl":"https:\/\/www.multigriffe.com\/wp-content\/uploads\/2018\/04\/azienda.jpg","width":2560,"height":430},{"@type":"BreadcrumbList","@id":"https:\/\/www.multigriffe.com\/azienda\/#breadcrumb","itemListElement":[{"@type":"ListItem","position":1,"name":"Home","item":"https:\/\/www.multigriffe.com\/de\/"},{"@type":"ListItem","position":2,"name":"Unternehmen"}]},{"@type":"WebSite","@id":"https:\/\/www.multigriffe.com\/#website","url":"https:\/\/www.multigriffe.com\/","name":"MultiGriffe","description":"Etichette Transfer a Caldo per Abbigliamento Calzatura Sport Vicenza","potentialAction":[{"@type":"SearchAction","target":{"@type":"EntryPoint","urlTemplate":"https:\/\/www.multigriffe.com\/?s={search_term_string}"},"query-input":{"@type":"PropertyValueSpecification","valueRequired":true,"valueName":"search_term_string"}}],"inLanguage":"de"}]}},"_links":{"self":[{"href":"https:\/\/www.multigriffe.com\/de\/wp-json\/wp\/v2\/pages\/68017","targetHints":{"allow":["GET"]}}],"collection":[{"href":"https:\/\/www.multigriffe.com\/de\/wp-json\/wp\/v2\/pages"}],"about":[{"href":"https:\/\/www.multigriffe.com\/de\/wp-json\/wp\/v2\/types\/page"}],"author":[{"embeddable":true,"href":"https:\/\/www.multigriffe.com\/de\/wp-json\/wp\/v2\/users\/1"}],"replies":[{"embeddable":true,"href":"https:\/\/www.multigriffe.com\/de\/wp-json\/wp\/v2\/comments?post=68017"}],"version-history":[{"count":5,"href":"https:\/\/www.multigriffe.com\/de\/wp-json\/wp\/v2\/pages\/68017\/revisions"}],"predecessor-version":[{"id":68329,"href":"https:\/\/www.multigriffe.com\/de\/wp-json\/wp\/v2\/pages\/68017\/revisions\/68329"}],"wp:featuredmedia":[{"embeddable":true,"href":"https:\/\/www.multigriffe.com\/de\/wp-json\/wp\/v2\/media\/68019"}],"wp:attachment":[{"href":"https:\/\/www.multigriffe.com\/de\/wp-json\/wp\/v2\/media?parent=68017"}],"curies":[{"name":"wp","href":"https:\/\/api.w.org\/{rel}","templated":true}]}}